{"id":39699,"date":"2025-07-11T04:27:37","date_gmt":"2025-07-11T09:27:37","guid":{"rendered":"https:\/\/lenlawfirm8new.wpenginepowered.com\/?page_id=39699"},"modified":"2025-07-17T03:27:47","modified_gmt":"2025-07-17T08:27:47","slug":"dispositivos-medicos-defectuosos","status":"publish","type":"page","link":"https:\/\/theleonlawfirm.com\/es\/productos-medicos-defectuosos\/","title":{"rendered":"Dispositivos m\u00e9dicos defectuosos"},"content":{"rendered":"<p>[et_pb_section fb_built=\u00bb1&#8243; _builder_version=\u00bb4.27.4&#8243; _module_preset=\u00bbdefault\u00bb background_color=\u00bbgcid-primary-color\u00bb locked=\u00bboff\u00bb collapsed=\u00bboff\u00bb global_colors_info=\u00bb{%22gcid-primary-color%22:%91%22background_color%22%93}\u00bb][et_pb_row _builder_version=\u00bb4.27.4&#8243; _module_preset=\u00bbdefault\u00bb custom_margin=\u00bb||25px||false|false\u00bb global_colors_info=\u00bb{}\u00bb][et_pb_column type=\u00bb4_4&#8243; _builder_version=\u00bb4.27.4&#8243; _module_preset=\u00bbdefault\u00bb global_colors_info=\u00bb{}\u00bb][et_pb_text _builder_version=\u00bb4.27.4&#8243; _module_preset=\u00bbdefault\u00bb text_orientation=\u00bbcenter\u00bb global_colors_info=\u00bb{}\u00bb]<\/p>\n<p><a href=\"\/es\/\">The Le\u00f3n Law Firm, P.C.<\/a> tiene m\u00e1s de una d\u00e9cada de experiencia en ayudar a los clientes que han sufrido el dolor agonizante causado por los dispositivos m\u00e9dicos defectuosos. Comprendemos las dificultades que atraviesan las personas cuando el dispositivo m\u00e9dico que se supon\u00eda que deb\u00eda ayudarlas les causa un da\u00f1o mayor que su condici\u00f3n original. Deje que nuestro compasivo equipo legal le ayude a obtener la compensaci\u00f3n que merece con nuestra investigaci\u00f3n altamente cualificada, que puede incluir la evaluaci\u00f3n completa de su condici\u00f3n m\u00e9dica, el tratamiento y la recuperaci\u00f3n, as\u00ed como la historia del dispositivo mediante el uso de expertos m\u00e9dicos.<\/p>\n<p>[\/et_pb_text][\/et_pb_column][\/et_pb_row][et_pb_row column_structure=\u00bb1_2,1_2&#8243; use_custom_gutter=\u00bbon\u00bb make_equal=\u00bbon\u00bb module_class=\u00bbcustom_row\u00bb _builder_version=\u00bb4.27.4&#8243; _module_preset=\u00bbdefault\u00bb custom_margin=\u00bb30px||||false|false\u00bb global_colors_info=\u00bb{}\u00bb][et_pb_column type=\u00bb1_2&#8243; _builder_version=\u00bb4.27.4&#8243; _module_preset=\u00bbdefault\u00bb global_colors_info=\u00bb{}\u00bb][et_pb_image src=\u00bbhttps:\/\/theleonlawfirm.com\/wp-content\/uploads\/Defective-Medical-Devices-Img.jpg\u00bb alt=\u00bbPersonal Injury Attorney Services Section Image\u00bb title_text=\u00bbDefective Medical Devices Img\u00bb _builder_version=\u00bb4.27.4&#8243; _module_preset=\u00bbdefault\u00bb hover_enabled=\u00bb0&#8243; global_colors_info=\u00bb{}\u00bb sticky_enabled=\u00bb0&#8243;][\/et_pb_image][\/et_pb_column][et_pb_column type=\u00bb1_2&#8243; _builder_version=\u00bb4.27.4&#8243; _module_preset=\u00bbdefault\u00bb global_colors_info=\u00bb{}\u00bb][et_pb_text _builder_version=\u00bb4.27.4&#8243; _module_preset=\u00bbdefault\u00bb custom_margin=\u00bb12px||0px||false|false\u00bb global_colors_info=\u00bb{}\u00bb]<\/p>\n<h2>Tipos de dispositivos m\u00e9dicos defectuosos<\/h2>\n<p>Hay una serie de dispositivos defectuosos actualmente en el mercado que han dado lugar a una serie de lesiones y efectos secundarios para los afectados.<\/p>\n<p><strong>Algunos de ellos son:<\/strong><\/p>\n<p>[\/et_pb_text][et_pb_text _builder_version=\u00bb4.27.4&#8243; _module_preset=\u00bbdefault\u00bb custom_margin=\u00bb12px||0px||false|false\u00bb global_colors_info=\u00bb{}\u00bb]<\/p>\n<ul>\n<li>Bausch &amp; Lomb Renew con MoistureLoc<\/li>\n<li>Desfibriladores defectuosos<\/li>\n<li>Los marcapasos<\/li>\n<li>Implante de cadera De Puy<\/li>\n<li>Bombas de medicamentos intratecales<\/li>\n<\/ul>\n<p>[\/et_pb_text][\/et_pb_column][\/et_pb_row][et_pb_row _builder_version=\u00bb4.27.4&#8243; _module_preset=\u00bbdefault\u00bb custom_margin=\u00bb25px||||false|false\u00bb global_colors_info=\u00bb{}\u00bb][et_pb_column type=\u00bb4_4&#8243; _builder_version=\u00bb4.27.4&#8243; _module_preset=\u00bbdefault\u00bb global_colors_info=\u00bb{}\u00bb][et_pb_text _builder_version=\u00bb4.27.4&#8243; _module_preset=\u00bbdefault\u00bb global_colors_info=\u00bb{}\u00bb]<\/p>\n<p>El coste de estos dispositivos m\u00e9dicos es elevado. Encontrarse con dolor o con da\u00f1os por un funcionamiento defectuoso tras un implante quir\u00fargico puede requerir que se haga una sustituci\u00f3n, lo que puede suponer mayores gastos. Cuando una empresa no entrega un dispositivo seguro y bien fabricado, debe rendir cuentas. Perseguiremos agresivamente una demanda contra el fabricante de su dispositivo con el fin de recuperar los da\u00f1os por su dolor y p\u00e9rdidas.<\/p>\n<p><strong>No deje que un dispositivo m\u00e9dico defectuoso arruine su vida. La ayuda se puede obtener por <a href=\"\/contact-best-law-company\/\">contactar a un abogado de lesiones personales de Sugar Land<\/a> en The Le\u00f3n Law Firm, P.C.<\/strong><\/p>\n<p>[\/et_pb_text][\/et_pb_column][\/et_pb_row][\/et_pb_section]<\/p>\n","protected":false},"excerpt":{"rendered":"<p>The Le\u00f3n Law Firm, P.C. tiene m\u00e1s de una d\u00e9cada de experiencia en ayudar a los clientes que han sufrido el dolor agonizante causado por los dispositivos m\u00e9dicos defectuosos. Comprendemos las dificultades que atraviesan las personas cuando el dispositivo m\u00e9dico que se supon\u00eda que deb\u00eda ayudarlas les causa un da\u00f1o mayor que su condici\u00f3n original. [&hellip;]<\/p>\n","protected":false},"author":6,"featured_media":38560,"parent":38574,"menu_order":0,"comment_status":"closed","ping_status":"closed","template":"","meta":{"_acf_changed":false,"_et_pb_use_builder":"on","_et_pb_old_content":"\u00a0\r\n\r\n\u00a0","_et_gb_content_width":"","footnotes":""},"class_list":["post-39699","page","type-page","status-publish","has-post-thumbnail","hentry"],"acf":[],"_links":{"self":[{"href":"https:\/\/theleonlawfirm.com\/es\/wp-json\/wp\/v2\/pages\/39699","targetHints":{"allow":["GET"]}}],"collection":[{"href":"https:\/\/theleonlawfirm.com\/es\/wp-json\/wp\/v2\/pages"}],"about":[{"href":"https:\/\/theleonlawfirm.com\/es\/wp-json\/wp\/v2\/types\/page"}],"author":[{"embeddable":true,"href":"https:\/\/theleonlawfirm.com\/es\/wp-json\/wp\/v2\/users\/6"}],"replies":[{"embeddable":true,"href":"https:\/\/theleonlawfirm.com\/es\/wp-json\/wp\/v2\/comments?post=39699"}],"version-history":[{"count":0,"href":"https:\/\/theleonlawfirm.com\/es\/wp-json\/wp\/v2\/pages\/39699\/revisions"}],"up":[{"embeddable":true,"href":"https:\/\/theleonlawfirm.com\/es\/wp-json\/wp\/v2\/pages\/38574"}],"wp:featuredmedia":[{"embeddable":true,"href":"https:\/\/theleonlawfirm.com\/es\/wp-json\/wp\/v2\/media\/38560"}],"wp:attachment":[{"href":"https:\/\/theleonlawfirm.com\/es\/wp-json\/wp\/v2\/media?parent=39699"}],"curies":[{"name":"wp","href":"https:\/\/api.w.org\/{rel}","templated":true}]}}