{"id":39697,"date":"2025-07-11T04:22:16","date_gmt":"2025-07-11T09:22:16","guid":{"rendered":"https:\/\/lenlawfirm8new.wpenginepowered.com\/?page_id=39697"},"modified":"2025-07-17T03:26:32","modified_gmt":"2025-07-17T08:26:32","slug":"abogado-de-casos-de-accidentes-por-neumaticos-defectuosos-en-sugar-land","status":"publish","type":"page","link":"https:\/\/theleonlawfirm.com\/es\/defectos-en-las-llantas\/","title":{"rendered":"Defectos En Las Llantas"},"content":{"rendered":"<p>[et_pb_section fb_built=\u00bb1&#8243; _builder_version=\u00bb4.27.4&#8243; _module_preset=\u00bbdefault\u00bb background_color=\u00bbgcid-primary-color\u00bb locked=\u00bboff\u00bb collapsed=\u00bboff\u00bb global_colors_info=\u00bb{%22gcid-primary-color%22:%91%22background_color%22%93}\u00bb][et_pb_row column_structure=\u00bb1_2,1_2&#8243; use_custom_gutter=\u00bbon\u00bb make_equal=\u00bbon\u00bb module_class=\u00bbcustom_row\u00bb _builder_version=\u00bb4.27.4&#8243; _module_preset=\u00bbdefault\u00bb custom_margin=\u00bb30px||||false|false\u00bb global_colors_info=\u00bb{}\u00bb][et_pb_column type=\u00bb1_2&#8243; _builder_version=\u00bb4.27.4&#8243; _module_preset=\u00bbdefault\u00bb global_colors_info=\u00bb{}\u00bb][et_pb_image src=\u00bbhttps:\/\/theleonlawfirm.com\/wp-content\/uploads\/Tire-Defects-Image-1.jpg\u00bb alt=\u00bbPersonal Injury Attorney Services Section Image\u00bb title_text=\u00bbTire Defects Image 1&#8243; _builder_version=\u00bb4.27.4&#8243; _module_preset=\u00bbdefault\u00bb hover_enabled=\u00bb0&#8243; global_colors_info=\u00bb{}\u00bb sticky_enabled=\u00bb0&#8243;][\/et_pb_image][\/et_pb_column][et_pb_column type=\u00bb1_2&#8243; _builder_version=\u00bb4.27.4&#8243; _module_preset=\u00bbdefault\u00bb global_colors_info=\u00bb{}\u00bb][et_pb_text _builder_version=\u00bb4.27.4&#8243; _module_preset=\u00bbdefault\u00bb custom_margin=\u00bb12px||0px||false|false\u00bb global_colors_info=\u00bb{}\u00bb]<\/p>\n<p>Afortunadamente, un abogado con experiencia puede ayudar. En The Le\u00f3n Law Firm, P.C. en Sugar Land, prestamos atenci\u00f3n a los peque\u00f1os detalles tanto en la forma en que investigamos, la investigaci\u00f3n, y agresivamente perseguir <a href=\"\/causes-of-car-accidents\/\">accidente de auto<\/a> reclamaciones relacionadas con los defectos de los neum\u00e1ticos, y en la forma en que tratamos a nuestros clientes y cuidar de sus necesidades. Como bufete de abogados con experiencia en <a href=\"\/wrongful-death\/\">lesiones personales y muerte por negligencia<\/a>, entendemos que el dolor f\u00edsico y el sufrimiento junto con la pena son s\u00f3lo una parte de lo que nuestros clientes se han visto obligados a afrontar. Hacemos todo lo posible para ayudarles con todos los aspectos de sus lesiones, de todas las maneras posibles.<\/p>\n<p>Nuestros abogados de <a href=\"\/product-liability-attorney\/\">responsabilidad del producto<\/a> persiguen demandas de neum\u00e1ticos defectuosos en nombre de clientes en todo Sugar Land y las comunidades circundantes. Estos casos incluyen fallas de neum\u00e1ticos como:<\/p>\n<p>[\/et_pb_text][et_pb_text _builder_version=\u00bb4.27.4&#8243; _module_preset=\u00bbdefault\u00bb custom_margin=\u00bb12px||0px||false|false\u00bb global_colors_info=\u00bb{}\u00bb]<\/p>\n<ul>\n<li>Separaci\u00f3n de la banda de rodamiento<\/li>\n<li>Fallo de la banda de rodadura<\/li>\n<li>Descarga de los neum\u00e1ticos<\/li>\n<li>Revent\u00f3n del neum\u00e1tico<\/li>\n<\/ul>\n<p>[\/et_pb_text][\/et_pb_column][\/et_pb_row][et_pb_row _builder_version=\u00bb4.27.4&#8243; _module_preset=\u00bbdefault\u00bb custom_margin=\u00bb25px||||false|false\u00bb global_colors_info=\u00bb{}\u00bb][et_pb_column type=\u00bb4_4&#8243; _builder_version=\u00bb4.27.4&#8243; _module_preset=\u00bbdefault\u00bb global_colors_info=\u00bb{}\u00bb][et_pb_text _builder_version=\u00bb4.27.4&#8243; _module_preset=\u00bbdefault\u00bb global_colors_info=\u00bb{}\u00bb]<\/p>\n<h3>Abogado de defectos de neum\u00e1ticos en Sugar Land<\/h3>\n<p>Como su bufete de abogados de elecci\u00f3n, vamos a trabajar duro para aliviar algunas de las preocupaciones y el estr\u00e9s que est\u00e1 tratando y haremos todo lo posible para manejar su caso de la manera m\u00e1s eficiente posible. Nuestro \u00fanico objetivo es obtener la compensaci\u00f3n que usted y su familia merecen y necesitan para seguir adelante con sus vidas.<\/p>\n<p>Pero mientras su caso progresa, reconocemos que usted tendr\u00e1 necesidades inmediatas que no pueden esperar hasta que el proceso legal haya seguido su curso. Durante este tiempo, podemos ayudarle a afrontarlas y a asegurarse de que usted y sus seres queridos reciben la atenci\u00f3n m\u00e9dica que necesitan. Siempre nos pondremos a su disposici\u00f3n para hablar siempre que nos necesite.<\/p>\n<p><strong>\u00bfHerido en un accidente de autom\u00f3vil causado por el revent\u00f3n de un neum\u00e1tico? P\u00f3ngase en contacto con un <a href=\"\/contact-best-law-company\/\">abogado de llantas defectuosas en Sugar Land<\/a> en nuestras oficinas hoy mismo.<\/strong><\/p>\n<p>[\/et_pb_text][\/et_pb_column][\/et_pb_row][\/et_pb_section]<\/p>\n","protected":false},"excerpt":{"rendered":"<p>Afortunadamente, un abogado con experiencia puede ayudar. En The Le\u00f3n Law Firm, P.C. en Sugar Land, prestamos atenci\u00f3n a los peque\u00f1os detalles tanto en la forma en que investigamos, la investigaci\u00f3n, y agresivamente perseguir accidente de auto reclamaciones relacionadas con los defectos de los neum\u00e1ticos, y en la forma en que tratamos a nuestros clientes [&hellip;]<\/p>\n","protected":false},"author":6,"featured_media":38560,"parent":38574,"menu_order":0,"comment_status":"closed","ping_status":"closed","template":"","meta":{"_acf_changed":false,"_et_pb_use_builder":"on","_et_pb_old_content":"","_et_gb_content_width":"","footnotes":""},"class_list":["post-39697","page","type-page","status-publish","has-post-thumbnail","hentry"],"acf":[],"_links":{"self":[{"href":"https:\/\/theleonlawfirm.com\/es\/wp-json\/wp\/v2\/pages\/39697","targetHints":{"allow":["GET"]}}],"collection":[{"href":"https:\/\/theleonlawfirm.com\/es\/wp-json\/wp\/v2\/pages"}],"about":[{"href":"https:\/\/theleonlawfirm.com\/es\/wp-json\/wp\/v2\/types\/page"}],"author":[{"embeddable":true,"href":"https:\/\/theleonlawfirm.com\/es\/wp-json\/wp\/v2\/users\/6"}],"replies":[{"embeddable":true,"href":"https:\/\/theleonlawfirm.com\/es\/wp-json\/wp\/v2\/comments?post=39697"}],"version-history":[{"count":0,"href":"https:\/\/theleonlawfirm.com\/es\/wp-json\/wp\/v2\/pages\/39697\/revisions"}],"up":[{"embeddable":true,"href":"https:\/\/theleonlawfirm.com\/es\/wp-json\/wp\/v2\/pages\/38574"}],"wp:featuredmedia":[{"embeddable":true,"href":"https:\/\/theleonlawfirm.com\/es\/wp-json\/wp\/v2\/media\/38560"}],"wp:attachment":[{"href":"https:\/\/theleonlawfirm.com\/es\/wp-json\/wp\/v2\/media?parent=39697"}],"curies":[{"name":"wp","href":"https:\/\/api.w.org\/{rel}","templated":true}]}}