{"id":39694,"date":"2025-07-11T04:17:31","date_gmt":"2025-07-11T09:17:31","guid":{"rendered":"https:\/\/lenlawfirm8new.wpenginepowered.com\/?page_id=39694"},"modified":"2026-03-18T01:48:35","modified_gmt":"2026-03-18T06:48:35","slug":"abogado-de-resbalones-y-caidas-en-sugar-land","status":"publish","type":"page","link":"https:\/\/theleonlawfirm.com\/es\/resbalones-y-caidas\/","title":{"rendered":"Abogado de resbalones y ca\u00eddas"},"content":{"rendered":"<p>[et_pb_section fb_built=\u00bb1&#8243; _builder_version=\u00bb4.27.4&#8243; _module_preset=\u00bbdefault\u00bb background_color=\u00bbgcid-primary-color\u00bb locked=\u00bboff\u00bb collapsed=\u00bboff\u00bb global_colors_info=\u00bb{%22gcid-primary-color%22:%91%22background_color%22%93}\u00bb][et_pb_row column_structure=\u00bb1_2,1_2&#8243; use_custom_gutter=\u00bbon\u00bb make_equal=\u00bbon\u00bb module_class=\u00bbcustom_row\u00bb _builder_version=\u00bb4.27.4&#8243; _module_preset=\u00bbdefault\u00bb custom_margin=\u00bb30px||||false|false\u00bb global_colors_info=\u00bb{}\u00bb][et_pb_column type=\u00bb1_2&#8243; _builder_version=\u00bb4.27.4&#8243; _module_preset=\u00bbdefault\u00bb global_colors_info=\u00bb{}\u00bb][et_pb_image src=\u00bbhttps:\/\/theleonlawfirm.com\/wp-content\/uploads\/Big-Box-Store-Injury-Claims-Image.jpg\u00bb alt=\u00bbPersonal Injury Attorney Services Section Image\u00bb title_text=\u00bbBig Box Store Injury Claims Image\u00bb _builder_version=\u00bb4.27.4&#8243; _module_preset=\u00bbdefault\u00bb global_colors_info=\u00bb{}\u00bb][\/et_pb_image][\/et_pb_column][et_pb_column type=\u00bb1_2&#8243; _builder_version=\u00bb4.27.4&#8243; _module_preset=\u00bbdefault\u00bb global_colors_info=\u00bb{}\u00bb][et_pb_text _builder_version=\u00bb4.27.4&#8243; _module_preset=\u00bbdefault\u00bb custom_margin=\u00bb12px||0px||false|false\u00bb global_colors_info=\u00bb{}\u00bb]<\/p>\n<h2>Condiciones inseguras com\u00fanmente reconocidas:<\/h2>\n<p>[\/et_pb_text][et_pb_text _builder_version=\u00bb4.27.4&#8243; _module_preset=\u00bbdefault\u00bb custom_margin=\u00bb12px||0px||false|false\u00bb global_colors_info=\u00bb{}\u00bb]<\/p>\n<ul>\n<li>Suelos irregulares<\/li>\n<li>Cambios imprevisibles en el pavimento<\/li>\n<li>Moquetas rasgadas<\/li>\n<li>Agujeros o huecos en el suelo<\/li>\n<li>Sustancias resbaladizas en el suelo o en el piso<\/li>\n<li>Pasillo parcialmente obstruido que interfiera con el paso<\/li>\n<li>Objetos extra\u00f1os en una superficie de paso<\/li>\n<li>Escalera peligrosa<\/li>\n<li>Una zona de paso mal iluminada<\/li>\n<li>Falta de advertencia de posibles peligros<\/li>\n<\/ul>\n<p>[\/et_pb_text][\/et_pb_column][\/et_pb_row][et_pb_row _builder_version=\u00bb4.27.4&#8243; _module_preset=\u00bbdefault\u00bb custom_margin=\u00bb25px||||false|false\u00bb global_colors_info=\u00bb{}\u00bb][et_pb_column type=\u00bb4_4&#8243; _builder_version=\u00bb4.27.4&#8243; _module_preset=\u00bbdefault\u00bb global_colors_info=\u00bb{}\u00bb][et_pb_text _builder_version=\u00bb4.27.4&#8243; _module_preset=\u00bbdefault\u00bb global_colors_info=\u00bb{}\u00bb]<\/p>\n<h2>\u00bfQu\u00e9 se puede hacer al respecto?<\/h2>\n<p>Si te has lesionado en un accidente de resbal\u00f3n y ca\u00edda, es importante que se haga una denuncia por escrito cuando corresponda. <a href=\"\/work-accident-attorney\/\">Los lugares de trabajo<\/a> y algunas tiendas o inmuebles comerciales suelen tener un formulario espec\u00edfico para ello. Cuando sea posible, obtenga pruebas fotogr\u00e1ficas de las condiciones que contribuyeron al incidente. Por supuesto, busque atenci\u00f3n m\u00e9dica como prioridad y aseg\u00farese de guardar todos los registros m\u00e9dicos relacionados. P\u00f3ngase en contacto con un abogado de lesiones personales de Sugar Land tan pronto como sea posible para obtener ayuda legal para obtener la compensaci\u00f3n que se merece.<\/p>\n<p>En <a href=\"\/es\/\">The Le\u00f3n Law Firm, P.C.<\/a>, podemos ayudarle a determinar qu\u00e9 parte ser\u00eda la m\u00e1s apropiada contra quien presentar una demanda. Esto puede ser un due\u00f1o de la propiedad residencial, propietario, due\u00f1o de negocios, minorista, cuidador o agencia gubernamental. Si la lesi\u00f3n se produjo en el trabajo, podemos ayudarle con su reclamaci\u00f3n de compensaci\u00f3n laboral, que puede ser dif\u00edcil de aprobar e incluso puede requerir una apelaci\u00f3n si se deniega. Sea cual sea la negligencia, lucharemos para proteger sus derechos y nos esforzaremos por conseguir la m\u00e1xima indemnizaci\u00f3n para compensar sus lesiones y p\u00e9rdidas.<\/p>\n<p><strong><a href=\"\/contact-best-law-company\/\">Contacte a un Abogado de Resbalones y Ca\u00eddas de Sugar Land<\/a> para asistencia legal si usted ha sido lesionado en una ca\u00edda en la propiedad de otra persona.<\/strong><\/p>\n<p>[\/et_pb_text][\/et_pb_column][\/et_pb_row][\/et_pb_section]<\/p>\n","protected":false},"excerpt":{"rendered":"<p>Condiciones inseguras com\u00fanmente reconocidas: Suelos irregulares Cambios imprevisibles en el pavimento Moquetas rasgadas Agujeros o huecos en el suelo Sustancias resbaladizas en el suelo o en el piso Pasillo parcialmente obstruido que interfiera con el paso Objetos extra\u00f1os en una superficie de paso Escalera peligrosa Una zona de paso mal iluminada Falta de advertencia de [&hellip;]<\/p>\n","protected":false},"author":6,"featured_media":38560,"parent":38574,"menu_order":0,"comment_status":"closed","ping_status":"closed","template":"","meta":{"_acf_changed":false,"_et_pb_use_builder":"on","_et_pb_old_content":"","_et_gb_content_width":"","footnotes":""},"class_list":["post-39694","page","type-page","status-publish","has-post-thumbnail","hentry"],"acf":[],"_links":{"self":[{"href":"https:\/\/theleonlawfirm.com\/es\/wp-json\/wp\/v2\/pages\/39694","targetHints":{"allow":["GET"]}}],"collection":[{"href":"https:\/\/theleonlawfirm.com\/es\/wp-json\/wp\/v2\/pages"}],"about":[{"href":"https:\/\/theleonlawfirm.com\/es\/wp-json\/wp\/v2\/types\/page"}],"author":[{"embeddable":true,"href":"https:\/\/theleonlawfirm.com\/es\/wp-json\/wp\/v2\/users\/6"}],"replies":[{"embeddable":true,"href":"https:\/\/theleonlawfirm.com\/es\/wp-json\/wp\/v2\/comments?post=39694"}],"version-history":[{"count":0,"href":"https:\/\/theleonlawfirm.com\/es\/wp-json\/wp\/v2\/pages\/39694\/revisions"}],"up":[{"embeddable":true,"href":"https:\/\/theleonlawfirm.com\/es\/wp-json\/wp\/v2\/pages\/38574"}],"wp:featuredmedia":[{"embeddable":true,"href":"https:\/\/theleonlawfirm.com\/es\/wp-json\/wp\/v2\/media\/38560"}],"wp:attachment":[{"href":"https:\/\/theleonlawfirm.com\/es\/wp-json\/wp\/v2\/media?parent=39694"}],"curies":[{"name":"wp","href":"https:\/\/api.w.org\/{rel}","templated":true}]}}