{"id":39687,"date":"2025-07-11T04:09:28","date_gmt":"2025-07-11T09:09:28","guid":{"rendered":"https:\/\/lenlawfirm8new.wpenginepowered.com\/?page_id=39687"},"modified":"2025-07-17T03:21:47","modified_gmt":"2025-07-17T08:21:47","slug":"abogado-de-mordeduras-de-perro-en-sugar-land","status":"publish","type":"page","link":"https:\/\/theleonlawfirm.com\/es\/mordeduras-de-perro\/","title":{"rendered":"Abogado de mordeduras de perro"},"content":{"rendered":"<p>[et_pb_section fb_built=\u00bb1&#8243; _builder_version=\u00bb4.27.4&#8243; _module_preset=\u00bbdefault\u00bb background_color=\u00bbgcid-primary-color\u00bb locked=\u00bboff\u00bb collapsed=\u00bboff\u00bb global_colors_info=\u00bb{%22gcid-primary-color%22:%91%22background_color%22%93}\u00bb][et_pb_row column_structure=\u00bb1_2,1_2&#8243; use_custom_gutter=\u00bbon\u00bb make_equal=\u00bbon\u00bb module_class=\u00bbcustom_row\u00bb _builder_version=\u00bb4.27.4&#8243; _module_preset=\u00bbdefault\u00bb custom_margin=\u00bb30px||||false|false\u00bb global_colors_info=\u00bb{}\u00bb][et_pb_column type=\u00bb1_2&#8243; _builder_version=\u00bb4.27.4&#8243; _module_preset=\u00bbdefault\u00bb global_colors_info=\u00bb{}\u00bb][et_pb_image src=\u00bbhttps:\/\/theleonlawfirm.com\/wp-content\/uploads\/Dog-Bites-Image.jpg\u00bb alt=\u00bbPersonal Injury Attorney Services Section Image\u00bb title_text=\u00bbDog Bites Image\u00bb _builder_version=\u00bb4.27.4&#8243; _module_preset=\u00bbdefault\u00bb hover_enabled=\u00bb0&#8243; global_colors_info=\u00bb{}\u00bb sticky_enabled=\u00bb0&#8243;][\/et_pb_image][\/et_pb_column][et_pb_column type=\u00bb1_2&#8243; _builder_version=\u00bb4.27.4&#8243; _module_preset=\u00bbdefault\u00bb global_colors_info=\u00bb{}\u00bb][et_pb_text _builder_version=\u00bb4.27.4&#8243; _module_preset=\u00bbdefault\u00bb custom_margin=\u00bb12px||0px||false|false\u00bb global_colors_info=\u00bb{}\u00bb]<\/p>\n<p><strong>En Texas, los factores y circunstancias que establecen la responsabilidad en los casos de mordedura de perro son:<\/strong><\/p>\n<ul>\n<li>El due\u00f1o sab\u00eda que el perro era peligroso o vicioso<\/li>\n<li>La negligencia de la persona que manejaba al perro era evidente<\/li>\n<li>Hubo una violaci\u00f3n de una ley de control de animales<\/li>\n<li>La lesi\u00f3n fue causada intencionadamente por la persona que manejaba al perro<\/li>\n<\/ul>\n<p>[\/et_pb_text][\/et_pb_column][\/et_pb_row][et_pb_row _builder_version=\u00bb4.27.4&#8243; _module_preset=\u00bbdefault\u00bb custom_margin=\u00bb25px||||false|false\u00bb global_colors_info=\u00bb{}\u00bb][et_pb_column type=\u00bb4_4&#8243; _builder_version=\u00bb4.27.4&#8243; _module_preset=\u00bbdefault\u00bb global_colors_info=\u00bb{}\u00bb][et_pb_text _builder_version=\u00bb4.27.4&#8243; _module_preset=\u00bbdefault\u00bb global_colors_info=\u00bb{}\u00bb]<\/p>\n<h3>Qu\u00e9 hacer si te muerde un perro:<\/h3>\n<ol>\n<li>Si ha sido atacado por un perro, debe tomar medidas inmediatas para identificar al perro.<\/li>\n<li>Si ha sido atacado por un perro, debe tomar medidas inmediatas para identificar al perro.<\/li>\n<li>Siempre que sea posible, obtenga el nombre, la direcci\u00f3n y los datos del seguro del propietario o de la persona que maneja al perro.<\/li>\n<li>Sepa que el perro le ha mordido.<\/li>\n<li>Busque atenci\u00f3n m\u00e9dica y aseg\u00farese de conservar toda la documentaci\u00f3n relacionada.<\/li>\n<li>Toma fotograf\u00edas de las heridas y lesiones.<\/li>\n<li>Tan pronto como sea posible despu\u00e9s del incidente, es fundamental que se ponga en contacto con un abogado de lesiones personales de Sugar Land para que le ayude a presentar una reclamaci\u00f3n o una demanda.<\/li>\n<\/ol>\n<p>Es posible que la compa\u00f1\u00eda de seguros de la parte responsable se ponga en contacto con usted. Si es as\u00ed, tome el nombre y los datos de contacto de la compa\u00f1\u00eda y pida el n\u00famero de reclamaci\u00f3n. No hable de dinero, del incidente o de las lesiones, ni de la responsabilidad, y no permita que le graben. Aseg\u00farese de no firmar ning\u00fan papel ni aceptar ning\u00fan dinero.<\/p>\n<h3>Contacte con nuestros abogados de mordeduras de perro hoy mismo!<\/h3>\n<p>En <a href=\"\/es\/\">The Le\u00f3n Law Firm, P.C<\/a>., perseguiremos agresivamente su reclamo y nos esforzaremos por asegurarle la m\u00e1xima compensaci\u00f3n posible. Es importante que se ponga en contacto con nosotros tan pronto como sea posible, mientras que los detalles est\u00e1n todav\u00eda frescos y la evidencia todav\u00eda evidente. Tambi\u00e9n nos ayudar\u00e1 si necesitamos entrevistar a los testigos. Estos casos a menudo pueden resolverse fuera de los tribunales, pero estamos preparados para litigar en su nombre si es necesario. Sea cual sea la situaci\u00f3n, lucharemos por usted en un esfuerzo por obtener la compensaci\u00f3n que se merece.<\/p>\n<p><strong><a href=\"\/contact-best-law-company\/\">Contacte a un Abogado de Mordeduras de Perro en Sugar Land<\/a> para ayudarle a luchar por una indemnizaci\u00f3n si ha sido herido por un perro.<\/strong><\/p>\n<p>[\/et_pb_text][\/et_pb_column][\/et_pb_row][\/et_pb_section]<\/p>\n","protected":false},"excerpt":{"rendered":"<p>En Texas, los factores y circunstancias que establecen la responsabilidad en los casos de mordedura de perro son: El due\u00f1o sab\u00eda que el perro era peligroso o vicioso La negligencia de la persona que manejaba al perro era evidente Hubo una violaci\u00f3n de una ley de control de animales La lesi\u00f3n fue causada intencionadamente por [&hellip;]<\/p>\n","protected":false},"author":6,"featured_media":38560,"parent":38574,"menu_order":0,"comment_status":"closed","ping_status":"closed","template":"","meta":{"_acf_changed":false,"_et_pb_use_builder":"on","_et_pb_old_content":"","_et_gb_content_width":"","footnotes":""},"class_list":["post-39687","page","type-page","status-publish","has-post-thumbnail","hentry"],"acf":[],"_links":{"self":[{"href":"https:\/\/theleonlawfirm.com\/es\/wp-json\/wp\/v2\/pages\/39687","targetHints":{"allow":["GET"]}}],"collection":[{"href":"https:\/\/theleonlawfirm.com\/es\/wp-json\/wp\/v2\/pages"}],"about":[{"href":"https:\/\/theleonlawfirm.com\/es\/wp-json\/wp\/v2\/types\/page"}],"author":[{"embeddable":true,"href":"https:\/\/theleonlawfirm.com\/es\/wp-json\/wp\/v2\/users\/6"}],"replies":[{"embeddable":true,"href":"https:\/\/theleonlawfirm.com\/es\/wp-json\/wp\/v2\/comments?post=39687"}],"version-history":[{"count":0,"href":"https:\/\/theleonlawfirm.com\/es\/wp-json\/wp\/v2\/pages\/39687\/revisions"}],"up":[{"embeddable":true,"href":"https:\/\/theleonlawfirm.com\/es\/wp-json\/wp\/v2\/pages\/38574"}],"wp:featuredmedia":[{"embeddable":true,"href":"https:\/\/theleonlawfirm.com\/es\/wp-json\/wp\/v2\/media\/38560"}],"wp:attachment":[{"href":"https:\/\/theleonlawfirm.com\/es\/wp-json\/wp\/v2\/media?parent=39687"}],"curies":[{"name":"wp","href":"https:\/\/api.w.org\/{rel}","templated":true}]}}