{"id":39682,"date":"2025-07-11T04:02:14","date_gmt":"2025-07-11T09:02:14","guid":{"rendered":"https:\/\/lenlawfirm8new.wpenginepowered.com\/?page_id=39682"},"modified":"2025-07-17T03:20:33","modified_gmt":"2025-07-17T08:20:33","slug":"abogado-de-accidentes-de-trafico-en-sugar-land-2","status":"publish","type":"page","link":"https:\/\/theleonlawfirm.com\/es\/abogado-por-avandia\/","title":{"rendered":"Casos de lesiones por Avandia"},"content":{"rendered":"<p>[et_pb_section fb_built=\u00bb1&#8243; _builder_version=\u00bb4.27.4&#8243; _module_preset=\u00bbdefault\u00bb background_color=\u00bbgcid-primary-color\u00bb locked=\u00bboff\u00bb collapsed=\u00bboff\u00bb global_colors_info=\u00bb{%22gcid-primary-color%22:%91%22background_color%22%93}\u00bb][et_pb_row column_structure=\u00bb1_2,1_2&#8243; use_custom_gutter=\u00bbon\u00bb make_equal=\u00bbon\u00bb module_class=\u00bbcustom_row\u00bb _builder_version=\u00bb4.27.4&#8243; _module_preset=\u00bbdefault\u00bb custom_margin=\u00bb30px||||false|false\u00bb global_colors_info=\u00bb{}\u00bb][et_pb_column type=\u00bb1_2&#8243; _builder_version=\u00bb4.27.4&#8243; _module_preset=\u00bbdefault\u00bb global_colors_info=\u00bb{}\u00bb][et_pb_image src=\u00bbhttps:\/\/theleonlawfirm.com\/wp-content\/uploads\/Avandia-Drug-Image.jpg\u00bb alt=\u00bbPersonal Injury Attorney Services Section Image\u00bb title_text=\u00bbAvandia Drug Image\u00bb _builder_version=\u00bb4.27.4&#8243; _module_preset=\u00bbdefault\u00bb hover_enabled=\u00bb0&#8243; global_colors_info=\u00bb{}\u00bb sticky_enabled=\u00bb0&#8243;][\/et_pb_image][\/et_pb_column][et_pb_column type=\u00bb1_2&#8243; _builder_version=\u00bb4.27.4&#8243; _module_preset=\u00bbdefault\u00bb global_colors_info=\u00bb{}\u00bb][et_pb_text _builder_version=\u00bb4.27.4&#8243; _module_preset=\u00bbdefault\u00bb custom_margin=\u00bb12px||0px||false|false\u00bb global_colors_info=\u00bb{}\u00bb]No asuma que las lesiones causadas por Avandia son simplemente una cuesti\u00f3n de \u201cmala reacci\u00f3n\u201d. GlaxoSmithKline es consciente de los peligros asociados a Avandia pero sigue comercializando el medicamento. Si usted ha sufrido un ataque al coraz\u00f3n despu\u00e9s de tomar Avandia, o ha sufrido graves complicaciones m\u00e9dicas o lesiones debido a Avandia, p\u00f3ngase en contacto hoy mismo con un abogado de lesiones personales de Sugar Land especializado en Avandia.<\/p>\n<p>Aunque un mayor riesgo de ataque al coraz\u00f3n y problemas card\u00edacos son quiz\u00e1s los efectos secundarios m\u00e1s graves asociados con Avandia, tambi\u00e9n se han reportado las siguientes complicaciones m\u00e9dicas:[\/et_pb_text][et_pb_text _builder_version=\u00bb4.27.4&#8243; _module_preset=\u00bbdefault\u00bb custom_margin=\u00bb12px||0px||false|false\u00bb global_colors_info=\u00bb{}\u00bb]<\/p>\n<ul>\n<li>Infarto<\/li>\n<li>Anemia<\/li>\n<li>Da\u00f1os en el h\u00edgado<\/li>\n<li>Insuficiencia card\u00edaca congestiva<\/li>\n<li>Aumento del colesterol<\/li>\n<li>Retenci\u00f3n de agua<\/li>\n<li>Hinchaz\u00f3n en brazos y piernas<\/li>\n<\/ul>\n<p>[\/et_pb_text][\/et_pb_column][\/et_pb_row][et_pb_row _builder_version=\u00bb4.27.4&#8243; _module_preset=\u00bbdefault\u00bb custom_margin=\u00bb25px||||false|false\u00bb global_colors_info=\u00bb{}\u00bb][et_pb_column type=\u00bb4_4&#8243; _builder_version=\u00bb4.27.4&#8243; _module_preset=\u00bbdefault\u00bb global_colors_info=\u00bb{}\u00bb][et_pb_text _builder_version=\u00bb4.27.4&#8243; _module_preset=\u00bbdefault\u00bb global_colors_info=\u00bb{}\u00bb]<\/p>\n<h3>Abogado en casos de medicaci\u00f3n de Avandia en Sugar Land<\/h3>\n<p>Aunque Avandia siga en el mercado, usted tiene un caso si se puede demostrar que sus lesiones fueron causadas por Avandia. Los registros indican que GlaxoSmithKline fue informado de los peligros de Avandia ya en 1999. Tambi\u00e9n son conscientes de las investigaciones que demuestran un mayor riesgo de ataque card\u00edaco asociado a su producto. Su decisi\u00f3n de seguir comercializando el medicamento equivale a su voluntad de exponer a las personas a un mayor riesgo de complicaciones m\u00e9dicas graves por tomar Avandia.<\/p>\n<p>Como su abogado, el Sr. Le\u00f3n presenta pruebas m\u00e9dicas e investigaciones a los jurados estableciendo los peligros <a href=\"\/drug-injury-lawyer\/\">de este medicamento<\/a>. Consultando con doctores y expertos m\u00e9dicos, nuestro equipo legal le explicar\u00e1 su condici\u00f3n antes de usar Avandia, lo que indican sus registros m\u00e9dicos mientras tomaba Avandia, y lo que sabemos sobre los riesgos asociados con la toma del medicamento. Establecemos la responsabilidad centr\u00e1ndonos en la previsibilidad y en la decisi\u00f3n de GlaxoSmithKline de seguir comercializando Avandia.<\/p>\n<p><strong>El siguiente art\u00edculo proporciona m\u00e1s informaci\u00f3n sobre los peligros asociados a Avandia:<\/strong><\/p>\n<p>http:\/\/www.cbsnews.com\/stories\/2007\/05\/22\/health\/main2839924.shtml<\/p>\n<p><strong>Si actualmente est\u00e1 tomando Avandia o lo ha tomado en el pasado y ha sufrido alguno de los s\u00edntomas mencionados anteriormente, <a href=\"\/contact-best-law-company\/\">contacte con un abogado especialista en Avandia de Sugar Land<\/a> hoy mismo y programe una consulta gratuita para discutir su caso.<\/strong><\/p>\n<p>[\/et_pb_text][\/et_pb_column][\/et_pb_row][\/et_pb_section]<\/p>\n","protected":false},"excerpt":{"rendered":"<p>No asuma que las lesiones causadas por Avandia son simplemente una cuesti\u00f3n de \u201cmala reacci\u00f3n\u201d. GlaxoSmithKline es consciente de los peligros asociados a Avandia pero sigue comercializando el medicamento. Si usted ha sufrido un ataque al coraz\u00f3n despu\u00e9s de tomar Avandia, o ha sufrido graves complicaciones m\u00e9dicas o lesiones debido a Avandia, p\u00f3ngase en contacto [&hellip;]<\/p>\n","protected":false},"author":6,"featured_media":38560,"parent":38574,"menu_order":0,"comment_status":"closed","ping_status":"closed","template":"","meta":{"_acf_changed":false,"_et_pb_use_builder":"on","_et_pb_old_content":"","_et_gb_content_width":"","footnotes":""},"class_list":["post-39682","page","type-page","status-publish","has-post-thumbnail","hentry"],"acf":[],"_links":{"self":[{"href":"https:\/\/theleonlawfirm.com\/es\/wp-json\/wp\/v2\/pages\/39682","targetHints":{"allow":["GET"]}}],"collection":[{"href":"https:\/\/theleonlawfirm.com\/es\/wp-json\/wp\/v2\/pages"}],"about":[{"href":"https:\/\/theleonlawfirm.com\/es\/wp-json\/wp\/v2\/types\/page"}],"author":[{"embeddable":true,"href":"https:\/\/theleonlawfirm.com\/es\/wp-json\/wp\/v2\/users\/6"}],"replies":[{"embeddable":true,"href":"https:\/\/theleonlawfirm.com\/es\/wp-json\/wp\/v2\/comments?post=39682"}],"version-history":[{"count":0,"href":"https:\/\/theleonlawfirm.com\/es\/wp-json\/wp\/v2\/pages\/39682\/revisions"}],"up":[{"embeddable":true,"href":"https:\/\/theleonlawfirm.com\/es\/wp-json\/wp\/v2\/pages\/38574"}],"wp:featuredmedia":[{"embeddable":true,"href":"https:\/\/theleonlawfirm.com\/es\/wp-json\/wp\/v2\/media\/38560"}],"wp:attachment":[{"href":"https:\/\/theleonlawfirm.com\/es\/wp-json\/wp\/v2\/media?parent=39682"}],"curies":[{"name":"wp","href":"https:\/\/api.w.org\/{rel}","templated":true}]}}