{"id":39679,"date":"2025-07-11T03:53:46","date_gmt":"2025-07-11T08:53:46","guid":{"rendered":"https:\/\/lenlawfirm8new.wpenginepowered.com\/?page_id=39679"},"modified":"2026-03-18T01:17:16","modified_gmt":"2026-03-18T06:17:16","slug":"abogado-de-accidentes-de-trafico-en-sugar-land","status":"publish","type":"page","link":"https:\/\/theleonlawfirm.com\/es\/que-hacer-accidente-auto\/","title":{"rendered":"Abogado de accidentes de tr\u00e1fico"},"content":{"rendered":"<p>[et_pb_section fb_built=\u00bb1&#8243; _builder_version=\u00bb4.27.4&#8243; _module_preset=\u00bbdefault\u00bb background_color=\u00bbgcid-primary-color\u00bb locked=\u00bboff\u00bb collapsed=\u00bboff\u00bb global_colors_info=\u00bb{%22gcid-primary-color%22:%91%22background_color%22%93}\u00bb][et_pb_row column_structure=\u00bb1_2,1_2&#8243; use_custom_gutter=\u00bbon\u00bb make_equal=\u00bbon\u00bb module_class=\u00bbcustom_row\u00bb _builder_version=\u00bb4.27.4&#8243; _module_preset=\u00bbdefault\u00bb custom_margin=\u00bb30px||||false|false\u00bb global_colors_info=\u00bb{}\u00bb][et_pb_column type=\u00bb1_2&#8243; _builder_version=\u00bb4.27.4&#8243; _module_preset=\u00bbdefault\u00bb global_colors_info=\u00bb{}\u00bb][et_pb_image src=\u00bbhttps:\/\/theleonlawfirm.com\/wp-content\/uploads\/What-to-Do-If-You-Are-in-a-Car-Accident-Image.jpg\u00bb alt=\u00bbPersonal Injury Attorney Services Section Image\u00bb title_text=\u00bbWhat to Do If You Are in a Car Accident Image\u00bb _builder_version=\u00bb4.27.4&#8243; _module_preset=\u00bbdefault\u00bb global_colors_info=\u00bb{}\u00bb][\/et_pb_image][\/et_pb_column][et_pb_column type=\u00bb1_2&#8243; _builder_version=\u00bb4.27.4&#8243; _module_preset=\u00bbdefault\u00bb global_colors_info=\u00bb{}\u00bb][et_pb_text _builder_version=\u00bb4.27.4&#8243; _module_preset=\u00bbdefault\u00bb custom_margin=\u00bb12px||0px||false|false\u00bb global_colors_info=\u00bb{}\u00bb]<\/p>\n<h2>Inmediatamente despu\u00e9s del accidente<\/h2>\n<p>Si usted ha estado involucrado en un accidente de auto o <a href=\"\/causes-of-car-accidents\/\">accidente de tr\u00e1nsito<\/a> de cualquier tipo, lo primero que debe hacer es detener su autom\u00f3vil o cami\u00f3n; estacionarse a un lado de la carretera si puede. En la mayor\u00eda de los estados, abandonar el lugar del accidente es un delito.<\/p>\n<p>Comprueba si t\u00fa o tus pasajeros hab\u00e9is resultado heridos. Comprueba tambi\u00e9n si los ocupantes del otro veh\u00edculo o veh\u00edculos est\u00e1n bien. Si alguien est\u00e1 herido, llama a una ambulancia; normalmente es mejor no trasladar t\u00fa mismo a una persona herida. Evita m\u00e1s lesiones haciendo visible tu veh\u00edculo: pon bengalas, enciende las luces de emergencia o levanta el cap\u00f3 de tu veh\u00edculo.<\/p>\n<p>Los estados tienen normas diferentes sobre cu\u00e1ndo deben llamar a la polic\u00eda las personas que han sufrido un accidente. Para estar seguro, puedes llamar siempre que tengas un accidente. La polic\u00eda decidir\u00e1 si tiene que acudir al lugar de los hechos.<\/p>\n<p>[\/et_pb_text][\/et_pb_column][\/et_pb_row][et_pb_row _builder_version=\u00bb4.27.4&#8243; _module_preset=\u00bbdefault\u00bb custom_margin=\u00bb25px||||false|false\u00bb global_colors_info=\u00bb{}\u00bb][et_pb_column type=\u00bb4_4&#8243; _builder_version=\u00bb4.27.4&#8243; _module_preset=\u00bbdefault\u00bb global_colors_info=\u00bb{}\u00bb][et_pb_text _builder_version=\u00bb4.27.4&#8243; _module_preset=\u00bbdefault\u00bb global_colors_info=\u00bb{}\u00bb]Mientras tanto, intercambia informaci\u00f3n con el otro conductor. Anota el nombre, la direcci\u00f3n, el n\u00famero de tel\u00e9fono, el n\u00famero de la matr\u00edcula, el n\u00famero de la licencia de conducir y la informaci\u00f3n completa del seguro del autom\u00f3vil del conductor. Dale tambi\u00e9n tus datos al otro conductor.<\/p>\n<p>Si alguien fue testigo del accidente, intenta obtener sus datos de identificaci\u00f3n. Adem\u00e1s, anota las circunstancias del accidente y cualquier cosa inusual que hayas notado. Anota las condiciones meteorol\u00f3gicas, el l\u00edmite de velocidad en la carretera, tu velocidad en el momento del accidente, tu estimaci\u00f3n de la velocidad del otro conductor y otros elementos similares. Esto ser\u00e1 importante si el caso acaba en litigio o en una disputa con el seguro.<\/p>\n<p>No admita la culpa. La determinaci\u00f3n de la culpa, si la hay, se har\u00e1 m\u00e1s tarde. Por ahora, conc\u00e9ntrese en la seguridad y en los procedimientos adecuados en caso de accidente. No firme ninguna renuncia ofrecida por el otro conductor o la compa\u00f1\u00eda de seguros.<\/p>\n<h3>Cuando llega la polic\u00eda<\/h3>\n<p>Coopere con los agentes de polic\u00eda que se encuentren en el lugar del accidente. Facil\u00edteles toda la informaci\u00f3n que soliciten, incluida la informaci\u00f3n sobre las lesiones y los testigos, pero evite hacer comentarios editoriales o admitir la responsabilidad de lo sucedido. La responsabilidad legal es compleja, y es posible que no disponga de los datos necesarios para determinar qui\u00e9n fue el responsable del accidente.<\/p>\n<p>Aseg\u00farate de conseguir las credenciales de los agentes de polic\u00eda que investigan. Pide tambi\u00e9n el n\u00famero de incidente para obtener una copia del informe del accidente (y para poder dar esta informaci\u00f3n a tu compa\u00f1\u00eda de seguros). No abandones el lugar del accidente hasta que los polic\u00edas te digan que puedes hacerlo.<\/p>\n<h3>Inmediatamente despu\u00e9s del accidente<\/h3>\n<p>Aunque el dolor sea leve, lo mejor es que le examine un m\u00e9dico. <a href=\"\/personal-injury-attorney\/\">Las lesiones<\/a> pueden no mostrarse realmente hasta m\u00e1s tarde, y un tratamiento temprano puede prevenir dolores importantes u otros da\u00f1os. Adem\u00e1s, una compa\u00f1\u00eda de seguros podr\u00eda argumentar que su falta de tratamiento m\u00e9dico agrav\u00f3 su lesi\u00f3n, o incluso que su lesi\u00f3n no surgi\u00f3 del accidente en absoluto.<\/p>\n<h3>Contacte a un abogado de accidentes de autom\u00f3vil en Sugar Land<\/h3>\n<p>Cuando usted consulte con un abogado, traiga toda la informaci\u00f3n de su seguro de auto con usted. No firme ning\u00fan documento o cheque de una compa\u00f1\u00eda de seguros antes de hablar con el abogado. Documente todos los gastos relacionados con el accidente, como el alquiler de otro autom\u00f3vil, los salarios perdidos, las facturas m\u00e9dicas y otros gastos. Un abogado con experiencia puede ayudarle a clasificar todas las p\u00e9rdidas relacionadas con su accidente.<\/p>\n<p>Para empezar a recibir la ayuda que necesita, contacte con un <a href=\"\/contact-best-law-company\/\">Abogado de accidentes de autom\u00f3vil en Sugar Land<\/a> en nuestras oficinas legales.[\/et_pb_text][\/et_pb_column][\/et_pb_row][\/et_pb_section]<\/p>\n","protected":false},"excerpt":{"rendered":"<p>Inmediatamente despu\u00e9s del accidente Si usted ha estado involucrado en un accidente de auto o accidente de tr\u00e1nsito de cualquier tipo, lo primero que debe hacer es detener su autom\u00f3vil o cami\u00f3n; estacionarse a un lado de la carretera si puede. En la mayor\u00eda de los estados, abandonar el lugar del accidente es un delito. [&hellip;]<\/p>\n","protected":false},"author":6,"featured_media":38560,"parent":38574,"menu_order":0,"comment_status":"closed","ping_status":"closed","template":"","meta":{"_acf_changed":false,"_et_pb_use_builder":"on","_et_pb_old_content":"","_et_gb_content_width":"","footnotes":""},"class_list":["post-39679","page","type-page","status-publish","has-post-thumbnail","hentry"],"acf":[],"_links":{"self":[{"href":"https:\/\/theleonlawfirm.com\/es\/wp-json\/wp\/v2\/pages\/39679","targetHints":{"allow":["GET"]}}],"collection":[{"href":"https:\/\/theleonlawfirm.com\/es\/wp-json\/wp\/v2\/pages"}],"about":[{"href":"https:\/\/theleonlawfirm.com\/es\/wp-json\/wp\/v2\/types\/page"}],"author":[{"embeddable":true,"href":"https:\/\/theleonlawfirm.com\/es\/wp-json\/wp\/v2\/users\/6"}],"replies":[{"embeddable":true,"href":"https:\/\/theleonlawfirm.com\/es\/wp-json\/wp\/v2\/comments?post=39679"}],"version-history":[{"count":0,"href":"https:\/\/theleonlawfirm.com\/es\/wp-json\/wp\/v2\/pages\/39679\/revisions"}],"up":[{"embeddable":true,"href":"https:\/\/theleonlawfirm.com\/es\/wp-json\/wp\/v2\/pages\/38574"}],"wp:featuredmedia":[{"embeddable":true,"href":"https:\/\/theleonlawfirm.com\/es\/wp-json\/wp\/v2\/media\/38560"}],"wp:attachment":[{"href":"https:\/\/theleonlawfirm.com\/es\/wp-json\/wp\/v2\/media?parent=39679"}],"curies":[{"name":"wp","href":"https:\/\/api.w.org\/{rel}","templated":true}]}}