{"id":39676,"date":"2025-07-11T03:45:17","date_gmt":"2025-07-11T08:45:17","guid":{"rendered":"https:\/\/lenlawfirm8new.wpenginepowered.com\/?page_id=39676"},"modified":"2025-07-17T03:17:24","modified_gmt":"2025-07-17T08:17:24","slug":"abogado-de-accidentes-en-casos-de-conductores-que-no-estan-asegurados-en-sugar-land","status":"publish","type":"page","link":"https:\/\/theleonlawfirm.com\/es\/conductores-sin-seguro\/","title":{"rendered":"Conductores sin seguro"},"content":{"rendered":"<p>[et_pb_section fb_built=\u00bb1&#8243; _builder_version=\u00bb4.27.4&#8243; _module_preset=\u00bbdefault\u00bb background_color=\u00bbgcid-primary-color\u00bb locked=\u00bboff\u00bb collapsed=\u00bboff\u00bb global_colors_info=\u00bb{%22gcid-primary-color%22:%91%22background_color%22%93}\u00bb][et_pb_row column_structure=\u00bb1_2,1_2&#8243; use_custom_gutter=\u00bbon\u00bb make_equal=\u00bbon\u00bb module_class=\u00bbcustom_row\u00bb _builder_version=\u00bb4.27.4&#8243; _module_preset=\u00bbdefault\u00bb custom_margin=\u00bb30px||||false|false\u00bb global_colors_info=\u00bb{}\u00bb][et_pb_column type=\u00bb1_2&#8243; _builder_version=\u00bb4.27.4&#8243; _module_preset=\u00bbdefault\u00bb global_colors_info=\u00bb{}\u00bb][et_pb_image src=\u00bbhttps:\/\/theleonlawfirm.com\/wp-content\/uploads\/Uninsured-Motorists-Image.jpg\u00bb alt=\u00bbPersonal Injury Attorney Services Section Image\u00bb title_text=\u00bbUninsured Motorists Image\u00bb _builder_version=\u00bb4.27.4&#8243; _module_preset=\u00bbdefault\u00bb hover_enabled=\u00bb0&#8243; global_colors_info=\u00bb{}\u00bb sticky_enabled=\u00bb0&#8243;][\/et_pb_image][\/et_pb_column][et_pb_column type=\u00bb1_2&#8243; _builder_version=\u00bb4.27.4&#8243; _module_preset=\u00bbdefault\u00bb global_colors_info=\u00bb{}\u00bb][et_pb_text _builder_version=\u00bb4.27.4&#8243; _module_preset=\u00bbdefault\u00bb custom_margin=\u00bb12px||0px||false|false\u00bb global_colors_info=\u00bb{}\u00bb]<\/p>\n<h2>Conductores no asegurados<\/h2>\n<p>Incluso si su estado requiere que todos los conductores lleven seguro de autom\u00f3vil, el conductor que lo lesion\u00f3 a usted o a su pasajero puede no haber tenido seguro. O usted puede haber sido herido en un accidente con fuga, por lo que es imposible identificar al conductor en absoluto.<\/p>\n<p>Es entonces cuando la cobertura de conductores no asegurados interviene para proteger sus intereses. Muchos estados exigen que las compa\u00f1\u00edas de seguros de autom\u00f3viles ofrezcan una cobertura para accidentes con conductores no asegurados. Si su compa\u00f1\u00eda de seguros ofrece cobertura de conductor no asegurado, y usted decide incluirla en su p\u00f3liza, entonces su compa\u00f1\u00eda de seguros actuar\u00e1 como si fuera la compa\u00f1\u00eda de seguros del conductor culpable para compensarle.<\/p>\n<p>Cuando usted presenta una demanda de conductor no asegurado, los intereses de su compa\u00f1\u00eda de seguros pueden ser adversos a sus intereses. Consultar con un abogado antes de presentar una reclamaci\u00f3n es sabio.[\/et_pb_text][\/et_pb_column][\/et_pb_row][et_pb_row _builder_version=\u00bb4.27.4&#8243; _module_preset=\u00bbdefault\u00bb custom_margin=\u00bb25px||||false|false\u00bb global_colors_info=\u00bb{}\u00bb][et_pb_column type=\u00bb4_4&#8243; _builder_version=\u00bb4.27.4&#8243; _module_preset=\u00bbdefault\u00bb global_colors_info=\u00bb{}\u00bb][et_pb_text _builder_version=\u00bb4.27.4&#8243; _module_preset=\u00bbdefault\u00bb global_colors_info=\u00bb{}\u00bb]<\/p>\n<h3>Conductores con seguro insuficiente<\/h3>\n<p>Cuando el conductor culpable est\u00e1 insuficientemente asegurado, esto significa que el conductor ha comprado una p\u00f3liza de seguro de auto que no proporciona suficiente cobertura para sus da\u00f1os. Si usted tiene cobertura contra conductor insuficientemente asegurado, usted puede ser capaz de cobrar, de su propia compa\u00f1\u00eda de seguros, la cantidad de sus da\u00f1os que excede la cobertura del seguro del conductor culpable.<\/p>\n<h3>Cobrando los beneficios del seguro<\/h3>\n<p>Para recuperar los da\u00f1os bajo una p\u00f3liza de conductor sin seguro o con seguro insuficiente, la v\u00edctima normalmente tendr\u00e1 que demostrar que el otro conductor fue el culpable. La v\u00edctima tambi\u00e9n tendr\u00e1 que demostrar que sus <a href=\"\/personal-injury-blog\/\">lesiones corporales<\/a> fueron importantes. Para cobrar los beneficios de una p\u00f3liza de motorista con seguro insuficiente, la v\u00edctima tendr\u00e1 que cobrar lo m\u00e1ximo posible de la compa\u00f1\u00eda de seguros del conductor culpable primero.<\/p>\n<h3>La acumulaci\u00f3n de la cobertura del seguro<\/h3>\n<p>En algunos estados y bajo algunas p\u00f3lizas de seguro, una parte lesionada puede \u201capilar\u201d varias p\u00f3lizas para alcanzar un nivel satisfactorio de compensaci\u00f3n. Al apilar la cobertura de m\u00e1s de una p\u00f3liza de seguro de autom\u00f3vil \u2013 o la cobertura de m\u00e1s de un autom\u00f3vil en una sola p\u00f3liza \u2013 la parte lesionada aumenta la recuperaci\u00f3n monetaria. La cobertura apilable no est\u00e1 permitida en todos los estados; en algunos casos, el asegurado debe elegir tener cobertura apilable al comprar la p\u00f3liza.<\/p>\n<h3>Hable con un abogado de accidente de autom\u00f3viles en Sugar Land<\/h3>\n<p>La cobertura de conductores no asegurados y con seguro insuficiente protege a las v\u00edctimas de accidentes cuando son m\u00e1s vulnerables. Sin embargo, no todas las p\u00f3lizas tienen dicha cobertura, y el enfoque de la v\u00edctima ante la situaci\u00f3n puede cambiar el nivel de compensaci\u00f3n que recibe. De hecho, algunas normas no obligan a la compa\u00f1\u00eda de seguros de la v\u00edctima a pagarle si \u00e9sta llega a un acuerdo prematuro con la compa\u00f1\u00eda de seguros del automovilista culpable. Por eso es tan importante trabajar con un abogado con experiencia.<\/p>\n<p><strong>Para ayuda despu\u00e9s de un accidente con un motorista sin seguro o sub-asegurado, contacte a un <a href=\"\/contact-best-law-company\/\">Abogado de accidentes de motoristas sin seguro en Sugar Land<\/a> en nuestra firma.<\/strong><\/p>\n<p>[\/et_pb_text][\/et_pb_column][\/et_pb_row][\/et_pb_section]<\/p>\n","protected":false},"excerpt":{"rendered":"<p>Conductores no asegurados Incluso si su estado requiere que todos los conductores lleven seguro de autom\u00f3vil, el conductor que lo lesion\u00f3 a usted o a su pasajero puede no haber tenido seguro. O usted puede haber sido herido en un accidente con fuga, por lo que es imposible identificar al conductor en absoluto. Es entonces [&hellip;]<\/p>\n","protected":false},"author":6,"featured_media":38560,"parent":38574,"menu_order":0,"comment_status":"closed","ping_status":"closed","template":"","meta":{"_acf_changed":false,"_et_pb_use_builder":"on","_et_pb_old_content":"","_et_gb_content_width":"","footnotes":""},"class_list":["post-39676","page","type-page","status-publish","has-post-thumbnail","hentry"],"acf":[],"_links":{"self":[{"href":"https:\/\/theleonlawfirm.com\/es\/wp-json\/wp\/v2\/pages\/39676","targetHints":{"allow":["GET"]}}],"collection":[{"href":"https:\/\/theleonlawfirm.com\/es\/wp-json\/wp\/v2\/pages"}],"about":[{"href":"https:\/\/theleonlawfirm.com\/es\/wp-json\/wp\/v2\/types\/page"}],"author":[{"embeddable":true,"href":"https:\/\/theleonlawfirm.com\/es\/wp-json\/wp\/v2\/users\/6"}],"replies":[{"embeddable":true,"href":"https:\/\/theleonlawfirm.com\/es\/wp-json\/wp\/v2\/comments?post=39676"}],"version-history":[{"count":0,"href":"https:\/\/theleonlawfirm.com\/es\/wp-json\/wp\/v2\/pages\/39676\/revisions"}],"up":[{"embeddable":true,"href":"https:\/\/theleonlawfirm.com\/es\/wp-json\/wp\/v2\/pages\/38574"}],"wp:featuredmedia":[{"embeddable":true,"href":"https:\/\/theleonlawfirm.com\/es\/wp-json\/wp\/v2\/media\/38560"}],"wp:attachment":[{"href":"https:\/\/theleonlawfirm.com\/es\/wp-json\/wp\/v2\/media?parent=39676"}],"curies":[{"name":"wp","href":"https:\/\/api.w.org\/{rel}","templated":true}]}}