{"id":39672,"date":"2025-07-11T03:33:25","date_gmt":"2025-07-11T08:33:25","guid":{"rendered":"https:\/\/lenlawfirm8new.wpenginepowered.com\/?page_id=39672"},"modified":"2025-07-17T03:16:34","modified_gmt":"2025-07-17T08:16:34","slug":"accidentes-por-enviar-mensajes-de-texto-mientras-se-esta-conduciendo","status":"publish","type":"page","link":"https:\/\/theleonlawfirm.com\/es\/el-envio-de-mensajes-de-texto-mientras-se-conduce\/","title":{"rendered":"El envio de mensajes de texto mientras se conduce"},"content":{"rendered":"<p>[et_pb_section fb_built=\u00bb1&#8243; _builder_version=\u00bb4.27.4&#8243; _module_preset=\u00bbdefault\u00bb background_color=\u00bbgcid-primary-color\u00bb locked=\u00bboff\u00bb collapsed=\u00bboff\u00bb global_colors_info=\u00bb{%22gcid-primary-color%22:%91%22background_color%22%93}\u00bb][et_pb_row column_structure=\u00bb1_2,1_2&#8243; use_custom_gutter=\u00bbon\u00bb make_equal=\u00bbon\u00bb module_class=\u00bbcustom_row\u00bb _builder_version=\u00bb4.27.4&#8243; _module_preset=\u00bbdefault\u00bb custom_margin=\u00bb30px||||false|false\u00bb global_colors_info=\u00bb{}\u00bb][et_pb_column type=\u00bb1_2&#8243; _builder_version=\u00bb4.27.4&#8243; _module_preset=\u00bbdefault\u00bb global_colors_info=\u00bb{}\u00bb][et_pb_image src=\u00bbhttps:\/\/theleonlawfirm.com\/wp-content\/uploads\/Driving-While-Texting-Img-1.jpg\u00bb alt=\u00bbPersonal Injury Attorney Services Section Image\u00bb title_text=\u00bbDriving While Texting- Img 1&#8243; _builder_version=\u00bb4.27.4&#8243; _module_preset=\u00bbdefault\u00bb hover_enabled=\u00bb0&#8243; global_colors_info=\u00bb{}\u00bb sticky_enabled=\u00bb0&#8243;][\/et_pb_image][\/et_pb_column][et_pb_column type=\u00bb1_2&#8243; _builder_version=\u00bb4.27.4&#8243; _module_preset=\u00bbdefault\u00bb global_colors_info=\u00bb{}\u00bb][et_pb_text _builder_version=\u00bb4.27.4&#8243; _module_preset=\u00bbdefault\u00bb custom_margin=\u00bb12px||0px||false|false\u00bb global_colors_info=\u00bb{}\u00bb]<\/p>\n<h2>Estad\u00edsticas sobre los mensajes de texto y la conducci\u00f3n<\/h2>\n<ul>\n<li>Seg\u00fan la AAA, el 46% de los adolescentes encuestados admite haber enviado mensajes de texto mientras conduce<\/li>\n<li>Cuando un conductor env\u00eda mensajes de texto al volante, la probabilidad de sufrir un accidente de auto aumenta en un 26%<\/li>\n<li>Un mensaje de texto en promedio tarda aproximadamente 4,6 segundos en escribirse, lo que significa que el conductor habr\u00e1 recorrido la longitud de un campo de f\u00fatbol antes de levantar la vista de su tel\u00e9fono<\/li>\n<\/ul>\n<p>En The Le\u00f3n Law Firm, P.C. conocemos el impacto negativo de estar involucrado en un <a href=\"\/causes-of-car-accidents\/\">accidente de autom\u00f3vil<\/a>. Las lesiones sufridas pueden ser muy graves y tener efectos duraderos. <a href=\"\/wrongful-death\/\">La muerte por negligencia<\/a> resultante de los accidentes de autom\u00f3vil tambi\u00e9n es frecuente en este estado debido a los errores imprudentes de estos conductores. Seg\u00fan las \u00faltimas estad\u00edsticas de la Administraci\u00f3n Nacional de Seguridad del Tr\u00e1fico en las Carreteras (NHTSA), nuestro estado tuvo m\u00e1s muertes de tr\u00e1fico que cualquier otro en los Estados Unidos. Un abogado de Sugar Land <a href=\"\/personal-injury-attorney\/\">de lesiones personales<\/a> debe ser contratado si usted o un ser querido fue v\u00edctima de un accidente automovil\u00edstico debido a que otro texteaba mientras conduc\u00eda.<\/p>\n<p>[\/et_pb_text][\/et_pb_column][\/et_pb_row][et_pb_row _builder_version=\u00bb4.27.4&#8243; _module_preset=\u00bbdefault\u00bb custom_margin=\u00bb25px||||false|false\u00bb global_colors_info=\u00bb{}\u00bb][et_pb_column type=\u00bb4_4&#8243; _builder_version=\u00bb4.27.4&#8243; _module_preset=\u00bbdefault\u00bb global_colors_info=\u00bb{}\u00bb][et_pb_text _builder_version=\u00bb4.27.4&#8243; _module_preset=\u00bbdefault\u00bb global_colors_info=\u00bb{}\u00bb]<\/p>\n<h2>\u00bfPor qu\u00e9 es tan peligroso enviar mensajes de texto al volante?<\/h2>\n<p><strong>Para controlar completamente un veh\u00edculo de motor, un conductor necesita tres cosas:<\/strong><\/p>\n<ul>\n<li>Concentraci\u00f3n cognitiva<\/li>\n<li>Concentraci\u00f3n manual<\/li>\n<li>Concentraci\u00f3n visual<\/li>\n<\/ul>\n<p>Sin embargo, cuando un conductor descuida uno de estos tres factores cruciales para una conducci\u00f3n segura, est\u00e1 aumentando sus posibilidades de provocar un accidente. De hecho, cuando un conductor env\u00eda mensajes de texto, est\u00e1 descuidando cada uno de estos factores primarios de concentraci\u00f3n para un conductor, lo que significa que la probabilidad de un accidente es a\u00fan mayor. La concentraci\u00f3n cognitiva significa simplemente que el conductor est\u00e1 mentalmente \u201cah\u00ed\u201d cuando conduce el autom\u00f3vil. Cuando una persona est\u00e1 enviando mensajes de texto, significa que su mente y su concentraci\u00f3n ya no est\u00e1n en la carretera, sino en un peque\u00f1o dispositivo en su mano.<\/p>\n<p>Despu\u00e9s, la concentraci\u00f3n manual significa que el conductor ya no tiene las dos manos en el volante del autom\u00f3vil. Cuando un conductor est\u00e1 enviando mensajes de texto significa que no s\u00f3lo est\u00e1 apartando su mente de la carretera, sino que est\u00e1 utilizando al menos una o dos manos para sostener su tel\u00e9fono y escribir. Por \u00faltimo, cuando un conductor est\u00e1 enviando mensajes de texto, no se concentra en la carretera, lo cual es el aspecto m\u00e1s peligroso de los tres. En s\u00f3lo una fracci\u00f3n de segundo puede producirse un accidente, y los resultados podr\u00edan ser fatales.<\/p>\n<h3>Protegiendo sus derechos<\/h3>\n<p>Los abogados de nuestra firma son apasionados en ver que la justicia sea servida para nuestros clientes. Hay que luchar por los derechos y protegerlos. No hay nada m\u00e1s importante que la salud y el bienestar de su familia y estamos dispuestos a utilizar nuestra experiencia para su beneficio. Se requiere una representaci\u00f3n agresiva para su lesi\u00f3n personal para ver que usted sea compensado justamente.<\/p>\n<p>Con m\u00e1s de 16 a\u00f1os de experiencia en el campo de las lesiones personales, entendemos las acciones que son necesarias para obtener el \u00e9xito para nuestros clientes. Perm\u00edtanos la oportunidad de proteger sus derechos y ver que los responsables de su lesi\u00f3n sean responsabilizados por sus acciones.<\/p>\n<p>Si usted o un ser querido se lesion\u00f3 en un accidente de tr\u00e1fico causado por un conductor que enviaba mensajes de texto,<br \/><a href=\"\/contact-best-law-company\/\">contacte a The Le\u00f3n Law Firm, P.C.<\/a> hoy!<\/p>\n<p>[\/et_pb_text][\/et_pb_column][\/et_pb_row][\/et_pb_section]<\/p>\n","protected":false},"excerpt":{"rendered":"<p>Estad\u00edsticas sobre los mensajes de texto y la conducci\u00f3n Seg\u00fan la AAA, el 46% de los adolescentes encuestados admite haber enviado mensajes de texto mientras conduce Cuando un conductor env\u00eda mensajes de texto al volante, la probabilidad de sufrir un accidente de auto aumenta en un 26% Un mensaje de texto en promedio tarda aproximadamente [&hellip;]<\/p>\n","protected":false},"author":6,"featured_media":38560,"parent":38574,"menu_order":0,"comment_status":"closed","ping_status":"closed","template":"","meta":{"_acf_changed":false,"_et_pb_use_builder":"on","_et_pb_old_content":"","_et_gb_content_width":"","footnotes":""},"class_list":["post-39672","page","type-page","status-publish","has-post-thumbnail","hentry"],"acf":[],"_links":{"self":[{"href":"https:\/\/theleonlawfirm.com\/es\/wp-json\/wp\/v2\/pages\/39672","targetHints":{"allow":["GET"]}}],"collection":[{"href":"https:\/\/theleonlawfirm.com\/es\/wp-json\/wp\/v2\/pages"}],"about":[{"href":"https:\/\/theleonlawfirm.com\/es\/wp-json\/wp\/v2\/types\/page"}],"author":[{"embeddable":true,"href":"https:\/\/theleonlawfirm.com\/es\/wp-json\/wp\/v2\/users\/6"}],"replies":[{"embeddable":true,"href":"https:\/\/theleonlawfirm.com\/es\/wp-json\/wp\/v2\/comments?post=39672"}],"version-history":[{"count":0,"href":"https:\/\/theleonlawfirm.com\/es\/wp-json\/wp\/v2\/pages\/39672\/revisions"}],"up":[{"embeddable":true,"href":"https:\/\/theleonlawfirm.com\/es\/wp-json\/wp\/v2\/pages\/38574"}],"wp:featuredmedia":[{"embeddable":true,"href":"https:\/\/theleonlawfirm.com\/es\/wp-json\/wp\/v2\/media\/38560"}],"wp:attachment":[{"href":"https:\/\/theleonlawfirm.com\/es\/wp-json\/wp\/v2\/media?parent=39672"}],"curies":[{"name":"wp","href":"https:\/\/api.w.org\/{rel}","templated":true}]}}