{"id":39668,"date":"2025-07-11T03:26:16","date_gmt":"2025-07-11T08:26:16","guid":{"rendered":"https:\/\/lenlawfirm8new.wpenginepowered.com\/?page_id=39668"},"modified":"2025-07-17T03:15:34","modified_gmt":"2025-07-17T08:15:34","slug":"conductores-agresivos-y-distraidos-en-sugarland","status":"publish","type":"page","link":"https:\/\/theleonlawfirm.com\/es\/conductores-agresivos-y-distraidos\/","title":{"rendered":"Conductores agresivos y distra\u00eddos"},"content":{"rendered":"<p>[et_pb_section fb_built=\u00bb1&#8243; _builder_version=\u00bb4.27.4&#8243; _module_preset=\u00bbdefault\u00bb background_color=\u00bbgcid-primary-color\u00bb locked=\u00bboff\u00bb collapsed=\u00bboff\u00bb global_colors_info=\u00bb{%22gcid-primary-color%22:%91%22background_color%22%93}\u00bb][et_pb_row _builder_version=\u00bb4.27.4&#8243; _module_preset=\u00bbdefault\u00bb custom_margin=\u00bb||||false|false\u00bb global_colors_info=\u00bb{}\u00bb][et_pb_column type=\u00bb4_4&#8243; _builder_version=\u00bb4.27.4&#8243; _module_preset=\u00bbdefault\u00bb global_colors_info=\u00bb{}\u00bb][et_pb_text _builder_version=\u00bb4.27.4&#8243; _module_preset=\u00bbdefault\u00bb text_orientation=\u00bbcenter\u00bb global_colors_info=\u00bb{}\u00bb]<\/p>\n<p>The Le\u00f3n Law Firm, P.C., tiene una amplia experiencia ayudando a las v\u00edctimas de accidentes de veh\u00edculos de motor en Sugar Land y las \u00e1reas circundantes. Si el conductor agresivo o distra\u00eddo que caus\u00f3 su accidente estaba conduciendo un autom\u00f3vil, un <a href=\"\/causes-of-truck-accidents\/\">cami\u00f3n<\/a> o incluso una <a href=\"\/motorcycle-accident-attorney\/\">motocicleta<\/a>, podemos ayudar. P\u00f3ngase en contacto con nuestra oficina de Sugar Land hoy para programar una consulta gratuita para explorar sus opciones legales.<\/p>\n<p>[\/et_pb_text][\/et_pb_column][\/et_pb_row][et_pb_row column_structure=\u00bb1_2,1_2&#8243; use_custom_gutter=\u00bbon\u00bb make_equal=\u00bbon\u00bb module_class=\u00bbcustom_row\u00bb _builder_version=\u00bb4.27.4&#8243; _module_preset=\u00bbdefault\u00bb custom_margin=\u00bb30px||||false|false\u00bb global_colors_info=\u00bb{}\u00bb][et_pb_column type=\u00bb1_2&#8243; _builder_version=\u00bb4.27.4&#8243; _module_preset=\u00bbdefault\u00bb global_colors_info=\u00bb{}\u00bb][et_pb_image src=\u00bbhttps:\/\/theleonlawfirm.com\/wp-content\/uploads\/Aggressive-Distracted-Drivers-Img-2.jpg\u00bb alt=\u00bbPersonal Injury Attorney Services Section Image\u00bb title_text=\u00bbAggressive &#038; Distracted Drivers Img 2&#8243; admin_label=\u00bbImagen\u00bb _builder_version=\u00bb4.27.4&#8243; _module_preset=\u00bbdefault\u00bb hover_enabled=\u00bb0&#8243; global_colors_info=\u00bb{}\u00bb sticky_enabled=\u00bb0&#8243;][\/et_pb_image][\/et_pb_column][et_pb_column type=\u00bb1_2&#8243; _builder_version=\u00bb4.27.4&#8243; _module_preset=\u00bbdefault\u00bb global_colors_info=\u00bb{}\u00bb][et_pb_text _builder_version=\u00bb4.27.4&#8243; _module_preset=\u00bbdefault\u00bb custom_margin=\u00bb12px||0px||false|false\u00bb global_colors_info=\u00bb{}\u00bb]<\/p>\n<h2>\u00bfHerido en un accidente de autom\u00f3vil por un conductor distra\u00eddo? Llame a un abogado hoy.<\/h2>\n<p>Hemos tenido \u00e9xito en la recuperaci\u00f3n de la compensaci\u00f3n por las lesiones sufridas en accidentes causados por las acciones de los conductores agresivos y distra\u00eddos, que pueden incluir:[\/et_pb_text][et_pb_text _builder_version=\u00bb4.27.4&#8243; _module_preset=\u00bbdefault\u00bb custom_margin=\u00bb12px||0px||false|false\u00bb global_colors_info=\u00bb{}\u00bb]<\/p>\n<ul>\n<li>\u201cFuria en la carretera\u201d<\/li>\n<li>Carreras<\/li>\n<li>Hablar por tel\u00e9fono m\u00f3vil o enviar mensajes de texto mientras se conduce<\/li>\n<li>Comer o beber mientras se conduce<\/li>\n<li>Desviarse de un carril a otro y cambiar de carril de forma insegura<\/li>\n<li>Intentar cruzar los carriles de circulaci\u00f3n para llegar a una salida<\/li>\n<\/ul>\n<p>[\/et_pb_text][\/et_pb_column][\/et_pb_row][et_pb_row _builder_version=\u00bb4.27.4&#8243; _module_preset=\u00bbdefault\u00bb custom_margin=\u00bb25px||||false|false\u00bb global_colors_info=\u00bb{}\u00bb][et_pb_column type=\u00bb4_4&#8243; _builder_version=\u00bb4.27.4&#8243; _module_preset=\u00bbdefault\u00bb global_colors_info=\u00bb{}\u00bb][et_pb_text _builder_version=\u00bb4.27.4&#8243; _module_preset=\u00bbdefault\u00bb global_colors_info=\u00bb{}\u00bb]<\/p>\n<p>Uno de los problemas m\u00e1s frecuentes en la carretera hoy en d\u00eda es el de los conductores que hablan por tel\u00e9fono m\u00f3vil o utilizan dispositivos como las BlackBerrys para enviar mensajes de texto, correos electr\u00f3nicos o buscar en la web mientras intentan conducir. Como este comportamiento puede ser tan peligroso como <a href=\"\/drunk-driving-accident-lawyer\/\">conducci\u00f3n en estado de embriaguez<\/a>, algunos lo han etiquetado como \u201cconducci\u00f3n en estado de embriaguez\u201d.<\/p>\n<p>Por desgracia, las repercusiones no son una broma. La conducci\u00f3n imprudente por parte de conductores distra\u00eddos puede resultar en lesiones permanentes, discapacidades de por vida, y muerte por negligencia.<\/p>\n<p>Preparamos nuestros casos meticulosamente y reuniremos todas las pruebas para demostrar la negligencia por parte del conductor agresivo o distra\u00eddo.<a href=\"\/team-profiles\/\"> El abogado Carlos A. Le\u00f3n<\/a> es un negociador agresivo y un abogado litigante con experiencia que luchar\u00e1 para que el conductor sea responsable de sus acciones \u2013 y para ayudarle a recuperar la m\u00e1xima compensaci\u00f3n por sus lesiones.<\/p>\n<h3>Abogado de Accidentes de Auto en Sugar Land<\/h3>\n<p>Llame a nuestras oficinas hoy si usted ha sido v\u00edctima de un choque debido a un conductor agresivo o distra\u00eddo. Ofrecemos consultas iniciales gratuitas y aceptamos casos en base a honorarios contingentes, lo que significa que usted no paga honorarios legales a menos que ganemos su caso.<\/p>\n<p><strong>Contacte a un <a href=\"\/contact-best-law-company\/\">Abogado de Accidentes de Autom\u00f3viles de Sugar Land<\/a> en nuestra firma para discutir c\u00f3mo un conductor agresivo o distra\u00eddo caus\u00f3 su accidente.<\/strong><\/p>\n<p>[\/et_pb_text][\/et_pb_column][\/et_pb_row][\/et_pb_section]<\/p>\n","protected":false},"excerpt":{"rendered":"<p>The Le\u00f3n Law Firm, P.C., tiene una amplia experiencia ayudando a las v\u00edctimas de accidentes de veh\u00edculos de motor en Sugar Land y las \u00e1reas circundantes. Si el conductor agresivo o distra\u00eddo que caus\u00f3 su accidente estaba conduciendo un autom\u00f3vil, un cami\u00f3n o incluso una motocicleta, podemos ayudar. P\u00f3ngase en contacto con nuestra oficina de [&hellip;]<\/p>\n","protected":false},"author":6,"featured_media":38560,"parent":38574,"menu_order":0,"comment_status":"closed","ping_status":"closed","template":"","meta":{"_acf_changed":false,"_et_pb_use_builder":"on","_et_pb_old_content":"","_et_gb_content_width":"","footnotes":""},"class_list":["post-39668","page","type-page","status-publish","has-post-thumbnail","hentry"],"acf":[],"_links":{"self":[{"href":"https:\/\/theleonlawfirm.com\/es\/wp-json\/wp\/v2\/pages\/39668","targetHints":{"allow":["GET"]}}],"collection":[{"href":"https:\/\/theleonlawfirm.com\/es\/wp-json\/wp\/v2\/pages"}],"about":[{"href":"https:\/\/theleonlawfirm.com\/es\/wp-json\/wp\/v2\/types\/page"}],"author":[{"embeddable":true,"href":"https:\/\/theleonlawfirm.com\/es\/wp-json\/wp\/v2\/users\/6"}],"replies":[{"embeddable":true,"href":"https:\/\/theleonlawfirm.com\/es\/wp-json\/wp\/v2\/comments?post=39668"}],"version-history":[{"count":0,"href":"https:\/\/theleonlawfirm.com\/es\/wp-json\/wp\/v2\/pages\/39668\/revisions"}],"up":[{"embeddable":true,"href":"https:\/\/theleonlawfirm.com\/es\/wp-json\/wp\/v2\/pages\/38574"}],"wp:featuredmedia":[{"embeddable":true,"href":"https:\/\/theleonlawfirm.com\/es\/wp-json\/wp\/v2\/media\/38560"}],"wp:attachment":[{"href":"https:\/\/theleonlawfirm.com\/es\/wp-json\/wp\/v2\/media?parent=39668"}],"curies":[{"name":"wp","href":"https:\/\/api.w.org\/{rel}","templated":true}]}}