{"id":39666,"date":"2025-07-11T03:20:30","date_gmt":"2025-07-11T08:20:30","guid":{"rendered":"https:\/\/lenlawfirm8new.wpenginepowered.com\/?page_id=39666"},"modified":"2025-07-17T03:14:52","modified_gmt":"2025-07-17T08:14:52","slug":"abogado-de-defensa-en-casos-de-accidentes-por-conducir-en-estado-de-ebriedad-en-sugar-land","status":"publish","type":"page","link":"https:\/\/theleonlawfirm.com\/es\/conduccion-bajo-los-efectos-del-alcohol\/","title":{"rendered":"Conduccion bajo los efectos del alcohol"},"content":{"rendered":"<p>[et_pb_section fb_built=\u00bb1&#8243; _builder_version=\u00bb4.27.4&#8243; _module_preset=\u00bbdefault\u00bb background_color=\u00bbgcid-primary-color\u00bb locked=\u00bboff\u00bb collapsed=\u00bboff\u00bb global_colors_info=\u00bb{%22gcid-primary-color%22:%91%22background_color%22%93}\u00bb][et_pb_row _builder_version=\u00bb4.27.4&#8243; _module_preset=\u00bbdefault\u00bb custom_margin=\u00bb||30px||false|false\u00bb global_colors_info=\u00bb{}\u00bb][et_pb_column type=\u00bb4_4&#8243; _builder_version=\u00bb4.27.4&#8243; _module_preset=\u00bbdefault\u00bb global_colors_info=\u00bb{}\u00bb][et_pb_text _builder_version=\u00bb4.27.4&#8243; _module_preset=\u00bbdefault\u00bb text_orientation=\u00bbcenter\u00bb global_colors_info=\u00bb{}\u00bb]Se puede hacer que las compa\u00f1\u00edas de seguros paguen los gastos m\u00e9dicos inmediatos o la sustituci\u00f3n del veh\u00edculo cuando se les presiona para que lo hagan. Sin embargo, \u00bfqui\u00e9n se ocupa de las v\u00edctimas cuando tienen problemas m\u00e9dicos o de rehabilitaci\u00f3n a largo plazo y no pueden trabajar? En nuestra firma, el abogado Carlos A. Le\u00f3n tiene 22+ a\u00f1os de experiencia en casos de lesiones personales, lo que resulta en m\u00e1s de 80 millones de d\u00f3lares en acuerdos para sus clientes. Si usted ha sido lesionado en un accidente de DWI, queremos que tenga la confianza de que podemos luchar agresivamente por una compensaci\u00f3n justa en su nombre.[\/et_pb_text][\/et_pb_column][\/et_pb_row][et_pb_row column_structure=\u00bb1_2,1_2&#8243; use_custom_gutter=\u00bbon\u00bb make_equal=\u00bbon\u00bb module_class=\u00bbcustom_row\u00bb _builder_version=\u00bb4.27.4&#8243; _module_preset=\u00bbdefault\u00bb custom_margin=\u00bb30px||||false|false\u00bb global_colors_info=\u00bb{}\u00bb][et_pb_column type=\u00bb1_2&#8243; _builder_version=\u00bb4.27.4&#8243; _module_preset=\u00bbdefault\u00bb global_colors_info=\u00bb{}\u00bb][et_pb_image src=\u00bbhttps:\/\/theleonlawfirm.com\/wp-content\/uploads\/Drunk-Driving-Lawyer-Image.jpg\u00bb alt=\u00bbPersonal Injury Attorney Services Section Image\u00bb title_text=\u00bbDrunk Driving Lawyer Image\u00bb _builder_version=\u00bb4.27.4&#8243; _module_preset=\u00bbdefault\u00bb hover_enabled=\u00bb0&#8243; global_colors_info=\u00bb{}\u00bb sticky_enabled=\u00bb0&#8243;][\/et_pb_image][\/et_pb_column][et_pb_column type=\u00bb1_2&#8243; _builder_version=\u00bb4.27.4&#8243; _module_preset=\u00bbdefault\u00bb global_colors_info=\u00bb{}\u00bb][et_pb_text _builder_version=\u00bb4.27.4&#8243; _module_preset=\u00bbdefault\u00bb custom_margin=\u00bb12px||0px||false|false\u00bb global_colors_info=\u00bb{}\u00bb]<\/p>\n<h2>Las leyes de Dram Shop en Texas<\/h2>\n<p>En nuestro estado, tenemos lo que se llama la ley \u201cdram shop\u201d. Esta ley se refiere a aquellos que venden o sirven alcohol a una persona que est\u00e1 notablemente intoxicada y representa un peligro obvio para s\u00ed mismo o para otros. Bajo la ley de \u201cdram shop\u201d, camareros, fiestas privadas, vendedores en eventos deportivos, due\u00f1os de restaurantes y otros pueden ser considerados legalmente responsables por sus acciones que conducen a lesiones y fatalidades.<\/p>\n<p>Es importante comenzar su caso reuniendo r\u00e1pidamente pruebas y testigos potenciales mientras el incidente est\u00e1 todav\u00eda presente en su memoria. Las facturas de las tarjetas de cr\u00e9dito, las cuentas de los bares, las grabaciones de v\u00eddeo y los interrogatorios h\u00e1biles pueden ofrecer una imagen precisa de lo que ocurri\u00f3 y de qui\u00e9n es el responsable. El conocimiento de qu\u00e9 informaci\u00f3n buscar y c\u00f3mo obtenerla correctamente es inestimable en los accidentes relacionados con el DWI. Armado con la evidencia, trabajamos para perseguir una compensaci\u00f3n completa y justa por el da\u00f1o que se ha hecho.[\/et_pb_text][\/et_pb_column][\/et_pb_row][et_pb_row _builder_version=\u00bb4.27.4&#8243; _module_preset=\u00bbdefault\u00bb custom_margin=\u00bb25px||||false|false\u00bb global_colors_info=\u00bb{}\u00bb][et_pb_column type=\u00bb4_4&#8243; _builder_version=\u00bb4.27.4&#8243; _module_preset=\u00bbdefault\u00bb global_colors_info=\u00bb{}\u00bb][et_pb_text _builder_version=\u00bb4.27.4&#8243; _module_preset=\u00bbdefault\u00bb global_colors_info=\u00bb{}\u00bb]<\/p>\n<p><strong>R\u00e1pidamente <a href=\"\/contact-best-law-company\/\">contacte a un Abogado de accidentes con experiencia en casos de conductores en estado de ebriedad en Sugar Land<\/a> para iniciar acciones inmediatas en cualquier caso relacionado con accidentes y muertes por DWI.<\/strong><\/p>\n<p>[\/et_pb_text][\/et_pb_column][\/et_pb_row][\/et_pb_section]<\/p>\n","protected":false},"excerpt":{"rendered":"<p>Se puede hacer que las compa\u00f1\u00edas de seguros paguen los gastos m\u00e9dicos inmediatos o la sustituci\u00f3n del veh\u00edculo cuando se les presiona para que lo hagan. Sin embargo, \u00bfqui\u00e9n se ocupa de las v\u00edctimas cuando tienen problemas m\u00e9dicos o de rehabilitaci\u00f3n a largo plazo y no pueden trabajar? En nuestra firma, el abogado Carlos A. [&hellip;]<\/p>\n","protected":false},"author":6,"featured_media":38560,"parent":38574,"menu_order":0,"comment_status":"closed","ping_status":"closed","template":"","meta":{"_acf_changed":false,"_et_pb_use_builder":"on","_et_pb_old_content":"","_et_gb_content_width":"","footnotes":""},"class_list":["post-39666","page","type-page","status-publish","has-post-thumbnail","hentry"],"acf":[],"_links":{"self":[{"href":"https:\/\/theleonlawfirm.com\/es\/wp-json\/wp\/v2\/pages\/39666","targetHints":{"allow":["GET"]}}],"collection":[{"href":"https:\/\/theleonlawfirm.com\/es\/wp-json\/wp\/v2\/pages"}],"about":[{"href":"https:\/\/theleonlawfirm.com\/es\/wp-json\/wp\/v2\/types\/page"}],"author":[{"embeddable":true,"href":"https:\/\/theleonlawfirm.com\/es\/wp-json\/wp\/v2\/users\/6"}],"replies":[{"embeddable":true,"href":"https:\/\/theleonlawfirm.com\/es\/wp-json\/wp\/v2\/comments?post=39666"}],"version-history":[{"count":0,"href":"https:\/\/theleonlawfirm.com\/es\/wp-json\/wp\/v2\/pages\/39666\/revisions"}],"up":[{"embeddable":true,"href":"https:\/\/theleonlawfirm.com\/es\/wp-json\/wp\/v2\/pages\/38574"}],"wp:featuredmedia":[{"embeddable":true,"href":"https:\/\/theleonlawfirm.com\/es\/wp-json\/wp\/v2\/media\/38560"}],"wp:attachment":[{"href":"https:\/\/theleonlawfirm.com\/es\/wp-json\/wp\/v2\/media?parent=39666"}],"curies":[{"name":"wp","href":"https:\/\/api.w.org\/{rel}","templated":true}]}}