{"id":39654,"date":"2025-07-11T03:15:08","date_gmt":"2025-07-11T08:15:08","guid":{"rendered":"https:\/\/lenlawfirm8new.wpenginepowered.com\/?page_id=39654"},"modified":"2025-07-17T03:13:14","modified_gmt":"2025-07-17T08:13:14","slug":"abogado-para-demandas-por-muerte-por-negligencia-en-sugar-land","status":"publish","type":"page","link":"https:\/\/theleonlawfirm.com\/es\/abogado-muerte-prescripcion\/","title":{"rendered":"Abogado muerte prescripcion"},"content":{"rendered":"<p>[et_pb_section fb_built=\u00bb1&#8243; _builder_version=\u00bb4.27.4&#8243; _module_preset=\u00bbdefault\u00bb background_color=\u00bbgcid-primary-color\u00bb locked=\u00bboff\u00bb collapsed=\u00bboff\u00bb global_colors_info=\u00bb{%22gcid-primary-color%22:%91%22background_color%22%93}\u00bb][et_pb_row column_structure=\u00bb1_2,1_2&#8243; use_custom_gutter=\u00bbon\u00bb make_equal=\u00bbon\u00bb module_class=\u00bbcustom_row\u00bb _builder_version=\u00bb4.27.4&#8243; _module_preset=\u00bbdefault\u00bb custom_margin=\u00bb30px||||false|false\u00bb global_colors_info=\u00bb{}\u00bb][et_pb_column type=\u00bb1_2&#8243; _builder_version=\u00bb4.27.4&#8243; _module_preset=\u00bbdefault\u00bb global_colors_info=\u00bb{}\u00bb][et_pb_image src=\u00bbhttps:\/\/theleonlawfirm.com\/wp-content\/uploads\/Statutes-of-Limitations-Image.jpg\u00bb alt=\u00bbPersonal Injury Attorney Services Section Image\u00bb title_text=\u00bbStatutes of Limitations Image\u00bb _builder_version=\u00bb4.27.4&#8243; _module_preset=\u00bbdefault\u00bb hover_enabled=\u00bb0&#8243; global_colors_info=\u00bb{}\u00bb sticky_enabled=\u00bb0&#8243;][\/et_pb_image][\/et_pb_column][et_pb_column type=\u00bb1_2&#8243; _builder_version=\u00bb4.27.4&#8243; _module_preset=\u00bbdefault\u00bb global_colors_info=\u00bb{}\u00bb][et_pb_text _builder_version=\u00bb4.27.4&#8243; _module_preset=\u00bbdefault\u00bb custom_margin=\u00bb12px||0px||false|false\u00bb global_colors_info=\u00bb{}\u00bb]<\/p>\n<h2>\u00bfQu\u00e9 es la regla de descubrimiento?<\/h2>\n<p>La regla de descubrimiento puede afectar al momento en que comienza a correr el plazo de prescripci\u00f3n. En algunos casos, una lesi\u00f3n que caus\u00f3 una muerte por negligencia no era evidente cuando ocurri\u00f3 por primera vez; esto es generalmente debido a la naturaleza de la propia lesi\u00f3n. El plazo de prescripci\u00f3n comenzar\u00e1, entonces, en el momento en que se descubra la lesi\u00f3n o que razonablemente deber\u00eda haberse descubierto.<\/p>\n<p>Consideremos un plazo de prescripci\u00f3n de, por ejemplo, dos a\u00f1os. Normalmente, el reloj empezar\u00eda a correr en cuanto se produjera el perjuicio. Pero si el perjuicio se descubre razonablemente un a\u00f1o despu\u00e9s de producirse, el plazo de dos a\u00f1os comienza el d\u00eda del descubrimiento.<\/p>\n<p>No todos los estados aplican la regla de descubrimiento de la misma manera. La forma en que se utiliza tambi\u00e9n depende de la lesi\u00f3n y de otras circunstancias.[\/et_pb_text][\/et_pb_column][\/et_pb_row][et_pb_row _builder_version=\u00bb4.27.4&#8243; _module_preset=\u00bbdefault\u00bb custom_margin=\u00bb25px||||false|false\u00bb global_colors_info=\u00bb{}\u00bb][et_pb_column type=\u00bb4_4&#8243; _builder_version=\u00bb4.27.4&#8243; _module_preset=\u00bbdefault\u00bb global_colors_info=\u00bb{}\u00bb][et_pb_text _builder_version=\u00bb4.27.4&#8243; _module_preset=\u00bbdefault\u00bb global_colors_info=\u00bb{}\u00bb]<\/p>\n<h3>\u00bfQu\u00e9 es un estatuto de limitaciones o prescripci\u00f3n?<\/h3>\n<p>Un estatuto de limitaciones es una ley que restringe la cantidad de tiempo que un demandante tiene para presentar una demanda. Ayuda a garantizar que el proceso legal avance y que las pruebas sigan estando disponibles y frescas en la mente de los testigos. Cuando el plazo de prescripci\u00f3n ha transcurrido, ya no hay derecho a emprender acciones legales sobre un asunto. Esto da una seria responsabilidad a las personas que deseen presentar una demanda.<\/p>\n<h3>\u00bfC\u00f3mo afectan la ley de prescripci\u00f3n y la regla de descubrimiento a las acciones de muerte por negligencia?<\/h3>\n<p>Para la mayor\u00eda de los casos de muerte por negligencia, el estatuto de muerte por negligencia de un estado establece un simple l\u00edmite de tiempo para emprender acciones legales. Sin embargo, el asunto es m\u00e1s complicado cuando se trata de lesiones que requieren la regla de descubrimiento.<\/p>\n<p>A veces, cuando un ser querido sufre una lesi\u00f3n, \u00e9sta puede no conocerse hasta meses o a\u00f1os despu\u00e9s de producirse, quiz\u00e1 hasta que cause la muerte. Otras veces, la causa de una muerte por negligencia no se descubre razonablemente hasta meses o a\u00f1os despu\u00e9s.<\/p>\n<p>Si una lesi\u00f3n contribuy\u00f3 directamente a una muerte, el plazo de prescripci\u00f3n puede comenzar en el momento de la lesi\u00f3n o en el momento del descubrimiento razonable. Esto podr\u00eda significar que el plazo de prescripci\u00f3n empieza a correr -e incluso puede a extinguirse- antes del fallecimiento. Esto puede ocurrir, en particular, en los casos de responsabilidad por productos que implican lesiones causadas por productos defectuosos o peligrosos.<\/p>\n<h3>Hable con un Abogado de Muerte por Negligencia en Sugar Land<\/h3>\n<p>Aunque el estatuto de limitaciones y la regla de descubrimiento pueden parecer complicar el proceso legal, lo importante es tener en cuenta que hay l\u00edmites de tiempo sobre cu\u00e1ndo puede tomar acciones legales. P\u00f3ngase en contacto con un abogado, que le puede decir cu\u00e1ndo expira el estatuto de limitaciones y cu\u00e1les son sus derechos en este momento.<\/p>\n<p>Para una revisi\u00f3n gratuita y confidencial de su caso, p\u00f3ngase en contacto con un <a href=\"\/contact-best-law-company\/\">Abogado de Muerte Injusta en Sugar Land<\/a> de nuestra firma. Podemos ayudarle a obtener una imagen clara de sus derechos y opciones.<\/p>\n<p>[\/et_pb_text][\/et_pb_column][\/et_pb_row][\/et_pb_section]<\/p>\n","protected":false},"excerpt":{"rendered":"<p>\u00bfQu\u00e9 es la regla de descubrimiento? La regla de descubrimiento puede afectar al momento en que comienza a correr el plazo de prescripci\u00f3n. En algunos casos, una lesi\u00f3n que caus\u00f3 una muerte por negligencia no era evidente cuando ocurri\u00f3 por primera vez; esto es generalmente debido a la naturaleza de la propia lesi\u00f3n. El plazo [&hellip;]<\/p>\n","protected":false},"author":6,"featured_media":38560,"parent":38574,"menu_order":0,"comment_status":"closed","ping_status":"closed","template":"","meta":{"_acf_changed":false,"_et_pb_use_builder":"on","_et_pb_old_content":"","_et_gb_content_width":"","footnotes":""},"class_list":["post-39654","page","type-page","status-publish","has-post-thumbnail","hentry"],"acf":[],"_links":{"self":[{"href":"https:\/\/theleonlawfirm.com\/es\/wp-json\/wp\/v2\/pages\/39654","targetHints":{"allow":["GET"]}}],"collection":[{"href":"https:\/\/theleonlawfirm.com\/es\/wp-json\/wp\/v2\/pages"}],"about":[{"href":"https:\/\/theleonlawfirm.com\/es\/wp-json\/wp\/v2\/types\/page"}],"author":[{"embeddable":true,"href":"https:\/\/theleonlawfirm.com\/es\/wp-json\/wp\/v2\/users\/6"}],"replies":[{"embeddable":true,"href":"https:\/\/theleonlawfirm.com\/es\/wp-json\/wp\/v2\/comments?post=39654"}],"version-history":[{"count":0,"href":"https:\/\/theleonlawfirm.com\/es\/wp-json\/wp\/v2\/pages\/39654\/revisions"}],"up":[{"embeddable":true,"href":"https:\/\/theleonlawfirm.com\/es\/wp-json\/wp\/v2\/pages\/38574"}],"wp:featuredmedia":[{"embeddable":true,"href":"https:\/\/theleonlawfirm.com\/es\/wp-json\/wp\/v2\/media\/38560"}],"wp:attachment":[{"href":"https:\/\/theleonlawfirm.com\/es\/wp-json\/wp\/v2\/media?parent=39654"}],"curies":[{"name":"wp","href":"https:\/\/api.w.org\/{rel}","templated":true}]}}