{"id":39647,"date":"2025-07-11T03:06:11","date_gmt":"2025-07-11T08:06:11","guid":{"rendered":"https:\/\/lenlawfirm8new.wpenginepowered.com\/?page_id=39647"},"modified":"2025-07-17T03:11:52","modified_gmt":"2025-07-17T08:11:52","slug":"abogado-de-muerte-por-negligencia-en-sugar-land-3","status":"publish","type":"page","link":"https:\/\/theleonlawfirm.com\/es\/muerte-por-negligencia\/","title":{"rendered":"Muerte por negligencia"},"content":{"rendered":"<p>[et_pb_section fb_built=\u00bb1&#8243; _builder_version=\u00bb4.27.4&#8243; _module_preset=\u00bbdefault\u00bb background_color=\u00bbgcid-primary-color\u00bb locked=\u00bboff\u00bb collapsed=\u00bboff\u00bb global_colors_info=\u00bb{%22gcid-primary-color%22:%91%22background_color%22%93}\u00bb][et_pb_row column_structure=\u00bb1_2,1_2&#8243; use_custom_gutter=\u00bbon\u00bb make_equal=\u00bbon\u00bb module_class=\u00bbcustom_row\u00bb _builder_version=\u00bb4.27.4&#8243; _module_preset=\u00bbdefault\u00bb custom_margin=\u00bb30px||||false|false\u00bb global_colors_info=\u00bb{}\u00bb][et_pb_column type=\u00bb1_2&#8243; _builder_version=\u00bb4.27.4&#8243; _module_preset=\u00bbdefault\u00bb global_colors_info=\u00bb{}\u00bb][et_pb_image src=\u00bbhttps:\/\/theleonlawfirm.com\/wp-content\/uploads\/Fatal-Accident-Image.jpg\u00bb alt=\u00bbPersonal Injury Attorney Services Section Image\u00bb title_text=\u00bbFatal Accident Image\u00bb _builder_version=\u00bb4.27.4&#8243; _module_preset=\u00bbdefault\u00bb hover_enabled=\u00bb0&#8243; global_colors_info=\u00bb{}\u00bb sticky_enabled=\u00bb0&#8243;][\/et_pb_image][\/et_pb_column][et_pb_column type=\u00bb1_2&#8243; _builder_version=\u00bb4.27.4&#8243; _module_preset=\u00bbdefault\u00bb global_colors_info=\u00bb{}\u00bb][et_pb_text _builder_version=\u00bb4.27.4&#8243; _module_preset=\u00bbdefault\u00bb custom_margin=\u00bb12px||0px||false|false\u00bb global_colors_info=\u00bb{}\u00bb]<\/p>\n<ul>\n<li>Las causas comunes de muerte por las que se presentan reclamaciones de muerte por negligencia incluyen:<\/li>\n<li><a href=\"\/causes-of-car-accidents\/\">Accidentes de coche<\/a> o accidentes con otro tipo de autom\u00f3viles<\/li>\n<li><a href=\"\/work-accident-attorney\/\">Incidentes en el lugar de trabajo<\/a><\/li>\n<li><a href=\"\/construction-site-accident-attorney\/\">Accidentes en obras de construcci\u00f3n<\/a><\/li>\n<li>Exposici\u00f3n a productos qu\u00edmicos peligrosos o sustancias, como <a href=\"\/es\/asbesto-mesotelioma\/\">amianto<\/a><\/li>\n<li><a href=\"\/drug-injury-lawyer\/\">F\u00e1rmacos peligrosos<\/a><\/li>\n<li>Accidentes relacionados con <a href=\"\/premises-liability\/\">responsabilidad civil<\/a><\/li>\n<li>Accidentes relacionados con <a href=\"\/product-liability-attorney\/\">responsabilidad por productos defectuosos<\/a><\/li>\n<\/ul>\n<p>[\/et_pb_text][\/et_pb_column][\/et_pb_row][et_pb_row _builder_version=\u00bb4.27.4&#8243; _module_preset=\u00bbdefault\u00bb custom_margin=\u00bb25px||||false|false\u00bb global_colors_info=\u00bb{}\u00bb][et_pb_column type=\u00bb4_4&#8243; _builder_version=\u00bb4.27.4&#8243; _module_preset=\u00bbdefault\u00bb global_colors_info=\u00bb{}\u00bb][et_pb_text _builder_version=\u00bb4.27.4&#8243; _module_preset=\u00bbdefault\u00bb global_colors_info=\u00bb{}\u00bb]<\/p>\n<h3>C\u00f3mo puede ayudarle un abogado<\/h3>\n<p>Si usted ha perdido a un ser querido debido a una muerte injusta, un abogado de lesiones personales de Sugar Land puede ayudarle a entender sus opciones. Por supuesto, hay un tremendo dolor con el que lidiar despu\u00e9s de tal evento. Aun as\u00ed, es importante tener en cuenta que las demandas por homicidio culposo deben presentarse dentro de los dos a\u00f1os siguientes a la fecha de la muerte.<\/p>\n<p>Aqu\u00ed en <a href=\"\/es\/\">The Le\u00f3n Law Firm, P.C.<\/a>, apreciamos que la p\u00e9rdida de un miembro de la familia de tal manera es uno de los eventos m\u00e1s devastadores que uno puede experimentar. En medio de la agitaci\u00f3n emocional y las demandas de lo que se requiere despu\u00e9s de que alguien muere, puede haber poco tiempo o energ\u00eda para mucho m\u00e1s. Queremos ayudar en todo lo que podamos para reducir su preocupaci\u00f3n y dificultad. Ayudaremos a determinar qu\u00e9 parte o partes deben ser demandadas y cu\u00e1l es la mejor manera de proceder con su caso. Entonces nos encargaremos de lo necesario y perseguiremos agresivamente la justicia tras la muerte por negligencia de su ser querido. Haremos lo que podamos para ayudarle a tener la libertad y los medios para cuidar de su familia.<\/p>\n<p><strong><a href=\"\/contact-best-law-company\/\">Contacte a un Abogado de Muerte Injusta en Sugar Land<\/a> para ayuda legal si usted ha perdido a un ser querido debido a las acciones de otro.<\/strong><\/p>\n<p>[\/et_pb_text][\/et_pb_column][\/et_pb_row][\/et_pb_section][et_pb_section fb_built=\u00bb1&#8243; custom_padding_last_edited=\u00bbon|phone\u00bb admin_label=\u00bbFree Case Review Section\u00bb _builder_version=\u00bb4.27.4&#8243; _module_preset=\u00bbdefault\u00bb background_color=\u00bb#111929&#8243; custom_padding=\u00bb0px||||false|false\u00bb custom_padding_tablet=\u00bb||30px||false|false\u00bb custom_padding_phone=\u00bb||15px||false|false\u00bb locked=\u00bboff\u00bb collapsed=\u00bbon\u00bb global_colors_info=\u00bb{}\u00bb][et_pb_row column_structure=\u00bb1_2,1_2&#8243; use_custom_gutter=\u00bbon\u00bb make_equal=\u00bbon\u00bb module_class=\u00bbcustom_row\u00bb _builder_version=\u00bb4.27.4&#8243; _module_preset=\u00bb_initial\u00bb global_colors_info=\u00bb{}\u00bb][et_pb_column type=\u00bb1_2&#8243; _builder_version=\u00bb4.27.4&#8243; _module_preset=\u00bbdefault\u00bb global_colors_info=\u00bb{}\u00bb][et_pb_image src=\u00bbhttps:\/\/theleonlawfirm.com\/wp-content\/uploads\/Free-Case-Review-Image.jpg\u00bb alt=\u00bbRevisi\u00f3n gratuita de casos Imagen\u00bb title_text=\u00bbFree Case Review Image\u00bb _builder_version=\u00bb4.27.4&#8243; _module_preset=\u00bbdefault\u00bb global_colors_info=\u00bb{}\u00bb][\/et_pb_image][\/et_pb_column][et_pb_column type=\u00bb1_2&#8243; _builder_version=\u00bb4.27.4&#8243; _module_preset=\u00bbdefault\u00bb global_colors_info=\u00bb{}\u00bb][et_pb_text _builder_version=\u00bb4.27.4&#8243; _module_preset=\u00bbe9f68a1a-4067-4601-88ac-6f86693aa315&#8243; global_colors_info=\u00bb{%22gcid-heading-color%22:%91%22header_text_color%22,%22header_2_text_color%22,%22header_4_text_color%22,%22header_5_text_color%22,%22header_6_text_color%22%93,%22gcid-c4f94a0b-2b1a-428f-85e5-03062f698d42%22:%91%22header_3_text_color%22%93,%22gcid-body-color%22:%91%22text_text_color%22%93}\u00bb]<\/p>\n<h2>Revisi\u00f3n gratuita de casos<\/h2>\n<p>\u00bfHerido en un accidente de cami\u00f3n? \u00bfLesionado en el trabajo? \u00bfLastimado por un producto defectuoso? Entendemos lo duro que es.<\/p>\n<p>Nuestra revisi\u00f3n gratuita del caso te pone en contacto con un abogado que escuchar\u00e1 tu historia, te explicar\u00e1 tus opciones y elaborar\u00e1 un plan para seguir adelante.<\/p>\n<p>Sin costes. Sin presiones. S\u00f3lo orientaci\u00f3n \u00fatil cuando m\u00e1s la necesitas.<\/p>\n<p>Tanto si tu caso es local como nacional, el Bufete Le\u00f3n est\u00e1 dispuesto a ayudarte. No pagas a menos que ganemos dinero para ti.<br \/>\n[\/et_pb_text][dsm_button button_one_css=\u00bbschedule-free-consultation-btn\u00bb button_one_text=\u00bbObtenga su revisi\u00f3n gratuita\u00bb button_one_url=\u00bb#\u00bb button_two_text=\u00bbLlama al 281-980-4529&#8243; button_two_url=\u00bb2819804529&#8243; _builder_version=\u00bb4.27.4&#8243; _module_preset=\u00bb_initial\u00bb custom_margin=\u00bb25px||||false|false\u00bb global_colors_info=\u00bb{%22gcid-041966c4-17d4-461d-bbac-54195313565e%22:%91%22button_one_text_color%22,%22button_two_text_color__hover%22%93,%22gcid-e764c834-8746-4342-968d-6a69041b5044%22:%91%22button_two_bg_color__hover%22,%22button_two_border_color%22%93,%22gcid-b95ec092-37be-4794-9fda-6106d08821fa%22:%91%22button_one_bg_color%22,%22button_one_border_color%22,%22button_one_text_color__hover%22%93,%22gcid-heading-color%22:%91%22button_one_bg_color__hover%22,%22button_one_border_color__hover%22%93}\u00bb button_two_bg_color__hover=\u00bb\u00bb button_two_bg_color__hover_enabled=\u00bbon|hover\u00bb button_two_border_color__hover_enabled=\u00bbon|hover\u00bb button_two_border_color__hover=\u00bb#FFFFFF\u00bb][\/dsm_button][\/et_pb_column][\/et_pb_row][\/et_pb_section]<\/p>\n","protected":false},"excerpt":{"rendered":"<p>Las causas comunes de muerte por las que se presentan reclamaciones de muerte por negligencia incluyen: Accidentes de coche o accidentes con otro tipo de autom\u00f3viles Incidentes en el lugar de trabajo Accidentes en obras de construcci\u00f3n Exposici\u00f3n a productos qu\u00edmicos peligrosos o sustancias, como amianto F\u00e1rmacos peligrosos Accidentes relacionados con responsabilidad civil Accidentes relacionados [&hellip;]<\/p>\n","protected":false},"author":6,"featured_media":38560,"parent":38574,"menu_order":0,"comment_status":"closed","ping_status":"closed","template":"","meta":{"_acf_changed":false,"_et_pb_use_builder":"on","_et_pb_old_content":"","_et_gb_content_width":"","footnotes":""},"class_list":["post-39647","page","type-page","status-publish","has-post-thumbnail","hentry"],"acf":[],"_links":{"self":[{"href":"https:\/\/theleonlawfirm.com\/es\/wp-json\/wp\/v2\/pages\/39647","targetHints":{"allow":["GET"]}}],"collection":[{"href":"https:\/\/theleonlawfirm.com\/es\/wp-json\/wp\/v2\/pages"}],"about":[{"href":"https:\/\/theleonlawfirm.com\/es\/wp-json\/wp\/v2\/types\/page"}],"author":[{"embeddable":true,"href":"https:\/\/theleonlawfirm.com\/es\/wp-json\/wp\/v2\/users\/6"}],"replies":[{"embeddable":true,"href":"https:\/\/theleonlawfirm.com\/es\/wp-json\/wp\/v2\/comments?post=39647"}],"version-history":[{"count":0,"href":"https:\/\/theleonlawfirm.com\/es\/wp-json\/wp\/v2\/pages\/39647\/revisions"}],"up":[{"embeddable":true,"href":"https:\/\/theleonlawfirm.com\/es\/wp-json\/wp\/v2\/pages\/38574"}],"wp:featuredmedia":[{"embeddable":true,"href":"https:\/\/theleonlawfirm.com\/es\/wp-json\/wp\/v2\/media\/38560"}],"wp:attachment":[{"href":"https:\/\/theleonlawfirm.com\/es\/wp-json\/wp\/v2\/media?parent=39647"}],"curies":[{"name":"wp","href":"https:\/\/api.w.org\/{rel}","templated":true}]}}