{"id":39643,"date":"2025-07-11T03:00:30","date_gmt":"2025-07-11T08:00:30","guid":{"rendered":"https:\/\/lenlawfirm8new.wpenginepowered.com\/?page_id=39643"},"modified":"2025-07-17T03:11:07","modified_gmt":"2025-07-17T08:11:07","slug":"abogado-de-muerte-por-negligencia-en-sugar-land-2","status":"publish","type":"page","link":"https:\/\/theleonlawfirm.com\/es\/muerte-nino-adulto-mayor\/","title":{"rendered":"Muerte nino adulto mayor"},"content":{"rendered":"<p>[et_pb_section fb_built=\u00bb1&#8243; _builder_version=\u00bb4.27.4&#8243; _module_preset=\u00bbdefault\u00bb background_color=\u00bbgcid-primary-color\u00bb locked=\u00bboff\u00bb collapsed=\u00bboff\u00bb global_colors_info=\u00bb{%22gcid-primary-color%22:%91%22background_color%22%93}\u00bb][et_pb_row column_structure=\u00bb1_2,1_2&#8243; use_custom_gutter=\u00bbon\u00bb make_equal=\u00bbon\u00bb module_class=\u00bbcustom_row\u00bb _builder_version=\u00bb4.27.4&#8243; _module_preset=\u00bbdefault\u00bb custom_margin=\u00bb30px||||false|false\u00bb global_colors_info=\u00bb{}\u00bb][et_pb_column type=\u00bb1_2&#8243; _builder_version=\u00bb4.27.4&#8243; _module_preset=\u00bbdefault\u00bb global_colors_info=\u00bb{}\u00bb][et_pb_image src=\u00bbhttps:\/\/theleonlawfirm.com\/wp-content\/uploads\/Wrongful-Death-Attorney-Image.jpg\u00bb alt=\u00bbPersonal Injury Attorney Services Section Image\u00bb title_text=\u00bbWrongful Death Attorney Image\u00bb _builder_version=\u00bb4.27.4&#8243; _module_preset=\u00bbdefault\u00bb hover_enabled=\u00bb0&#8243; global_colors_info=\u00bb{}\u00bb sticky_enabled=\u00bb0&#8243;][\/et_pb_image][\/et_pb_column][et_pb_column type=\u00bb1_2&#8243; _builder_version=\u00bb4.27.4&#8243; _module_preset=\u00bbdefault\u00bb global_colors_info=\u00bb{}\u00bb][et_pb_text _builder_version=\u00bb4.27.4&#8243; _module_preset=\u00bbdefault\u00bb custom_margin=\u00bb12px||0px||false|false\u00bb global_colors_info=\u00bb{}\u00bb]<\/p>\n<h2>La muerte de un ni\u00f1o por negligencia<\/h2>\n<p>Cuando un adulto muere, es m\u00e1s f\u00e1cil para un tribunal cuantificar la p\u00e9rdida econ\u00f3mica. El tribunal puede considerar los salarios que la persona ganaba y c\u00f3mo contribu\u00eda a las finanzas de la familia. Un <strong>hijo menor<\/strong> (menor de 18 a\u00f1os) no suele contribuir a los ingresos del hogar, pero un hijo contribuye de otras maneras. Por lo tanto, los padres pueden recuperar, en la mayor\u00eda de los estados, la p\u00e9rdida de la compa\u00f1\u00eda y el afecto del ni\u00f1o.<\/p>\n<p>Los padres que pueden recuperar por la muerte de un ni\u00f1o suelen ser la madre del ni\u00f1o, el padre reconocido del ni\u00f1o o los padres adoptivos del ni\u00f1o. Las personas que act\u00faan como padres del ni\u00f1o, pero que no son legalmente sus padres, normalmente no pueden recibir una indemnizaci\u00f3n.<\/p>\n<p>Cuando un <strong>ni\u00f1o adulto<\/strong> sufre una muerte por negligencia, el tribunal puede enfocar la situaci\u00f3n desde un \u00e1ngulo diferente. Para que los padres puedan recibir una indemnizaci\u00f3n, a menudo el hijo debe haber contribuido con dinero al hogar de los padres o haberles prestado servicios valiosos. Sin embargo, esta visi\u00f3n de la ley var\u00eda de un estado a otro. El hecho de que el hijo est\u00e9 casado tambi\u00e9n puede afectar a los derechos de los padres.<\/p>\n<p>[\/et_pb_text][\/et_pb_column][\/et_pb_row][et_pb_row _builder_version=\u00bb4.27.4&#8243; _module_preset=\u00bbdefault\u00bb custom_margin=\u00bb25px||||false|false\u00bb global_colors_info=\u00bb{}\u00bb][et_pb_column type=\u00bb4_4&#8243; _builder_version=\u00bb4.27.4&#8243; _module_preset=\u00bbdefault\u00bb global_colors_info=\u00bb{}\u00bb][et_pb_text _builder_version=\u00bb4.27.4&#8243; _module_preset=\u00bbdefault\u00bb global_colors_info=\u00bb{}\u00bb]<\/p>\n<p>La ley cambia cuando un <strong>ni\u00f1o no nacido ha<\/strong> sufrido una muerte por negligencia. En algunas jurisdicciones, el \u00e9xito de una reclamaci\u00f3n por muerte por negligencia depende de si el feto era viable (capaz de vivir fuera del \u00fatero) en el momento de la muerte. Otros estados permiten o rechazan este tipo de reclamaci\u00f3n por homicidio culposo tanto si el feto era viable como si no. Un abogado con experiencia puede ofrecerle informaci\u00f3n sobre las leyes de su propio estado.<\/p>\n<h3>La muerte de una persona mayor por negligencia<\/h3>\n<p>La muerte por negligencia de una persona mayor puede dejar al c\u00f3nyuge o a los hijos con una p\u00e9rdida tanto de compa\u00f1\u00eda como de contribuciones monetarias. El c\u00f3nyuge superviviente puede haber estado dependiendo de la pensi\u00f3n del fallecido; si el plan de pensiones no tiene una prestaci\u00f3n de supervivencia, el c\u00f3nyuge puede haber perdido bastante dinero debido a la muerte de su ser querido. Muchos tribunales lo tendr\u00e1n en cuenta a la hora de calcular los da\u00f1os y perjuicios. Los tribunales tambi\u00e9n pueden tener en cuenta la compa\u00f1\u00eda, la orientaci\u00f3n y el afecto proporcionados por la persona mayor a los hijos o al c\u00f3nyuge.<\/p>\n<p>Por otra parte, el tribunal tambi\u00e9n tendr\u00e1 en cuenta la edad del difunto; los da\u00f1os se calcular\u00e1n teniendo en cuenta todos estos elementos. Algunos tribunales tambi\u00e9n tienen en cuenta si el ser querido experiment\u00f3 dolor y sufrimiento antes de fallecer.<\/p>\n<h3>Contacte a un abogado de muerte por negligencia en Sugar Land<\/h3>\n<p>Debido a que las leyes sobre la muerte por negligencia \u2013 especialmente la muerte por negligencia de una v\u00edctima joven o una v\u00edctima mayor \u2013 son complejas y cambian tan dram\u00e1ticamente de un estado a otro, es mejor consultar a un abogado para obtener orientaci\u00f3n. Usted puede hacer cualquier pregunta que tenga y obtener orientaci\u00f3n que se refiere a su situaci\u00f3n \u00fanica.<\/p>\n<p>Contacte a un <a href=\"\/contact-best-law-company\/\">Abogado de Muerte por Negligencia en Sugar Land<\/a> para obtener m\u00e1s informaci\u00f3n sobre un caso que involucre a un ni\u00f1o o a una persona mayor.<\/p>\n<p>[\/et_pb_text][\/et_pb_column][\/et_pb_row][\/et_pb_section]<\/p>\n","protected":false},"excerpt":{"rendered":"<p>La muerte de un ni\u00f1o por negligencia Cuando un adulto muere, es m\u00e1s f\u00e1cil para un tribunal cuantificar la p\u00e9rdida econ\u00f3mica. El tribunal puede considerar los salarios que la persona ganaba y c\u00f3mo contribu\u00eda a las finanzas de la familia. Un hijo menor (menor de 18 a\u00f1os) no suele contribuir a los ingresos del hogar, [&hellip;]<\/p>\n","protected":false},"author":6,"featured_media":38560,"parent":38574,"menu_order":0,"comment_status":"closed","ping_status":"closed","template":"","meta":{"_acf_changed":false,"_et_pb_use_builder":"on","_et_pb_old_content":"","_et_gb_content_width":"","footnotes":""},"class_list":["post-39643","page","type-page","status-publish","has-post-thumbnail","hentry"],"acf":[],"_links":{"self":[{"href":"https:\/\/theleonlawfirm.com\/es\/wp-json\/wp\/v2\/pages\/39643","targetHints":{"allow":["GET"]}}],"collection":[{"href":"https:\/\/theleonlawfirm.com\/es\/wp-json\/wp\/v2\/pages"}],"about":[{"href":"https:\/\/theleonlawfirm.com\/es\/wp-json\/wp\/v2\/types\/page"}],"author":[{"embeddable":true,"href":"https:\/\/theleonlawfirm.com\/es\/wp-json\/wp\/v2\/users\/6"}],"replies":[{"embeddable":true,"href":"https:\/\/theleonlawfirm.com\/es\/wp-json\/wp\/v2\/comments?post=39643"}],"version-history":[{"count":0,"href":"https:\/\/theleonlawfirm.com\/es\/wp-json\/wp\/v2\/pages\/39643\/revisions"}],"up":[{"embeddable":true,"href":"https:\/\/theleonlawfirm.com\/es\/wp-json\/wp\/v2\/pages\/38574"}],"wp:featuredmedia":[{"embeddable":true,"href":"https:\/\/theleonlawfirm.com\/es\/wp-json\/wp\/v2\/media\/38560"}],"wp:attachment":[{"href":"https:\/\/theleonlawfirm.com\/es\/wp-json\/wp\/v2\/media?parent=39643"}],"curies":[{"name":"wp","href":"https:\/\/api.w.org\/{rel}","templated":true}]}}