{"id":39640,"date":"2025-07-11T02:55:46","date_gmt":"2025-07-11T07:55:46","guid":{"rendered":"https:\/\/lenlawfirm8new.wpenginepowered.com\/?page_id=39640"},"modified":"2025-07-17T03:09:10","modified_gmt":"2025-07-17T08:09:10","slug":"abogado-de-muerte-por-negligencia-en-sugar-land","status":"publish","type":"page","link":"https:\/\/theleonlawfirm.com\/es\/el-privilegio-medico-paciente\/","title":{"rendered":"El privilegio medico paciente"},"content":{"rendered":"<p>[et_pb_section fb_built=\u00bb1&#8243; _builder_version=\u00bb4.27.4&#8243; _module_preset=\u00bbdefault\u00bb background_color=\u00bbgcid-primary-color\u00bb locked=\u00bboff\u00bb collapsed=\u00bboff\u00bb global_colors_info=\u00bb{%22gcid-primary-color%22:%91%22background_color%22%93}\u00bb][et_pb_row column_structure=\u00bb1_2,1_2&#8243; use_custom_gutter=\u00bbon\u00bb make_equal=\u00bbon\u00bb module_class=\u00bbcustom_row\u00bb _builder_version=\u00bb4.27.4&#8243; _module_preset=\u00bbdefault\u00bb custom_margin=\u00bb30px||||false|false\u00bb global_colors_info=\u00bb{}\u00bb][et_pb_column type=\u00bb1_2&#8243; _builder_version=\u00bb4.27.4&#8243; _module_preset=\u00bbdefault\u00bb global_colors_info=\u00bb{}\u00bb][et_pb_image src=\u00bbhttps:\/\/theleonlawfirm.com\/wp-content\/uploads\/Wrongful-Death-Lawyer-Image.jpg\u00bb alt=\u00bbPersonal Injury Attorney Services Section Image\u00bb title_text=\u00bbWrongful Death Lawyer Image\u00bb _builder_version=\u00bb4.27.4&#8243; _module_preset=\u00bbdefault\u00bb hover_enabled=\u00bb0&#8243; global_colors_info=\u00bb{}\u00bb sticky_enabled=\u00bb0&#8243;][\/et_pb_image][\/et_pb_column][et_pb_column type=\u00bb1_2&#8243; _builder_version=\u00bb4.27.4&#8243; _module_preset=\u00bbdefault\u00bb global_colors_info=\u00bb{}\u00bb][et_pb_text _builder_version=\u00bb4.27.4&#8243; _module_preset=\u00bbdefault\u00bb custom_margin=\u00bb12px||0px||false|false\u00bb global_colors_info=\u00bb{}\u00bb]<\/p>\n<h2>Privilegio M\u00e9dico-Paciente<\/h2>\n<p>El privilegio m\u00e9dico-paciente es el derecho del paciente a que todo lo que el paciente le haya dicho al m\u00e9dico de forma confidencial, con el fin de obtener un diagn\u00f3stico o tratamiento, no sea revelado en un proceso judicial. Si el paciente quiere, puede autorizar al m\u00e9dico a revelar la informaci\u00f3n. En la mayor\u00eda de los procedimientos legales en los que el paciente demanda al m\u00e9dico, el paciente querr\u00e1 que se revele el historial m\u00e9dico, pero no siempre es as\u00ed.<\/p>\n<p>Cuando el paciente ha fallecido, especialmente en un caso de muerte por negligencia, la familia o el representante del paciente pueden querer presentar el historial m\u00e9dico ante el tribunal (o durante las negociaciones de un acuerdo). Estos registros podr\u00edan ayudar a la familia a probar su caso, quiz\u00e1s apoyando una alegaci\u00f3n de que el tratamiento de un m\u00e9dico caus\u00f3 la muerte injusta del paciente, o mostrando c\u00f3mo las acciones de otra persona causaron finalmente la muerte del paciente.<\/p>\n<p>Esta situaci\u00f3n plantea el problema de qui\u00e9n puede ponerse en el lugar del paciente para renunciar al privilegio m\u00e9dico-paciente.<\/p>\n<p>[\/et_pb_text][\/et_pb_column][\/et_pb_row][et_pb_row _builder_version=\u00bb4.27.4&#8243; _module_preset=\u00bbdefault\u00bb custom_margin=\u00bb25px||||false|false\u00bb global_colors_info=\u00bb{}\u00bb][et_pb_column type=\u00bb4_4&#8243; _builder_version=\u00bb4.27.4&#8243; _module_preset=\u00bbdefault\u00bb global_colors_info=\u00bb{}\u00bb][et_pb_text _builder_version=\u00bb4.27.4&#8243; _module_preset=\u00bbdefault\u00bb global_colors_info=\u00bb{}\u00bb]<\/p>\n<h3>Renunciar al secreto profesional<\/h3>\n<p>El privilegio m\u00e9dico-paciente no desaparece autom\u00e1ticamente cuando un paciente muere. Sin embargo, como ocurre con la mayor\u00eda de las cuestiones relacionadas con la muerte por negligencia, las leyes sobre esta cuesti\u00f3n var\u00edan de un estado a otro. En ausencia del paciente, la persona que representa al fallecido suele tener la facultad de renunciar al secreto profesional m\u00e9dico-paciente; puede ser el c\u00f3nyuge, el padre o el hijo del fallecido. En algunos casos, se puede renunciar al privilegio porque la demanda del demandante se centra en el estado m\u00e9dico del fallecido, cuando la informaci\u00f3n m\u00e9dica es clave para la decisi\u00f3n del caso.<\/p>\n<p>Naturalmente, si su demanda incluye acusaciones contra un m\u00e9dico u hospital, el demandado puede ser reacio a entregar los registros m\u00e9dicos necesarios. Las leyes de su estado tendr\u00e1n reglas para lidiar con esta situaci\u00f3n, y tener un abogado en su esquina puede hacer que el proceso se mueva m\u00e1s suavemente.<\/p>\n<h3>Hable con un abogado de muerte por negligencia en Sugar Land<\/h3>\n<p>Un abogado que conoce las leyes de su estado puede guiarle en la b\u00fasqueda de justicia para su ser querido. La cuesti\u00f3n de c\u00f3mo acceder y utilizar los registros m\u00e9dicos puede parecer desalentadora, pero un abogado puede ofrecer consejos sobre c\u00f3mo proceder.<\/p>\n<p>Para discutir su caso con un profesional que puede proporcionarle una valiosa visi\u00f3n y orientaci\u00f3n, p\u00f3ngase en contacto con un <a href=\"\/contact-best-law-company\/\">Abogado de muerte por negligencia en Sugar Land<\/a> en nuestras oficinas hoy. Su consulta inicial es gratuita y confidencial.<\/p>\n<p>[\/et_pb_text][\/et_pb_column][\/et_pb_row][\/et_pb_section]<\/p>\n","protected":false},"excerpt":{"rendered":"<p>Privilegio M\u00e9dico-Paciente El privilegio m\u00e9dico-paciente es el derecho del paciente a que todo lo que el paciente le haya dicho al m\u00e9dico de forma confidencial, con el fin de obtener un diagn\u00f3stico o tratamiento, no sea revelado en un proceso judicial. Si el paciente quiere, puede autorizar al m\u00e9dico a revelar la informaci\u00f3n. En la [&hellip;]<\/p>\n","protected":false},"author":6,"featured_media":38560,"parent":38574,"menu_order":0,"comment_status":"closed","ping_status":"closed","template":"","meta":{"_acf_changed":false,"_et_pb_use_builder":"on","_et_pb_old_content":"","_et_gb_content_width":"","footnotes":""},"class_list":["post-39640","page","type-page","status-publish","has-post-thumbnail","hentry"],"acf":[],"_links":{"self":[{"href":"https:\/\/theleonlawfirm.com\/es\/wp-json\/wp\/v2\/pages\/39640","targetHints":{"allow":["GET"]}}],"collection":[{"href":"https:\/\/theleonlawfirm.com\/es\/wp-json\/wp\/v2\/pages"}],"about":[{"href":"https:\/\/theleonlawfirm.com\/es\/wp-json\/wp\/v2\/types\/page"}],"author":[{"embeddable":true,"href":"https:\/\/theleonlawfirm.com\/es\/wp-json\/wp\/v2\/users\/6"}],"replies":[{"embeddable":true,"href":"https:\/\/theleonlawfirm.com\/es\/wp-json\/wp\/v2\/comments?post=39640"}],"version-history":[{"count":0,"href":"https:\/\/theleonlawfirm.com\/es\/wp-json\/wp\/v2\/pages\/39640\/revisions"}],"up":[{"embeddable":true,"href":"https:\/\/theleonlawfirm.com\/es\/wp-json\/wp\/v2\/pages\/38574"}],"wp:featuredmedia":[{"embeddable":true,"href":"https:\/\/theleonlawfirm.com\/es\/wp-json\/wp\/v2\/media\/38560"}],"wp:attachment":[{"href":"https:\/\/theleonlawfirm.com\/es\/wp-json\/wp\/v2\/media?parent=39640"}],"curies":[{"name":"wp","href":"https:\/\/api.w.org\/{rel}","templated":true}]}}