{"id":39636,"date":"2025-07-11T02:35:31","date_gmt":"2025-07-11T07:35:31","guid":{"rendered":"https:\/\/lenlawfirm8new.wpenginepowered.com\/?page_id=39636"},"modified":"2025-07-21T16:23:57","modified_gmt":"2025-07-21T21:23:57","slug":"danos-monetarios-en-casos-de-muerte-por-negligencia-en-sugar-land","status":"publish","type":"page","link":"https:\/\/theleonlawfirm.com\/es\/bogado-muerte-danos\/","title":{"rendered":"Bogado muerte danos"},"content":{"rendered":"<p>[et_pb_section fb_built=\u00bb1&#8243; _builder_version=\u00bb4.27.4&#8243; _module_preset=\u00bbdefault\u00bb background_color=\u00bbgcid-primary-color\u00bb locked=\u00bboff\u00bb collapsed=\u00bboff\u00bb global_colors_info=\u00bb{%22gcid-primary-color%22:%91%22background_color%22%93}\u00bb][et_pb_row column_structure=\u00bb1_2,1_2&#8243; use_custom_gutter=\u00bbon\u00bb make_equal=\u00bbon\u00bb module_class=\u00bbcustom_row\u00bb _builder_version=\u00bb4.27.4&#8243; _module_preset=\u00bbdefault\u00bb custom_margin=\u00bb30px||||false|false\u00bb global_colors_info=\u00bb{}\u00bb][et_pb_column type=\u00bb1_2&#8243; _builder_version=\u00bb4.27.4&#8243; _module_preset=\u00bbdefault\u00bb global_colors_info=\u00bb{}\u00bb][et_pb_image src=\u00bbhttps:\/\/theleonlawfirm.com\/wp-content\/uploads\/monetary-damages-image.jpg\u00bb alt=\u00bbPersonal Injury Attorney Services Section Image\u00bb title_text=\u00bbmonetary damages image\u00bb _builder_version=\u00bb4.27.4&#8243; _module_preset=\u00bbdefault\u00bb global_colors_info=\u00bb{}\u00bb][\/et_pb_image][\/et_pb_column][et_pb_column type=\u00bb1_2&#8243; _builder_version=\u00bb4.27.4&#8243; _module_preset=\u00bbdefault\u00bb global_colors_info=\u00bb{}\u00bb][et_pb_text _builder_version=\u00bb4.27.4&#8243; _module_preset=\u00bbdefault\u00bb custom_margin=\u00bb12px||0px||false|false\u00bb global_colors_info=\u00bb{}\u00bb]<\/p>\n<h2>Una breve historia de la ley de muerte por negligencia<\/h2>\n<p>En el pasado lejano, no hab\u00eda ning\u00fan derecho legal para indemnizar por la muerte injusta de un ser querido. Una vez que una persona mor\u00eda, los derechos en torno a la causa de la muerte tambi\u00e9n mor\u00edan. Si una persona se lesionaba y presentaba una demanda en su nombre, y esa persona mor\u00eda antes de que el caso concluyera, el caso simplemente se desestimaba.<\/p>\n<p>Al ver lo injusto de este sistema, las legislaturas aprobaron leyes denominadas estatutos de muerte por negligencia. Cada estado aprob\u00f3 su propia ley, por lo que las normas difieren seg\u00fan el estado. Por eso es tan importante contar con la ayuda de un abogado que conozca la ley de su estado.<\/p>\n<p>[\/et_pb_text][\/et_pb_column][\/et_pb_row][et_pb_row _builder_version=\u00bb4.27.4&#8243; _module_preset=\u00bbdefault\u00bb custom_margin=\u00bb25px||||false|false\u00bb global_colors_info=\u00bb{}\u00bb][et_pb_column type=\u00bb4_4&#8243; _builder_version=\u00bb4.27.4&#8243; _module_preset=\u00bbdefault\u00bb global_colors_info=\u00bb{}\u00bb][et_pb_text _builder_version=\u00bb4.27.4&#8243; _module_preset=\u00bbdefault\u00bb global_colors_info=\u00bb{}\u00bb]<\/p>\n<h3>Da\u00f1os financieros para demandas por muerte injusta en Sugar Land<\/h3>\n<p>Aunque los estados tienen diferentes enfoques para otorgar da\u00f1os monetarios en las demandas por muerte injusta, la mayor\u00eda de ellos comparten algunos principios en com\u00fan.<\/p>\n<p>La muerte debe haber sido causada por las acciones il\u00edcitas de otro. Alguien debe emprender una acci\u00f3n legal en respuesta. Esta persona suele ser el c\u00f3nyuge, padre o hijo superviviente de la persona fallecida. Los t\u00edos, primos y personas que act\u00faan como padres (pero que no son padres biol\u00f3gicos o adoptivos) no suelen tener derecho a una indemnizaci\u00f3n por muerte por negligencia.<\/p>\n<p>Los tribunales conceden indemnizaciones por muerte por negligencia bas\u00e1ndose en diversas teor\u00edas, dependiendo de su jurisdicci\u00f3n. Las teor\u00edas de recuperaci\u00f3n en los juicios por muerte por negligencia incluyen la p\u00e9rdida pecuniaria; esto significa que el demandado debe compensar al demandante por el dinero que el fallecido habr\u00eda proporcionado si hubiera vivido. La cantidad incluye ingresos, distribuciones de pensiones e incluso servicios como el cuidado de los hijos. Otra teor\u00eda de recuperaci\u00f3n permite al demandante cobrar una indemnizaci\u00f3n por la p\u00e9rdida de amor, compa\u00f1\u00eda y orientaci\u00f3n del fallecido. Esto es especialmente relevante para los ni\u00f1os que han perdido a un padre. Algunos estados permiten tambi\u00e9n da\u00f1os punitivos contra el demandado.<\/p>\n<h3>Hable con un abogado de muerte por negligencia en Sugar Land<\/h3>\n<p>Si usted cree que tiene una demanda por muerte injusta basada en la p\u00e9rdida de su ser querido, contacte a un abogado con experiencia hoy mismo. La cantidad de tiempo que tiene para presentar una acci\u00f3n legal, y el tipo de da\u00f1os y perjuicios que debe pedir al tribunal que le conceda a usted y a su familia, variar\u00e1 dependiendo de las leyes espec\u00edficas de su estado. Un abogado experto puede ayudarle a resolver sus opciones.<\/p>\n<p>Para empezar, p\u00f3ngase en contacto con un <a href=\"\/contact-best-law-company\/\">Abogado de muerte por negligencia en Sugar Land<\/a> en nuestras oficinas. Estamos aqu\u00ed para ayudarle.<\/p>\n<p>[\/et_pb_text][\/et_pb_column][\/et_pb_row][\/et_pb_section]<\/p>\n","protected":false},"excerpt":{"rendered":"<p>Una breve historia de la ley de muerte por negligencia En el pasado lejano, no hab\u00eda ning\u00fan derecho legal para indemnizar por la muerte injusta de un ser querido. Una vez que una persona mor\u00eda, los derechos en torno a la causa de la muerte tambi\u00e9n mor\u00edan. Si una persona se lesionaba y presentaba una [&hellip;]<\/p>\n","protected":false},"author":6,"featured_media":38560,"parent":39647,"menu_order":0,"comment_status":"closed","ping_status":"closed","template":"","meta":{"_acf_changed":false,"_et_pb_use_builder":"on","_et_pb_old_content":"","_et_gb_content_width":"","footnotes":""},"class_list":["post-39636","page","type-page","status-publish","has-post-thumbnail","hentry"],"acf":[],"_links":{"self":[{"href":"https:\/\/theleonlawfirm.com\/es\/wp-json\/wp\/v2\/pages\/39636","targetHints":{"allow":["GET"]}}],"collection":[{"href":"https:\/\/theleonlawfirm.com\/es\/wp-json\/wp\/v2\/pages"}],"about":[{"href":"https:\/\/theleonlawfirm.com\/es\/wp-json\/wp\/v2\/types\/page"}],"author":[{"embeddable":true,"href":"https:\/\/theleonlawfirm.com\/es\/wp-json\/wp\/v2\/users\/6"}],"replies":[{"embeddable":true,"href":"https:\/\/theleonlawfirm.com\/es\/wp-json\/wp\/v2\/comments?post=39636"}],"version-history":[{"count":0,"href":"https:\/\/theleonlawfirm.com\/es\/wp-json\/wp\/v2\/pages\/39636\/revisions"}],"up":[{"embeddable":true,"href":"https:\/\/theleonlawfirm.com\/es\/wp-json\/wp\/v2\/pages\/39647"}],"wp:featuredmedia":[{"embeddable":true,"href":"https:\/\/theleonlawfirm.com\/es\/wp-json\/wp\/v2\/media\/38560"}],"wp:attachment":[{"href":"https:\/\/theleonlawfirm.com\/es\/wp-json\/wp\/v2\/media?parent=39636"}],"curies":[{"name":"wp","href":"https:\/\/api.w.org\/{rel}","templated":true}]}}