{"id":39603,"date":"2025-07-11T01:16:28","date_gmt":"2025-07-11T06:16:28","guid":{"rendered":"https:\/\/lenlawfirm8new.wpenginepowered.com\/?page_id=39603"},"modified":"2025-07-17T00:52:28","modified_gmt":"2025-07-17T05:52:28","slug":"vehiculos-motorizados","status":"publish","type":"page","link":"https:\/\/theleonlawfirm.com\/es\/vehiculos-motorizados\/","title":{"rendered":"Veh\u00edculos Motorizados"},"content":{"rendered":"<p>[et_pb_section fb_built=\u00bb1&#8243; _builder_version=\u00bb4.27.4&#8243; _module_preset=\u00bbdefault\u00bb background_color=\u00bbgcid-primary-color\u00bb locked=\u00bboff\u00bb collapsed=\u00bboff\u00bb global_colors_info=\u00bb{%22gcid-primary-color%22:%91%22background_color%22%93}\u00bb][et_pb_row column_structure=\u00bb1_2,1_2&#8243; use_custom_gutter=\u00bbon\u00bb make_equal=\u00bbon\u00bb module_class=\u00bbcustom_row\u00bb _builder_version=\u00bb4.27.4&#8243; _module_preset=\u00bbdefault\u00bb custom_margin=\u00bb||||false|false\u00bb global_colors_info=\u00bb{}\u00bb][et_pb_column type=\u00bb1_2&#8243; _builder_version=\u00bb4.27.4&#8243; _module_preset=\u00bbdefault\u00bb global_colors_info=\u00bb{}\u00bb][et_pb_image src=\u00bbhttps:\/\/theleonlawfirm.com\/wp-content\/uploads\/Motorcycle-Accident-Attorney-Image.jpg\u00bb alt=\u00bbPersonal Injury Attorney Services Section Image\u00bb title_text=\u00bbMotorcycle Accident Attorney Image\u00bb _builder_version=\u00bb4.27.4&#8243; _module_preset=\u00bbdefault\u00bb global_colors_info=\u00bb{}\u00bb][\/et_pb_image][\/et_pb_column][et_pb_column type=\u00bb1_2&#8243; _builder_version=\u00bb4.27.4&#8243; _module_preset=\u00bbdefault\u00bb global_colors_info=\u00bb{}\u00bb][et_pb_text _builder_version=\u00bb4.27.4&#8243; _module_preset=\u00bbdefault\u00bb custom_margin=\u00bb12px||0px||false|false\u00bb global_colors_info=\u00bb{}\u00bb]<\/p>\n<p>Por los a\u00f1os de experiencia que tenemos ofreciendo servicios legales a diferentes comunidades alrededor de Houston, Texas, y el resto de la naci\u00f3n, hemos adquirido la experiencia y la habilidad que usted necesita en un abogado, para ayudarle a recuperar la seguridad de su vida y la de su familia. Queremos trabajar para usted.<\/p>\n<p>Si usted sufri\u00f3 un accidente y quiere saber qui\u00e9n o qui\u00e9nes son los responsables, <a href=\"\/contact-best-law-company\/\">ll\u00e1menos hoy<\/a> y pida una cita gratuita con nosotros.<\/p>\n<p>No acepte ning\u00fan cheque o pago de parte de la compa\u00f1\u00eda de seguros, sin haber consultado con <a href=\"\/team-profiles\/\">un abogado con experiencia<\/a> de La Firma Le\u00f3n, P.C.<\/p>\n<p>La Firma Le\u00f3n, P.C., ofrece servicios legales eficientes a individuos y a familias en todos los alrededores de Houston y los condados de Fort Bend, Harris, Montgomery, Brazoria, y Galveston.<\/p>\n<p>[\/et_pb_text][\/et_pb_column][\/et_pb_row][et_pb_row _builder_version=\u00bb4.27.4&#8243; _module_preset=\u00bbdefault\u00bb custom_margin=\u00bb15px||||false|false\u00bb global_colors_info=\u00bb{}\u00bb][et_pb_column type=\u00bb4_4&#8243; _builder_version=\u00bb4.27.4&#8243; _module_preset=\u00bbdefault\u00bb global_colors_info=\u00bb{}\u00bb][et_pb_text _builder_version=\u00bb4.27.4&#8243; _module_preset=\u00bbdefault\u00bb text_orientation=\u00bbcenter\u00bb global_colors_info=\u00bb{}\u00bb]<\/p>\n<p><em>Se Habla Espa\u00f1ol,<\/em><br \/><em>La Primera Cita es Gratis<\/em><\/p>\n<p><strong>La Firma Le\u00f3n, P.C.<\/strong><br \/>Comerica Bank Building<br \/>One Sugar Creek Center Boulevard, Suite 980<br \/>Sugar Land, TX 77478<br \/>Tel\u00e9fono: <a href=\"tel:281-980-4529\">281.980.4529<\/a><br \/>Fax: <a href=\"fax: 281-980-4530\">281.980.4530<\/a><\/p>\n<p>La Firma Le\u00f3n, P.C., protege los derechos de individuos y familias en Texas en asuntos de lesiones personales, falta de pago de horas extras, transacciones comerciales y litigio. Representamos a clientes en Sugar Land, Missouri City, Richmond, Rosenberg, Needville, Stafford, Houston, Spring, Bellaire, The Woodlands, Conroe, Angleton, Freeport, Lake Jackson, Alvin, Galveston y Texas.<\/p>\n<p>Condado de Fort Bend \u25aa Condado Harris \u25aa Condado de Montgomery \u25aa Condado Brazoria \u25aa Condado Galveston<\/p>\n<p>[\/et_pb_text][\/et_pb_column][\/et_pb_row][\/et_pb_section]<\/p>\n","protected":false},"excerpt":{"rendered":"<p>Por los a\u00f1os de experiencia que tenemos ofreciendo servicios legales a diferentes comunidades alrededor de Houston, Texas, y el resto de la naci\u00f3n, hemos adquirido la experiencia y la habilidad que usted necesita en un abogado, para ayudarle a recuperar la seguridad de su vida y la de su familia. Queremos trabajar para usted. Si [&hellip;]<\/p>\n","protected":false},"author":6,"featured_media":38560,"parent":38574,"menu_order":0,"comment_status":"closed","ping_status":"closed","template":"","meta":{"_acf_changed":false,"_et_pb_use_builder":"on","_et_pb_old_content":"","_et_gb_content_width":"","footnotes":""},"class_list":["post-39603","page","type-page","status-publish","has-post-thumbnail","hentry"],"acf":[],"_links":{"self":[{"href":"https:\/\/theleonlawfirm.com\/es\/wp-json\/wp\/v2\/pages\/39603","targetHints":{"allow":["GET"]}}],"collection":[{"href":"https:\/\/theleonlawfirm.com\/es\/wp-json\/wp\/v2\/pages"}],"about":[{"href":"https:\/\/theleonlawfirm.com\/es\/wp-json\/wp\/v2\/types\/page"}],"author":[{"embeddable":true,"href":"https:\/\/theleonlawfirm.com\/es\/wp-json\/wp\/v2\/users\/6"}],"replies":[{"embeddable":true,"href":"https:\/\/theleonlawfirm.com\/es\/wp-json\/wp\/v2\/comments?post=39603"}],"version-history":[{"count":0,"href":"https:\/\/theleonlawfirm.com\/es\/wp-json\/wp\/v2\/pages\/39603\/revisions"}],"up":[{"embeddable":true,"href":"https:\/\/theleonlawfirm.com\/es\/wp-json\/wp\/v2\/pages\/38574"}],"wp:featuredmedia":[{"embeddable":true,"href":"https:\/\/theleonlawfirm.com\/es\/wp-json\/wp\/v2\/media\/38560"}],"wp:attachment":[{"href":"https:\/\/theleonlawfirm.com\/es\/wp-json\/wp\/v2\/media?parent=39603"}],"curies":[{"name":"wp","href":"https:\/\/api.w.org\/{rel}","templated":true}]}}