{"id":39597,"date":"2025-07-11T01:08:27","date_gmt":"2025-07-11T06:08:27","guid":{"rendered":"https:\/\/lenlawfirm8new.wpenginepowered.com\/?page_id=39597"},"modified":"2025-07-17T03:05:44","modified_gmt":"2025-07-17T08:05:44","slug":"causas-de-accidentes-de-automovil-en-sugarland","status":"publish","type":"page","link":"https:\/\/theleonlawfirm.com\/es\/causas-accidentes-sugarland\/","title":{"rendered":"Causas accidentes sugarland"},"content":{"rendered":"<p>[et_pb_section fb_built=\u00bb1&#8243; _builder_version=\u00bb4.27.4&#8243; _module_preset=\u00bbdefault\u00bb background_color=\u00bbgcid-primary-color\u00bb locked=\u00bboff\u00bb collapsed=\u00bboff\u00bb global_colors_info=\u00bb{%22gcid-primary-color%22:%91%22background_color%22%93}\u00bb][et_pb_row _builder_version=\u00bb4.27.4&#8243; _module_preset=\u00bbdefault\u00bb custom_margin=\u00bb15px||||false|false\u00bb global_colors_info=\u00bb{}\u00bb][et_pb_column type=\u00bb4_4&#8243; _builder_version=\u00bb4.27.4&#8243; _module_preset=\u00bbdefault\u00bb global_colors_info=\u00bb{}\u00bb][et_pb_text _builder_version=\u00bb4.27.4&#8243; _module_preset=\u00bbdefault\u00bb text_orientation=\u00bbcenter\u00bb custom_margin=\u00bb0px||30px||false|false\u00bb global_colors_info=\u00bb{}\u00bb]La conducci\u00f3n distra\u00edda, la fatiga del conductor, la conducci\u00f3n de un veh\u00edculo de motor en estado de embriaguez, el exceso de velocidad y la conducci\u00f3n agresiva, as\u00ed como el clima, constituyen las seis principales causas de las muertes en los autom\u00f3viles. M\u00e1s all\u00e1 del accidente en s\u00ed, una persona implicada en una colisi\u00f3n suele tener muchas barreras para recuperarse f\u00edsica y mentalmente. La v\u00edctima de un accidente puede tener que hacer frente a los gastos de ambulancia y de atenci\u00f3n m\u00e9dica de urgencia. A la vuelta de la esquina est\u00e1n la sustituci\u00f3n del veh\u00edculo, la atenci\u00f3n m\u00e9dica adicional y la rehabilitaci\u00f3n y la incapacidad, ya sea temporal o permanente, de ganar un salario. Aqu\u00ed es donde un agresivo y conocedor abogado de Sugar Land lesiones personales puede ser de gran ayuda para usted y su familia.[\/et_pb_text][\/et_pb_column][\/et_pb_row][et_pb_row column_structure=\u00bb1_2,1_2&#8243; use_custom_gutter=\u00bbon\u00bb make_equal=\u00bbon\u00bb module_class=\u00bbcustom_row\u00bb _builder_version=\u00bb4.27.4&#8243; _module_preset=\u00bbdefault\u00bb custom_margin=\u00bb||||false|false\u00bb global_colors_info=\u00bb{}\u00bb][et_pb_column type=\u00bb1_2&#8243; _builder_version=\u00bb4.27.4&#8243; _module_preset=\u00bbdefault\u00bb global_colors_info=\u00bb{}\u00bb][et_pb_image src=\u00bbhttps:\/\/theleonlawfirm.com\/wp-content\/uploads\/Causes-of-Car-Accidents-Image.jpg\u00bb alt=\u00bbPersonal Injury Attorney Services Section Image\u00bb title_text=\u00bbCauses of Car Accidents Image\u00bb _builder_version=\u00bb4.27.4&#8243; _module_preset=\u00bbdefault\u00bb hover_enabled=\u00bb0&#8243; global_colors_info=\u00bb{}\u00bb sticky_enabled=\u00bb0&#8243;][\/et_pb_image][\/et_pb_column][et_pb_column type=\u00bb1_2&#8243; _builder_version=\u00bb4.27.4&#8243; _module_preset=\u00bbdefault\u00bb global_colors_info=\u00bb{}\u00bb][et_pb_text _builder_version=\u00bb4.27.4&#8243; _module_preset=\u00bbdefault\u00bb custom_margin=\u00bb12px||0px||false|false\u00bb global_colors_info=\u00bb{}\u00bb]<\/p>\n<h2>\u00bfCu\u00e1les son las causas comunes de los accidentes de autom\u00f3vil?<\/h2>\n<p>[\/et_pb_text][et_pb_text _builder_version=\u00bb4.27.4&#8243; _module_preset=\u00bbdefault\u00bb custom_margin=\u00bb12px||0px||false|false\u00bb global_colors_info=\u00bb{}\u00bb]<\/p>\n<ul>\n<li><a href=\"\/aggressive-distracted-drivers\/\"><strong>Conductores agresivos o distra\u00eddos<\/strong><\/a><\/li>\n<li><a href=\"\/drunk-driving-accident-lawyer\/\"><strong>Conductores ebrios<\/strong><\/a><\/li>\n<li><a href=\"\/driving-while-texting\/\"><strong>Textear mientras se conduce<\/strong><\/a><\/li>\n<\/ul>\n<p>[\/et_pb_text][\/et_pb_column][\/et_pb_row][et_pb_row _builder_version=\u00bb4.27.4&#8243; _module_preset=\u00bbdefault\u00bb custom_margin=\u00bb15px||||false|false\u00bb global_colors_info=\u00bb{}\u00bb][et_pb_column type=\u00bb4_4&#8243; _builder_version=\u00bb4.27.4&#8243; _module_preset=\u00bbdefault\u00bb global_colors_info=\u00bb{}\u00bb][et_pb_text _builder_version=\u00bb4.27.4&#8243; _module_preset=\u00bbdefault\u00bb global_colors_info=\u00bb{}\u00bb]<\/p>\n<h3>Abogado de lesiones personales en Sugar Land<\/h3>\n<p>Si usted ha tenido un accidente de autom\u00f3vil, tarde o temprano se ver\u00e1 involucrado con las compa\u00f1\u00edas de seguros y sus intentos de resolver su reclamaci\u00f3n. En <a href=\"\/about-law-firm\/\">The Le\u00f3n Law Firm, P.C.<\/a> creemos que es importante que entiendas con qu\u00e9 te puedes encontrar y por qu\u00e9. Estas empresas cuentan con abogados expertos para formular sus pol\u00edticas y tratar con los clientes que presentan reclamaciones. Esto es lo que hacen para ganarse la vida y su \u201c\u00e9xito\u201d puede ser una reclamaci\u00f3n que no se paga o no se compensa completamente.<\/p>\n<p>Con demasiada frecuencia, su objetivo no tiene nada que ver con los mejores intereses m\u00e9dicos y vitales de un reclamante. Por otro lado, nuestro objetivo es perseguir agresivamente una compensaci\u00f3n justa para nuestros clientes hacia su recuperaci\u00f3n f\u00edsica y emocional del accidente. No importa la causa de su accidente, un abogado con experiencia <a href=\"\/legal-settlements\/\">luchando por sus derechos<\/a> puede ser la ayuda que necesita en un momento problem\u00e1tico.<\/p>\n<p><strong><a href=\"\/contact-best-law-company\/\">contactar a un abogado de lesiones personales de Sugar Land<\/a> para la protecci\u00f3n de sus derechos.<\/strong><\/p>\n<p>[\/et_pb_text][\/et_pb_column][\/et_pb_row][\/et_pb_section]<\/p>\n","protected":false},"excerpt":{"rendered":"<p>La conducci\u00f3n distra\u00edda, la fatiga del conductor, la conducci\u00f3n de un veh\u00edculo de motor en estado de embriaguez, el exceso de velocidad y la conducci\u00f3n agresiva, as\u00ed como el clima, constituyen las seis principales causas de las muertes en los autom\u00f3viles. M\u00e1s all\u00e1 del accidente en s\u00ed, una persona implicada en una colisi\u00f3n suele tener [&hellip;]<\/p>\n","protected":false},"author":6,"featured_media":38560,"parent":38574,"menu_order":0,"comment_status":"closed","ping_status":"closed","template":"","meta":{"_acf_changed":false,"_et_pb_use_builder":"on","_et_pb_old_content":"","_et_gb_content_width":"","footnotes":""},"class_list":["post-39597","page","type-page","status-publish","has-post-thumbnail","hentry"],"acf":[],"_links":{"self":[{"href":"https:\/\/theleonlawfirm.com\/es\/wp-json\/wp\/v2\/pages\/39597","targetHints":{"allow":["GET"]}}],"collection":[{"href":"https:\/\/theleonlawfirm.com\/es\/wp-json\/wp\/v2\/pages"}],"about":[{"href":"https:\/\/theleonlawfirm.com\/es\/wp-json\/wp\/v2\/types\/page"}],"author":[{"embeddable":true,"href":"https:\/\/theleonlawfirm.com\/es\/wp-json\/wp\/v2\/users\/6"}],"replies":[{"embeddable":true,"href":"https:\/\/theleonlawfirm.com\/es\/wp-json\/wp\/v2\/comments?post=39597"}],"version-history":[{"count":0,"href":"https:\/\/theleonlawfirm.com\/es\/wp-json\/wp\/v2\/pages\/39597\/revisions"}],"up":[{"embeddable":true,"href":"https:\/\/theleonlawfirm.com\/es\/wp-json\/wp\/v2\/pages\/38574"}],"wp:featuredmedia":[{"embeddable":true,"href":"https:\/\/theleonlawfirm.com\/es\/wp-json\/wp\/v2\/media\/38560"}],"wp:attachment":[{"href":"https:\/\/theleonlawfirm.com\/es\/wp-json\/wp\/v2\/media?parent=39597"}],"curies":[{"name":"wp","href":"https:\/\/api.w.org\/{rel}","templated":true}]}}