{"id":39588,"date":"2025-07-11T00:46:47","date_gmt":"2025-07-11T05:46:47","guid":{"rendered":"https:\/\/lenlawfirm8new.wpenginepowered.com\/?page_id=39588"},"modified":"2026-03-18T01:20:44","modified_gmt":"2026-03-18T06:20:44","slug":"tipos-de-accidentes-de-trafico-en-sugar-land","status":"publish","type":"page","link":"https:\/\/theleonlawfirm.com\/es\/tipos-de-accidentes-de-auto\/","title":{"rendered":"Tipos de accidentes de auto"},"content":{"rendered":"<p>[et_pb_section fb_built=\u00bb1&#8243; _builder_version=\u00bb4.27.4&#8243; _module_preset=\u00bbdefault\u00bb background_color=\u00bbgcid-primary-color\u00bb locked=\u00bboff\u00bb collapsed=\u00bboff\u00bb global_colors_info=\u00bb{%22gcid-primary-color%22:%91%22background_color%22%93}\u00bb][et_pb_row column_structure=\u00bb1_2,1_2&#8243; use_custom_gutter=\u00bbon\u00bb make_equal=\u00bbon\u00bb module_class=\u00bbcustom_row\u00bb _builder_version=\u00bb4.27.4&#8243; _module_preset=\u00bbdefault\u00bb custom_margin=\u00bb||||false|false\u00bb global_colors_info=\u00bb{}\u00bb][et_pb_column type=\u00bb1_2&#8243; _builder_version=\u00bb4.27.4&#8243; _module_preset=\u00bbdefault\u00bb global_colors_info=\u00bb{}\u00bb][et_pb_image src=\u00bbhttps:\/\/theleonlawfirm.com\/wp-content\/uploads\/Aggressive-Distracted-Drivers-Img1.jpg\u00bb alt=\u00bbPersonal Injury Attorney Services Section Image\u00bb title_text=\u00bbAggressive &#038; Distracted Drivers Img1&#8243; _builder_version=\u00bb4.27.4&#8243; _module_preset=\u00bbdefault\u00bb global_colors_info=\u00bb{}\u00bb][\/et_pb_image][\/et_pb_column][et_pb_column type=\u00bb1_2&#8243; _builder_version=\u00bb4.27.4&#8243; _module_preset=\u00bbdefault\u00bb global_colors_info=\u00bb{}\u00bb][et_pb_text _builder_version=\u00bb4.27.4&#8243; _module_preset=\u00bbdefault\u00bb custom_margin=\u00bb12px||0px||false|false\u00bb global_colors_info=\u00bb{}\u00bb]<\/p>\n<ul>\n<li>Colisiones por detr\u00e1s<\/li>\n<li>Colisiones en forma de T<\/li>\n<li>Colisiones frontales<\/li>\n<li>Accidentes con vuelco<\/li>\n<li>Accidentes por conducci\u00f3n en estado de ebriedad<\/li>\n<\/ul>\n<p>[\/et_pb_text][\/et_pb_column][\/et_pb_row][et_pb_row _builder_version=\u00bb4.27.4&#8243; _module_preset=\u00bbdefault\u00bb custom_margin=\u00bb15px||||false|false\u00bb global_colors_info=\u00bb{}\u00bb][et_pb_column type=\u00bb4_4&#8243; _builder_version=\u00bb4.27.4&#8243; _module_preset=\u00bbdefault\u00bb global_colors_info=\u00bb{}\u00bb][et_pb_text _builder_version=\u00bb4.27.4&#8243; _module_preset=\u00bbdefault\u00bb global_colors_info=\u00bb{}\u00bb]<\/p>\n<h3>Conseguir una indemnizaci\u00f3n por cualquier accidente de autom\u00f3vil<\/h3>\n<p>\u00bfTe ha chocado por detr\u00e1s un conductor distra\u00eddo? Hablar por tel\u00e9fono y enviar mensajes de texto mientras se conduce est\u00e1 prohibido en Texas sin un dispositivo de manos libres. Incluso cuando alguien utiliza un dispositivo de manos libres, hablar y enviar mensajes de texto todav\u00eda puede ser una distracci\u00f3n. Nuestra firma puede ayudarle a establecer la negligencia para su accidente por la parte posterior. Lo mismo ocurre con las colisiones laterales y los accidentes en intersecciones, donde un conductor distra\u00eddo, ebrio, cansado o imprudente se salta una se\u00f1al de stop o un sem\u00e1foro en rojo y le impacta.<\/p>\n<p>Un abogado de lesiones personales de Sugar Land de nuestra firma tambi\u00e9n puede ayudarle a obtener una compensaci\u00f3n si usted estaba en un accidente de vuelco debido a las malas condiciones de la carretera o la responsabilidad de autom\u00f3viles mal fabricados. Tambi\u00e9n le podemos ayudar si ha sido embestido por un conductor ebrio. \u00a1Llame ahora para obtener m\u00e1s informaci\u00f3n sobre nuestra firma!<\/p>\n<h3>Contacte a un abogado de accidentes de autom\u00f3vil en Sugar Land<\/h3>\n<p>El Le\u00f3n Law Firm, P.C. se dedica a ayudar a las v\u00edctimas de accidentes lesionados a obtener justicia y una compensaci\u00f3n justa. Si usted es uno de los muchos que han sido injustamente heridos en un accidente de autom\u00f3vil debido a la negligencia de otra persona, no dude en preguntar lo que podemos hacer por usted.<\/p>\n<p>Llame ahora al <a href=\"tel:2819804529\">(281) 980-4529<\/a> para <a href=\"\/contact-best-law-company\/\">contactarnos<\/a> y solicitar una consulta. <em>\u00a1Se habla espa\u00f1ol!<\/em><\/p>\n<p>[\/et_pb_text][\/et_pb_column][\/et_pb_row][\/et_pb_section]<\/p>\n","protected":false},"excerpt":{"rendered":"<p>Colisiones por detr\u00e1s Colisiones en forma de T Colisiones frontales Accidentes con vuelco Accidentes por conducci\u00f3n en estado de ebriedad Conseguir una indemnizaci\u00f3n por cualquier accidente de autom\u00f3vil \u00bfTe ha chocado por detr\u00e1s un conductor distra\u00eddo? Hablar por tel\u00e9fono y enviar mensajes de texto mientras se conduce est\u00e1 prohibido en Texas sin un dispositivo de [&hellip;]<\/p>\n","protected":false},"author":6,"featured_media":38560,"parent":38574,"menu_order":0,"comment_status":"closed","ping_status":"closed","template":"","meta":{"_acf_changed":false,"_et_pb_use_builder":"on","_et_pb_old_content":"","_et_gb_content_width":"","footnotes":""},"class_list":["post-39588","page","type-page","status-publish","has-post-thumbnail","hentry"],"acf":[],"_links":{"self":[{"href":"https:\/\/theleonlawfirm.com\/es\/wp-json\/wp\/v2\/pages\/39588","targetHints":{"allow":["GET"]}}],"collection":[{"href":"https:\/\/theleonlawfirm.com\/es\/wp-json\/wp\/v2\/pages"}],"about":[{"href":"https:\/\/theleonlawfirm.com\/es\/wp-json\/wp\/v2\/types\/page"}],"author":[{"embeddable":true,"href":"https:\/\/theleonlawfirm.com\/es\/wp-json\/wp\/v2\/users\/6"}],"replies":[{"embeddable":true,"href":"https:\/\/theleonlawfirm.com\/es\/wp-json\/wp\/v2\/comments?post=39588"}],"version-history":[{"count":0,"href":"https:\/\/theleonlawfirm.com\/es\/wp-json\/wp\/v2\/pages\/39588\/revisions"}],"up":[{"embeddable":true,"href":"https:\/\/theleonlawfirm.com\/es\/wp-json\/wp\/v2\/pages\/38574"}],"wp:featuredmedia":[{"embeddable":true,"href":"https:\/\/theleonlawfirm.com\/es\/wp-json\/wp\/v2\/media\/38560"}],"wp:attachment":[{"href":"https:\/\/theleonlawfirm.com\/es\/wp-json\/wp\/v2\/media?parent=39588"}],"curies":[{"name":"wp","href":"https:\/\/api.w.org\/{rel}","templated":true}]}}