{"id":39401,"date":"2025-07-10T05:07:14","date_gmt":"2025-07-10T10:07:14","guid":{"rendered":"https:\/\/lenlawfirm8new.wpenginepowered.com\/?page_id=39401"},"modified":"2025-07-17T00:52:19","modified_gmt":"2025-07-17T05:52:19","slug":"faq-en-espanol","status":"publish","type":"page","link":"https:\/\/theleonlawfirm.com\/es\/faq-en-espanol\/","title":{"rendered":"FAQ En Espa\u00f1ol"},"content":{"rendered":"<p>[et_pb_section fb_built=\u00bb1&#8243; custom_padding_last_edited=\u00bbon|tablet\u00bb admin_label=\u00bbFAQ\u00bb _builder_version=\u00bb4.27.4&#8243; _module_preset=\u00bbdefault\u00bb background_color=\u00bb#111929&#8243; custom_padding=\u00bb||||false|false\u00bb custom_padding_tablet=\u00bb50px||||false|false\u00bb custom_padding_phone=\u00bb50px||||false|false\u00bb locked=\u00bboff\u00bb collapsed=\u00bboff\u00bb global_colors_info=\u00bb{}\u00bb][et_pb_row _builder_version=\u00bb4.27.4&#8243; _module_preset=\u00bbdefault\u00bb max_width=\u00bb980px\u00bb module_alignment=\u00bbcenter\u00bb global_colors_info=\u00bb{}\u00bb][et_pb_column type=\u00bb4_4&#8243; _builder_version=\u00bb4.27.4&#8243; _module_preset=\u00bbdefault\u00bb global_colors_info=\u00bb{}\u00bb][et_pb_accordion open_toggle_text_color=\u00bb#111929&#8243; open_toggle_background_color=\u00bb#9bd2ff\u00bb closed_toggle_background_color=\u00bbRGBA(255,255,255,0)\u00bb toggle_icon=\u00bb&#xf068;||fa||900&#8243; icon_color=\u00bb#516d89&#8243; use_icon_font_size=\u00bbon\u00bb icon_font_size=\u00bb18px\u00bb _builder_version=\u00bb4.27.4&#8243; _module_preset=\u00bbdefault\u00bb toggle_text_color=\u00bb#d8e4f0&#8243; toggle_font=\u00bb&#8211;et_global_body_font|700|||||||\u00bb toggle_font_size=\u00bb20px\u00bb body_text_color=\u00bb#111929&#8243; body_line_height=\u00bb1.5em\u00bb body_link_font=\u00bb||||on||||\u00bb body_link_text_color=\u00bb#111929&#8243; custom_margin=\u00bb||||false|false\u00bb custom_margin_tablet=\u00bb20px||||false|false\u00bb custom_margin_phone=\u00bb20px||||false|false\u00bb custom_margin_last_edited=\u00bboff|desktop\u00bb toggle_font_size_tablet=\u00bb20px\u00bb toggle_font_size_phone=\u00bb18px\u00bb toggle_font_size_last_edited=\u00bbon|phone\u00bb body_font_size_tablet=\u00bb\u00bb body_font_size_phone=\u00bb17px\u00bb body_font_size_last_edited=\u00bbon|phone\u00bb body_line_height_tablet=\u00bb1.5em\u00bb body_line_height_phone=\u00bb1.3em\u00bb body_line_height_last_edited=\u00bbon|phone\u00bb border_color_all=\u00bb#516d89&#8243; global_colors_info=\u00bb{}\u00bb][et_pb_accordion_item title=\u00bbPregunta: C\u00f3mo s\u00e9 si tengo un caso de lesi\u00f3n personal?\u00bb open=\u00bbon\u00bb toggle_icon=\u00bb&#xf067;||fa||900&#8243; _builder_version=\u00bb4.27.4&#8243; _module_preset=\u00bbdefault\u00bb custom_margin=\u00bb||15px||false|false\u00bb custom_padding=\u00bb15px|15px|15px|15px|false|false\u00bb global_colors_info=\u00bb{}\u00bb]<\/p>\n<p><strong>Respuesta:<\/strong> Primero, usted debe haber sufrido una lesi\u00f3n en su persona o su propiedad. Segundo, usted deber\u00e1 considerar si su lesi\u00f3n fue el resultado del error de otra persona. No siempre es necesario tener una lesi\u00f3n f\u00edsica para iniciar un juicio por da\u00f1os. Los reclamos por da\u00f1os personales casi siempre son basados en una variedad de p\u00e9rdidas y da\u00f1os no f\u00edsicos. En un caso de asalto, por ejemplo, no se necesita demostrar que la acci\u00f3n de la persona le causo un da\u00f1o f\u00edsico. Tambi\u00e9n puede ser que tenga un caso si alguien ha atacado su reputaci\u00f3n, invadi\u00f3 su privacidad, o le causo sufrimiento emocional.<\/p>\n<p>[\/et_pb_accordion_item][et_pb_accordion_item title=\u00bbPregunta: Cu\u00e1nto tiempo despu\u00e9s de que se sufre una lesi\u00f3n se puede iniciar un juicio?\u00bb toggle_icon=\u00bb&#xf067;||fa||900&#8243; _builder_version=\u00bb4.27.4&#8243; _module_preset=\u00bbdefault\u00bb custom_margin=\u00bb||15px||false|false\u00bb custom_padding=\u00bb15px|15px|15px|15px|false|false\u00bb global_colors_info=\u00bb{}\u00bb open=\u00bboff\u00bb]<\/p>\n<p><strong>Respuesta:<\/strong> Cada estado tiene ciertos l\u00edmites, llamados \u201cestatutos de limitaciones,\u201d los cuales regulan el tiempo que usted tiene para iniciar su juicio por da\u00f1os personales. En algunos estados, puede tener solamente un a\u00f1o para iniciar un juicio por accidente automovil\u00edstico. Si no inicia su caso dentro del plazo, su reclamo no ser\u00e1 aceptado. Consecuentemente, es importante conversar con un abogado apenas usted sufra o descubra que ha sido lesionado.<\/p>\n<p>[\/et_pb_accordion_item][et_pb_accordion_item title=\u00bbPregunta: Qu\u00e9 debo traer a la reuni\u00f3n con los abogados?\u00bb toggle_icon=\u00bb&#xf067;||fa||900&#8243; _builder_version=\u00bb4.27.4&#8243; _module_preset=\u00bbdefault\u00bb custom_margin=\u00bb||15px||false|false\u00bb custom_padding=\u00bb15px|15px|15px|15px|false|false\u00bb global_colors_info=\u00bb{}\u00bb open=\u00bboff\u00bb]<\/p>\n<p><strong>Respuesta:<\/strong> Debe traer todos los documentos que conciernen a su caso. Los informes de polic\u00eda, por ejemplo, contienen informaci\u00f3n de testigos y detalles acerca de las condiciones durante accidentes de auto, incendios, asaltos. Las copias de reportes m\u00e9dicos y cuentas de los doctores y hospitales ayudaran a demostrar la extensi\u00f3n y naturaleza de sus lesiones. La informaci\u00f3n sobre la compa\u00f1\u00eda de seguros de la persona que causo las lesiones o da\u00f1os es muy importante, como tambi\u00e9n cualquier fotograf\u00eda que tenga sobre la escena del accidente, el da\u00f1o a su propiedad y sus lesiones. Mientras m\u00e1s informaci\u00f3n le pueda dar a su abogado m\u00e1s f\u00e1cil ser\u00e1 para determinar si su reclamo puede tener \u00e9xito. Sin embargo, no se preocupe si no tiene los documentos para su primera reuni\u00f3n; su abogado podr\u00e1 conseguirlos durante la investigaci\u00f3n del caso.<\/p>\n<p>[\/et_pb_accordion_item][et_pb_accordion_item title=\u00bbPregunta: Qu\u00e9 pasa si una persona muere antes de poder iniciar un juicio de da\u00f1os personales?\u00bb toggle_icon=\u00bb&#xf067;||fa||900&#8243; _builder_version=\u00bb4.27.4&#8243; _module_preset=\u00bbdefault\u00bb custom_margin=\u00bb||15px||false|false\u00bb custom_padding=\u00bb15px|15px|15px|15px|false|false\u00bb global_colors_info=\u00bb{}\u00bb open=\u00bboff\u00bb]<\/p>\n<p><strong>Respuesta:<\/strong> Esto depender\u00e1 si es que la persona muri\u00f3 como resultado de los da\u00f1os causados por el accidente, o si se muri\u00f3 por otras causas no relacionadas. Si la persona lesionada muere como resultado de las lesiones, los herederos pueden cobrar dinero a trav\u00e9s de un juicio llamado acci\u00f3n por muerte injusta. Aun cuando una persona que est\u00e1 tramitando un juicio por da\u00f1os muere por otras causas, el caso sobrevive casi siempre y puede ser continuado por el ejecutor o representante legal de la herencia o caudal hereditario de la persona muerta.<\/p>\n<p>[\/et_pb_accordion_item][et_pb_accordion_item title=\u00bbPregunta: Qu\u00e9 es %22negligencia%22?\u00bb toggle_icon=\u00bb&#xf067;||fa||900&#8243; _builder_version=\u00bb4.27.4&#8243; _module_preset=\u00bbdefault\u00bb custom_margin=\u00bb||15px||false|false\u00bb custom_padding=\u00bb15px|15px|15px|15px|false|false\u00bb global_colors_info=\u00bb{}\u00bb open=\u00bboff\u00bb]<\/p>\n<p><strong>Respuesta:<\/strong> El punto m\u00e1s critico en muchos casos de da\u00f1os personales es como se espera que una \u201cpersona razonable\u201d actu\u00e9 en una situaci\u00f3n que causa da\u00f1o. Una persona es negligente cuando el o ella no act\u00faa como lo requieren las normas de una \u201cpersona razonable com\u00fan.\u201d La determinaci\u00f3n de si una persona cualquiera ha alcanzado las normas de una \u201cpersona razonable com\u00fan\u201d es casi siempre algo que es resuelto por un jurado despu\u00e9s de la presentaci\u00f3n de evidencia y argumentos en un juicio.<\/p>\n<p>[\/et_pb_accordion_item][et_pb_accordion_item title=\u00bbPregunta: Qu\u00e9 pasa si no puedo probar que la negligencia de alguien caus\u00f3 mi da\u00f1o? Hay otra base para culpabilidad adem\u00e1s de la negligencia?\u00bb toggle_icon=\u00bb&#xf067;||fa||900&#8243; _builder_version=\u00bb4.27.4&#8243; _module_preset=\u00bbdefault\u00bb custom_margin=\u00bb||15px||false|false\u00bb custom_padding=\u00bb15px|15px|15px|15px|false|false\u00bb global_colors_info=\u00bb{}\u00bb open=\u00bboff\u00bb]<\/p>\n<p><strong>Respuesta:<\/strong> Si, algunas personas o compa\u00f1\u00edas pueden ser encontradas \u201cestrictamente culpables\u201d de ciertas actividades que causan da\u00f1os a otros, aun cuando no hayan actuado negligentemente o con intento malicioso. Bajo esta teor\u00eda, una persona que sufre da\u00f1o por un producto que es defectivo o inesperadamente peligroso, por ejemplo, puede obtener compensaci\u00f3n del fabricante o del vendedor del producto sin que necesite demostrar que estos fueron en realidad negligentes. Adem\u00e1s, compa\u00f1\u00edas o personas que se dedican a usar explosivos, guardar substancias peligrosas, o que tienen animales peligrosos pueden ser encontrados culpables del da\u00f1o causado a otros como resultados de tales actividades. La teor\u00eda detr\u00e1s de \u00e9sta culpabilidad es que los que conducen actividades de este tipo presentan un riesgo innecesario de da\u00f1os a los miembros de la comunidad. Por lo tanto cualquiera que lleve a cabo estas actividades lo hace bajo su propio riesgo y es culpable si algo pasa y hay da\u00f1os o lesiones a otras personas. La personas que crean estos riesgos son por lo tanto responsables de lo que pase.<\/p>\n<p>[\/et_pb_accordion_item][et_pb_accordion_item title=\u00bbPregunta: Se castigar\u00e1 a la persona que me caus\u00f3 da\u00f1o?\u00bb toggle_icon=\u00bb&#xf067;||fa||900&#8243; _builder_version=\u00bb4.27.4&#8243; _module_preset=\u00bbdefault\u00bb custom_margin=\u00bb||15px||false|false\u00bb custom_padding=\u00bb15px|15px|15px|15px|false|false\u00bb global_colors_info=\u00bb{}\u00bb open=\u00bboff\u00bb]<\/p>\n<p><strong>Respuesta:<\/strong> No en el sentido literal de la palabra. Los acusados en acciones civiles de casos de lesiones personales no reciben sentencias de c\u00e1rcel o multas criminales como castigo. Sin embargo, en algunos casos, los jurados y las cortes pueden otorgar lo que se llama da\u00f1os punitivos, los cuales son designados como castigo a los acusados que se han comportado sin consideraci\u00f3n o intencionalmente contra el inter\u00e9s del p\u00fablico. La meta al ordenar pago de da\u00f1os punitivos es desanimar a estos acusados y a otros para que no contin\u00faen este tipo de comportamiento en el futuro.<\/p>\n<p>[\/et_pb_accordion_item][\/et_pb_accordion][\/et_pb_column][\/et_pb_row][\/et_pb_section]<\/p>\n","protected":false},"excerpt":{"rendered":"<p>Respuesta: Primero, usted debe haber sufrido una lesi\u00f3n en su persona o su propiedad. Segundo, usted deber\u00e1 considerar si su lesi\u00f3n fue el resultado del error de otra persona. No siempre es necesario tener una lesi\u00f3n f\u00edsica para iniciar un juicio por da\u00f1os. Los reclamos por da\u00f1os personales casi siempre son basados en una variedad [&hellip;]<\/p>\n","protected":false},"author":6,"featured_media":0,"parent":38574,"menu_order":0,"comment_status":"closed","ping_status":"closed","template":"","meta":{"_acf_changed":false,"_et_pb_use_builder":"on","_et_pb_old_content":"","_et_gb_content_width":"","footnotes":""},"class_list":["post-39401","page","type-page","status-publish","hentry"],"acf":[],"_links":{"self":[{"href":"https:\/\/theleonlawfirm.com\/es\/wp-json\/wp\/v2\/pages\/39401","targetHints":{"allow":["GET"]}}],"collection":[{"href":"https:\/\/theleonlawfirm.com\/es\/wp-json\/wp\/v2\/pages"}],"about":[{"href":"https:\/\/theleonlawfirm.com\/es\/wp-json\/wp\/v2\/types\/page"}],"author":[{"embeddable":true,"href":"https:\/\/theleonlawfirm.com\/es\/wp-json\/wp\/v2\/users\/6"}],"replies":[{"embeddable":true,"href":"https:\/\/theleonlawfirm.com\/es\/wp-json\/wp\/v2\/comments?post=39401"}],"version-history":[{"count":0,"href":"https:\/\/theleonlawfirm.com\/es\/wp-json\/wp\/v2\/pages\/39401\/revisions"}],"up":[{"embeddable":true,"href":"https:\/\/theleonlawfirm.com\/es\/wp-json\/wp\/v2\/pages\/38574"}],"wp:attachment":[{"href":"https:\/\/theleonlawfirm.com\/es\/wp-json\/wp\/v2\/media?parent=39401"}],"curies":[{"name":"wp","href":"https:\/\/api.w.org\/{rel}","templated":true}]}}