{"id":39364,"date":"2025-07-10T04:44:18","date_gmt":"2025-07-10T09:44:18","guid":{"rendered":"https:\/\/lenlawfirm8new.wpenginepowered.com\/?page_id=39364"},"modified":"2025-07-16T23:36:55","modified_gmt":"2025-07-17T04:36:55","slug":"abogado-de-lesiones-personales-y-muerte-injusta-en-sugar-land","status":"publish","type":"page","link":"https:\/\/theleonlawfirm.com\/es\/abogado-por-muerte-accidental\/","title":{"rendered":"Abogado por Muerte Accidental"},"content":{"rendered":"<p>[et_pb_section fb_built=\u00bb1&#8243; _builder_version=\u00bb4.27.4&#8243; _module_preset=\u00bbdefault\u00bb background_color=\u00bbgcid-primary-color\u00bb locked=\u00bboff\u00bb collapsed=\u00bboff\u00bb global_colors_info=\u00bb{%22gcid-primary-color%22:%91%22background_color%22%93}\u00bb][et_pb_row column_structure=\u00bb1_2,1_2&#8243; use_custom_gutter=\u00bbon\u00bb make_equal=\u00bbon\u00bb module_class=\u00bbcustom_row\u00bb _builder_version=\u00bb4.27.4&#8243; _module_preset=\u00bbdefault\u00bb custom_margin=\u00bb||||false|false\u00bb global_colors_info=\u00bb{}\u00bb][et_pb_column type=\u00bb1_2&#8243; _builder_version=\u00bb4.27.4&#8243; _module_preset=\u00bbdefault\u00bb global_colors_info=\u00bb{}\u00bb][et_pb_image src=\u00bbhttps:\/\/theleonlawfirm.com\/wp-content\/uploads\/Wrongful-Death-Attorney-Image.jpg\u00bb alt=\u00bbPersonal Injury Attorney Services Section Image\u00bb title_text=\u00bbWrongful Death Attorney Image\u00bb _builder_version=\u00bb4.27.4&#8243; _module_preset=\u00bbdefault\u00bb global_colors_info=\u00bb{}\u00bb][\/et_pb_image][\/et_pb_column][et_pb_column type=\u00bb1_2&#8243; _builder_version=\u00bb4.27.4&#8243; _module_preset=\u00bbdefault\u00bb global_colors_info=\u00bb{}\u00bb][et_pb_text _builder_version=\u00bb4.27.4&#8243; _module_preset=\u00bbdefault\u00bb global_colors_info=\u00bb{}\u00bb]<\/p>\n<h2>Demandas por lesiones personales, muerte por negligencia y accidentes fatales en Sugar Land, TX<\/h2>\n<p>Nuestro equipo ayuda a las personas y a las familias a recuperarse de estos eventos tr\u00e1gicos e innecesarios manejando estos casos de la manera m\u00e1s eficiente posible. Esto no solo ayuda a reducir la cantidad de preocupaciones que tienen nuestros clientes, sino que tambi\u00e9n les consigue la ayuda que necesitan ahora, no despu\u00e9s. Nuestros abogados de lesiones de Sugar Land pueden ayudarle en las reclamaciones de accidentes fatales y muerte injusta resultantes de las acciones de otros involucrados con:<\/p>\n<p>[\/et_pb_text][et_pb_text _builder_version=\u00bb4.27.4&#8243; _module_preset=\u00bbdefault\u00bb custom_margin=\u00bb12px||0px||false|false\u00bb global_colors_info=\u00bb{}\u00bb]<\/p>\n<ul>\n<li><a href=\"\/es\/accidentes-de-autobus\/\">Accidentes de auto<\/a><\/li>\n<li><a href=\"\/es\/accidentes-de-camiones\/\">Accidentes de camiones<\/a><\/li>\n<li><a href=\"\/es\/defectos-en-las-llantas\/\">Defectos en los neum\u00e1ticos<\/a><\/li>\n<li><a href=\"\/es\/responsabilidad-por-productos-defectuosos\/\">Responsabilidad por productos<\/a><\/li>\n<li><a href=\"\/defective-medical-devices\/\">Medicamentos farmac\u00e9uticos<\/a><\/li>\n<li><a href=\"\/es\/negligencia-medica\/\">Mala Praxis M\u00e9dica<\/a><\/li>\n<li><a href=\"\/es\/lesiones-en-el-parto\/\">Lesiones en el parto<\/a><\/li>\n<li><a href=\"\/es\/responsabilidad-de-los-locales\/\">Responsabilidad de locales<\/a><\/li>\n<li><a href=\"\/es\/accidentes-de-trabajo\/\">Accidentes laborales<\/a><\/li>\n<li><a href=\"\/es\/accidentes-en-obras-de-construccion\/\">Accidentes en obras de construcci\u00f3n<\/a><\/li>\n<li><a href=\"\/es\/exposicion-a-toxicos\/\">Casos de exposici\u00f3n a t\u00f3xicos<\/a><\/li>\n<li>Agresiones<\/li>\n<\/ul>\n<p>[\/et_pb_text][\/et_pb_column][\/et_pb_row][et_pb_row _builder_version=\u00bb4.27.4&#8243; _module_preset=\u00bbdefault\u00bb custom_margin=\u00bb15px||||false|false\u00bb global_colors_info=\u00bb{}\u00bb][et_pb_column type=\u00bb4_4&#8243; _builder_version=\u00bb4.27.4&#8243; _module_preset=\u00bbdefault\u00bb global_colors_info=\u00bb{}\u00bb][et_pb_text _builder_version=\u00bb4.27.4&#8243; _module_preset=\u00bbdefault\u00bb global_colors_info=\u00bb{}\u00bb]<\/p>\n<p>uando la vida de un ser querido le ha sido robada por las acciones il\u00edcitas de otra persona o empresa, su propia vida puede volverse repentinamente abrumadora. Este es un momento para centrarse en el duelo y en estar junto a la familia que tienes-no en tratar con las compa\u00f1\u00edas de seguros. Este es un momento en el que usted necesita a alguien que proteja los derechos de su familia por usted mientras se concentra en recuperarse.<\/p>\n<p><a href=\"\/es\/\">The Leon Law Firm, P.C.<\/a> se dedica a proteger los derechos de las familias en Sugar Land y en todas las \u00e1reas circundantes en las demandas por lesiones personales y muerte por negligencia que implican la <a href=\"\/es\/accidentes-y-muertes-por-conduccion-bajo-los-efectos-del-alcohol\/\">acciones negligentes o imprudentes<\/a> de otros y una amplia variedad de accidentes mortales.<\/p>\n<p>La siguiente informaci\u00f3n pretende proporcionarle un conocimiento amplio y general sobre las reclamaciones por homicidio culposo y la ley. Para m\u00e1s informaci\u00f3n, o para discutir su situaci\u00f3n individual, p\u00f3ngase en contacto con nosotros directamente en nuestras oficinas de abogados de Sugar Land hoy.<\/p>\n<p>Al principio, despu\u00e9s de que las acciones il\u00edcitas de otro le hayan dejado gravemente herido o desconsolado por la p\u00e9rdida de un ser querido en un accidente mortal, la recuperaci\u00f3n parece estar a un mill\u00f3n de millas de distancia. M\u00e1s tarde, una vez que las facturas m\u00e9dicas comienzan a llegar y la p\u00e9rdida de ingresos comienza a tomar su peaje \u2013 que apenas puede parecer posible en absoluto.<\/p>\n<p>No tiene que enfrentarse a estos problemas solo.<\/p>\n<p>Como firma, la mayor\u00eda de nuestros clientes provienen del \u00e1rea de Sugar Land y de todos los condados de Fort Bend, Harris, Montgomery, Brazoria y Galveston. Sin embargo, la firma es capaz de ayudar a los clientes en todo el estado y en todos los EE.UU. en este tipo de asuntos. Una investigaci\u00f3n r\u00e1pida y adecuada es a menudo la clave del \u00e9xito. Esto no s\u00f3lo nos permite reunir y preservar pruebas que de otro modo podr\u00edan perderse, sino que tambi\u00e9n nos permite presentar su reclamaci\u00f3n m\u00e1s r\u00e1pidamente y obtener una compensaci\u00f3n por sus p\u00e9rdidas.<\/p>\n<p>Nuestros abogados tambi\u00e9n reconocen que mientras el lado legal de su reclamo contin\u00faa, tambi\u00e9n lo hace el lado personal y las dificultades que vienen con \u00e9l. Mientras tanto, podemos trabajar con usted para encontrar soluciones a problemas como el transporte, las facturas del hogar y los gastos m\u00e9dicos. Tambi\u00e9n estaremos all\u00ed para responder a sus preguntas y preocupaciones durante todo el proceso.<\/p>\n<p><strong>Contacte a un experimentado <a href=\"https:\/\/theleonlawfirm.com\/es\/la-firma-leon-p-c-sugar-land-texas\/\">Abogado de Muerte Injusta en Sugar Land<\/a> en nuestra firma de abogados hoy.<\/strong><\/p>\n<p>[\/et_pb_text][\/et_pb_column][\/et_pb_row][\/et_pb_section]<\/p>\n","protected":false},"excerpt":{"rendered":"<p>Demandas por lesiones personales, muerte por negligencia y accidentes fatales en Sugar Land, TX Nuestro equipo ayuda a las personas y a las familias a recuperarse de estos eventos tr\u00e1gicos e innecesarios manejando estos casos de la manera m\u00e1s eficiente posible. Esto no solo ayuda a reducir la cantidad de preocupaciones que tienen nuestros clientes, [&hellip;]<\/p>\n","protected":false},"author":6,"featured_media":38560,"parent":39215,"menu_order":0,"comment_status":"closed","ping_status":"closed","template":"","meta":{"_acf_changed":false,"_et_pb_use_builder":"on","_et_pb_old_content":"","_et_gb_content_width":"","footnotes":""},"class_list":["post-39364","page","type-page","status-publish","has-post-thumbnail","hentry"],"acf":[],"_links":{"self":[{"href":"https:\/\/theleonlawfirm.com\/es\/wp-json\/wp\/v2\/pages\/39364","targetHints":{"allow":["GET"]}}],"collection":[{"href":"https:\/\/theleonlawfirm.com\/es\/wp-json\/wp\/v2\/pages"}],"about":[{"href":"https:\/\/theleonlawfirm.com\/es\/wp-json\/wp\/v2\/types\/page"}],"author":[{"embeddable":true,"href":"https:\/\/theleonlawfirm.com\/es\/wp-json\/wp\/v2\/users\/6"}],"replies":[{"embeddable":true,"href":"https:\/\/theleonlawfirm.com\/es\/wp-json\/wp\/v2\/comments?post=39364"}],"version-history":[{"count":0,"href":"https:\/\/theleonlawfirm.com\/es\/wp-json\/wp\/v2\/pages\/39364\/revisions"}],"up":[{"embeddable":true,"href":"https:\/\/theleonlawfirm.com\/es\/wp-json\/wp\/v2\/pages\/39215"}],"wp:featuredmedia":[{"embeddable":true,"href":"https:\/\/theleonlawfirm.com\/es\/wp-json\/wp\/v2\/media\/38560"}],"wp:attachment":[{"href":"https:\/\/theleonlawfirm.com\/es\/wp-json\/wp\/v2\/media?parent=39364"}],"curies":[{"name":"wp","href":"https:\/\/api.w.org\/{rel}","templated":true}]}}