{"id":39359,"date":"2025-07-10T04:37:36","date_gmt":"2025-07-10T09:37:36","guid":{"rendered":"https:\/\/lenlawfirm8new.wpenginepowered.com\/?page_id=39359"},"modified":"2025-07-16T23:36:25","modified_gmt":"2025-07-17T04:36:25","slug":"abogado-de-accidentes-laborales-en-sugar-land","status":"publish","type":"page","link":"https:\/\/theleonlawfirm.com\/es\/accidentes-de-trabajo\/","title":{"rendered":"Accidentes de trabajo"},"content":{"rendered":"<p>[et_pb_section fb_built=\u00bb1&#8243; _builder_version=\u00bb4.27.4&#8243; _module_preset=\u00bbdefault\u00bb background_color=\u00bbgcid-primary-color\u00bb locked=\u00bboff\u00bb collapsed=\u00bboff\u00bb global_colors_info=\u00bb{%22gcid-primary-color%22:%91%22background_color%22%93}\u00bb][et_pb_row _builder_version=\u00bb4.27.4&#8243; _module_preset=\u00bbdefault\u00bb custom_margin=\u00bb||||false|false\u00bb global_colors_info=\u00bb{}\u00bb][et_pb_column type=\u00bb4_4&#8243; _builder_version=\u00bb4.27.4&#8243; _module_preset=\u00bbdefault\u00bb global_colors_info=\u00bb{}\u00bb][et_pb_text _builder_version=\u00bb4.27.4&#8243; _module_preset=\u00bbdefault\u00bb text_orientation=\u00bbcenter\u00bb global_colors_info=\u00bb{}\u00bb]<\/p>\n<p><a href=\"\/es\/\">The Le\u00f3n Law Firm, P.C.<\/a> est\u00e1 aqu\u00ed para protegerlo a usted y a los derechos de su familia donde los empleadores no lo han hecho. Nuestros abogados de lesiones personales de Sugar Land representan una amplia gama de personas-trabajadores de la construcci\u00f3n, maquinistas, operadores de prensa, los trabajadores de la refiner\u00eda y otros en toda la comunidad. Proporcionamos servicios legales eficientes y eficaces dise\u00f1ados para conseguir la compensaci\u00f3n financiera que necesitan para recuperarse.<\/p>\n<p>Muchas de estas lesiones son de naturaleza catastr\u00f3fica e incluyen la amputaci\u00f3n de manos, dedos de las manos o de los pies, as\u00ed como da\u00f1os cerebrales y de la m\u00e9dula espinal resultantes de ca\u00eddas graves, o una lesi\u00f3n por quemadura grave resultante de una explosi\u00f3n en una refiner\u00eda, una electrocuci\u00f3n o una exposici\u00f3n qu\u00edmica. Por ello, la necesidad de una compensaci\u00f3n econ\u00f3mica adecuada es a\u00fan mayor. Lamentablemente, la compensaci\u00f3n de los trabajadores no siempre se acerca a las necesidades de nuestros clientes.<\/p>\n<p>[\/et_pb_text][\/et_pb_column][\/et_pb_row][et_pb_row column_structure=\u00bb1_2,1_2&#8243; use_custom_gutter=\u00bbon\u00bb make_equal=\u00bbon\u00bb module_class=\u00bbcustom_row\u00bb _builder_version=\u00bb4.27.4&#8243; _module_preset=\u00bbdefault\u00bb custom_margin=\u00bb30px||||false|false\u00bb global_colors_info=\u00bb{}\u00bb][et_pb_column type=\u00bb1_2&#8243; _builder_version=\u00bb4.27.4&#8243; _module_preset=\u00bbdefault\u00bb global_colors_info=\u00bb{}\u00bb][et_pb_image src=\u00bbhttps:\/\/theleonlawfirm.com\/wp-content\/uploads\/Abogado-de-accidentes-laborales-en-Sugar-Land-image.jpg\u00bb alt=\u00bbAbogado de accidentes laborales en Sugar Land image\u00bb title_text=\u00bbAbogado de accidentes laborales en Sugar Land image\u00bb _builder_version=\u00bb4.27.4&#8243; _module_preset=\u00bbdefault\u00bb global_colors_info=\u00bb{}\u00bb][\/et_pb_image][\/et_pb_column][et_pb_column type=\u00bb1_2&#8243; _builder_version=\u00bb4.27.4&#8243; _module_preset=\u00bbdefault\u00bb global_colors_info=\u00bb{}\u00bb][et_pb_text _builder_version=\u00bb4.27.4&#8243; _module_preset=\u00bbdefault\u00bb global_colors_info=\u00bb{}\u00bb]<\/p>\n<h2>Compensaci\u00f3n de los trabajadores y accidentes de trabajo<\/h2>\n<p>En Texas, los empleadores tienen la opci\u00f3n de comprar o no comprar en el sistema de compensaci\u00f3n de los trabajadores del estado. La mayor\u00eda de los empleadores optan por la protecci\u00f3n ofrecida por el seguro de compensaci\u00f3n de los trabajadores, principalmente porque si lo hacen, es muy dif\u00edcil \u2013 si no imposible \u2013 para un trabajador que se lesiona en el trabajo para presentar una demanda por lesiones personales en contra de ellos.<\/p>\n<p>Si lo suscriben, la cobertura de la compensaci\u00f3n de los trabajadores interviene para cubrir los gastos m\u00e9dicos y paga al trabajador lesionado dos tercios de sus ingresos anteriores (hasta ciertos l\u00edmites) durante el per\u00edodo en que no puede trabajar. Sin embargo, no todos los empresarios de Texas optan por acogerse a este sistema. En estos casos, los trabajadores lesionados pueden presentar demandas por lesiones personales contra sus empleadores o cualquier tercero que pueda haber sido responsable de su accidente. Nuestro agresivo y experimentado bufete de abogados puede determinar r\u00e1pidamente si esta es una opci\u00f3n disponible para usted.<\/p>\n<p>[\/et_pb_text][\/et_pb_column][\/et_pb_row][et_pb_row _builder_version=\u00bb4.27.4&#8243; _module_preset=\u00bbdefault\u00bb custom_margin=\u00bb15px||||false|false\u00bb global_colors_info=\u00bb{}\u00bb][et_pb_column type=\u00bb4_4&#8243; _builder_version=\u00bb4.27.4&#8243; _module_preset=\u00bbdefault\u00bb global_colors_info=\u00bb{}\u00bb][et_pb_text _builder_version=\u00bb4.27.4&#8243; _module_preset=\u00bbdefault\u00bb global_colors_info=\u00bb{}\u00bb]<\/p>\n<p><strong>Si usted ha sufrido una lesi\u00f3n en el lugar de trabajo-debido a un equipo defectuoso, violaciones de la OSHA, o cualquier otra causa-contacte con un <a href=\"\/contact-best-law-company\/\">Abogado de Accidentes de Trabajo de Sugar Land<\/a> hoy mismo.<\/strong><\/p>\n<p>[\/et_pb_text][\/et_pb_column][\/et_pb_row][\/et_pb_section]<\/p>\n","protected":false},"excerpt":{"rendered":"<p>The Le\u00f3n Law Firm, P.C. est\u00e1 aqu\u00ed para protegerlo a usted y a los derechos de su familia donde los empleadores no lo han hecho. Nuestros abogados de lesiones personales de Sugar Land representan una amplia gama de personas-trabajadores de la construcci\u00f3n, maquinistas, operadores de prensa, los trabajadores de la refiner\u00eda y otros en toda [&hellip;]<\/p>\n","protected":false},"author":6,"featured_media":38560,"parent":39215,"menu_order":0,"comment_status":"closed","ping_status":"closed","template":"","meta":{"_acf_changed":false,"_et_pb_use_builder":"on","_et_pb_old_content":"","_et_gb_content_width":"","footnotes":""},"class_list":["post-39359","page","type-page","status-publish","has-post-thumbnail","hentry"],"acf":[],"_links":{"self":[{"href":"https:\/\/theleonlawfirm.com\/es\/wp-json\/wp\/v2\/pages\/39359","targetHints":{"allow":["GET"]}}],"collection":[{"href":"https:\/\/theleonlawfirm.com\/es\/wp-json\/wp\/v2\/pages"}],"about":[{"href":"https:\/\/theleonlawfirm.com\/es\/wp-json\/wp\/v2\/types\/page"}],"author":[{"embeddable":true,"href":"https:\/\/theleonlawfirm.com\/es\/wp-json\/wp\/v2\/users\/6"}],"replies":[{"embeddable":true,"href":"https:\/\/theleonlawfirm.com\/es\/wp-json\/wp\/v2\/comments?post=39359"}],"version-history":[{"count":0,"href":"https:\/\/theleonlawfirm.com\/es\/wp-json\/wp\/v2\/pages\/39359\/revisions"}],"up":[{"embeddable":true,"href":"https:\/\/theleonlawfirm.com\/es\/wp-json\/wp\/v2\/pages\/39215"}],"wp:featuredmedia":[{"embeddable":true,"href":"https:\/\/theleonlawfirm.com\/es\/wp-json\/wp\/v2\/media\/38560"}],"wp:attachment":[{"href":"https:\/\/theleonlawfirm.com\/es\/wp-json\/wp\/v2\/media?parent=39359"}],"curies":[{"name":"wp","href":"https:\/\/api.w.org\/{rel}","templated":true}]}}