{"id":39349,"date":"2025-07-10T04:30:38","date_gmt":"2025-07-10T09:30:38","guid":{"rendered":"https:\/\/lenlawfirm8new.wpenginepowered.com\/?page_id=39349"},"modified":"2025-07-16T23:35:29","modified_gmt":"2025-07-17T04:35:29","slug":"accidentes-por-exposicion-a-sustancias-quimicas-toxicas","status":"publish","type":"page","link":"https:\/\/theleonlawfirm.com\/es\/exposicion-a-toxicos\/","title":{"rendered":"Exposici\u00f3n a t\u00f3xicos"},"content":{"rendered":"<p>[et_pb_section fb_built=\u00bb1&#8243; _builder_version=\u00bb4.27.4&#8243; _module_preset=\u00bbdefault\u00bb background_color=\u00bbgcid-primary-color\u00bb locked=\u00bboff\u00bb collapsed=\u00bboff\u00bb global_colors_info=\u00bb{%22gcid-primary-color%22:%91%22background_color%22%93}\u00bb][et_pb_row column_structure=\u00bb1_2,1_2&#8243; use_custom_gutter=\u00bbon\u00bb make_equal=\u00bbon\u00bb module_class=\u00bbcustom_row\u00bb _builder_version=\u00bb4.27.4&#8243; _module_preset=\u00bbdefault\u00bb custom_margin=\u00bb||||false|false\u00bb global_colors_info=\u00bb{}\u00bb][et_pb_column type=\u00bb1_2&#8243; _builder_version=\u00bb4.27.4&#8243; _module_preset=\u00bbdefault\u00bb global_colors_info=\u00bb{}\u00bb][et_pb_image src=\u00bbhttps:\/\/theleonlawfirm.com\/wp-content\/uploads\/Accidents-due-to-exposure-to-toxic-chemicals-image.jpg\u00bb alt=\u00bbAccidents due to exposure to toxic chemicals image\u00bb title_text=\u00bbAccidents due to exposure to toxic chemicals image\u00bb _builder_version=\u00bb4.27.4&#8243; _module_preset=\u00bbdefault\u00bb global_colors_info=\u00bb{}\u00bb][\/et_pb_image][\/et_pb_column][et_pb_column type=\u00bb1_2&#8243; _builder_version=\u00bb4.27.4&#8243; _module_preset=\u00bbdefault\u00bb global_colors_info=\u00bb{}\u00bb][et_pb_text _builder_version=\u00bb4.27.4&#8243; _module_preset=\u00bbdefault\u00bb global_colors_info=\u00bb{}\u00bb]<\/p>\n<p>Los abogados de lesiones personales de Sugar Land en <a href=\"\/es\/\">The Le\u00f3n Law Firm, P.C.<\/a> manejan casos relacionados con la exposici\u00f3n a productos qu\u00edmicos t\u00f3xicos en nombre de los individuos y los trabajadores en toda la comunidad. Estos incluyen asuntos tales como:<\/p>\n<p>[\/et_pb_text][et_pb_text _builder_version=\u00bb4.27.4&#8243; _module_preset=\u00bbdefault\u00bb custom_margin=\u00bb12px||0px||false|false\u00bb global_colors_info=\u00bb{}\u00bb]<\/p>\n<ul>\n<li>Exposici\u00f3n al amianto<\/li>\n<li>Mesotelioma<\/li>\n<li>Silicosis<\/li>\n<li>Exposici\u00f3n a humos de varillas de soldadura<\/li>\n<li>Exposici\u00f3n al benceno<\/li>\n<li>Exposici\u00f3n al PCB<\/li>\n<li>Quemaduras qu\u00edmicas<\/li>\n<li>Exposici\u00f3n a la radiaci\u00f3n<\/li>\n<li>Accidentes de refiner\u00eda<\/li>\n<\/ul>\n<p>Debido a la forma en que el sistema de <a href=\"\/es\/accidentes-de-trabajo\/\">compensaci\u00f3n de los trabajadores<\/a> est\u00e1 establecido en Texas, las personas que sufren lesiones por exposici\u00f3n a sustancias qu\u00edmicas t\u00f3xicas en el trabajo no pueden presentar <a href=\"\/es\/lesiones-personales\/\">demandas por lesiones personales<\/a> contra sus empleadores, a menos que su empleador particular haya decidido no pagar al sistema. En estos casos, el \u00fanico recurso del trabajador lesionado es una demanda de indemnizaci\u00f3n por accidente de trabajo, a menos que se pueda demostrar que un tercero es responsable.<\/p>\n<p>[\/et_pb_text][\/et_pb_column][\/et_pb_row][et_pb_row _builder_version=\u00bb4.27.4&#8243; _module_preset=\u00bbdefault\u00bb custom_margin=\u00bb20px||||false|false\u00bb global_colors_info=\u00bb{}\u00bb][et_pb_column type=\u00bb4_4&#8243; _builder_version=\u00bb4.27.4&#8243; _module_preset=\u00bbdefault\u00bb global_colors_info=\u00bb{}\u00bb][et_pb_text _builder_version=\u00bb4.27.4&#8243; _module_preset=\u00bbdefault\u00bb global_colors_info=\u00bb{}\u00bb]<\/p>\n<p>Si trabajas para un empleador que te ha colocado en un lugar fuera de las instalaciones de otra empresa (tercera parte), puedes tener una demanda contra la tercera parte si se descubre que su negligencia ha contribuido a tus lesiones. Esto es muy com\u00fan en un entorno de refiner\u00eda. Nuestra firma dedicada investigar\u00e1 para todas las posibles partes negligentes con el fin de perseguir la compensaci\u00f3n m\u00e1xima que puede tener derecho.<\/p>\n<h3>Protegiendo sus derechos<\/h3>\n<p>Si tiene una reclamaci\u00f3n v\u00e1lida, nuestra firma trabajar\u00e1 r\u00e1pidamente para proceder con su caso y ayudarle a obtener el tipo de atenci\u00f3n m\u00e9dica que necesita en el \u00ednterin. Mientras que el lado legal de su caso est\u00e1 progresando, estaremos accesibles, disponibles y receptivos a sus preguntas o preocupaciones y trabajaremos para mantenerlo completamente informado en todo momento.<\/p>\n<p><strong>Si desea una consulta gratuita para discutir su situaci\u00f3n con un representante legal con experiencia, p\u00f3ngase en contacto con un <a href=\"\/contact-best-law-company\/\">abogado de lesiones personales de Sugar Land<\/a> hoy mismo.<\/strong><\/p>\n<p>[\/et_pb_text][\/et_pb_column][\/et_pb_row][\/et_pb_section]<\/p>\n","protected":false},"excerpt":{"rendered":"<p>Los abogados de lesiones personales de Sugar Land en The Le\u00f3n Law Firm, P.C. manejan casos relacionados con la exposici\u00f3n a productos qu\u00edmicos t\u00f3xicos en nombre de los individuos y los trabajadores en toda la comunidad. Estos incluyen asuntos tales como: Exposici\u00f3n al amianto Mesotelioma Silicosis Exposici\u00f3n a humos de varillas de soldadura Exposici\u00f3n al [&hellip;]<\/p>\n","protected":false},"author":6,"featured_media":38560,"parent":38574,"menu_order":0,"comment_status":"closed","ping_status":"closed","template":"","meta":{"_acf_changed":false,"_et_pb_use_builder":"on","_et_pb_old_content":"","_et_gb_content_width":"","footnotes":""},"class_list":["post-39349","page","type-page","status-publish","has-post-thumbnail","hentry"],"acf":[],"_links":{"self":[{"href":"https:\/\/theleonlawfirm.com\/es\/wp-json\/wp\/v2\/pages\/39349","targetHints":{"allow":["GET"]}}],"collection":[{"href":"https:\/\/theleonlawfirm.com\/es\/wp-json\/wp\/v2\/pages"}],"about":[{"href":"https:\/\/theleonlawfirm.com\/es\/wp-json\/wp\/v2\/types\/page"}],"author":[{"embeddable":true,"href":"https:\/\/theleonlawfirm.com\/es\/wp-json\/wp\/v2\/users\/6"}],"replies":[{"embeddable":true,"href":"https:\/\/theleonlawfirm.com\/es\/wp-json\/wp\/v2\/comments?post=39349"}],"version-history":[{"count":0,"href":"https:\/\/theleonlawfirm.com\/es\/wp-json\/wp\/v2\/pages\/39349\/revisions"}],"up":[{"embeddable":true,"href":"https:\/\/theleonlawfirm.com\/es\/wp-json\/wp\/v2\/pages\/38574"}],"wp:featuredmedia":[{"embeddable":true,"href":"https:\/\/theleonlawfirm.com\/es\/wp-json\/wp\/v2\/media\/38560"}],"wp:attachment":[{"href":"https:\/\/theleonlawfirm.com\/es\/wp-json\/wp\/v2\/media?parent=39349"}],"curies":[{"name":"wp","href":"https:\/\/api.w.org\/{rel}","templated":true}]}}