{"id":39343,"date":"2025-07-10T04:15:39","date_gmt":"2025-07-10T09:15:39","guid":{"rendered":"https:\/\/lenlawfirm8new.wpenginepowered.com\/?page_id=39343"},"modified":"2025-07-16T23:35:08","modified_gmt":"2025-07-17T04:35:08","slug":"abogado-de-casos-de-incendios-en-plataformas-petroliferas-en-sugar-land","status":"publish","type":"page","link":"https:\/\/theleonlawfirm.com\/es\/incendios-en-plataformas-petroliferas\/","title":{"rendered":"Incendios en plataformas petrol\u00edferas"},"content":{"rendered":"<p>[et_pb_section fb_built=\u00bb1&#8243; _builder_version=\u00bb4.27.4&#8243; _module_preset=\u00bbdefault\u00bb background_color=\u00bbgcid-primary-color\u00bb locked=\u00bboff\u00bb collapsed=\u00bboff\u00bb global_colors_info=\u00bb{%22gcid-primary-color%22:%91%22background_color%22%93}\u00bb][et_pb_row column_structure=\u00bb1_2,1_2&#8243; use_custom_gutter=\u00bbon\u00bb make_equal=\u00bbon\u00bb module_class=\u00bbcustom_row\u00bb _builder_version=\u00bb4.27.4&#8243; _module_preset=\u00bbdefault\u00bb custom_margin=\u00bb||||false|false\u00bb global_colors_info=\u00bb{}\u00bb][et_pb_column type=\u00bb1_2&#8243; _builder_version=\u00bb4.27.4&#8243; _module_preset=\u00bbdefault\u00bb global_colors_info=\u00bb{}\u00bb][et_pb_image src=\u00bbhttps:\/\/theleonlawfirm.com\/wp-content\/uploads\/Offshore-Injury-Lawyer-Img.jpg\u00bb alt=\u00bbPersonal Injury Attorney Services Section Image\u00bb title_text=\u00bbOffshore Injury Lawyer Img\u00bb _builder_version=\u00bb4.27.4&#8243; _module_preset=\u00bbdefault\u00bb global_colors_info=\u00bb{}\u00bb][\/et_pb_image][\/et_pb_column][et_pb_column type=\u00bb1_2&#8243; _builder_version=\u00bb4.27.4&#8243; _module_preset=\u00bbdefault\u00bb global_colors_info=\u00bb{}\u00bb][et_pb_text _builder_version=\u00bb4.27.4&#8243; _module_preset=\u00bbdefault\u00bb global_colors_info=\u00bb{}\u00bb]<\/p>\n<h2>Contacte a un abogado de lesiones en plataformas petroleras en Sugar Land hoy<\/h2>\n<p>Una plataforma petrolera es una pieza complicada de maquinaria que requiere atenci\u00f3n constante, mantenimiento e inspecci\u00f3n para asegurar que funcione correctamente. Un solo error o acto de negligencia puede dejar a un trabajador del petr\u00f3leo o del gas gravemente quemado o sufriendo un traumatismo craneal, una lesi\u00f3n cerebral, una lesi\u00f3n de la m\u00e9dula espinal, huesos rotos, par\u00e1lisis o algo peor. Aproveche esta oportunidad para involucrar a un abogado de nuestro bufete de abogados de Sugar Land para ayudarle a obtener el dinero que necesita para la atenci\u00f3n m\u00e9dica, los ingresos perdidos y posiblemente mucho m\u00e1s, ya sea a trav\u00e9s de una reclamaci\u00f3n de compensaci\u00f3n de los trabajadores, una demanda por lesiones personales, o ambos. Nuestro objetivo es <a href=\"\/why-hire-us\/\">ayudarle a recuperarse<\/a>.<\/p>\n<p>[\/et_pb_text][\/et_pb_column][\/et_pb_row][et_pb_row _builder_version=\u00bb4.27.4&#8243; _module_preset=\u00bbdefault\u00bb custom_margin=\u00bb15px||||false|false\u00bb global_colors_info=\u00bb{}\u00bb][et_pb_column type=\u00bb4_4&#8243; _builder_version=\u00bb4.27.4&#8243; _module_preset=\u00bbdefault\u00bb global_colors_info=\u00bb{}\u00bb][et_pb_text _builder_version=\u00bb4.27.4&#8243; _module_preset=\u00bbdefault\u00bb global_colors_info=\u00bb{}\u00bb]<\/p>\n<p><strong>Contacte a un abogado de derrames de petr\u00f3leo en nuestra firma hoy para ver c\u00f3mo podemos ayudarle en una <a href=\"\/contact-best-law-company\/\">consulta gratuita<\/a> hoy!<\/strong><\/p>\n<p><a href=\"\/es\/\">The Le\u00f3n Law Firm, P.C.<\/a> representa a trabajadores lesionados y a sus familias en reclamaciones de compensaci\u00f3n laboral y de terceros <a href=\"\/es\/lesiones-personales\/\">lesiones personales<\/a> relacionadas con explosiones de plataformas petrol\u00edferas, incendios y lesiones en las mismas. Adem\u00e1s de buscar los beneficios justos de compensaci\u00f3n laboral que usted pueda merecer, podemos buscar una <a href=\"\/es\/resultados\/\">compensaci\u00f3n adicional<\/a> de cualquier tercero que pueda haber sido responsable, como un proveedor o fabricante de equipos o una empresa de inspecciones. Cuando se producen incendios en plataformas petrol\u00edferas, pueden atribuirse a equipos defectuosos o mal mantenidos, a una formaci\u00f3n y medidas de seguridad inadecuadas o a inspecciones incorrectas. Utilizaremos nuestros recursos para llegar al fondo del asunto y determinar exactamente qui\u00e9n debe ser considerado responsable.<\/p>\n<p>[\/et_pb_text][\/et_pb_column][\/et_pb_row][\/et_pb_section]<\/p>\n","protected":false},"excerpt":{"rendered":"<p>Contacte a un abogado de lesiones en plataformas petroleras en Sugar Land hoy Una plataforma petrolera es una pieza complicada de maquinaria que requiere atenci\u00f3n constante, mantenimiento e inspecci\u00f3n para asegurar que funcione correctamente. Un solo error o acto de negligencia puede dejar a un trabajador del petr\u00f3leo o del gas gravemente quemado o sufriendo [&hellip;]<\/p>\n","protected":false},"author":6,"featured_media":38560,"parent":39215,"menu_order":0,"comment_status":"closed","ping_status":"closed","template":"","meta":{"_acf_changed":false,"_et_pb_use_builder":"on","_et_pb_old_content":"","_et_gb_content_width":"","footnotes":""},"class_list":["post-39343","page","type-page","status-publish","has-post-thumbnail","hentry"],"acf":[],"_links":{"self":[{"href":"https:\/\/theleonlawfirm.com\/es\/wp-json\/wp\/v2\/pages\/39343","targetHints":{"allow":["GET"]}}],"collection":[{"href":"https:\/\/theleonlawfirm.com\/es\/wp-json\/wp\/v2\/pages"}],"about":[{"href":"https:\/\/theleonlawfirm.com\/es\/wp-json\/wp\/v2\/types\/page"}],"author":[{"embeddable":true,"href":"https:\/\/theleonlawfirm.com\/es\/wp-json\/wp\/v2\/users\/6"}],"replies":[{"embeddable":true,"href":"https:\/\/theleonlawfirm.com\/es\/wp-json\/wp\/v2\/comments?post=39343"}],"version-history":[{"count":0,"href":"https:\/\/theleonlawfirm.com\/es\/wp-json\/wp\/v2\/pages\/39343\/revisions"}],"up":[{"embeddable":true,"href":"https:\/\/theleonlawfirm.com\/es\/wp-json\/wp\/v2\/pages\/39215"}],"wp:featuredmedia":[{"embeddable":true,"href":"https:\/\/theleonlawfirm.com\/es\/wp-json\/wp\/v2\/media\/38560"}],"wp:attachment":[{"href":"https:\/\/theleonlawfirm.com\/es\/wp-json\/wp\/v2\/media?parent=39343"}],"curies":[{"name":"wp","href":"https:\/\/api.w.org\/{rel}","templated":true}]}}