{"id":39339,"date":"2025-07-10T04:08:18","date_gmt":"2025-07-10T09:08:18","guid":{"rendered":"https:\/\/lenlawfirm8new.wpenginepowered.com\/?page_id=39339"},"modified":"2026-03-18T01:47:58","modified_gmt":"2026-03-18T06:47:58","slug":"abogado-de-responsabilidad-por-productos-defectuosos-en-sugar-land","status":"publish","type":"page","link":"https:\/\/theleonlawfirm.com\/es\/responsabilidad-por-productos-defectuosos\/","title":{"rendered":"Responsabilidad por productos defectuosos"},"content":{"rendered":"<p>[et_pb_section fb_built=\u00bb1&#8243; _builder_version=\u00bb4.27.4&#8243; _module_preset=\u00bbdefault\u00bb background_color=\u00bbgcid-primary-color\u00bb locked=\u00bboff\u00bb collapsed=\u00bboff\u00bb global_colors_info=\u00bb{%22gcid-primary-color%22:%91%22background_color%22%93}\u00bb][et_pb_row column_structure=\u00bb1_2,1_2&#8243; use_custom_gutter=\u00bbon\u00bb make_equal=\u00bbon\u00bb module_class=\u00bbcustom_row\u00bb _builder_version=\u00bb4.27.4&#8243; _module_preset=\u00bbdefault\u00bb custom_margin=\u00bb30px||||false|false\u00bb global_colors_info=\u00bb{}\u00bb][et_pb_column type=\u00bb1_2&#8243; _builder_version=\u00bb4.27.4&#8243; _module_preset=\u00bbdefault\u00bb global_colors_info=\u00bb{}\u00bb][et_pb_image src=\u00bbhttps:\/\/theleonlawfirm.com\/wp-content\/uploads\/Product-Liability-Attorney-Image-2.jpg\u00bb alt=\u00bbPersonal Injury Attorney Services Section Image\u00bb title_text=\u00bbProduct Liability Attorney Image\u00bb _builder_version=\u00bb4.27.4&#8243; _module_preset=\u00bbdefault\u00bb global_colors_info=\u00bb{}\u00bb][\/et_pb_image][\/et_pb_column][et_pb_column type=\u00bb1_2&#8243; _builder_version=\u00bb4.27.4&#8243; _module_preset=\u00bbdefault\u00bb global_colors_info=\u00bb{}\u00bb][et_pb_text _builder_version=\u00bb4.27.4&#8243; _module_preset=\u00bbdefault\u00bb custom_margin=\u00bb12px||0px||false|false\u00bb global_colors_info=\u00bb{}\u00bb]<\/p>\n<ul>\n<li>Algunos de los productos que suelen ser el centro de los casos de responsabilidad por productos son:<a href=\"\/es\/medicamentos-peligrosos\/\">Farmac\u00e9uticos<\/a><\/li>\n<li><a href=\"\/es\/productos-medicos-defectuosos\/\">Instrumentos y dispositivos m\u00e9dicos<\/a><\/li>\n<li>Alimentos y tabaco<\/li>\n<li>Ropa<\/li>\n<li>Aparatos dom\u00e9sticos<\/li>\n<li>Productos de interior (enchufes y tomas de corriente, muebles)<\/li>\n<li>Equipos de ocio y juguetes<\/li>\n<li>Armas de fuego<\/li>\n<li>Herramientas, equipos y maquinaria<\/li>\n<li><a href=\"\/es\/exposicion-a-toxicos\/\">Productos y sustancias t\u00f3xicas<\/a> (productos de limpieza, pesticidas, <a href=\"\/es\/asbesto-mesotelioma\/\">amianto<\/a>)<\/li>\n<li>Veh\u00edculos motorizados (<a href=\"\/es\/accidentes-de-autobus\/\">autos<\/a>, <a href=\"\/es\/accidentes-de-moto\/\">motos<\/a>, <a href=\"\/es\/accidentes-de-camiones\/\">camiones<\/a>)<\/li>\n<li>Partes y accesorios para autom\u00f3viles (neum\u00e1ticos, frenos, airbags, cinturones de seguridad, asientos para autom\u00f3viles)<\/li>\n<\/ul>\n<p>[\/et_pb_text][\/et_pb_column][\/et_pb_row][et_pb_row _builder_version=\u00bb4.27.4&#8243; _module_preset=\u00bbdefault\u00bb custom_margin=\u00bb15px||||false|false\u00bb global_colors_info=\u00bb{}\u00bb][et_pb_column type=\u00bb4_4&#8243; _builder_version=\u00bb4.27.4&#8243; _module_preset=\u00bbdefault\u00bb global_colors_info=\u00bb{}\u00bb][et_pb_text _builder_version=\u00bb4.27.4&#8243; _module_preset=\u00bbdefault\u00bb global_colors_info=\u00bb{}\u00bb]<\/p>\n<h3>P\u00f3ngase en contacto con un abogado de lesiones personales en Sugar Land hoy<\/h3>\n<p>Si usted ha sido lesionado como resultado de un producto defectuoso, p\u00f3ngase en contacto con un abogado de responsabilidad de productos de Sugar Land tan pronto como sea posible. Si usted ha perdido tr\u00e1gicamente a un ser querido en tal circunstancia, un abogado puede ayudarle a perseguir una <a href=\"\/es\/muerte-por-negligencia\/\">demanda de muerte por negligencia<\/a>.<\/p>\n<p>En <a href=\"\/es\/\">The Le\u00f3n Law Firm, P.C.<\/a>, nuestra experiencia y conocimiento de estos casos puede ser incre\u00edblemente \u00fatil. Las demandas por responsabilidad de productos pueden estar relacionadas con una enorme variedad de incidentes. En muchos de ellos, se necesita la familiaridad y la comprensi\u00f3n para reconocer el papel de un producto defectuoso jugado. Es por ello que debe ponerse en contacto con nosotros incluso si no est\u00e1 seguro de sus opciones legales. Le ofreceremos la informaci\u00f3n que necesita saber y estaremos encantados de responder a cualquier pregunta que pueda tener.<\/p>\n<p>Por supuesto, en muchos casos, est\u00e1 muy claro d\u00f3nde recae la responsabilidad. Cualquiera que sea la circunstancia, nuestro bufete puede ayudarle a entender sus opciones y determinar el mejor curso de acci\u00f3n. Identificaremos las v\u00edas de compensaci\u00f3n y utilizaremos nuestra habilidad para abordar la gran cantidad de complejidades de un caso de este tipo. Nuestro prop\u00f3sito es proteger sus derechos y perseguir la m\u00e1xima compensaci\u00f3n disponible.<\/p>\n<p><strong><a href=\"\/contact-best-law-company\/\">Contacte a un abogado de responsabilidad de productos de Sugar Land<\/a> si usted o un ser querido ha sido lesionado o muerto debido a un producto defectuoso.<\/strong><\/p>\n<p>[\/et_pb_text][\/et_pb_column][\/et_pb_row][\/et_pb_section]<\/p>\n","protected":false},"excerpt":{"rendered":"<p>Algunos de los productos que suelen ser el centro de los casos de responsabilidad por productos son:Farmac\u00e9uticos Instrumentos y dispositivos m\u00e9dicos Alimentos y tabaco Ropa Aparatos dom\u00e9sticos Productos de interior (enchufes y tomas de corriente, muebles) Equipos de ocio y juguetes Armas de fuego Herramientas, equipos y maquinaria Productos y sustancias t\u00f3xicas (productos de limpieza, [&hellip;]<\/p>\n","protected":false},"author":6,"featured_media":38560,"parent":39215,"menu_order":0,"comment_status":"closed","ping_status":"closed","template":"","meta":{"_acf_changed":false,"_et_pb_use_builder":"on","_et_pb_old_content":"","_et_gb_content_width":"","footnotes":""},"class_list":["post-39339","page","type-page","status-publish","has-post-thumbnail","hentry"],"acf":[],"_links":{"self":[{"href":"https:\/\/theleonlawfirm.com\/es\/wp-json\/wp\/v2\/pages\/39339","targetHints":{"allow":["GET"]}}],"collection":[{"href":"https:\/\/theleonlawfirm.com\/es\/wp-json\/wp\/v2\/pages"}],"about":[{"href":"https:\/\/theleonlawfirm.com\/es\/wp-json\/wp\/v2\/types\/page"}],"author":[{"embeddable":true,"href":"https:\/\/theleonlawfirm.com\/es\/wp-json\/wp\/v2\/users\/6"}],"replies":[{"embeddable":true,"href":"https:\/\/theleonlawfirm.com\/es\/wp-json\/wp\/v2\/comments?post=39339"}],"version-history":[{"count":0,"href":"https:\/\/theleonlawfirm.com\/es\/wp-json\/wp\/v2\/pages\/39339\/revisions"}],"up":[{"embeddable":true,"href":"https:\/\/theleonlawfirm.com\/es\/wp-json\/wp\/v2\/pages\/39215"}],"wp:featuredmedia":[{"embeddable":true,"href":"https:\/\/theleonlawfirm.com\/es\/wp-json\/wp\/v2\/media\/38560"}],"wp:attachment":[{"href":"https:\/\/theleonlawfirm.com\/es\/wp-json\/wp\/v2\/media?parent=39339"}],"curies":[{"name":"wp","href":"https:\/\/api.w.org\/{rel}","templated":true}]}}