{"id":39333,"date":"2025-07-10T03:59:58","date_gmt":"2025-07-10T08:59:58","guid":{"rendered":"https:\/\/lenlawfirm8new.wpenginepowered.com\/?page_id=39333"},"modified":"2025-07-16T23:34:05","modified_gmt":"2025-07-17T04:34:05","slug":"abogado-de-casos-de-responsabilidad-de-locales-en-sugar-land","status":"publish","type":"page","link":"https:\/\/theleonlawfirm.com\/es\/responsabilidad-de-los-locales\/","title":{"rendered":"Responsabilidad de los locales"},"content":{"rendered":"<p>[et_pb_section fb_built=\u00bb1&#8243; _builder_version=\u00bb4.27.4&#8243; _module_preset=\u00bbdefault\u00bb background_color=\u00bbgcid-primary-color\u00bb locked=\u00bboff\u00bb collapsed=\u00bboff\u00bb global_colors_info=\u00bb{%22gcid-primary-color%22:%91%22background_color%22%93}\u00bb][et_pb_row column_structure=\u00bb1_2,1_2&#8243; use_custom_gutter=\u00bbon\u00bb make_equal=\u00bbon\u00bb module_class=\u00bbcustom_row\u00bb _builder_version=\u00bb4.27.4&#8243; _module_preset=\u00bbdefault\u00bb custom_margin=\u00bb||||false|false\u00bb global_colors_info=\u00bb{}\u00bb][et_pb_column type=\u00bb1_2&#8243; _builder_version=\u00bb4.27.4&#8243; _module_preset=\u00bbdefault\u00bb global_colors_info=\u00bb{}\u00bb][et_pb_image src=\u00bbhttps:\/\/theleonlawfirm.com\/wp-content\/uploads\/Abogado-de-casos-de-Responsabilidad-de-Locales-en-Sugar-Land-image.jpg\u00bb alt=\u00bbAbogado de casos de Responsabilidad de Locales en Sugar Land image\u00bb title_text=\u00bbAbogado de casos de Responsabilidad de Locales en Sugar Land image\u00bb _builder_version=\u00bb4.27.4&#8243; _module_preset=\u00bbdefault\u00bb global_colors_info=\u00bb{}\u00bb][\/et_pb_image][\/et_pb_column][et_pb_column type=\u00bb1_2&#8243; _builder_version=\u00bb4.27.4&#8243; _module_preset=\u00bbdefault\u00bb global_colors_info=\u00bb{}\u00bb][et_pb_text _builder_version=\u00bb4.27.4&#8243; _module_preset=\u00bbdefault\u00bb custom_margin=\u00bb12px||0px||false|false\u00bb global_colors_info=\u00bb{}\u00bb]<\/p>\n<ul>\n<li>Ejemplos de factores que se considerar\u00edan en un caso de responsabilidad de locales incluyen:<\/li>\n<li>Superficies resbaladizas<\/li>\n<li>Suelos irregulares o cambios imprevisibles en las<\/li>\n<li>superficies para caminar<\/li>\n<li>Hay boquetes o agujeros en el suelo<\/li>\n<li>Pasillos o salidas obstruidas<\/li>\n<li>Escaleras peligrosas<\/li>\n<li>Balcones inseguros<\/li>\n<li>Iluminaci\u00f3n deficiente<\/li>\n<li>Peligros el\u00e9ctricos<\/li>\n<li>Equipamiento inseguro<\/li>\n<li>Seguridad insuficiente o negligente<\/li>\n<li>Pintura con plomo<\/li>\n<li><a href=\"\/es\/exposicion-a-toxicos\/\">Productos qu\u00edmicos peligrosos<\/a><\/li>\n<li>No advertir eficazmente de las condiciones inseguras<\/li>\n<\/ul>\n<p>[\/et_pb_text][\/et_pb_column][\/et_pb_row][et_pb_row _builder_version=\u00bb4.27.4&#8243; _module_preset=\u00bbdefault\u00bb custom_margin=\u00bb15px||||false|false\u00bb global_colors_info=\u00bb{}\u00bb][et_pb_column type=\u00bb4_4&#8243; _builder_version=\u00bb4.27.4&#8243; _module_preset=\u00bbdefault\u00bb global_colors_info=\u00bb{}\u00bb][et_pb_text _builder_version=\u00bb4.27.4&#8243; _module_preset=\u00bbdefault\u00bb global_colors_info=\u00bb{}\u00bb]<\/p>\n<h3>\u00bfQu\u00e9 debo hacer si me he lesionado?<\/h3>\n<p>Si se ha lesionado debido a estos factores, intente obtener pruebas fotogr\u00e1ficas de las condiciones en juego lo antes posible. A menudo, los responsables act\u00faan r\u00e1pidamente para alterar la zona y evitar las consecuencias legales. Tan pronto como sea posible, p\u00f3ngase en contacto con un abogado de lesiones personales de Sugar Land, que puede ayudarle a determinar su mejor curso de acci\u00f3n.<\/p>\n<p>Cuando usted trae su caso a <a href=\"\/es\/\">The Le\u00f3n Law Firm, P.C.<\/a>, llevaremos a cabo una revisi\u00f3n exhaustiva de los factores involucrados. Vamos a ayudar a determinar la parte que debe ser demandado, que puede ser el due\u00f1o de la propiedad, cuidador, propietario, due\u00f1o de negocios, minorista, o agencia gubernamental. Llevaremos a cabo todas las acciones necesarias para construir su caso, como entrevistar a los testigos o realizar investigaciones directas. Entendemos las consecuencias personales de una lesi\u00f3n de este tipo y lucharemos para defender sus derechos. La negligencia con respecto a la seguridad de los dem\u00e1s no es aceptable y si usted ha sido lesionado, merece una compensaci\u00f3n por sus gastos, la p\u00e9rdida de ingresos y el trauma f\u00edsico y emocional. Perseguiremos agresivamente su reclamo y nos esforzaremos por obtener la m\u00e1xima compensaci\u00f3n.<\/p>\n<p><strong><a href=\"\/contact-best-law-company\/\">Contacte a un abogado de responsabilidad de locales de Sugar Land<\/a> si ha sido lesionado debido a locales peligrosos.<\/strong><\/p>\n<p>[\/et_pb_text][\/et_pb_column][\/et_pb_row][\/et_pb_section]<\/p>\n","protected":false},"excerpt":{"rendered":"<p>Ejemplos de factores que se considerar\u00edan en un caso de responsabilidad de locales incluyen: Superficies resbaladizas Suelos irregulares o cambios imprevisibles en las superficies para caminar Hay boquetes o agujeros en el suelo Pasillos o salidas obstruidas Escaleras peligrosas Balcones inseguros Iluminaci\u00f3n deficiente Peligros el\u00e9ctricos Equipamiento inseguro Seguridad insuficiente o negligente Pintura con plomo Productos [&hellip;]<\/p>\n","protected":false},"author":6,"featured_media":38560,"parent":39215,"menu_order":0,"comment_status":"closed","ping_status":"closed","template":"","meta":{"_acf_changed":false,"_et_pb_use_builder":"on","_et_pb_old_content":"","_et_gb_content_width":"","footnotes":""},"class_list":["post-39333","page","type-page","status-publish","has-post-thumbnail","hentry"],"acf":[],"_links":{"self":[{"href":"https:\/\/theleonlawfirm.com\/es\/wp-json\/wp\/v2\/pages\/39333","targetHints":{"allow":["GET"]}}],"collection":[{"href":"https:\/\/theleonlawfirm.com\/es\/wp-json\/wp\/v2\/pages"}],"about":[{"href":"https:\/\/theleonlawfirm.com\/es\/wp-json\/wp\/v2\/types\/page"}],"author":[{"embeddable":true,"href":"https:\/\/theleonlawfirm.com\/es\/wp-json\/wp\/v2\/users\/6"}],"replies":[{"embeddable":true,"href":"https:\/\/theleonlawfirm.com\/es\/wp-json\/wp\/v2\/comments?post=39333"}],"version-history":[{"count":0,"href":"https:\/\/theleonlawfirm.com\/es\/wp-json\/wp\/v2\/pages\/39333\/revisions"}],"up":[{"embeddable":true,"href":"https:\/\/theleonlawfirm.com\/es\/wp-json\/wp\/v2\/pages\/39215"}],"wp:featuredmedia":[{"embeddable":true,"href":"https:\/\/theleonlawfirm.com\/es\/wp-json\/wp\/v2\/media\/38560"}],"wp:attachment":[{"href":"https:\/\/theleonlawfirm.com\/es\/wp-json\/wp\/v2\/media?parent=39333"}],"curies":[{"name":"wp","href":"https:\/\/api.w.org\/{rel}","templated":true}]}}