{"id":39325,"date":"2025-07-10T03:37:16","date_gmt":"2025-07-10T08:37:16","guid":{"rendered":"https:\/\/lenlawfirm8new.wpenginepowered.com\/?page_id=39325"},"modified":"2025-07-16T23:32:17","modified_gmt":"2025-07-17T04:32:17","slug":"abogado-de-lesiones-personales-en-sugar-land","status":"publish","type":"page","link":"https:\/\/theleonlawfirm.com\/es\/indemnizaciones-por-huracanes\/","title":{"rendered":"Indemnizaciones por huracanes"},"content":{"rendered":"<p>[et_pb_section fb_built=\u00bb1&#8243; _builder_version=\u00bb4.27.4&#8243; _module_preset=\u00bbdefault\u00bb background_color=\u00bbgcid-primary-color\u00bb locked=\u00bboff\u00bb collapsed=\u00bboff\u00bb global_colors_info=\u00bb{%22gcid-primary-color%22:%91%22background_color%22%93}\u00bb][et_pb_row _builder_version=\u00bb4.27.4&#8243; _module_preset=\u00bbdefault\u00bb custom_margin=\u00bb||||false|false\u00bb global_colors_info=\u00bb{}\u00bb][et_pb_column type=\u00bb4_4&#8243; _builder_version=\u00bb4.27.4&#8243; _module_preset=\u00bbdefault\u00bb global_colors_info=\u00bb{}\u00bb][et_pb_text _builder_version=\u00bb4.27.4&#8243; _module_preset=\u00bbdefault\u00bb text_orientation=\u00bbcenter\u00bb global_colors_info=\u00bb{}\u00bb]<\/p>\n<p>En el estado de Texas, los huracanes no son infrecuentes. Durante los meses de junio a noviembre, los huracanes son propensos a azotar la costa sureste de Texas, y pueden moverse f\u00e1cilmente a trav\u00e9s de la ciudad de Sugar Land. Aqu\u00ed, en <a href=\"\/es\/\">The Le\u00f3n Law Firm, P.C.<\/a>, entendemos que usted querr\u00e1 encontrar alivio tan pronto como sea posible despu\u00e9s de una tragedia en toda la comunidad como esto golpea. Despu\u00e9s de un hurac\u00e1n, es razonable tener emociones intensas y temores para el futuro, pero estamos aqu\u00ed para decirle que no tome ninguna decisi\u00f3n que cambie su vida hasta que hable con su abogado.<\/p>\n<p>[\/et_pb_text][\/et_pb_column][\/et_pb_row][et_pb_row column_structure=\u00bb1_2,1_2&#8243; use_custom_gutter=\u00bbon\u00bb make_equal=\u00bbon\u00bb module_class=\u00bbcustom_row\u00bb _builder_version=\u00bb4.27.4&#8243; _module_preset=\u00bbdefault\u00bb custom_margin=\u00bb30px||||false|false\u00bb global_colors_info=\u00bb{}\u00bb][et_pb_column type=\u00bb1_2&#8243; _builder_version=\u00bb4.27.4&#8243; _module_preset=\u00bbdefault\u00bb global_colors_info=\u00bb{}\u00bb][et_pb_image src=\u00bbhttps:\/\/theleonlawfirm.com\/wp-content\/uploads\/indemnizaciones-por-huracanes-image.jpg\u00bb alt=\u00bbindemnizaciones por huracanes image\u00bb title_text=\u00bbindemnizaciones por huracanes image\u00bb _builder_version=\u00bb4.27.4&#8243; _module_preset=\u00bbdefault\u00bb global_colors_info=\u00bb{}\u00bb][\/et_pb_image][\/et_pb_column][et_pb_column type=\u00bb1_2&#8243; _builder_version=\u00bb4.27.4&#8243; _module_preset=\u00bbdefault\u00bb global_colors_info=\u00bb{}\u00bb][et_pb_text _builder_version=\u00bb4.27.4&#8243; _module_preset=\u00bbdefault\u00bb global_colors_info=\u00bb{}\u00bb]<\/p>\n<h2>Representaci\u00f3n legal excepcional para su reclamo por hurac\u00e1n en Sugar Land<\/h2>\n<p>Si desea obtener un acuerdo que pueda cubrir la totalidad de sus da\u00f1os y le permita reconstruir o comenzar de nuevo, debe asegurar la representaci\u00f3n legal tan pronto como sea posible. Su <a href=\"\/es\/perfil-de-nuestros-abogados\/\">abogado de indemnizaci\u00f3n por hurac\u00e1n<\/a> de Sugar Land ser\u00e1 capaz de litigar en su nombre con las compa\u00f1\u00edas de seguros para asegurar que usted pueda obtener todo lo que necesita para salir adelante.<\/p>\n<p>Podremos realizar una investigaci\u00f3n exhaustiva de los da\u00f1os causados por el hurac\u00e1n para determinar la mejor estrategia para su caso. Nuestra firma se da cuenta de que no hay dos reclamaciones iguales, por lo que nunca pondremos a nuestros clientes en un molde de corte de galletas. Creemos firmemente que luchar por sus derechos y maximizar los da\u00f1os es la \u00fanica manera de encontrar el mejor resultado posible para su caso.<\/p>\n<p>[\/et_pb_text][\/et_pb_column][\/et_pb_row][et_pb_row _builder_version=\u00bb4.27.4&#8243; _module_preset=\u00bbdefault\u00bb custom_margin=\u00bb15px||||false|false\u00bb global_colors_info=\u00bb{}\u00bb][et_pb_column type=\u00bb4_4&#8243; _builder_version=\u00bb4.27.4&#8243; _module_preset=\u00bbdefault\u00bb global_colors_info=\u00bb{}\u00bb][et_pb_text _builder_version=\u00bb4.27.4&#8243; _module_preset=\u00bbdefault\u00bb global_colors_info=\u00bb{}\u00bb]<\/p>\n<p><strong>La Firma de Abogados Le\u00f3n, P.C. le insta encarecidamente a llamar a nuestra oficina despu\u00e9s de un hurac\u00e1n golpea el hogar de su familia. <a href=\"\/contact-best-law-company\/\">Contacte a un abogado de reclamos por huracanes en Sugar Land<\/a> hoy para aprender m\u00e1s sobre c\u00f3mo podemos proteger sus derechos y luchar por la <a href=\"\/es\/resultados\/\">compensaci\u00f3n<\/a> que usted merece.<\/strong><\/p>\n<p>[\/et_pb_text][\/et_pb_column][\/et_pb_row][\/et_pb_section]<\/p>\n","protected":false},"excerpt":{"rendered":"<p>En el estado de Texas, los huracanes no son infrecuentes. Durante los meses de junio a noviembre, los huracanes son propensos a azotar la costa sureste de Texas, y pueden moverse f\u00e1cilmente a trav\u00e9s de la ciudad de Sugar Land. Aqu\u00ed, en The Le\u00f3n Law Firm, P.C., entendemos que usted querr\u00e1 encontrar alivio tan pronto [&hellip;]<\/p>\n","protected":false},"author":6,"featured_media":38560,"parent":39215,"menu_order":0,"comment_status":"closed","ping_status":"closed","template":"","meta":{"_acf_changed":false,"_et_pb_use_builder":"on","_et_pb_old_content":"","_et_gb_content_width":"","footnotes":""},"class_list":["post-39325","page","type-page","status-publish","has-post-thumbnail","hentry"],"acf":[],"_links":{"self":[{"href":"https:\/\/theleonlawfirm.com\/es\/wp-json\/wp\/v2\/pages\/39325","targetHints":{"allow":["GET"]}}],"collection":[{"href":"https:\/\/theleonlawfirm.com\/es\/wp-json\/wp\/v2\/pages"}],"about":[{"href":"https:\/\/theleonlawfirm.com\/es\/wp-json\/wp\/v2\/types\/page"}],"author":[{"embeddable":true,"href":"https:\/\/theleonlawfirm.com\/es\/wp-json\/wp\/v2\/users\/6"}],"replies":[{"embeddable":true,"href":"https:\/\/theleonlawfirm.com\/es\/wp-json\/wp\/v2\/comments?post=39325"}],"version-history":[{"count":0,"href":"https:\/\/theleonlawfirm.com\/es\/wp-json\/wp\/v2\/pages\/39325\/revisions"}],"up":[{"embeddable":true,"href":"https:\/\/theleonlawfirm.com\/es\/wp-json\/wp\/v2\/pages\/39215"}],"wp:featuredmedia":[{"embeddable":true,"href":"https:\/\/theleonlawfirm.com\/es\/wp-json\/wp\/v2\/media\/38560"}],"wp:attachment":[{"href":"https:\/\/theleonlawfirm.com\/es\/wp-json\/wp\/v2\/media?parent=39325"}],"curies":[{"name":"wp","href":"https:\/\/api.w.org\/{rel}","templated":true}]}}