{"id":39322,"date":"2025-07-10T03:24:02","date_gmt":"2025-07-10T08:24:02","guid":{"rendered":"https:\/\/lenlawfirm8new.wpenginepowered.com\/?page_id=39322"},"modified":"2025-07-16T23:31:35","modified_gmt":"2025-07-17T04:31:35","slug":"abogado-de-accidentes-en-casos-de-conduccion-en-estado-de-ebriedad-en-sugar-land","status":"publish","type":"page","link":"https:\/\/theleonlawfirm.com\/es\/accidentes-y-muertes-por-conduccion-bajo-los-efectos-del-alcohol\/","title":{"rendered":"Accidentes y muertes por conducci\u00f3n bajo los efectos del alcohol"},"content":{"rendered":"<p>[et_pb_section fb_built=\u00bb1&#8243; _builder_version=\u00bb4.27.4&#8243; _module_preset=\u00bbdefault\u00bb background_color=\u00bbgcid-primary-color\u00bb locked=\u00bboff\u00bb collapsed=\u00bboff\u00bb global_colors_info=\u00bb{%22gcid-primary-color%22:%91%22background_color%22%93}\u00bb][et_pb_row _builder_version=\u00bb4.27.4&#8243; _module_preset=\u00bbdefault\u00bb custom_margin=\u00bb||||false|false\u00bb global_colors_info=\u00bb{}\u00bb][et_pb_column type=\u00bb4_4&#8243; _builder_version=\u00bb4.27.4&#8243; _module_preset=\u00bbdefault\u00bb global_colors_info=\u00bb{}\u00bb][et_pb_text _builder_version=\u00bb4.27.4&#8243; _module_preset=\u00bbdefault\u00bb text_orientation=\u00bbcenter\u00bb global_colors_info=\u00bb{}\u00bb]<\/p>\n<p>Si usted ha sido lesionado por un conductor ebrio o un ser querido fue asesinado en un <a href=\"\/es\/accidentes-de-autobus\/\">accidente de auto<\/a> o <a href=\"\/es\/accidentes-de-camiones\/\">accidente de cami\u00f3n<\/a> relacionado con el alcohol, no espere hasta que los testigos no puedan ser localizados o sus recuerdos se hayan desvanecido. P\u00f3ngase en contacto con un <a href=\"\/es\/lesiones-personales\/\">abogado de lesiones personales en Sugar Land<\/a> hoy para una evaluaci\u00f3n gratuita del caso.<\/p>\n<p>[\/et_pb_text][\/et_pb_column][\/et_pb_row][et_pb_row column_structure=\u00bb1_2,1_2&#8243; use_custom_gutter=\u00bbon\u00bb make_equal=\u00bbon\u00bb module_class=\u00bbcustom_row\u00bb _builder_version=\u00bb4.27.4&#8243; _module_preset=\u00bbdefault\u00bb custom_margin=\u00bb30px||||false|false\u00bb global_colors_info=\u00bb{}\u00bb][et_pb_column type=\u00bb1_2&#8243; _builder_version=\u00bb4.27.4&#8243; _module_preset=\u00bbdefault\u00bb global_colors_info=\u00bb{}\u00bb][et_pb_image src=\u00bbhttps:\/\/theleonlawfirm.com\/wp-content\/uploads\/Abogado-de-accidentes-en-casos-de-conduccion-en-estado-de-ebriedad-en-Sugar-Land-image.jpg\u00bb alt=\u00bbAbogado de accidentes en casos de conducci\u00f3n en estado de ebriedad en Sugar Land image\u00bb title_text=\u00bbAbogado de accidentes en casos de conducci\u00f3n en estado de ebriedad en Sugar Land image\u00bb _builder_version=\u00bb4.27.4&#8243; _module_preset=\u00bbdefault\u00bb global_colors_info=\u00bb{}\u00bb][\/et_pb_image][\/et_pb_column][et_pb_column type=\u00bb1_2&#8243; _builder_version=\u00bb4.27.4&#8243; _module_preset=\u00bbdefault\u00bb global_colors_info=\u00bb{}\u00bb][et_pb_text _builder_version=\u00bb4.27.4&#8243; _module_preset=\u00bbdefault\u00bb global_colors_info=\u00bb{}\u00bb]<\/p>\n<h2>Entendiendo las leyes de Dram Shop de Texas<\/h2>\n<p>Bajo la ley de Texas dram shop que se encuentra en el C\u00f3digo de Bebidas Alcoh\u00f3licas del estado, cualquier persona que sirve o vende alcohol a una persona visiblemente intoxicada que representa un peligro obvio para s\u00ed mismo o para los dem\u00e1s puede ser considerado responsable de las lesiones que causan m\u00e1s tarde. Esto se aplica a camareros, restaurantes, fiestas privadas en las que se sirve alcohol, eventos deportivos y otros lugares. En cada caso, hay que aportar pruebas que indiquen que a una persona intoxicada se le sirvi\u00f3 alcohol en un estado en el que era claramente un peligro para s\u00ed misma y para los dem\u00e1s.<\/p>\n<p>En Texas, los establecimientos s\u00f3lo pueden ser declarados responsables si un jurado determina que son responsables en un 50% o m\u00e1s de las lesiones de la v\u00edctima, siendo el conductor responsable de la parte restante. Dado que estos casos requieren un an\u00e1lisis riguroso para determinar la proporci\u00f3n de la culpa, es imperativo que usted busque la orientaci\u00f3n de un experto legal capacitado para asegurar que la responsabilidad caiga donde debe.[\/et_pb_text][\/et_pb_column][\/et_pb_row][et_pb_row _builder_version=\u00bb4.27.4&#8243; _module_preset=\u00bbdefault\u00bb custom_margin=\u00bb25px||||false|false\u00bb global_colors_info=\u00bb{}\u00bb][et_pb_column type=\u00bb4_4&#8243; _builder_version=\u00bb4.27.4&#8243; _module_preset=\u00bbdefault\u00bb global_colors_info=\u00bb{}\u00bb][et_pb_text _builder_version=\u00bb4.27.4&#8243; _module_preset=\u00bbdefault\u00bb global_colors_info=\u00bb{}\u00bb]<\/p>\n<h3>C\u00f3mo investigamos los accidentes por conducir ebrio en Sugar Land<\/h3>\n<p>Dado que las pruebas y los testimonios de los testigos oculares son importantes, nuestra oficina se mueve r\u00e1pidamente para reunir pruebas, hablar con los clientes del bar y entrevistar al personal del trabajo. Tambi\u00e9n citamos im\u00e1genes de v\u00eddeo cuando est\u00e1n disponibles para ver si alguien estaba claramente intoxicado mediante la revisi\u00f3n de sus acciones. Tambi\u00e9n miramos las cuentas de los bares y restaurantes para determinar cu\u00e1ndo se sirvi\u00f3 alcohol y en qu\u00e9 cantidad. Al dividir el peso de alguien por la cantidad de alcohol ordenado, podemos determinar con precisi\u00f3n si se sirvi\u00f3 demasiado alcohol.<\/p>\n<p>Como su abogado, el Sr. Le\u00f3n trabaja con economistas y planificadores de la atenci\u00f3n de la salud con el fin de determinar el impacto financiero de sus lesiones. Nuestra oficina considera los salarios perdidos, los gastos m\u00e9dicos y el dolor y el sufrimiento.<\/p>\n<p><em>Si usted ha sido lesionado o ha perdido a un ser querido debido a un conductor ebrio, p\u00f3ngase en contacto con un abogado de accidentes por conducci\u00f3n ebria en Sugar Land hoy y <a href=\"\/contact-best-law-company\/\">programe una consulta gratuita<\/a> para discutir su caso.<\/em><\/p>\n<p>[\/et_pb_text][\/et_pb_column][\/et_pb_row][\/et_pb_section]<\/p>\n","protected":false},"excerpt":{"rendered":"<p>Si usted ha sido lesionado por un conductor ebrio o un ser querido fue asesinado en un accidente de auto o accidente de cami\u00f3n relacionado con el alcohol, no espere hasta que los testigos no puedan ser localizados o sus recuerdos se hayan desvanecido. P\u00f3ngase en contacto con un abogado de lesiones personales en Sugar [&hellip;]<\/p>\n","protected":false},"author":6,"featured_media":38560,"parent":39215,"menu_order":0,"comment_status":"closed","ping_status":"closed","template":"","meta":{"_acf_changed":false,"_et_pb_use_builder":"on","_et_pb_old_content":"","_et_gb_content_width":"","footnotes":""},"class_list":["post-39322","page","type-page","status-publish","has-post-thumbnail","hentry"],"acf":[],"_links":{"self":[{"href":"https:\/\/theleonlawfirm.com\/es\/wp-json\/wp\/v2\/pages\/39322","targetHints":{"allow":["GET"]}}],"collection":[{"href":"https:\/\/theleonlawfirm.com\/es\/wp-json\/wp\/v2\/pages"}],"about":[{"href":"https:\/\/theleonlawfirm.com\/es\/wp-json\/wp\/v2\/types\/page"}],"author":[{"embeddable":true,"href":"https:\/\/theleonlawfirm.com\/es\/wp-json\/wp\/v2\/users\/6"}],"replies":[{"embeddable":true,"href":"https:\/\/theleonlawfirm.com\/es\/wp-json\/wp\/v2\/comments?post=39322"}],"version-history":[{"count":0,"href":"https:\/\/theleonlawfirm.com\/es\/wp-json\/wp\/v2\/pages\/39322\/revisions"}],"up":[{"embeddable":true,"href":"https:\/\/theleonlawfirm.com\/es\/wp-json\/wp\/v2\/pages\/39215"}],"wp:featuredmedia":[{"embeddable":true,"href":"https:\/\/theleonlawfirm.com\/es\/wp-json\/wp\/v2\/media\/38560"}],"wp:attachment":[{"href":"https:\/\/theleonlawfirm.com\/es\/wp-json\/wp\/v2\/media?parent=39322"}],"curies":[{"name":"wp","href":"https:\/\/api.w.org\/{rel}","templated":true}]}}