{"id":39316,"date":"2025-07-10T03:14:54","date_gmt":"2025-07-10T08:14:54","guid":{"rendered":"https:\/\/lenlawfirm8new.wpenginepowered.com\/?page_id=39316"},"modified":"2025-07-16T23:30:31","modified_gmt":"2025-07-17T04:30:31","slug":"abogado-de-casos-por-medicamentos-peligrosos-en-sugar-land","status":"publish","type":"page","link":"https:\/\/theleonlawfirm.com\/es\/medicamentos-peligrosos\/","title":{"rendered":"Medicamentos Peligrosos"},"content":{"rendered":"<p>[et_pb_section fb_built=\u00bb1&#8243; _builder_version=\u00bb4.27.4&#8243; _module_preset=\u00bbdefault\u00bb background_color=\u00bbgcid-primary-color\u00bb locked=\u00bboff\u00bb collapsed=\u00bboff\u00bb global_colors_info=\u00bb{%22gcid-primary-color%22:%91%22background_color%22%93}\u00bb][et_pb_row _builder_version=\u00bb4.27.4&#8243; _module_preset=\u00bbdefault\u00bb custom_margin=\u00bb||||false|false\u00bb global_colors_info=\u00bb{}\u00bb][et_pb_column type=\u00bb4_4&#8243; _builder_version=\u00bb4.27.4&#8243; _module_preset=\u00bbdefault\u00bb global_colors_info=\u00bb{}\u00bb][et_pb_text _builder_version=\u00bb4.27.4&#8243; _module_preset=\u00bbdefault\u00bb text_orientation=\u00bbcenter\u00bb global_colors_info=\u00bb{}\u00bb]<\/p>\n<p>Si usted ha resultado gravemente lesionado a causa de un producto m\u00e9dico defectuoso o ha perdido a un ser querido por culpa de medicamentos peligrosos, nuestro bufete quiere que sepa que ning\u00fan caso es demasiado grande para nosotros y que ning\u00fan cliente carece de importancia. Para programar una consulta gratuita, p\u00f3ngase en contacto con nuestra oficina hoy.<\/p>\n<p>[\/et_pb_text][\/et_pb_column][\/et_pb_row][et_pb_row column_structure=\u00bb1_2,1_2&#8243; use_custom_gutter=\u00bbon\u00bb make_equal=\u00bbon\u00bb module_class=\u00bbcustom_row\u00bb _builder_version=\u00bb4.27.4&#8243; _module_preset=\u00bbdefault\u00bb custom_margin=\u00bb30px||||false|false\u00bb global_colors_info=\u00bb{}\u00bb][et_pb_column type=\u00bb1_2&#8243; _builder_version=\u00bb4.27.4&#8243; _module_preset=\u00bbdefault\u00bb global_colors_info=\u00bb{}\u00bb][et_pb_image src=\u00bbhttps:\/\/theleonlawfirm.com\/wp-content\/uploads\/Abogado-de-casos-por-medicamentos-peligrosos-en-Sugar-Land-Section-Image.jpg\u00bb alt=\u00bbAbogado de casos por medicamentos peligrosos en Sugar Land Section Image\u00bb title_text=\u00bbAbogado de casos por medicamentos peligrosos en Sugar Land Section Image\u00bb _builder_version=\u00bb4.27.4&#8243; _module_preset=\u00bbdefault\u00bb global_colors_info=\u00bb{}\u00bb][\/et_pb_image][\/et_pb_column][et_pb_column type=\u00bb1_2&#8243; _builder_version=\u00bb4.27.4&#8243; _module_preset=\u00bbdefault\u00bb global_colors_info=\u00bb{}\u00bb][et_pb_text _builder_version=\u00bb4.27.4&#8243; _module_preset=\u00bbdefault\u00bb global_colors_info=\u00bb{}\u00bb]<\/p>\n<h2>Tipos de drogas peligrosas<\/h2>\n<ul>\n<li>Nuestro equipo legal representa a personas lesionadas debido al uso de los siguientes tipos de medicamentos:<\/li>\n<li>Fosamax<\/li>\n<li>Ketek<\/li>\n<li>Ortho Evra<\/li>\n<li>Vioxx<\/li>\n<li>Bextra<\/li>\n<li>Celebrex<\/li>\n<li>Zyprexa<\/li>\n<li>Viagra<\/li>\n<li>Cialis<\/li>\n<li>Levitra<\/li>\n<\/ul>\n<p>[\/et_pb_text][\/et_pb_column][\/et_pb_row][et_pb_row _builder_version=\u00bb4.27.4&#8243; _module_preset=\u00bbdefault\u00bb custom_margin=\u00bb15px||||false|false\u00bb global_colors_info=\u00bb{}\u00bb][et_pb_column type=\u00bb4_4&#8243; _builder_version=\u00bb4.27.4&#8243; _module_preset=\u00bbdefault\u00bb global_colors_info=\u00bb{}\u00bb][et_pb_text _builder_version=\u00bb4.27.4&#8243; _module_preset=\u00bbdefault\u00bb global_colors_info=\u00bb{}\u00bb]<\/p>\n<p>Tambi\u00e9n representamos a clientes en casos de medicamentos que implican un error en la farmacia o un error de prescripci\u00f3n del m\u00e9dico que resulta en una lesi\u00f3n grave o una combinaci\u00f3n fatal de medicamentos. En todos estos asuntos, nuestro bufete se compromete a proporcionar algo m\u00e1s que atenci\u00f3n legal a las personas que ayudamos. Por esta raz\u00f3n, tambi\u00e9n tratamos de ayudar a nuestros clientes a hacer frente a las dificultades como los gastos m\u00e9dicos, problemas de transporte, y el desgaste financiero que incluso una p\u00e9rdida temporal de ingresos puede tener en las finanzas de una familia trabajadora.<\/p>\n<p>Como la firma de abogados de su elecci\u00f3n, nuestros <a href=\"\/es\/medicamentos-peligrosos\/\">abogados de medicamentos defectuosos<\/a> quieren eliminar el mayor estr\u00e9s y la ansiedad del proceso como sea posible. Siempre haremos todo lo posible para ser accesibles, disponibles y receptivos a sus preocupaciones y trabajaremos duro para manejar su caso tan <a href=\"\/why-hire-us\/\">eficientemente como sea posible<\/a> con el fin de conseguirle la <a href=\"\/es\/resultados\/\">compensaci\u00f3n<\/a> a la que tiene derecho.<\/p>\n<p><strong>Para una consulta gratuita y para saber m\u00e1s sobre c\u00f3mo podemos ayudarle, <a href=\"\/contact-best-law-company\/\">contacte a un abogado de drogas peligrosas en Sugar Land<\/a> en The Le\u00f3n Law Firm, P.C.<\/strong><\/p>\n<p>[\/et_pb_text][\/et_pb_column][\/et_pb_row][\/et_pb_section]<\/p>\n","protected":false},"excerpt":{"rendered":"<p>Si usted ha resultado gravemente lesionado a causa de un producto m\u00e9dico defectuoso o ha perdido a un ser querido por culpa de medicamentos peligrosos, nuestro bufete quiere que sepa que ning\u00fan caso es demasiado grande para nosotros y que ning\u00fan cliente carece de importancia. Para programar una consulta gratuita, p\u00f3ngase en contacto con nuestra [&hellip;]<\/p>\n","protected":false},"author":6,"featured_media":38560,"parent":39215,"menu_order":0,"comment_status":"closed","ping_status":"closed","template":"","meta":{"_acf_changed":false,"_et_pb_use_builder":"on","_et_pb_old_content":"","_et_gb_content_width":"","footnotes":""},"class_list":["post-39316","page","type-page","status-publish","has-post-thumbnail","hentry"],"acf":[],"_links":{"self":[{"href":"https:\/\/theleonlawfirm.com\/es\/wp-json\/wp\/v2\/pages\/39316","targetHints":{"allow":["GET"]}}],"collection":[{"href":"https:\/\/theleonlawfirm.com\/es\/wp-json\/wp\/v2\/pages"}],"about":[{"href":"https:\/\/theleonlawfirm.com\/es\/wp-json\/wp\/v2\/types\/page"}],"author":[{"embeddable":true,"href":"https:\/\/theleonlawfirm.com\/es\/wp-json\/wp\/v2\/users\/6"}],"replies":[{"embeddable":true,"href":"https:\/\/theleonlawfirm.com\/es\/wp-json\/wp\/v2\/comments?post=39316"}],"version-history":[{"count":0,"href":"https:\/\/theleonlawfirm.com\/es\/wp-json\/wp\/v2\/pages\/39316\/revisions"}],"up":[{"embeddable":true,"href":"https:\/\/theleonlawfirm.com\/es\/wp-json\/wp\/v2\/pages\/39215"}],"wp:featuredmedia":[{"embeddable":true,"href":"https:\/\/theleonlawfirm.com\/es\/wp-json\/wp\/v2\/media\/38560"}],"wp:attachment":[{"href":"https:\/\/theleonlawfirm.com\/es\/wp-json\/wp\/v2\/media?parent=39316"}],"curies":[{"name":"wp","href":"https:\/\/api.w.org\/{rel}","templated":true}]}}