{"id":39314,"date":"2025-07-10T03:09:26","date_gmt":"2025-07-10T08:09:26","guid":{"rendered":"https:\/\/lenlawfirm8new.wpenginepowered.com\/?page_id=39314"},"modified":"2025-07-16T23:29:58","modified_gmt":"2025-07-17T04:29:58","slug":"abogado-de-accidentes-en-obras-de-construccion-en-sugar-land","status":"publish","type":"page","link":"https:\/\/theleonlawfirm.com\/es\/accidentes-en-obras-de-construccion\/","title":{"rendered":"Accidentes en obras de construcci\u00f3n"},"content":{"rendered":"<p>[et_pb_section fb_built=\u00bb1&#8243; _builder_version=\u00bb4.27.4&#8243; _module_preset=\u00bbdefault\u00bb background_color=\u00bbgcid-primary-color\u00bb locked=\u00bboff\u00bb collapsed=\u00bboff\u00bb global_colors_info=\u00bb{%22gcid-primary-color%22:%91%22background_color%22%93}\u00bb][et_pb_row column_structure=\u00bb1_2,1_2&#8243; use_custom_gutter=\u00bbon\u00bb make_equal=\u00bbon\u00bb module_class=\u00bbcustom_row\u00bb _builder_version=\u00bb4.27.4&#8243; _module_preset=\u00bbdefault\u00bb custom_margin=\u00bb||||false|false\u00bb global_colors_info=\u00bb{}\u00bb][et_pb_column type=\u00bb1_2&#8243; _builder_version=\u00bb4.27.4&#8243; _module_preset=\u00bbdefault\u00bb global_colors_info=\u00bb{}\u00bb][et_pb_image src=\u00bbhttps:\/\/theleonlawfirm.com\/wp-content\/uploads\/Construction-Site-Accident-Attorney-Image.jpg\u00bb alt=\u00bbPersonal Injury Attorney Services Section Image\u00bb title_text=\u00bbConstruction Site Accident Attorney Image\u00bb _builder_version=\u00bb4.27.4&#8243; _module_preset=\u00bbdefault\u00bb global_colors_info=\u00bb{}\u00bb][\/et_pb_image][\/et_pb_column][et_pb_column type=\u00bb1_2&#8243; _builder_version=\u00bb4.27.4&#8243; _module_preset=\u00bbdefault\u00bb global_colors_info=\u00bb{}\u00bb][et_pb_text _builder_version=\u00bb4.27.4&#8243; _module_preset=\u00bbdefault\u00bb global_colors_info=\u00bb{}\u00bb]<\/p>\n<h2>Recuperar la compensaci\u00f3n necesaria para sus lesiones<\/h2>\n<p>Debido a la forma en que el sistema de <a href=\"\/es\/accidentes-de-trabajo\/\">compensaci\u00f3n de los trabajadores<\/a> est\u00e1 establecido en este estado, los trabajadores no pueden presentar una demanda por lesiones personales contra su empleador a menos que ese empleador haya decidido no pagar en el sistema. En la mayor\u00eda de los casos, el \u00fanico recurso que tiene un trabajador lesionado es presentar una demanda de terceros contra otros que pueden ser legalmente responsables de sus lesiones debido a su negligencia. Algunos de estos individuos son el contratista general, el due\u00f1o de la propiedad, los subcontratistas, los administradores de la construcci\u00f3n y los fabricantes de equipos. Al revisar su caso podremos determinar si esta es una opci\u00f3n para usted. Si es as\u00ed, seguiremos adelante con su reclamaci\u00f3n lo m\u00e1s r\u00e1pidamente posible. Tambi\u00e9n le ayudaremos a resolver los embargos m\u00e9dicos en los que se incurra mientras se cubren sus gastos m\u00e9dicos, y le ayudaremos con las necesidades de transporte o cualquier otra dificultad que pueda estar enfrentando. Estamos aqu\u00ed para ayudar a resolver sus problemas legales para que pueda centrarse en la recuperaci\u00f3n y ser\u00e1 capaz de seguir adelante con su vida una vez m\u00e1s.<\/p>\n<p>[\/et_pb_text][\/et_pb_column][\/et_pb_row][et_pb_row _builder_version=\u00bb4.27.4&#8243; _module_preset=\u00bbdefault\u00bb custom_margin=\u00bb15px||||false|false\u00bb global_colors_info=\u00bb{}\u00bb][et_pb_column type=\u00bb4_4&#8243; _builder_version=\u00bb4.27.4&#8243; _module_preset=\u00bbdefault\u00bb global_colors_info=\u00bb{}\u00bb][et_pb_text _builder_version=\u00bb4.27.4&#8243; _module_preset=\u00bbdefault\u00bb global_colors_info=\u00bb{}\u00bb]<\/p>\n<p><strong><a href=\"\/contact-best-law-company\/\">Contacte a un abogado de accidentes en obras de construcci\u00f3n en Sugar Land<\/a> hoy mismo para obtener la s\u00f3lida representaci\u00f3n que necesita para recuperar la compensaci\u00f3n por sus facturas m\u00e9dicas y otros gastos.<\/strong><\/p>\n<p>Un abogado con experiencia en lesiones personales en Sugar Land de <a href=\"\/es\/\">The Le\u00f3n Law Firm, P.C<\/a>. puede representar su caso si usted o un ser querido ha sido gravemente herido en un <a href=\"\/es\/accidentes-de-trabajo\/\">accidente de trabajo<\/a> en un sitio de construcci\u00f3n. Durante muchos a\u00f1os hemos recuperado la compensaci\u00f3n en nombre de los trabajadores de la construcci\u00f3n en nuestra comunidad.<\/p>\n<p>[\/et_pb_text][\/et_pb_column][\/et_pb_row][\/et_pb_section]<\/p>\n","protected":false},"excerpt":{"rendered":"<p>Recuperar la compensaci\u00f3n necesaria para sus lesiones Debido a la forma en que el sistema de compensaci\u00f3n de los trabajadores est\u00e1 establecido en este estado, los trabajadores no pueden presentar una demanda por lesiones personales contra su empleador a menos que ese empleador haya decidido no pagar en el sistema. En la mayor\u00eda de los [&hellip;]<\/p>\n","protected":false},"author":6,"featured_media":38560,"parent":39215,"menu_order":0,"comment_status":"closed","ping_status":"closed","template":"","meta":{"_acf_changed":false,"_et_pb_use_builder":"on","_et_pb_old_content":"","_et_gb_content_width":"","footnotes":""},"class_list":["post-39314","page","type-page","status-publish","has-post-thumbnail","hentry"],"acf":[],"_links":{"self":[{"href":"https:\/\/theleonlawfirm.com\/es\/wp-json\/wp\/v2\/pages\/39314","targetHints":{"allow":["GET"]}}],"collection":[{"href":"https:\/\/theleonlawfirm.com\/es\/wp-json\/wp\/v2\/pages"}],"about":[{"href":"https:\/\/theleonlawfirm.com\/es\/wp-json\/wp\/v2\/types\/page"}],"author":[{"embeddable":true,"href":"https:\/\/theleonlawfirm.com\/es\/wp-json\/wp\/v2\/users\/6"}],"replies":[{"embeddable":true,"href":"https:\/\/theleonlawfirm.com\/es\/wp-json\/wp\/v2\/comments?post=39314"}],"version-history":[{"count":0,"href":"https:\/\/theleonlawfirm.com\/es\/wp-json\/wp\/v2\/pages\/39314\/revisions"}],"up":[{"embeddable":true,"href":"https:\/\/theleonlawfirm.com\/es\/wp-json\/wp\/v2\/pages\/39215"}],"wp:featuredmedia":[{"embeddable":true,"href":"https:\/\/theleonlawfirm.com\/es\/wp-json\/wp\/v2\/media\/38560"}],"wp:attachment":[{"href":"https:\/\/theleonlawfirm.com\/es\/wp-json\/wp\/v2\/media?parent=39314"}],"curies":[{"name":"wp","href":"https:\/\/api.w.org\/{rel}","templated":true}]}}