{"id":39309,"date":"2025-07-10T02:58:06","date_gmt":"2025-07-10T07:58:06","guid":{"rendered":"https:\/\/lenlawfirm8new.wpenginepowered.com\/?page_id=39309"},"modified":"2025-07-16T23:29:18","modified_gmt":"2025-07-17T04:29:18","slug":"abogado-de-accidentes-de-auto-en-sugar-land","status":"publish","type":"page","link":"https:\/\/theleonlawfirm.com\/es\/accidentes-auto\/","title":{"rendered":"Accidentes de auto"},"content":{"rendered":"<p>[et_pb_section fb_built=\u00bb1&#8243; _builder_version=\u00bb4.27.4&#8243; _module_preset=\u00bbdefault\u00bb background_color=\u00bbgcid-primary-color\u00bb locked=\u00bboff\u00bb collapsed=\u00bboff\u00bb global_colors_info=\u00bb{%22gcid-primary-color%22:%91%22background_color%22%93}\u00bb][et_pb_row _builder_version=\u00bb4.27.4&#8243; _module_preset=\u00bbdefault\u00bb custom_margin=\u00bb||||false|false\u00bb global_colors_info=\u00bb{}\u00bb][et_pb_column type=\u00bb4_4&#8243; _builder_version=\u00bb4.27.4&#8243; _module_preset=\u00bbdefault\u00bb global_colors_info=\u00bb{}\u00bb][et_pb_text _builder_version=\u00bb4.27.4&#8243; _module_preset=\u00bbdefault\u00bb text_orientation=\u00bbcenter\u00bb global_colors_info=\u00bb{}\u00bb]<\/p>\n<p>Con la <a href=\"\/faq-about-motor-vehicle-accidents\/\">ayuda de un abogado de accidente de coche de Sugar Land<\/a> de <a href=\"\/about-law-firm\/\">The Le\u00f3n Law Firm, P.C.<\/a>, puede esperar la dedicaci\u00f3n y los conocimientos que le representa de manera justa. A lo largo de nuestros <a href=\"\/es\/resultados\/\">22+ a\u00f1os de pr\u00e1ctica<\/a>, hemos asegurado m\u00e1s de 80 millones de d\u00f3lares para nuestros clientes represent\u00e1ndolos en casos judiciales dif\u00edciles y negociando acuerdos sensibles.<\/p>\n<p>\u00bfHa sufrido un accidente de auto? Llame a nuestros experimentados <a href=\"\/es\/accidentes-y-muertes-por-conduccion-bajo-los-efectos-del-alcohol\/\">abogados de accidentes de coche<\/a> en Sugar Land al<a href=\"tel: (281) 980-4529\"> (281) 980-4529<\/a> o <a href=\"\/contact-best-law-company\/\">escr\u00edbale a nuestro equipo<\/a> hoy mismo para entrar en acci\u00f3n!<\/p>\n<p>[\/et_pb_text][\/et_pb_column][\/et_pb_row][et_pb_row column_structure=\u00bb1_2,1_2&#8243; use_custom_gutter=\u00bbon\u00bb make_equal=\u00bbon\u00bb module_class=\u00bbcustom_row\u00bb _builder_version=\u00bb4.27.4&#8243; _module_preset=\u00bbdefault\u00bb custom_margin=\u00bb30px||||false|false\u00bb global_colors_info=\u00bb{}\u00bb][et_pb_column type=\u00bb1_2&#8243; _builder_version=\u00bb4.27.4&#8243; _module_preset=\u00bbdefault\u00bb global_colors_info=\u00bb{}\u00bb][et_pb_image src=\u00bbhttps:\/\/theleonlawfirm.com\/wp-content\/uploads\/Types-of-Car-Accidents-Img.jpg\u00bb alt=\u00bbPersonal Injury Attorney Services Section Image\u00bb title_text=\u00bbTypes of Car Accidents Img\u00bb _builder_version=\u00bb4.27.4&#8243; _module_preset=\u00bbdefault\u00bb global_colors_info=\u00bb{}\u00bb][\/et_pb_image][\/et_pb_column][et_pb_column type=\u00bb1_2&#8243; _builder_version=\u00bb4.27.4&#8243; _module_preset=\u00bbdefault\u00bb global_colors_info=\u00bb{}\u00bb][et_pb_text _builder_version=\u00bb4.27.4&#8243; _module_preset=\u00bbdefault\u00bb global_colors_info=\u00bb{}\u00bb]<\/p>\n<h2>No sea v\u00edctima de las consecuencias perjudiciales de un accidente de coche<\/h2>\n<p>Si no est\u00e1s preparado para defenderte a ti mismo y tus derechos despu\u00e9s de un accidente, podr\u00edas terminar cargando con todas las responsabilidades solo. Es probable que los dem\u00e1s conductores intenten eludir cualquier responsabilidad, aunque sepan que ha sido culpa suya. Lo peor de todo es que las compa\u00f1\u00edas de seguros podr\u00edan echar s\u00f3lo un breve vistazo a tu reclamaci\u00f3n y decidir que la cantidad m\u00ednima a pagar es lo que mereces.<\/p>\n<p><strong>Al final, las consecuencias que puedes experimentar despu\u00e9s de un accidente de coche incluyen:<\/strong><\/p>\n<p>[\/et_pb_text][et_pb_text _builder_version=\u00bb4.27.4&#8243; _module_preset=\u00bbdefault\u00bb custom_margin=\u00bb12px||0px||false|false\u00bb global_colors_info=\u00bb{}\u00bb]<\/p>\n<ul>\n<li>Las lesiones personales que te debilitan<\/li>\n<li>Da\u00f1os destructivos en su veh\u00edculo<\/li>\n<li>Facturas m\u00e9dicas<\/li>\n<li>Subidas de las tarifas de los seguros<\/li>\n<li>Demandas de otros perjudicados<\/li>\n<\/ul>\n<p>[\/et_pb_text][\/et_pb_column][\/et_pb_row][et_pb_row _builder_version=\u00bb4.27.4&#8243; _module_preset=\u00bbdefault\u00bb custom_margin=\u00bb15px||||false|false\u00bb global_colors_info=\u00bb{}\u00bb][et_pb_column type=\u00bb4_4&#8243; _builder_version=\u00bb4.27.4&#8243; _module_preset=\u00bbdefault\u00bb global_colors_info=\u00bb{}\u00bb][et_pb_text _builder_version=\u00bb4.27.4&#8243; _module_preset=\u00bbdefault\u00bb global_colors_info=\u00bb{}\u00bb]<\/p>\n<p>Nuestros abogados de <a href=\"\/es\/perfil-de-nuestros-abogados\/\">accidentes de auto<\/a> de Sugar Land han estado manejando reclamos de lesiones personales de todo tipo durante a\u00f1os, incluyendo un fuerte enfoque en los casos de accidentes de auto. Entendemos que siempre hay m\u00e1s de lo que se ve a simple vista y podemos trabajar incansablemente para descubrir evidencia importante en su nombre. Usando nuestra experiencia y conocimiento del sistema de litigaci\u00f3n, podemos tratar de probar que la culpa es de otras partes, tales como:<\/p>\n<ul>\n<li><a href=\"\/es\/accidentes-y-muertes-por-conduccion-bajo-los-efectos-del-alcohol\/\">Violaciones por conducir en estado de ebriedad<\/a><\/li>\n<li>Conducci\u00f3n temeraria o <a href=\"\/driving-while-texting\/\">conducci\u00f3n distra\u00edda<\/a><\/li>\n<li>Responsabilidad del fabricante y <a href=\"\/es\/responsabilidad-por-productos-defectuosos\/\">productos<\/a> defectuosos<\/li>\n<li>Analizar las pruebas fotogr\u00e1ficas y los testimonios de los testigos<\/li>\n<li>Identificaci\u00f3n de atropellos o <a href=\"\/uninsured-motorists\/\">automovilistas sin seguro<\/a><\/li>\n<\/ul>\n<p>[\/et_pb_text][et_pb_text _builder_version=\u00bb4.27.4&#8243; _module_preset=\u00bbdefault\u00bb global_colors_info=\u00bb{}\u00bb]<\/p>\n<h3>Autos con defectos en Texas<\/h3>\n<p>Algunos accidentes de veh\u00edculos de motor no tienen nada que ver con la negligencia de otro conductor. En cambio, puede ser la negligencia o indiferencia del fabricante la responsable de sus p\u00e9rdidas. Estos casos pueden involucrar <a href=\"\/product-liability-attorney\/\">productos defectuosos<\/a> o defectos de dise\u00f1o como <a href=\"\/es\/defectos-en-las-llantas\/\">defectos en los neum\u00e1ticos<\/a>, fallos en los respaldos de los asientos, pestillos de las puertas defectuosos, mal funcionamiento de los cinturones de seguridad, o reclamaciones por lesiones en los airbags.<\/p>\n<p>Nuestro bufete de abogados no tiene miedo de enfrentarse a los grandes fabricantes de autom\u00f3viles y a las empresas de fabricaci\u00f3n y <a href=\"\/why-hire-us\/\">perseguimos agresivamente<\/a> estas reclamaciones con el fin de maximizar la compensaci\u00f3n disponible para nuestros clientes.<\/p>\n<h3>Prep\u00e1rese para lo inesperado con nuestro bufete de abogados<\/h3>\n<p>Nadie debe ser considerado responsable de un accidente de coche que no caus\u00f3. En The Le\u00f3n Law Firm, P.C., realmente queremos que se recupere de su experiencia traum\u00e1tica mientras perseguimos su merecida compensaci\u00f3n financiera. Usted merece tener a alguien que trabaje diligentemente de su lado para asegurar que usted sea justamente compensado por las consecuencias de su accidente.<\/p>\n<p><strong><a href=\"\/contact-best-law-company\/\">Contacte con nosotros<\/a> hoy mismo para hacer su reclamo y comenzar a defender sus derechos como lesionado en una colisi\u00f3n de tr\u00e1fico perjudicial.<\/strong><\/p>\n<p>[\/et_pb_text][\/et_pb_column][\/et_pb_row][\/et_pb_section]<\/p>\n","protected":false},"excerpt":{"rendered":"<p>Con la ayuda de un abogado de accidente de coche de Sugar Land de The Le\u00f3n Law Firm, P.C., puede esperar la dedicaci\u00f3n y los conocimientos que le representa de manera justa. A lo largo de nuestros 22+ a\u00f1os de pr\u00e1ctica, hemos asegurado m\u00e1s de 80 millones de d\u00f3lares para nuestros clientes represent\u00e1ndolos en casos [&hellip;]<\/p>\n","protected":false},"author":6,"featured_media":38560,"parent":39215,"menu_order":0,"comment_status":"closed","ping_status":"closed","template":"","meta":{"_acf_changed":false,"_et_pb_use_builder":"on","_et_pb_old_content":"","_et_gb_content_width":"","footnotes":""},"class_list":["post-39309","page","type-page","status-publish","has-post-thumbnail","hentry"],"acf":[],"_links":{"self":[{"href":"https:\/\/theleonlawfirm.com\/es\/wp-json\/wp\/v2\/pages\/39309","targetHints":{"allow":["GET"]}}],"collection":[{"href":"https:\/\/theleonlawfirm.com\/es\/wp-json\/wp\/v2\/pages"}],"about":[{"href":"https:\/\/theleonlawfirm.com\/es\/wp-json\/wp\/v2\/types\/page"}],"author":[{"embeddable":true,"href":"https:\/\/theleonlawfirm.com\/es\/wp-json\/wp\/v2\/users\/6"}],"replies":[{"embeddable":true,"href":"https:\/\/theleonlawfirm.com\/es\/wp-json\/wp\/v2\/comments?post=39309"}],"version-history":[{"count":0,"href":"https:\/\/theleonlawfirm.com\/es\/wp-json\/wp\/v2\/pages\/39309\/revisions"}],"up":[{"embeddable":true,"href":"https:\/\/theleonlawfirm.com\/es\/wp-json\/wp\/v2\/pages\/39215"}],"wp:featuredmedia":[{"embeddable":true,"href":"https:\/\/theleonlawfirm.com\/es\/wp-json\/wp\/v2\/media\/38560"}],"wp:attachment":[{"href":"https:\/\/theleonlawfirm.com\/es\/wp-json\/wp\/v2\/media?parent=39309"}],"curies":[{"name":"wp","href":"https:\/\/api.w.org\/{rel}","templated":true}]}}