{"id":39297,"date":"2025-07-10T01:41:05","date_gmt":"2025-07-10T06:41:05","guid":{"rendered":"https:\/\/lenlawfirm8new.wpenginepowered.com\/?page_id=39297"},"modified":"2025-07-16T23:26:09","modified_gmt":"2025-07-17T04:26:09","slug":"abogado-que-atiende-casos-de-lesiones-en-el-parto","status":"publish","type":"page","link":"https:\/\/theleonlawfirm.com\/es\/lesiones-en-el-parto\/","title":{"rendered":"Lesiones en el parto"},"content":{"rendered":"<p>[et_pb_section fb_built=\u00bb1&#8243; _builder_version=\u00bb4.27.4&#8243; _module_preset=\u00bbdefault\u00bb background_color=\u00bbgcid-primary-color\u00bb locked=\u00bboff\u00bb collapsed=\u00bboff\u00bb global_colors_info=\u00bb{%22gcid-primary-color%22:%91%22background_color%22%93}\u00bb][et_pb_row _builder_version=\u00bb4.27.4&#8243; _module_preset=\u00bbdefault\u00bb custom_margin=\u00bb15px||||false|false\u00bb global_colors_info=\u00bb{}\u00bb][et_pb_column type=\u00bb4_4&#8243; _builder_version=\u00bb4.27.4&#8243; _module_preset=\u00bbdefault\u00bb global_colors_info=\u00bb{}\u00bb][et_pb_text _builder_version=\u00bb4.27.4&#8243; _module_preset=\u00bbdefault\u00bb text_orientation=\u00bbcenter\u00bb global_colors_info=\u00bb{}\u00bb]<\/p>\n<p>Si estos hechos tan tristes se han producido debido a <a href=\"\/es\/negligencia-medica\/\">mala praxis m\u00e9dica<\/a>, usted tiene derecho a demandar por da\u00f1os y perjuicios. Si su beb\u00e9 no ha sobrevivido, puede presentar una demanda por <a href=\"\/vehicle-accident-lawyers\/\">muerte por negligencia<\/a>. Los casos de lesiones de nacimiento tambi\u00e9n pueden incluir lesiones a la madre durante el parto. Un abogado de lesiones personales de Sugar Land puede ayudarle a reclamar una compensaci\u00f3n por los gastos incurridos, as\u00ed como por las p\u00e9rdidas sufridas. Hacerlo tambi\u00e9n puede ayudar a evitar que otros padres experimenten una tragedia similar.<\/p>\n<p>[\/et_pb_text][\/et_pb_column][\/et_pb_row][et_pb_row column_structure=\u00bb1_2,1_2&#8243; use_custom_gutter=\u00bbon\u00bb make_equal=\u00bbon\u00bb module_class=\u00bbcustom_row\u00bb _builder_version=\u00bb4.27.4&#8243; _module_preset=\u00bbdefault\u00bb custom_margin=\u00bb30px||||false|false\u00bb global_colors_info=\u00bb{}\u00bb][et_pb_column type=\u00bb1_2&#8243; _builder_version=\u00bb4.27.4&#8243; _module_preset=\u00bbdefault\u00bb global_colors_info=\u00bb{}\u00bb][et_pb_image src=\u00bbhttps:\/\/theleonlawfirm.com\/wp-content\/uploads\/Abogado-que-atiende-casos-de-lesiones-en-el-parto-section-imahe.jpg\u00bb alt=\u00bbAbogado que atiende casos de lesiones en el parto section imahe\u00bb title_text=\u00bbAbogado que atiende casos de lesiones en el parto section imahe\u00bb _builder_version=\u00bb4.27.4&#8243; _module_preset=\u00bbdefault\u00bb global_colors_info=\u00bb{}\u00bb][\/et_pb_image][\/et_pb_column][et_pb_column type=\u00bb1_2&#8243; _builder_version=\u00bb4.27.4&#8243; _module_preset=\u00bbdefault\u00bb global_colors_info=\u00bb{}\u00bb][et_pb_text _builder_version=\u00bb4.27.4&#8243; _module_preset=\u00bbdefault\u00bb global_colors_info=\u00bb{}\u00bb]<\/p>\n<h2>Las lesiones en el parto y las indemnizaciones<\/h2>\n<p>Algunos ejemplos de lesiones de nacimiento, y las condiciones que com\u00fanmente pueden resultar de las lesiones de nacimiento, incluyen:[\/et_pb_text][et_pb_text _builder_version=\u00bb4.27.4&#8243; _module_preset=\u00bbdefault\u00bb custom_margin=\u00bb12px||0px||false|false\u00bb global_colors_info=\u00bb{}\u00bb]<\/p>\n<ul>\n<li>Par\u00e1lisis cerebral<\/li>\n<li>Par\u00e1lisis de Bell (que provoca una par\u00e1lisis facial parcial)<\/li>\n<li>Par\u00e1lisis de Erb (tambi\u00e9n conocida como par\u00e1lisis del plexo braquial)<\/li>\n<li>Paliza de Klumpke<\/li>\n<li>Porcentaje de par\u00e1lisis en el ni\u00f1o<\/li>\n<li>Porcentaje de par\u00e1lisis en el ni\u00f1o<\/li>\n<li>Hematoma infantil<\/li>\n<li>Lesi\u00f3n cerebral o de la m\u00e9dula espinal<\/li>\n<li>Lesi\u00f3n o fractura \u00f3sea<\/li>\n<li>Lesi\u00f3n de tejidos blandos<\/li>\n<li>Lesi\u00f3n por f\u00f3rceps (puede incluir da\u00f1os en los nervios, lesiones en los tejidos blandos y cicatrices)<\/li>\n<li>Las lesiones resultantes de un parto en vac\u00edo<\/li>\n<li>Las lesiones resultantes de un parto en vac\u00edo<\/li>\n<li>Las lesiones resultantes de una ces\u00e1rea<\/li>\n<\/ul>\n<p>[\/et_pb_text][\/et_pb_column][\/et_pb_row][et_pb_row _builder_version=\u00bb4.27.4&#8243; _module_preset=\u00bbdefault\u00bb custom_margin=\u00bb15px||||false|false\u00bb global_colors_info=\u00bb{}\u00bb][et_pb_column type=\u00bb4_4&#8243; _builder_version=\u00bb4.27.4&#8243; _module_preset=\u00bbdefault\u00bb global_colors_info=\u00bb{}\u00bb][et_pb_text _builder_version=\u00bb4.27.4&#8243; _module_preset=\u00bbdefault\u00bb global_colors_info=\u00bb{}\u00bb]<\/p>\n<p>Cualquier condici\u00f3n anormal perjudicial para la salud del beb\u00e9 o de la madre puede ser motivo de reclamaci\u00f3n. La negligencia de un profesional m\u00e9dico puede producirse por no haber seleccionado el m\u00e9todo de parto adecuado o por no haberlo realizado sin errores. Tambi\u00e9n puede ser que el personal m\u00e9dico no haya reconocido el sufrimiento prenatal, no lo haya diagnosticado correctamente o no haya actuado adecuadamente.<\/p>\n<p>En <a href=\"\/es\/\">The Le\u00f3n Law Firm, P.C<\/a>., lucharemos en su nombre en busca de la m\u00e1xima compensaci\u00f3n. Nuestro equipo de abogados de lesiones por nacimiento en Sugar Land cree que usted debe ser asistido como sea posible para poder cuidar de su familia y haremos todo lo posible para ayudar.<\/p>\n<p><strong><a href=\"\/contact-best-law-company\/\">Contacte a un abogado de lesiones de nacimiento de Sugar Land<\/a> inmediatamente si su beb\u00e9 ha sido lesionado o afectado negativamente por las acciones del personal m\u00e9dico.<\/strong><\/p>\n<p>[\/et_pb_text][\/et_pb_column][\/et_pb_row][\/et_pb_section]<\/p>\n","protected":false},"excerpt":{"rendered":"<p>Si estos hechos tan tristes se han producido debido a mala praxis m\u00e9dica, usted tiene derecho a demandar por da\u00f1os y perjuicios. Si su beb\u00e9 no ha sobrevivido, puede presentar una demanda por muerte por negligencia. Los casos de lesiones de nacimiento tambi\u00e9n pueden incluir lesiones a la madre durante el parto. Un abogado de [&hellip;]<\/p>\n","protected":false},"author":6,"featured_media":38560,"parent":39215,"menu_order":0,"comment_status":"closed","ping_status":"closed","template":"","meta":{"_acf_changed":false,"_et_pb_use_builder":"on","_et_pb_old_content":"","_et_gb_content_width":"","footnotes":""},"class_list":["post-39297","page","type-page","status-publish","has-post-thumbnail","hentry"],"acf":[],"_links":{"self":[{"href":"https:\/\/theleonlawfirm.com\/es\/wp-json\/wp\/v2\/pages\/39297","targetHints":{"allow":["GET"]}}],"collection":[{"href":"https:\/\/theleonlawfirm.com\/es\/wp-json\/wp\/v2\/pages"}],"about":[{"href":"https:\/\/theleonlawfirm.com\/es\/wp-json\/wp\/v2\/types\/page"}],"author":[{"embeddable":true,"href":"https:\/\/theleonlawfirm.com\/es\/wp-json\/wp\/v2\/users\/6"}],"replies":[{"embeddable":true,"href":"https:\/\/theleonlawfirm.com\/es\/wp-json\/wp\/v2\/comments?post=39297"}],"version-history":[{"count":0,"href":"https:\/\/theleonlawfirm.com\/es\/wp-json\/wp\/v2\/pages\/39297\/revisions"}],"up":[{"embeddable":true,"href":"https:\/\/theleonlawfirm.com\/es\/wp-json\/wp\/v2\/pages\/39215"}],"wp:featuredmedia":[{"embeddable":true,"href":"https:\/\/theleonlawfirm.com\/es\/wp-json\/wp\/v2\/media\/38560"}],"wp:attachment":[{"href":"https:\/\/theleonlawfirm.com\/es\/wp-json\/wp\/v2\/media?parent=39297"}],"curies":[{"name":"wp","href":"https:\/\/api.w.org\/{rel}","templated":true}]}}