{"id":39229,"date":"2025-07-10T00:06:27","date_gmt":"2025-07-10T05:06:27","guid":{"rendered":"https:\/\/lenlawfirm8new.wpenginepowered.com\/?page_id=39229"},"modified":"2025-07-17T03:02:14","modified_gmt":"2025-07-17T08:02:14","slug":"abogado-de-demandas-de-pago-de-salarios-y-horas-de-trabajo-en-sugar-land","status":"publish","type":"page","link":"https:\/\/theleonlawfirm.com\/es\/incumplimiento-del-pago-de-horas-extras\/","title":{"rendered":"Incumplimiento del pago de horas extras"},"content":{"rendered":"<p>[et_pb_section fb_built=\u00bb1&#8243; _builder_version=\u00bb4.27.4&#8243; _module_preset=\u00bbdefault\u00bb background_color=\u00bbgcid-primary-color\u00bb locked=\u00bboff\u00bb collapsed=\u00bboff\u00bb global_colors_info=\u00bb{%22gcid-primary-color%22:%91%22background_color%22%93}\u00bb][et_pb_row _builder_version=\u00bb4.27.4&#8243; _module_preset=\u00bbdefault\u00bb custom_margin=\u00bb||25px||false|false\u00bb global_colors_info=\u00bb{}\u00bb][et_pb_column type=\u00bb4_4&#8243; _builder_version=\u00bb4.27.4&#8243; _module_preset=\u00bbdefault\u00bb global_colors_info=\u00bb{}\u00bb][et_pb_text _builder_version=\u00bb4.27.4&#8243; _module_preset=\u00bbdefault\u00bb text_orientation=\u00bbcenter\u00bb global_colors_info=\u00bb{}\u00bb]Creemos que estos trabajadores se merecen un trato mejor. Si a usted o a un ser querido se le ha negado el dinero que se ha ganado por derecho, un abogado de reclamaci\u00f3n de salarios y horas de Sugar Land puede ayudarle a emprender acciones legales para buscar un pago justo.[\/et_pb_text][\/et_pb_column][\/et_pb_row][et_pb_row column_structure=\u00bb1_2,1_2&#8243; use_custom_gutter=\u00bbon\u00bb make_equal=\u00bbon\u00bb module_class=\u00bbcustom_row\u00bb _builder_version=\u00bb4.27.4&#8243; _module_preset=\u00bbdefault\u00bb custom_margin=\u00bb||||false|false\u00bb global_colors_info=\u00bb{}\u00bb][et_pb_column type=\u00bb1_2&#8243; _builder_version=\u00bb4.27.4&#8243; _module_preset=\u00bbdefault\u00bb global_colors_info=\u00bb{}\u00bb][et_pb_image src=\u00bbhttps:\/\/theleonlawfirm.com\/wp-content\/uploads\/Land-Wage-and-Hour-Lawyer-Image.jpg\u00bb alt=\u00bbLand Wage and Hour Lawyer Image\u00bb title_text=\u00bbLand Wage and Hour Lawyer Image\u00bb _builder_version=\u00bb4.27.4&#8243; _module_preset=\u00bbdefault\u00bb hover_enabled=\u00bb0&#8243; global_colors_info=\u00bb{}\u00bb sticky_enabled=\u00bb0&#8243;][\/et_pb_image][\/et_pb_column][et_pb_column type=\u00bb1_2&#8243; _builder_version=\u00bb4.27.4&#8243; _module_preset=\u00bbdefault\u00bb global_colors_info=\u00bb{}\u00bb][et_pb_text _builder_version=\u00bb4.27.4&#8243; _module_preset=\u00bbdefault\u00bb global_colors_info=\u00bb{}\u00bb]<\/p>\n<h2>Abogado de derechos de empleados en Sugar Land<\/h2>\n<p>Los abogados de derechos de los empleados en The Le\u00f3n Law Firm, P.C. manejar los casos relacionados con la falta de pago de los salarios de horas extras en nombre de las personas y las familias de todo Sugar Land y en Fort Bend, Harris, Montgomery, Brazoria, y los condados de Galveston. Estos casos incluyen:[\/et_pb_text][et_pb_text _builder_version=\u00bb4.27.4&#8243; _module_preset=\u00bbdefault\u00bb custom_margin=\u00bb12px||0px||false|false\u00bb global_colors_info=\u00bb{}\u00bb]<\/p>\n<ul>\n<li>Reclamaciones de la Ley de Normas Laborales Justas (FLSA)<\/li>\n<li>Reclamaciones de empleados no exentos<\/li>\n<li>Reclamaciones de salarios y horas<\/li>\n<li>Reclamaciones por falta de pago de horas extras<\/li>\n<\/ul>\n<p>[\/et_pb_text][\/et_pb_column][\/et_pb_row][et_pb_row _builder_version=\u00bb4.27.4&#8243; _module_preset=\u00bbdefault\u00bb custom_margin=\u00bb15px||||false|false\u00bb global_colors_info=\u00bb{}\u00bb][et_pb_column type=\u00bb4_4&#8243; _builder_version=\u00bb4.27.4&#8243; _module_preset=\u00bbdefault\u00bb global_colors_info=\u00bb{}\u00bb][et_pb_text _builder_version=\u00bb4.27.4&#8243; _module_preset=\u00bbdefault\u00bb global_colors_info=\u00bb{}\u00bb]<\/p>\n<p>Nuestros abogados entienden las dudas que pueda tener a la hora de contactar con un abogado y presentar una reclamaci\u00f3n contra su empleador. Sin embargo, si se le pide que trabaje m\u00e1s de 40 horas a la semana o se le paga por d\u00eda, pero no se le paga un salario por hora m\u00e1s alto por ese tiempo adicional, no va a mejorar si lo deja solo. De hecho, el \u00fanico error que puedes cometer es no hacer nada al respecto.<\/p>\n<p>Si desea tener una discusi\u00f3n gratuita y confidencial sobre una preocupaci\u00f3n espec\u00edfica en esta \u00e1rea, damos la bienvenida a la oportunidad de hablar con usted.<\/p>\n<p>Contacte a un <a href=\"\/contact-best-law-company\/\">Abogado de Reclamos de Salarios y Horas<\/a> en nuestra firma hoy para discutir una falta de pago de horas extras u otro caso.<\/p>\n<p>[\/et_pb_text][\/et_pb_column][\/et_pb_row][\/et_pb_section]<\/p>\n","protected":false},"excerpt":{"rendered":"<p>Creemos que estos trabajadores se merecen un trato mejor. Si a usted o a un ser querido se le ha negado el dinero que se ha ganado por derecho, un abogado de reclamaci\u00f3n de salarios y horas de Sugar Land puede ayudarle a emprender acciones legales para buscar un pago justo.Abogado de derechos de empleados [&hellip;]<\/p>\n","protected":false},"author":6,"featured_media":38560,"parent":41202,"menu_order":0,"comment_status":"closed","ping_status":"closed","template":"","meta":{"_acf_changed":false,"_et_pb_use_builder":"on","_et_pb_old_content":"","_et_gb_content_width":"","footnotes":""},"class_list":["post-39229","page","type-page","status-publish","has-post-thumbnail","hentry"],"acf":[],"_links":{"self":[{"href":"https:\/\/theleonlawfirm.com\/es\/wp-json\/wp\/v2\/pages\/39229","targetHints":{"allow":["GET"]}}],"collection":[{"href":"https:\/\/theleonlawfirm.com\/es\/wp-json\/wp\/v2\/pages"}],"about":[{"href":"https:\/\/theleonlawfirm.com\/es\/wp-json\/wp\/v2\/types\/page"}],"author":[{"embeddable":true,"href":"https:\/\/theleonlawfirm.com\/es\/wp-json\/wp\/v2\/users\/6"}],"replies":[{"embeddable":true,"href":"https:\/\/theleonlawfirm.com\/es\/wp-json\/wp\/v2\/comments?post=39229"}],"version-history":[{"count":0,"href":"https:\/\/theleonlawfirm.com\/es\/wp-json\/wp\/v2\/pages\/39229\/revisions"}],"up":[{"embeddable":true,"href":"https:\/\/theleonlawfirm.com\/es\/wp-json\/wp\/v2\/pages\/41202"}],"wp:featuredmedia":[{"embeddable":true,"href":"https:\/\/theleonlawfirm.com\/es\/wp-json\/wp\/v2\/media\/38560"}],"wp:attachment":[{"href":"https:\/\/theleonlawfirm.com\/es\/wp-json\/wp\/v2\/media?parent=39229"}],"curies":[{"name":"wp","href":"https:\/\/api.w.org\/{rel}","templated":true}]}}