{"id":39228,"date":"2025-07-10T00:06:19","date_gmt":"2025-07-10T05:06:19","guid":{"rendered":"https:\/\/lenlawfirm8new.wpenginepowered.com\/?page_id=39228"},"modified":"2025-07-17T02:57:33","modified_gmt":"2025-07-17T07:57:33","slug":"abogado-de-dwi-en-sugar-land","status":"publish","type":"page","link":"https:\/\/theleonlawfirm.com\/es\/defensa-por-conduccion-en-estado-de-ebriedad\/","title":{"rendered":"Abogado de DWI en Sugar Land"},"content":{"rendered":"<p>[et_pb_section fb_built=\u00bb1&#8243; _builder_version=\u00bb4.27.4&#8243; _module_preset=\u00bbdefault\u00bb background_color=\u00bbgcid-primary-color\u00bb locked=\u00bboff\u00bb collapsed=\u00bboff\u00bb global_colors_info=\u00bb{%22gcid-primary-color%22:%91%22background_color%22%93}\u00bb][et_pb_row _builder_version=\u00bb4.27.4&#8243; _module_preset=\u00bbdefault\u00bb custom_margin=\u00bb||25px||false|false\u00bb global_colors_info=\u00bb{}\u00bb][et_pb_column type=\u00bb4_4&#8243; _builder_version=\u00bb4.27.4&#8243; _module_preset=\u00bbdefault\u00bb global_colors_info=\u00bb{}\u00bb][et_pb_text _builder_version=\u00bb4.27.4&#8243; _module_preset=\u00bbdefault\u00bb text_orientation=\u00bbcenter\u00bb global_colors_info=\u00bb{}\u00bb]<\/p>\n<p>Si usted ha sido arrestado por DWI o DUI, p\u00f3ngase en contacto con un <a href=\"\/es\/perfil-de-nuestros-abogados\/\">abogado de defensa de DWI en Sugar Land<\/a> en nuestras oficinas. Proporcionamos consultas gratuitas y confidenciales y podemos discutir lo que podemos hacer para ayudarle. Nuestro bufete se dedica a proporcionar la contundente <a href=\"\/es\/derecho-penal\/\">representaci\u00f3n de defensa criminal<\/a> que es necesaria frente a cargos de este tipo.<\/p>\n<p>[\/et_pb_text][\/et_pb_column][\/et_pb_row][et_pb_row column_structure=\u00bb1_2,1_2&#8243; use_custom_gutter=\u00bbon\u00bb make_equal=\u00bbon\u00bb module_class=\u00bbcustom_row\u00bb _builder_version=\u00bb4.27.4&#8243; _module_preset=\u00bbdefault\u00bb custom_margin=\u00bb||||false|false\u00bb global_colors_info=\u00bb{}\u00bb][et_pb_column type=\u00bb1_2&#8243; _builder_version=\u00bb4.27.4&#8243; _module_preset=\u00bbdefault\u00bb global_colors_info=\u00bb{}\u00bb][et_pb_image src=\u00bbhttps:\/\/theleonlawfirm.com\/wp-content\/uploads\/DWI-Lawyer-Image.png\u00bb alt=\u00bbDWI Lawyer Image\u00bb title_text=\u00bbDWI Lawyer Image\u00bb _builder_version=\u00bb4.27.4&#8243; _module_preset=\u00bbdefault\u00bb hover_enabled=\u00bb0&#8243; global_colors_info=\u00bb{}\u00bb sticky_enabled=\u00bb0&#8243;][\/et_pb_image][\/et_pb_column][et_pb_column type=\u00bb1_2&#8243; _builder_version=\u00bb4.27.4&#8243; _module_preset=\u00bbdefault\u00bb global_colors_info=\u00bb{}\u00bb][et_pb_text _builder_version=\u00bb4.27.4&#8243; _module_preset=\u00bbdefault\u00bb global_colors_info=\u00bb{}\u00bb]<\/p>\n<h2>\u00bfPor qu\u00e9 no puedo declararme culpable y terminar con esto<\/h2>\n<p>Si usted se declara culpable, no s\u00f3lo tendr\u00e1 una condena permanente en sus antecedentes penales, sino que probablemente ser\u00e1 sentenciado a una cierta cantidad de tiempo en la c\u00e1rcel. Dado que la mayor\u00eda de los empleadores tienen una pol\u00edtica de tolerancia cero hacia los delitos penales y el abuso de drogas y alcohol, usted podr\u00eda perder su trabajo s\u00f3lo por su condena; si no, su empleador puede no ser particularmente comprensivo cuando le diga que necesita tomar unas semanas de vacaciones para pasar un tiempo en la c\u00e1rcel. Adem\u00e1s, si te declaras \u201cculpable\u201d, no s\u00f3lo pagar\u00e1s una mayor tasa de seguro, sino que probablemente tendr\u00e1s que pagar 1.000 d\u00f3lares cada a\u00f1o para renovar tu licencia con el Estado de Texas.[\/et_pb_text][\/et_pb_column][\/et_pb_row][et_pb_row _builder_version=\u00bb4.27.4&#8243; _module_preset=\u00bbdefault\u00bb custom_margin=\u00bb15px||||false|false\u00bb global_colors_info=\u00bb{}\u00bb][et_pb_column type=\u00bb4_4&#8243; _builder_version=\u00bb4.27.4&#8243; _module_preset=\u00bbdefault\u00bb global_colors_info=\u00bb{}\u00bb][et_pb_text _builder_version=\u00bb4.27.4&#8243; _module_preset=\u00bbdefault\u00bb global_colors_info=\u00bb{}\u00bb]<\/p>\n<h3>No estaba borracho \u2013 El alcohol\u00edmetro simplemente se equivoc\u00f3<\/h3>\n<p>Los alcohol\u00edmetros son como cualquier pieza de maquinaria o equipo \u2013 deben ser revisados y mantenidos regularmente. Si hay buenas razones para dudar de la exactitud de los resultados de la alcoholemia, el Sr. Le\u00f3n citaci\u00f3n de los registros de mantenimiento de la m\u00e1quina utilizada en su detenci\u00f3n. Determinamos si fue calibrado correctamente y en buen estado de funcionamiento. Si una prueba de sangre estaba involucrado, pedimos una muestra para probar en un laboratorio independiente y meticulosamente revisar c\u00f3mo se llev\u00f3 a cabo para ver si se siguieron los procedimientos adecuados.<\/p>\n<h3>El polic\u00eda se pas\u00f3 de la raya \u2013 No s\u00e9 por qu\u00e9 me pararon<\/h3>\n<p>Para detener a alguien, la polic\u00eda debe tener una \u201csospecha razonable\u201d de que se est\u00e1 infringiendo una ley. Adem\u00e1s, una prueba de sobriedad de campo debe ser administrada de acuerdo con ciertos requisitos espec\u00edficos. Mientras que la mayor\u00eda de los polic\u00edas realizan su trabajo con integridad y profesionalismo, no todos los oficiales de polic\u00eda tienen un buen juicio o se adhieren a los protocolos adecuados. Su abogado puede revisar cuidadosamente las grabaciones de video del tablero, el testimonio de los testigos oculares y otros factores para determinar si sus derechos constitucionales fueron violados, lo que justifica la desestimaci\u00f3n de los cargos en su contra.<\/p>\n<h3>Abogado de Defensa de DWI en Sugar Land<\/h3>\n<p><strong>Nuestra firma tiene una amplia experiencia en la defensa de los acusados de DWI. Si usted ha sido recientemente arrestado y acusado de conducir en estado de ebriedad, p\u00f3ngase en contacto con un Abogado de DWI en Sugar Land y programe una consulta gratuita para saber c\u00f3mo podemos ayudarle.<\/strong><\/p>\n<p>[\/et_pb_text][\/et_pb_column][\/et_pb_row][\/et_pb_section]<\/p>\n","protected":false},"excerpt":{"rendered":"<p>Si usted ha sido arrestado por DWI o DUI, p\u00f3ngase en contacto con un abogado de defensa de DWI en Sugar Land en nuestras oficinas. Proporcionamos consultas gratuitas y confidenciales y podemos discutir lo que podemos hacer para ayudarle. Nuestro bufete se dedica a proporcionar la contundente representaci\u00f3n de defensa criminal que es necesaria frente [&hellip;]<\/p>\n","protected":false},"author":6,"featured_media":38560,"parent":41202,"menu_order":0,"comment_status":"closed","ping_status":"closed","template":"","meta":{"_acf_changed":false,"_et_pb_use_builder":"on","_et_pb_old_content":"","_et_gb_content_width":"","footnotes":""},"class_list":["post-39228","page","type-page","status-publish","has-post-thumbnail","hentry"],"acf":[],"_links":{"self":[{"href":"https:\/\/theleonlawfirm.com\/es\/wp-json\/wp\/v2\/pages\/39228","targetHints":{"allow":["GET"]}}],"collection":[{"href":"https:\/\/theleonlawfirm.com\/es\/wp-json\/wp\/v2\/pages"}],"about":[{"href":"https:\/\/theleonlawfirm.com\/es\/wp-json\/wp\/v2\/types\/page"}],"author":[{"embeddable":true,"href":"https:\/\/theleonlawfirm.com\/es\/wp-json\/wp\/v2\/users\/6"}],"replies":[{"embeddable":true,"href":"https:\/\/theleonlawfirm.com\/es\/wp-json\/wp\/v2\/comments?post=39228"}],"version-history":[{"count":0,"href":"https:\/\/theleonlawfirm.com\/es\/wp-json\/wp\/v2\/pages\/39228\/revisions"}],"up":[{"embeddable":true,"href":"https:\/\/theleonlawfirm.com\/es\/wp-json\/wp\/v2\/pages\/41202"}],"wp:featuredmedia":[{"embeddable":true,"href":"https:\/\/theleonlawfirm.com\/es\/wp-json\/wp\/v2\/media\/38560"}],"wp:attachment":[{"href":"https:\/\/theleonlawfirm.com\/es\/wp-json\/wp\/v2\/media?parent=39228"}],"curies":[{"name":"wp","href":"https:\/\/api.w.org\/{rel}","templated":true}]}}