{"id":39227,"date":"2025-07-10T00:06:06","date_gmt":"2025-07-10T05:06:06","guid":{"rendered":"https:\/\/lenlawfirm8new.wpenginepowered.com\/?page_id=39227"},"modified":"2025-07-17T02:52:45","modified_gmt":"2025-07-17T07:52:45","slug":"abogado-de-delitos-de-drogas-en-sugar-land","status":"publish","type":"page","link":"https:\/\/theleonlawfirm.com\/es\/delitos-por-drogas\/","title":{"rendered":"Delitos por Drogas"},"content":{"rendered":"<p>[et_pb_section fb_built=\u00bb1&#8243; _builder_version=\u00bb4.27.4&#8243; _module_preset=\u00bbdefault\u00bb background_color=\u00bbgcid-primary-color\u00bb locked=\u00bboff\u00bb collapsed=\u00bboff\u00bb global_colors_info=\u00bb{%22gcid-primary-color%22:%91%22background_color%22%93}\u00bb][et_pb_row _builder_version=\u00bb4.27.4&#8243; _module_preset=\u00bbdefault\u00bb custom_margin=\u00bb||25px||false|false\u00bb global_colors_info=\u00bb{}\u00bb][et_pb_column type=\u00bb4_4&#8243; _builder_version=\u00bb4.27.4&#8243; _module_preset=\u00bbdefault\u00bb global_colors_info=\u00bb{}\u00bb][et_pb_text _builder_version=\u00bb4.27.4&#8243; _module_preset=\u00bbdefault\u00bb text_orientation=\u00bbcenter\u00bb global_colors_info=\u00bb{}\u00bb]<\/p>\n<p>Si usted ha sido acusado de un delito de drogas, usted necesita buscar un experimentado <a href=\"\/es\/derecho-penal\/\">abogado de defensa criminal en Sugar Land<\/a> que lo represente vigorosamente. En <a href=\"\/es\/\">The Le\u00f3n Law Firm, P.C.<\/a>, nuestro objetivo es luchar por sus derechos y minimizar el impacto negativo que una acusaci\u00f3n de un delito de drogas puede tener en su vida.<\/p>\n<p>Si usted ha sido acusado de un delito por drogas en Sugar Land o cualquiera de las \u00e1reas circundantes, p\u00f3ngase en contacto con nuestra oficina hoy para programar una consulta gratuita. Ahora es el momento de averiguar c\u00f3mo puede desafiar sus cargos y evitar una condena.<\/p>\n<p>[\/et_pb_text][\/et_pb_column][\/et_pb_row][et_pb_row column_structure=\u00bb1_2,1_2&#8243; use_custom_gutter=\u00bbon\u00bb make_equal=\u00bbon\u00bb module_class=\u00bbcustom_row\u00bb _builder_version=\u00bb4.27.4&#8243; _module_preset=\u00bbdefault\u00bb custom_margin=\u00bb||||false|false\u00bb global_colors_info=\u00bb{}\u00bb][et_pb_column type=\u00bb1_2&#8243; _builder_version=\u00bb4.27.4&#8243; _module_preset=\u00bbdefault\u00bb global_colors_info=\u00bb{}\u00bb][et_pb_image src=\u00bbhttps:\/\/theleonlawfirm.com\/wp-content\/uploads\/Drug-Crimes-Defense-Attorney-Image.jpg\u00bb alt=\u00bbPersonal Injury Attorney Services Section Image\u00bb title_text=\u00bbDrug Crimes Defense Attorney Image\u00bb _builder_version=\u00bb4.27.4&#8243; _module_preset=\u00bbdefault\u00bb hover_enabled=\u00bb0&#8243; global_colors_info=\u00bb{}\u00bb sticky_enabled=\u00bb0&#8243;][\/et_pb_image][\/et_pb_column][et_pb_column type=\u00bb1_2&#8243; _builder_version=\u00bb4.27.4&#8243; _module_preset=\u00bbdefault\u00bb global_colors_info=\u00bb{}\u00bb][et_pb_text _builder_version=\u00bb4.27.4&#8243; _module_preset=\u00bbdefault\u00bb global_colors_info=\u00bb{}\u00bb]<\/p>\n<h2>Defensa penal por cargos de drogas en Sugar Land<\/h2>\n<p>Nuestra firma defiende a adultos, estudiantes universitarios y j\u00f3venes acusados de todo tipo de delitos de drogas en los tribunales estatales y federales:<\/p>\n<ul>\n<li>Posesi\u00f3n de drogas<\/li>\n<li>Posesi\u00f3n con intenci\u00f3n de vender<\/li>\n<li>Distribuci\u00f3n de drogas<\/li>\n<li>Tr\u00e1fico o importaci\u00f3n de drogas<\/li>\n<li>Cultivo de marihuana o fabricaci\u00f3n de drogas<\/li>\n<li>Fraude de medicamentos con receta<\/li>\n<li>Conspiraci\u00f3n<\/li>\n<\/ul>\n<p>[\/et_pb_text][et_pb_text _builder_version=\u00bb4.27.4&#8243; _module_preset=\u00bbdefault\u00bb custom_margin=\u00bb12px||0px||false|false\u00bb global_colors_info=\u00bb{}\u00bb]<\/p>\n<p>Los cargos por drogas pueden implicar drogas prohibidas o medicamentos recetados que han sido obtenidos ilegalmente:<\/p>\n<ul>\n<li>Marihuana<\/li>\n<li>Crack o coca\u00edna<\/li>\n<li>\u201cDrogas de club\u201d como el \u00e9xtasis o el GHB<\/li>\n<li>Narc\u00f3ticos<\/li>\n<li>Metanfetaminas (meth)<\/li>\n<li>Xanax, Vicodin, OxyContin, Valium, etc.<\/li>\n<\/ul>\n<p>[\/et_pb_text][\/et_pb_column][\/et_pb_row][et_pb_row _builder_version=\u00bb4.27.4&#8243; _module_preset=\u00bbdefault\u00bb custom_margin=\u00bb15px||||false|false\u00bb global_colors_info=\u00bb{}\u00bb][et_pb_column type=\u00bb4_4&#8243; _builder_version=\u00bb4.27.4&#8243; _module_preset=\u00bbdefault\u00bb global_colors_info=\u00bb{}\u00bb][et_pb_text _builder_version=\u00bb4.27.4&#8243; _module_preset=\u00bbdefault\u00bb global_colors_info=\u00bb{}\u00bb]<\/p>\n<p>Ya sea que se le acuse en la corte estatal o federal, un abogado experto en delitos de drogas de Sugar Land puede ayudarle a luchar contra estos cargos. Le daremos una evaluaci\u00f3n honesta de su caso y sus opciones legales, luego trabajaremos estrechamente con usted para decidir la mejor estrategia para usted.<\/p>\n<p>Investigaremos y evaluaremos todas las pruebas y desafiaremos la admisibilidad de cualquier prueba que se haya obtenido indebidamente. Podemos negociar con el fiscal para buscar una desestimaci\u00f3n o reducci\u00f3n de los cargos o una sentencia m\u00e1s leve. Si llevar su caso a juicio es lo mejor para usted, no dudaremos en llevar su caso ante un juez y un jurado.<\/p>\n<p>En el tribunal federal, los delitos de drogas conllevan sentencias m\u00ednimas obligatorias, lo que significa que usted cumplir\u00e1 tiempo autom\u00e1ticamente si es condenado. No espere para obtener una representaci\u00f3n de defensa criminal seria y agresiva.<\/p>\n<h3>Contacte a un abogado defensor de delitos de drogas en Sugar Land<\/h3>\n<p>Una condena por un delito de drogas puede seguirle durante el resto de su vida. Comience a luchar contra los cargos hoy.<\/p>\n<p><a href=\"\/contact-best-law-company\/\">Contacte<\/a> a un abogado de delitos de drogas de Sugar Land en nuestra firma para ver c\u00f3mo podemos ayudar con su caso.<\/p>\n<p>[\/et_pb_text][\/et_pb_column][\/et_pb_row][\/et_pb_section]<\/p>\n","protected":false},"excerpt":{"rendered":"<p>Si usted ha sido acusado de un delito de drogas, usted necesita buscar un experimentado abogado de defensa criminal en Sugar Land que lo represente vigorosamente. En The Le\u00f3n Law Firm, P.C., nuestro objetivo es luchar por sus derechos y minimizar el impacto negativo que una acusaci\u00f3n de un delito de drogas puede tener en [&hellip;]<\/p>\n","protected":false},"author":6,"featured_media":38560,"parent":41202,"menu_order":0,"comment_status":"closed","ping_status":"closed","template":"","meta":{"_acf_changed":false,"_et_pb_use_builder":"on","_et_pb_old_content":"","_et_gb_content_width":"","footnotes":""},"class_list":["post-39227","page","type-page","status-publish","has-post-thumbnail","hentry"],"acf":[],"_links":{"self":[{"href":"https:\/\/theleonlawfirm.com\/es\/wp-json\/wp\/v2\/pages\/39227","targetHints":{"allow":["GET"]}}],"collection":[{"href":"https:\/\/theleonlawfirm.com\/es\/wp-json\/wp\/v2\/pages"}],"about":[{"href":"https:\/\/theleonlawfirm.com\/es\/wp-json\/wp\/v2\/types\/page"}],"author":[{"embeddable":true,"href":"https:\/\/theleonlawfirm.com\/es\/wp-json\/wp\/v2\/users\/6"}],"replies":[{"embeddable":true,"href":"https:\/\/theleonlawfirm.com\/es\/wp-json\/wp\/v2\/comments?post=39227"}],"version-history":[{"count":0,"href":"https:\/\/theleonlawfirm.com\/es\/wp-json\/wp\/v2\/pages\/39227\/revisions"}],"up":[{"embeddable":true,"href":"https:\/\/theleonlawfirm.com\/es\/wp-json\/wp\/v2\/pages\/41202"}],"wp:featuredmedia":[{"embeddable":true,"href":"https:\/\/theleonlawfirm.com\/es\/wp-json\/wp\/v2\/media\/38560"}],"wp:attachment":[{"href":"https:\/\/theleonlawfirm.com\/es\/wp-json\/wp\/v2\/media?parent=39227"}],"curies":[{"name":"wp","href":"https:\/\/api.w.org\/{rel}","templated":true}]}}