{"id":39225,"date":"2025-07-10T00:03:19","date_gmt":"2025-07-10T05:03:19","guid":{"rendered":"https:\/\/lenlawfirm8new.wpenginepowered.com\/?page_id=39225"},"modified":"2025-07-17T00:47:45","modified_gmt":"2025-07-17T05:47:45","slug":"abogado-de-litigios-empresariales-en-sugar-land","status":"publish","type":"page","link":"https:\/\/theleonlawfirm.com\/es\/transacciones-comerciales-y-litigios\/","title":{"rendered":"Transacciones comerciales y litigios"},"content":{"rendered":"<p>[et_pb_section fb_built=\u00bb1&#8243; _builder_version=\u00bb4.27.4&#8243; _module_preset=\u00bbdefault\u00bb background_color=\u00bbgcid-primary-color\u00bb locked=\u00bboff\u00bb collapsed=\u00bboff\u00bb global_colors_info=\u00bb{%22gcid-primary-color%22:%91%22background_color%22%93}\u00bb][et_pb_row column_structure=\u00bb1_2,1_2&#8243; use_custom_gutter=\u00bbon\u00bb make_equal=\u00bbon\u00bb module_class=\u00bbcustom_row\u00bb _builder_version=\u00bb4.27.4&#8243; _module_preset=\u00bbdefault\u00bb custom_margin=\u00bb||||false|false\u00bb global_colors_info=\u00bb{}\u00bb][et_pb_column type=\u00bb1_2&#8243; _builder_version=\u00bb4.27.4&#8243; _module_preset=\u00bbdefault\u00bb global_colors_info=\u00bb{}\u00bb][et_pb_image src=\u00bbhttps:\/\/theleonlawfirm.com\/wp-content\/uploads\/Abogado-de-Litigios-Empresariales-en-Sugar-Land-Image.jpg\u00bb alt=\u00bbAbogado de Litigios Empresariales en Sugar Land Image\u00bb title_text=\u00bbAbogado de Litigios Empresariales en Sugar Land Image\u00bb _builder_version=\u00bb4.27.4&#8243; _module_preset=\u00bbdefault\u00bb global_colors_info=\u00bb{}\u00bb][\/et_pb_image][\/et_pb_column][et_pb_column type=\u00bb1_2&#8243; _builder_version=\u00bb4.27.4&#8243; _module_preset=\u00bbdefault\u00bb global_colors_info=\u00bb{}\u00bb][et_pb_text _builder_version=\u00bb4.27.4&#8243; _module_preset=\u00bbdefault\u00bb global_colors_info=\u00bb{}\u00bb]Un abogado especializado en incumplimiento de contratos en Sugar Land puede proporcionarle una orientaci\u00f3n y representaci\u00f3n legal bien informada para su peque\u00f1a o mediana empresa. Servimos a clientes comerciales en Sugar Land y en todas las comunidades circundantes en Texas en asuntos como:[\/et_pb_text][et_pb_text _builder_version=\u00bb4.27.4&#8243; _module_preset=\u00bbdefault\u00bb custom_margin=\u00bb12px||0px||false|false\u00bb global_colors_info=\u00bb{}\u00bb]<\/p>\n<ul>\n<li>Formaci\u00f3n de empresas<\/li>\n<li>Incumplimiento de contrato<\/li>\n<li>Contratos comerciales<\/li>\n<li>Transacciones comerciales<\/li>\n<li>Cobros<\/li>\n<li>Conflictos contractuales<\/li>\n<li>Cuestiones de derecho laboral<\/li>\n<li>Litigios comerciales<\/li>\n<\/ul>\n<p>[\/et_pb_text][\/et_pb_column][\/et_pb_row][et_pb_row _builder_version=\u00bb4.27.4&#8243; _module_preset=\u00bbdefault\u00bb custom_margin=\u00bb15px||||false|false\u00bb global_colors_info=\u00bb{}\u00bb][et_pb_column type=\u00bb4_4&#8243; _builder_version=\u00bb4.27.4&#8243; _module_preset=\u00bbdefault\u00bb global_colors_info=\u00bb{}\u00bb][et_pb_text _builder_version=\u00bb4.27.4&#8243; _module_preset=\u00bbdefault\u00bb global_colors_info=\u00bb{}\u00bb]<\/p>\n<p>En estos y en otros asuntos importantes que afecten a su negocio, nuestros abogados de Sugar Land tienen en cuenta su presupuesto y trabajan duro para manejar sus preocupaciones de la manera m\u00e1s eficiente y econ\u00f3mica posible. Tambi\u00e9n podemos ofrecerle atenci\u00f3n personal a peque\u00f1as empresas y accesibilidad a su abogado que puede ser dif\u00edcil de encontrar en un bufete de abogados m\u00e1s grande. Tambi\u00e9n sabemos y entendemos que las necesidades legales en cualquier negocio pueden surgir en cualquier momento. Por esta raz\u00f3n, ofrecemos a nuestros clientes acuerdos de retenci\u00f3n razonables dise\u00f1ados para asegurar que usted siempre tenga la ayuda legal que necesita, cuando la necesite.<\/p>\n<h3>Transacciones comerciales y litigios<\/h3>\n<p>Una representaci\u00f3n legal agresiva y una gu\u00eda legal bien informada son cruciales para cualquier negocio. Ya sea que est\u00e9 lidiando con un asunto relacionado con el incumplimiento de un contrato, que necesite orientaci\u00f3n con una transacci\u00f3n comercial o que est\u00e9 lidiando con asuntos complejos relacionados con la formaci\u00f3n de un negocio, puede confiar en un abogado de nuestra firma para que le proporcione la informaci\u00f3n aplicable y el consejo contundente que necesita.<\/p>\n<p>Si est\u00e1 buscando una representaci\u00f3n y asesoramiento legal eficiente, econ\u00f3mico y eficaz para su negocio, p\u00f3ngase en contacto con un <a href=\"\/contact-best-law-company\/\">Abogado de Litigios de Negocios de Sugar Land<\/a> hoy para una consulta gratuita y para saber m\u00e1s sobre lo que podemos hacer por usted.<\/p>\n<p>[\/et_pb_text][\/et_pb_column][\/et_pb_row][\/et_pb_section]<\/p>\n","protected":false},"excerpt":{"rendered":"<p>Un abogado especializado en incumplimiento de contratos en Sugar Land puede proporcionarle una orientaci\u00f3n y representaci\u00f3n legal bien informada para su peque\u00f1a o mediana empresa. Servimos a clientes comerciales en Sugar Land y en todas las comunidades circundantes en Texas en asuntos como: Formaci\u00f3n de empresas Incumplimiento de contrato Contratos comerciales Transacciones comerciales Cobros Conflictos [&hellip;]<\/p>\n","protected":false},"author":6,"featured_media":38560,"parent":41202,"menu_order":0,"comment_status":"closed","ping_status":"closed","template":"","meta":{"_acf_changed":false,"_et_pb_use_builder":"on","_et_pb_old_content":"","_et_gb_content_width":"","footnotes":""},"class_list":["post-39225","page","type-page","status-publish","has-post-thumbnail","hentry"],"acf":[],"_links":{"self":[{"href":"https:\/\/theleonlawfirm.com\/es\/wp-json\/wp\/v2\/pages\/39225","targetHints":{"allow":["GET"]}}],"collection":[{"href":"https:\/\/theleonlawfirm.com\/es\/wp-json\/wp\/v2\/pages"}],"about":[{"href":"https:\/\/theleonlawfirm.com\/es\/wp-json\/wp\/v2\/types\/page"}],"author":[{"embeddable":true,"href":"https:\/\/theleonlawfirm.com\/es\/wp-json\/wp\/v2\/users\/6"}],"replies":[{"embeddable":true,"href":"https:\/\/theleonlawfirm.com\/es\/wp-json\/wp\/v2\/comments?post=39225"}],"version-history":[{"count":0,"href":"https:\/\/theleonlawfirm.com\/es\/wp-json\/wp\/v2\/pages\/39225\/revisions"}],"up":[{"embeddable":true,"href":"https:\/\/theleonlawfirm.com\/es\/wp-json\/wp\/v2\/pages\/41202"}],"wp:featuredmedia":[{"embeddable":true,"href":"https:\/\/theleonlawfirm.com\/es\/wp-json\/wp\/v2\/media\/38560"}],"wp:attachment":[{"href":"https:\/\/theleonlawfirm.com\/es\/wp-json\/wp\/v2\/media?parent=39225"}],"curies":[{"name":"wp","href":"https:\/\/api.w.org\/{rel}","templated":true}]}}