{"id":39152,"date":"2025-07-09T06:58:34","date_gmt":"2025-07-09T11:58:34","guid":{"rendered":"https:\/\/lenlawfirm8new.wpenginepowered.com\/?page_id=39152"},"modified":"2026-03-18T01:49:08","modified_gmt":"2026-03-18T06:49:08","slug":"resbalones-caidas-y-otros-danos-personales-ocurridos-en-propiedades","status":"publish","type":"page","link":"https:\/\/theleonlawfirm.com\/es\/resbalones-caidas-y-otros-danos-personales-ocurridos-en-propiedades\/","title":{"rendered":"Resbalones, Ca\u00eddas y Otros da\u00f1os Personales Ocurridos en Propiedades"},"content":{"rendered":"<p>[et_pb_section fb_built=\u00bb1&#8243; _builder_version=\u00bb4.27.4&#8243; _module_preset=\u00bbdefault\u00bb background_color=\u00bbgcid-primary-color\u00bb locked=\u00bboff\u00bb collapsed=\u00bboff\u00bb global_colors_info=\u00bb{%22gcid-primary-color%22:%91%22background_color%22%93}\u00bb][et_pb_row column_structure=\u00bb1_2,1_2&#8243; use_custom_gutter=\u00bbon\u00bb make_equal=\u00bbon\u00bb module_class=\u00bbcustom_row\u00bb _builder_version=\u00bb4.27.4&#8243; _module_preset=\u00bbdefault\u00bb custom_margin=\u00bb||||false|false\u00bb global_colors_info=\u00bb{}\u00bb][et_pb_column type=\u00bb1_2&#8243; _builder_version=\u00bb4.27.4&#8243; _module_preset=\u00bbdefault\u00bb global_colors_info=\u00bb{}\u00bb][et_pb_image src=\u00bbhttps:\/\/theleonlawfirm.com\/wp-content\/uploads\/Resbalones-Caidas-y-Otros-danos-Personales-Ocurridos-en-Propiedades-Secion-Image.jpg\u00bb alt=\u00bbResbalones, Ca\u00eddas y Otros da\u00f1os Personales Ocurridos en Propiedades Secion Image\u00bb title_text=\u00bbResbalones, Ca\u00eddas y Otros da\u00f1os Personales Ocurridos en Propiedades Secion Image\u00bb _builder_version=\u00bb4.27.4&#8243; _module_preset=\u00bbdefault\u00bb global_colors_info=\u00bb{}\u00bb][\/et_pb_image][\/et_pb_column][et_pb_column type=\u00bb1_2&#8243; _builder_version=\u00bb4.27.4&#8243; _module_preset=\u00bbdefault\u00bb global_colors_info=\u00bb{}\u00bb][et_pb_text _builder_version=\u00bb4.27.4&#8243; _module_preset=\u00bbdefault\u00bb global_colors_info=\u00bb{}\u00bb]<\/p>\n<h2>Principios Generales de Responsabilidad en Casos de da\u00f1os Personales Ocurridos en Propiedades<\/h2>\n<p>En algunos estados las leyes referentes a da\u00f1os en propiedades se enfocan en la situaci\u00f3n del visitante a la propiedad. En estos estados, el demandante puede ser un invitado, un autorizado, o una persona que entra sin permiso. Un invitado es alguien que fue expresamente invitado a la propiedad de otro. El due\u00f1o le debe al invitado el m\u00e1s alto deber de cuidado, lo cual incluye tomar todas las precauciones razonables para asegurar la seguridad del invitado. Un autorizado, en contraste, entra en la propiedad para sus propios prop\u00f3sitos pero esta ah\u00ed con la aprobaci\u00f3n del due\u00f1o. El due\u00f1o tiene la responsabilidad de informarle sobre posibles peligros, pero no necesariamente debe arreglar lo que causa peligro. Y, finalmente, una persona sin permiso, entra sin ning\u00fan derecho a entrar. En el caso de adultos, el propietario no tiene responsabilidad de cuidado y no necesita tener cuidado o advertirle al que entr\u00f3 de los posibles peligros.<\/p>\n<p>[\/et_pb_text][\/et_pb_column][\/et_pb_row][et_pb_row _builder_version=\u00bb4.27.4&#8243; _module_preset=\u00bbdefault\u00bb custom_margin=\u00bb15px||||false|false\u00bb global_colors_info=\u00bb{}\u00bb][et_pb_column type=\u00bb4_4&#8243; _builder_version=\u00bb4.27.4&#8243; _module_preset=\u00bbdefault\u00bb global_colors_info=\u00bb{}\u00bb][et_pb_text _builder_version=\u00bb4.27.4&#8243; _module_preset=\u00bbdefault\u00bb global_colors_info=\u00bb{}\u00bb]Aun cuando el acusante sea un traspasador, el o ella aun pueden reclamar por da\u00f1os, siempre y cuando puedan mostrar que el due\u00f1o sabia que era posible que entrara alg\u00fan traspasador. Los ni\u00f1os merecen un alto nivel de cuidado, aun cuando puedan ser considerados traspasadores. El deber del propietario de advertir es aumentado en el caso de los ni\u00f1os.<\/p>\n<p>En estados donde se presta consideraci\u00f3n a la condici\u00f3n de la propiedad y a las actividades del propietario y las visitas, normas uniformes de cuidado se aplican tanto a los visitantes como a los licenciados. Estas normas uniformes requieren que haya una preocupaci\u00f3n razonable por la seguridad de las visitas que no son traspasadores. Para satisfacer la razonabilidad de \u00e9stas normas, el due\u00f1o tiene el deber continuo de inspeccionar la propiedad, identificar condiciones peligrosas y repararlas o poner avisos de manera apropiada.<\/p>\n<p>En caso de que exista alg\u00fan tipo de responsabilidad en una propiedad, el demandante debe mostrar que el propietario no ha alcanzado las normas de razonabilidad requeridas.<\/p>\n<p>Tal vez la dificultad m\u00e1s grande en estos casos tiene que ver con lo que se refiere al conocimiento del due\u00f1o. Se debe probar que el due\u00f1o sab\u00eda o deber\u00eda haber sabido cuales eran las condiciones de la propiedad para que haya responsabilidad de lo sucedido. Esto es, a veces, muy dif\u00edcil de establecer.<\/p>\n<p>Una de las teor\u00edas m\u00e1s comunes para limitar la compensaci\u00f3n del demandante es lo que se llama falta comparativa o contributiva. Un visitante tiene el deber, en la mayor\u00eda de los casos, de poner el cuidado mas razonable en lo que se refiere a su propia seguridad; cuando este cuidado no se aplica, la compensaci\u00f3n al demandante puede ser limitada o reducida dependiendo del grado de su propia negligencia.<\/p>\n<h2>Casos de Resbalones y ca\u00eddas<\/h2>\n<p>Los resbalones y ca\u00eddas son, como el nombre lo indica, da\u00f1os que ocurren cuando una persona se resbala y cae ya sea en algo que no deber\u00eda estar ah\u00ed o como resultado de una condici\u00f3n de peligro. Resbalones y ca\u00eddas comunes ocurren cuando la persona se resbala en una vereda congelada frente a un negocio, o un cliente en un almac\u00e9n se resbala con una uva, hoja de lechuga u otro elemento comestible que ha ca\u00eddo al suelo y no ha sido visto por el propietario.<\/p>\n<p>En un caso as\u00ed puede que el due\u00f1o del lugar sea o no sea responsable por las heridas del demandante. A pesar de que los due\u00f1os u ocupantes de propiedades tienen el deber de tener un cuidado razonable para mantener el lugar en forma que proteja a los que ah\u00ed llegan legalmente, si hay algo peligroso que el cliente o visitante nota o algo obviamente aparente, el due\u00f1o puede evitar su responsabilidad porque el demandante tiene el deber de protegerse a si mismo contra peligros. El propietario tambi\u00e9n puede evitar la responsabilidad si es que establece que lo que estaba en el suelo hab\u00eda ca\u00eddo recientemente, o que el hielo se hab\u00eda acumulado tan recientemente que las personas responsables de limpiar no hab\u00edan tenido la oportunidad razonable de corregir la condici\u00f3n y evitar el peligro antes que se cayera el demandante. En otras palabras, el demandante en un caso de resbal\u00f3n y ca\u00edda que ocurre ya sea en un almac\u00e9n o en otro lugar, debe demostrar que el due\u00f1o tuvo un periodo de tiempo razonable para descubrir la condici\u00f3n peligrosa y remediarla. La determinaci\u00f3n de lo que constituye tiempo razonable varia de caso a caso.[\/et_pb_text][\/et_pb_column][\/et_pb_row][et_pb_row _builder_version=\u00bb4.27.4&#8243; _module_preset=\u00bbdefault\u00bb background_color=\u00bbgcid-secondary-color\u00bb custom_margin=\u00bb30px||||false|false\u00bb custom_padding=\u00bb30px|30px|30px|30px|false|false\u00bb custom_padding_tablet=\u00bb30px|30px|30px|30px|false|false\u00bb custom_padding_phone=\u00bb25px|15px|25px|15px|false|false\u00bb global_colors_info=\u00bb{%22gcid-secondary-color%22:%91%22background_color%22%93}\u00bb][et_pb_column type=\u00bb4_4&#8243; _builder_version=\u00bb4.27.4&#8243; _module_preset=\u00bbdefault\u00bb global_colors_info=\u00bb{}\u00bb][et_pb_text _builder_version=\u00bb4.27.4&#8243; _module_preset=\u00bbdefault\u00bb global_colors_info=\u00bb{}\u00bb]<\/p>\n<h2>Conclusi\u00f3n<\/h2>\n<p>Aun los casos comunes como resbalones y ca\u00eddas pueden presentar elementos legales complejos y preguntas legales y reales complicadas. Por consiguiente, si usted ha sufrido una lesi\u00f3n en un caso de da\u00f1os ocurridos en propiedades, abogados con experiencia y conocimiento en casos de da\u00f1os ocurridos en propiedades est\u00e1n en la mejor disposici\u00f3n para aconsejarle acerca de sus derechos y como adquirir un resultado favorable.[\/et_pb_text][\/et_pb_column][\/et_pb_row][\/et_pb_section]<\/p>\n","protected":false},"excerpt":{"rendered":"<p>Principios Generales de Responsabilidad en Casos de da\u00f1os Personales Ocurridos en Propiedades En algunos estados las leyes referentes a da\u00f1os en propiedades se enfocan en la situaci\u00f3n del visitante a la propiedad. En estos estados, el demandante puede ser un invitado, un autorizado, o una persona que entra sin permiso. Un invitado es alguien que [&hellip;]<\/p>\n","protected":false},"author":6,"featured_media":38560,"parent":38574,"menu_order":0,"comment_status":"closed","ping_status":"closed","template":"","meta":{"_acf_changed":false,"_et_pb_use_builder":"on","_et_pb_old_content":"","_et_gb_content_width":"","footnotes":""},"class_list":["post-39152","page","type-page","status-publish","has-post-thumbnail","hentry"],"acf":[],"_links":{"self":[{"href":"https:\/\/theleonlawfirm.com\/es\/wp-json\/wp\/v2\/pages\/39152","targetHints":{"allow":["GET"]}}],"collection":[{"href":"https:\/\/theleonlawfirm.com\/es\/wp-json\/wp\/v2\/pages"}],"about":[{"href":"https:\/\/theleonlawfirm.com\/es\/wp-json\/wp\/v2\/types\/page"}],"author":[{"embeddable":true,"href":"https:\/\/theleonlawfirm.com\/es\/wp-json\/wp\/v2\/users\/6"}],"replies":[{"embeddable":true,"href":"https:\/\/theleonlawfirm.com\/es\/wp-json\/wp\/v2\/comments?post=39152"}],"version-history":[{"count":0,"href":"https:\/\/theleonlawfirm.com\/es\/wp-json\/wp\/v2\/pages\/39152\/revisions"}],"up":[{"embeddable":true,"href":"https:\/\/theleonlawfirm.com\/es\/wp-json\/wp\/v2\/pages\/38574"}],"wp:featuredmedia":[{"embeddable":true,"href":"https:\/\/theleonlawfirm.com\/es\/wp-json\/wp\/v2\/media\/38560"}],"wp:attachment":[{"href":"https:\/\/theleonlawfirm.com\/es\/wp-json\/wp\/v2\/media?parent=39152"}],"curies":[{"name":"wp","href":"https:\/\/api.w.org\/{rel}","templated":true}]}}