{"id":39148,"date":"2025-07-09T06:46:10","date_gmt":"2025-07-09T11:46:10","guid":{"rendered":"https:\/\/lenlawfirm8new.wpenginepowered.com\/?page_id=39148"},"modified":"2026-03-18T01:46:06","modified_gmt":"2026-03-18T06:46:06","slug":"productos-defectuosos","status":"publish","type":"page","link":"https:\/\/theleonlawfirm.com\/es\/productos-defectuosos\/","title":{"rendered":"Productos Defectuosos"},"content":{"rendered":"<p>[et_pb_section fb_built=\u00bb1&#8243; _builder_version=\u00bb4.27.4&#8243; _module_preset=\u00bbdefault\u00bb background_color=\u00bbgcid-primary-color\u00bb locked=\u00bboff\u00bb collapsed=\u00bboff\u00bb global_colors_info=\u00bb{%22gcid-primary-color%22:%91%22background_color%22%93}\u00bb][et_pb_row column_structure=\u00bb1_2,1_2&#8243; use_custom_gutter=\u00bbon\u00bb make_equal=\u00bbon\u00bb module_class=\u00bbcustom_row\u00bb _builder_version=\u00bb4.27.4&#8243; _module_preset=\u00bbdefault\u00bb custom_margin=\u00bb||||false|false\u00bb global_colors_info=\u00bb{}\u00bb][et_pb_column type=\u00bb1_2&#8243; _builder_version=\u00bb4.27.4&#8243; _module_preset=\u00bbdefault\u00bb global_colors_info=\u00bb{}\u00bb][et_pb_image src=\u00bbhttps:\/\/theleonlawfirm.com\/wp-content\/uploads\/Productos-Defectuosos-Section-Image.jpg\u00bb alt=\u00bbProductos Defectuosos Section Image\u00bb title_text=\u00bbProductos Defectuosos Section Image\u00bb _builder_version=\u00bb4.27.4&#8243; _module_preset=\u00bbdefault\u00bb global_colors_info=\u00bb{}\u00bb][\/et_pb_image][\/et_pb_column][et_pb_column type=\u00bb1_2&#8243; _builder_version=\u00bb4.27.4&#8243; _module_preset=\u00bbdefault\u00bb global_colors_info=\u00bb{}\u00bb][et_pb_text _builder_version=\u00bb4.27.4&#8243; _module_preset=\u00bbdefault\u00bb global_colors_info=\u00bb{}\u00bb]Es importante que si usted ha sido v\u00edctima de un producto defectuoso, guarde todo lo relacionado con el producto, acuda inmediatamente a una revisi\u00f3n m\u00e9dica y documente su visita. Estos documentos le servir\u00e1n en el caso de que necesite iniciar una acci\u00f3n legal en contra de quien resulte responsable del producto defectuoso.<\/p>\n<p>Si usted ha sido v\u00edctima de neum\u00e1ticos defectuosos, partes defectuosas de autom\u00f3vil, frenos defectuosos, productos farmac\u00e9uticos peligrosos, juguetes peligrosos o defectuosos, asientos de coche inseguros, asientos de ni\u00f1os peligrosos, bicicletas defectuosas, maquinaria defectuosa, equipo industrial defectuoso, y cualquier otro producto defectuoso, llame inmediatamente a un abogado de La Firma Le\u00f3n, P.C.<\/p>\n<p>Representamos clientes alrededor de Houston, Texas, y hemos adquirido la experiencia y la habilidad que usted necesita en un abogado, para ayudarle a obtener la compensaci\u00f3n que por ley usted merece. Si quiere saber qui\u00e9n o quienes son los responsables de los da\u00f1os o lesiones que le causo un producto defectuoso, llame hoy a La Firma Le\u00f3n, P.C.<\/p>\n<p>La Firma Le\u00f3n, P.C., ofrece servicios legales eficientes a individuos y a familias en todos los alrededores de Houston y los condados de Fort Bend, Harris, Montgomery, Brazoria y Galveston.[\/et_pb_text][\/et_pb_column][\/et_pb_row][et_pb_row _builder_version=\u00bb4.27.4&#8243; _module_preset=\u00bbdefault\u00bb custom_margin=\u00bb15px||||false|false\u00bb global_colors_info=\u00bb{}\u00bb][et_pb_column type=\u00bb4_4&#8243; _builder_version=\u00bb4.27.4&#8243; _module_preset=\u00bbdefault\u00bb global_colors_info=\u00bb{}\u00bb][et_pb_text _builder_version=\u00bb4.27.4&#8243; _module_preset=\u00bbdefault\u00bb text_orientation=\u00bbcenter\u00bb global_colors_info=\u00bb{}\u00bb]<\/p>\n<p><em>Se Habla Espa\u00f1ol,<\/em><br \/><em>La Primera Cita es Gratis<\/em><\/p>\n<p><strong>La Firma Le\u00f3n, P.C.<\/strong><br \/>Comerica Bank Building<br \/>One Sugar Creek Center Boulevard, Suite 980<br \/>Sugar Land, TX 77478<br \/>Tel\u00e9fono: 281.980.4529<br \/>Fax: 281.980.4530<\/p>\n<p>La Firma Le\u00f3n, P.C., protege los derechos de individuos y familias en Texas en asuntos de lesiones personales, falta de pago de horas extras, transacciones comerciales, y litigio. Representamos a clientes en Sugar Land, Missouri City, Richmond, Rosenberg, Needville, Stafford, Houston, Spring, Bellaire, The Woodlands, Conroe, Angleton, Freeport, Lake Jackson, Alvin, Galveston y Texas.<\/p>\n<p>Condado de Fort Bend \u25aa Condado de Harris \u25aa Condado de Montgomery \u25aa Condado de Brazoria \u25aa Condado de Galveston<\/p>\n<p>[\/et_pb_text][\/et_pb_column][\/et_pb_row][\/et_pb_section]<\/p>\n","protected":false},"excerpt":{"rendered":"<p>Es importante que si usted ha sido v\u00edctima de un producto defectuoso, guarde todo lo relacionado con el producto, acuda inmediatamente a una revisi\u00f3n m\u00e9dica y documente su visita. Estos documentos le servir\u00e1n en el caso de que necesite iniciar una acci\u00f3n legal en contra de quien resulte responsable del producto defectuoso. Si usted ha [&hellip;]<\/p>\n","protected":false},"author":6,"featured_media":38560,"parent":38574,"menu_order":0,"comment_status":"closed","ping_status":"closed","template":"","meta":{"_acf_changed":false,"_et_pb_use_builder":"on","_et_pb_old_content":"","_et_gb_content_width":"","footnotes":""},"class_list":["post-39148","page","type-page","status-publish","has-post-thumbnail","hentry"],"acf":[],"_links":{"self":[{"href":"https:\/\/theleonlawfirm.com\/es\/wp-json\/wp\/v2\/pages\/39148","targetHints":{"allow":["GET"]}}],"collection":[{"href":"https:\/\/theleonlawfirm.com\/es\/wp-json\/wp\/v2\/pages"}],"about":[{"href":"https:\/\/theleonlawfirm.com\/es\/wp-json\/wp\/v2\/types\/page"}],"author":[{"embeddable":true,"href":"https:\/\/theleonlawfirm.com\/es\/wp-json\/wp\/v2\/users\/6"}],"replies":[{"embeddable":true,"href":"https:\/\/theleonlawfirm.com\/es\/wp-json\/wp\/v2\/comments?post=39148"}],"version-history":[{"count":0,"href":"https:\/\/theleonlawfirm.com\/es\/wp-json\/wp\/v2\/pages\/39148\/revisions"}],"up":[{"embeddable":true,"href":"https:\/\/theleonlawfirm.com\/es\/wp-json\/wp\/v2\/pages\/38574"}],"wp:featuredmedia":[{"embeddable":true,"href":"https:\/\/theleonlawfirm.com\/es\/wp-json\/wp\/v2\/media\/38560"}],"wp:attachment":[{"href":"https:\/\/theleonlawfirm.com\/es\/wp-json\/wp\/v2\/media?parent=39148"}],"curies":[{"name":"wp","href":"https:\/\/api.w.org\/{rel}","templated":true}]}}