{"id":39140,"date":"2025-07-09T06:32:41","date_gmt":"2025-07-09T11:32:41","guid":{"rendered":"https:\/\/lenlawfirm8new.wpenginepowered.com\/?page_id=39140"},"modified":"2026-03-18T01:44:26","modified_gmt":"2026-03-18T06:44:26","slug":"muerte-injusta","status":"publish","type":"page","link":"https:\/\/theleonlawfirm.com\/es\/muerte-injusta\/","title":{"rendered":"Muerte Injusta"},"content":{"rendered":"<p>[et_pb_section fb_built=\u00bb1&#8243; _builder_version=\u00bb4.27.4&#8243; _module_preset=\u00bbdefault\u00bb background_color=\u00bbgcid-primary-color\u00bb locked=\u00bboff\u00bb collapsed=\u00bboff\u00bb global_colors_info=\u00bb{%22gcid-primary-color%22:%91%22background_color%22%93}\u00bb][et_pb_row column_structure=\u00bb1_2,1_2&#8243; use_custom_gutter=\u00bbon\u00bb make_equal=\u00bbon\u00bb module_class=\u00bbcustom_row\u00bb _builder_version=\u00bb4.27.4&#8243; _module_preset=\u00bbdefault\u00bb custom_margin=\u00bb||||false|false\u00bb global_colors_info=\u00bb{}\u00bb][et_pb_column type=\u00bb1_2&#8243; _builder_version=\u00bb4.27.4&#8243; _module_preset=\u00bbdefault\u00bb global_colors_info=\u00bb{}\u00bb][et_pb_image src=\u00bbhttps:\/\/theleonlawfirm.com\/wp-content\/uploads\/Wrongful-Death-Attorney-Image.jpg\u00bb alt=\u00bbPersonal Injury Attorney Services Section Image\u00bb title_text=\u00bbWrongful Death Attorney Image\u00bb _builder_version=\u00bb4.27.4&#8243; _module_preset=\u00bbdefault\u00bb global_colors_info=\u00bb{}\u00bb][\/et_pb_image][\/et_pb_column][et_pb_column type=\u00bb1_2&#8243; _builder_version=\u00bb4.27.4&#8243; _module_preset=\u00bbdefault\u00bb global_colors_info=\u00bb{}\u00bb][et_pb_text _builder_version=\u00bb4.27.4&#8243; _module_preset=\u00bbdefault\u00bb global_colors_info=\u00bb{}\u00bb]<\/p>\n<p>Tenemos muchos a\u00f1os de experiencia negociando y litigando casos como el suyo. Queremos que sepa que la raz\u00f3n por la cual nos dedicamos a esta profesi\u00f3n, es porque queremos ayudarle y por que sentimos respeto y compasi\u00f3n por su p\u00e9rdida. Acu\u00e9rdese que no tiene que pagarnos nada, hasta que obtengamos una compensaci\u00f3n por la muerte de la persona amada que usted perdi\u00f3. Tome su tel\u00e9fono y hable con <a href=\"\/team-profiles\/\">un abogado<\/a> de La Firma Le\u00f3n, P.C., para hacer una cita con nosotros.<\/p>\n<p>La Firma Le\u00f3n, P.C., ofrece servicios legales eficientes a individuos y a familias en todos los alrededores de Houston y los condados de Fort Bend, Harris, Montgomery, Brazoria, y Galveston.<\/p>\n<p>[\/et_pb_text][\/et_pb_column][\/et_pb_row][et_pb_row _builder_version=\u00bb4.27.4&#8243; _module_preset=\u00bbdefault\u00bb custom_margin=\u00bb15px||||false|false\u00bb global_colors_info=\u00bb{}\u00bb][et_pb_column type=\u00bb4_4&#8243; _builder_version=\u00bb4.27.4&#8243; _module_preset=\u00bbdefault\u00bb global_colors_info=\u00bb{}\u00bb][et_pb_text _builder_version=\u00bb4.27.4&#8243; _module_preset=\u00bbdefault\u00bb text_orientation=\u00bbcenter\u00bb global_colors_info=\u00bb{}\u00bb]<\/p>\n<p><em>Se Habla Espa\u00f1ol,<\/em><br \/><em>La Primera Cita es Gratis<\/em><\/p>\n<p><strong>La Firma Le\u00f3n, P.C.<\/strong><br \/>Comerica Bank Building<br \/>One Sugar Creek Center Boulevard, Suite 980<br \/>Sugar Land, TX 77478<br \/>Tel\u00e9fono: <a href=\"tel:281.980.4529\">281.980.4529<\/a><br \/>Fax: <a href=\"fax: 281.980.4530\">281.980.4530<\/a><\/p>\n<p>La Firma Le\u00f3n, P.C., protege los derechos de individuos y familias en Texas en asuntos de lesiones personales, falta de pago de horas extras, transacciones comerciales y litigio. Representamos a clientes en Sugar Land, Missouri City, Richmond, Rosenberg, Needdville, Stafford, Houston, Spring, Bellaire, The Woodlands, Conroe, Angleton, Freeport, Lake Jackson, Alvin, Galveston y Texas.<\/p>\n<p>Condado de Fort Bend \u25aa Condado Harris \u25aa Condado de Montgomery \u25aa Condado Brazoria \u25aa Condado Galveston<\/p>\n<p>[\/et_pb_text][\/et_pb_column][\/et_pb_row][\/et_pb_section]<\/p>\n","protected":false},"excerpt":{"rendered":"<p>Tenemos muchos a\u00f1os de experiencia negociando y litigando casos como el suyo. Queremos que sepa que la raz\u00f3n por la cual nos dedicamos a esta profesi\u00f3n, es porque queremos ayudarle y por que sentimos respeto y compasi\u00f3n por su p\u00e9rdida. Acu\u00e9rdese que no tiene que pagarnos nada, hasta que obtengamos una compensaci\u00f3n por la muerte [&hellip;]<\/p>\n","protected":false},"author":6,"featured_media":38560,"parent":38574,"menu_order":0,"comment_status":"closed","ping_status":"closed","template":"","meta":{"_acf_changed":false,"_et_pb_use_builder":"on","_et_pb_old_content":"","_et_gb_content_width":"","footnotes":""},"class_list":["post-39140","page","type-page","status-publish","has-post-thumbnail","hentry"],"acf":[],"_links":{"self":[{"href":"https:\/\/theleonlawfirm.com\/es\/wp-json\/wp\/v2\/pages\/39140","targetHints":{"allow":["GET"]}}],"collection":[{"href":"https:\/\/theleonlawfirm.com\/es\/wp-json\/wp\/v2\/pages"}],"about":[{"href":"https:\/\/theleonlawfirm.com\/es\/wp-json\/wp\/v2\/types\/page"}],"author":[{"embeddable":true,"href":"https:\/\/theleonlawfirm.com\/es\/wp-json\/wp\/v2\/users\/6"}],"replies":[{"embeddable":true,"href":"https:\/\/theleonlawfirm.com\/es\/wp-json\/wp\/v2\/comments?post=39140"}],"version-history":[{"count":0,"href":"https:\/\/theleonlawfirm.com\/es\/wp-json\/wp\/v2\/pages\/39140\/revisions"}],"up":[{"embeddable":true,"href":"https:\/\/theleonlawfirm.com\/es\/wp-json\/wp\/v2\/pages\/38574"}],"wp:featuredmedia":[{"embeddable":true,"href":"https:\/\/theleonlawfirm.com\/es\/wp-json\/wp\/v2\/media\/38560"}],"wp:attachment":[{"href":"https:\/\/theleonlawfirm.com\/es\/wp-json\/wp\/v2\/media?parent=39140"}],"curies":[{"name":"wp","href":"https:\/\/api.w.org\/{rel}","templated":true}]}}