{"id":39131,"date":"2025-07-09T06:19:54","date_gmt":"2025-07-09T11:19:54","guid":{"rendered":"https:\/\/lenlawfirm8new.wpenginepowered.com\/?page_id=39131"},"modified":"2025-07-17T04:03:41","modified_gmt":"2025-07-17T09:03:41","slug":"lesiones-personales-generalidades","status":"publish","type":"page","link":"https:\/\/theleonlawfirm.com\/es\/lesiones-personales-generalidades\/","title":{"rendered":"Lesiones Personales: Generalidades"},"content":{"rendered":"<p>[et_pb_section fb_built=\u00bb1&#8243; _builder_version=\u00bb4.27.4&#8243; _module_preset=\u00bbdefault\u00bb background_color=\u00bbgcid-primary-color\u00bb locked=\u00bboff\u00bb collapsed=\u00bboff\u00bb global_colors_info=\u00bb{%22gcid-primary-color%22:%91%22background_color%22%93}\u00bb][et_pb_row _builder_version=\u00bb4.27.4&#8243; _module_preset=\u00bbdefault\u00bb custom_margin=\u00bb15px||||false|false\u00bb global_colors_info=\u00bb{}\u00bb][et_pb_column type=\u00bb4_4&#8243; _builder_version=\u00bb4.27.4&#8243; _module_preset=\u00bbdefault\u00bb global_colors_info=\u00bb{}\u00bb][et_pb_text _builder_version=\u00bb4.27.4&#8243; _module_preset=\u00bbdefault\u00bb text_orientation=\u00bbcenter\u00bb global_colors_info=\u00bb{}\u00bb]La meta general de una acci\u00f3n por lesiones personales est\u00e1 determinada por quien es responsable y por la obligaci\u00f3n de compensar a la persona afectada por las perdidas sostenidas. Si usted o alguien que usted conoce ha sido lesionado por las acciones descuidadas de otros, es esencial que busque la ayuda legal de un profesional experimentado en juicios por lesiones, de manera que usted pueda mantener sus derechos.[\/et_pb_text][\/et_pb_column][\/et_pb_row][et_pb_row column_structure=\u00bb1_2,1_2&#8243; use_custom_gutter=\u00bbon\u00bb make_equal=\u00bbon\u00bb module_class=\u00bbcustom_row\u00bb _builder_version=\u00bb4.27.4&#8243; _module_preset=\u00bbdefault\u00bb custom_margin=\u00bb30px||||false|false\u00bb global_colors_info=\u00bb{}\u00bb][et_pb_column type=\u00bb1_2&#8243; _builder_version=\u00bb4.27.4&#8243; _module_preset=\u00bbdefault\u00bb global_colors_info=\u00bb{}\u00bb][et_pb_image src=\u00bbhttps:\/\/theleonlawfirm.com\/wp-content\/uploads\/Personal-injury-lawsuits-Image.jpg\u00bb alt=\u00bbPersonal injury lawsuits Image\u00bb title_text=\u00bbPersonal injury lawsuits Image\u00bb _builder_version=\u00bb4.27.4&#8243; _module_preset=\u00bbdefault\u00bb hover_enabled=\u00bb0&#8243; global_colors_info=\u00bb{}\u00bb sticky_enabled=\u00bb0&#8243;][\/et_pb_image][\/et_pb_column][et_pb_column type=\u00bb1_2&#8243; _builder_version=\u00bb4.27.4&#8243; _module_preset=\u00bbdefault\u00bb global_colors_info=\u00bb{}\u00bb][et_pb_text _builder_version=\u00bb4.27.4&#8243; _module_preset=\u00bbdefault\u00bb global_colors_info=\u00bb{}\u00bb]<\/p>\n<h2>Da\u00f1os por Lesiones Personales<\/h2>\n<p>Los abogados de lesiones personales pueden ayudar a asegurar que sus clientes reciban la m\u00e1xima cantidad por da\u00f1os que es legalmente posible obtener. Algunos de los tipos de da\u00f1os que pueden ser legalmente compensados incluyen: perdidas de salarios futuros y pasados, gastos m\u00e9dicos futuros y pasados, da\u00f1os por dolor y sufrimiento emocional, y da\u00f1os por desfiguramiento. Algunas veces, un familiar cercano de la persona lesionada, tal como el esposo o esposa, tambi\u00e9n pueden obtener compensaci\u00f3n por da\u00f1os. Esta compensaci\u00f3n generalmente se conoce como perdida por da\u00f1os de consorcio y est\u00e1 destinada a compensar a los seres queridos por perdida de los servicios y compa\u00f1\u00eda de la persona lesionada.[\/et_pb_text][\/et_pb_column][\/et_pb_row][et_pb_row _builder_version=\u00bb4.27.4&#8243; _module_preset=\u00bbdefault\u00bb custom_margin=\u00bb15px||||false|false\u00bb global_colors_info=\u00bb{}\u00bb][et_pb_column type=\u00bb4_4&#8243; _builder_version=\u00bb4.27.4&#8243; _module_preset=\u00bbdefault\u00bb global_colors_info=\u00bb{}\u00bb][et_pb_text _builder_version=\u00bb4.27.4&#8243; _module_preset=\u00bbdefault\u00bb global_colors_info=\u00bb{}\u00bb]<\/p>\n<p>Otros tipos de da\u00f1os tambi\u00e9n pueden ser compensados seg\u00fan sean las leyes del estado donde se presenta el juicio y seg\u00fan sean los hechos del caso en particular, pueden incluir da\u00f1os hed\u00f3nicos, los cuales se refieren a la perdida del acusador para disfrutar las actividades que eran de valor pero que ahora no puede realizar como resultado de las lesiones recibidas. Un ejemplo podr\u00eda ser la inhabilidad de la persona lesionada para continuar jugando b\u00e9isbol en una liga de recreaci\u00f3n que era una parte importante de su vida. Adem\u00e1s, los da\u00f1os punitivos otorgados si es que la conducta del acusado fue particularmente atroz y la corte y el jurado determinan que el acusado debe pagar una cantidad mas all\u00e1 de los da\u00f1os actuales causados al demandante.<\/p>\n<p>Tales compensaciones pueden tambi\u00e9n servir para evitar que otros se dediquen a una conducta similar.<\/p>\n<h2>\u201cCausa Legal\u201d de Lesiones Personales<\/h2>\n<p>No todos los demandantes pueden recuperar legalmente la perdida que sufrieron por los da\u00f1os causados. Adem\u00e1s de las lesiones, el demandante debe establecer, con evidencia cre\u00edble y correspondiente, que el acusado es legalmente responsable por sus lesiones. El demandante debe presentar prueba de causa tanto en t\u00e9rminos de causas reales y de causa legal pr\u00f3xima. La causa real es determinada por causas y efectos reales. Si la causa legal se establece va a depender de los hechos y circunstancias.<\/p>\n<p>En algunas acciones de lesiones personales, la causa legal puede establecerse si el acusado tuvo una conducta intencional. Esto significa que la persona hiri\u00f3 al otro intencionalmente o a prop\u00f3sito, o sabia que su conducta producir\u00eda la posibilidad sustancial de que hubiese lesiones.<\/p>\n<p>Otras acciones de lesiones personales est\u00e1n basadas en un concepto m\u00e1s liberal de culpa llamada negligencia. Bajo la teor\u00eda de negligencia, un acusado puede ser responsabilizado por los resultados de una acci\u00f3n, o no acci\u00f3n, cuando cualquiera otra persona en la misma situaci\u00f3n podr\u00eda haber calculado que su conducta podr\u00eda producir riesgos irrazonables de da\u00f1o a otros. Aun mas, otros tipos de acciones de lesiones personales est\u00e1n basados en responsabilidad estricta, la cual es un sistema de no-culpa bajo el cual se puede establecer responsabilidad sin considerar la culpa de las partes involucradas, incluyendo el demandante.<\/p>\n<p>Responsabilidad estricta puede ser aplicada en los casos de responsabilidad de productos, tales como los que suceden cuando el fabricante o el vendedor de un producto defectivo lo pone en el mercado y los usuarios resultan lesionados.<\/p>\n<p>Puede encontrarse al acusado responsable por acciones tomadas, o por acciones no tomadas. Un conductor que no para en una luz roja y golpea otro vehiculo y hiere al otro conductor o sus pasajeros, es responsable basado en sus acto de negligencia. Un due\u00f1o de propiedad que no limpia el hielo y la nieve frente a su lugar de negocio p\u00fablico puede ser responsable por sus acciones si un cliente se cae y se rompe la pierna cuando trata de entrar al negocio.<\/p>\n<h2>Defensas por Lesiones Personales<\/h2>\n<p>En algunas situaciones, la conducta del acusado, aunque es cuestionable, puede no llegar al nivel de culpabilidad que le da al acusador el derecho de compensaci\u00f3n por da\u00f1os. Si por ejemplo, un acusador con conocimiento y voluntariamente escoge enfrentar un peligro conocido, entonces la ley provee que el o ella ha asumido el riesgo de lesionarse y por lo tanto el acusado puede no ser responsable. En el caso en el cual el acusado participa en un juego amistoso de f\u00fatbol y otro jugador le quiebra el brazo. En un caso as\u00ed, el acusador puede que no recupere por sus lesiones porque el sabia que hab\u00eda riesgos asociados con el juego y voluntariamente decidi\u00f3 enfrentarlos.<\/p>\n<p>Las posibles defensas de reclamos de lesiones personales pueden ser las siguientes:<\/p>\n<ul>\n<li>Estatutos de limitaciones que las leyes imponen determinando los periodos de tiempo durante los cuales se pueden iniciar los juicios;<\/li>\n<li>Inmunidad soberana que provee que ciertos oficiales gubernamentales est\u00e9n inmunes de responsabilidad civil por sus conductas, ya que si est\u00e1n constantemente sujetos a litigaci\u00f3n por todos sus actos puede que no puedan cumplir con sus obligaciones;<\/li>\n<li>Mal uso intencional de un producto en un caso de responsabilidad de productos;<\/li>\n<li>Negligencia contributaria o comparativa en la cual la propia conducta del acusador causo o contribuyo a sus propias lesiones.<\/li>\n<\/ul>\n<p>Un abogado de casos de lesiones personales puede explicar estas y otras defensas y determinar si aplican a su caso en particular.<\/p>\n<p>[\/et_pb_text][\/et_pb_column][\/et_pb_row][et_pb_row _builder_version=\u00bb4.27.4&#8243; _module_preset=\u00bbdefault\u00bb background_color=\u00bbgcid-secondary-color\u00bb custom_margin=\u00bb30px||||false|false\u00bb custom_padding=\u00bb30px|30px|30px|30px|false|false\u00bb custom_padding_tablet=\u00bb30px|30px|30px|30px|false|false\u00bb custom_padding_phone=\u00bb25px|15px|25px|15px|false|false\u00bb global_colors_info=\u00bb{%22gcid-secondary-color%22:%91%22background_color%22%93}\u00bb][et_pb_column type=\u00bb4_4&#8243; _builder_version=\u00bb4.27.4&#8243; _module_preset=\u00bbdefault\u00bb global_colors_info=\u00bb{}\u00bb][et_pb_text _builder_version=\u00bb4.27.4&#8243; _module_preset=\u00bbdefault\u00bb global_colors_info=\u00bb{}\u00bb]<\/p>\n<h2>Conclusi\u00f3n<\/h2>\n<p>Los casos de lesiones personales casi siempre requieren que un abogado examine los hechos y circunstancias y determine si el acusado es legalmente responsable por los da\u00f1os del demandante. La experiencia y conocimiento de los abogados de casos de lesiones personales le ayudaran a determinar si usted tiene un caso justo, que tan pronto debe iniciar los reclamos para mantener sus derechos, cuales pueden ser sus da\u00f1os, y si tiene derecho a alg\u00fan tipo de beneficios financieros. En la mayor\u00eda de los casos usted no debe honorarios legales a menos de que el acusado pague por las lesiones.[\/et_pb_text][\/et_pb_column][\/et_pb_row][\/et_pb_section]<\/p>\n","protected":false},"excerpt":{"rendered":"<p>La meta general de una acci\u00f3n por lesiones personales est\u00e1 determinada por quien es responsable y por la obligaci\u00f3n de compensar a la persona afectada por las perdidas sostenidas. Si usted o alguien que usted conoce ha sido lesionado por las acciones descuidadas de otros, es esencial que busque la ayuda legal de un profesional [&hellip;]<\/p>\n","protected":false},"author":6,"featured_media":38560,"parent":38574,"menu_order":0,"comment_status":"closed","ping_status":"closed","template":"","meta":{"_acf_changed":false,"_et_pb_use_builder":"on","_et_pb_old_content":"","_et_gb_content_width":"","footnotes":""},"class_list":["post-39131","page","type-page","status-publish","has-post-thumbnail","hentry"],"acf":[],"_links":{"self":[{"href":"https:\/\/theleonlawfirm.com\/es\/wp-json\/wp\/v2\/pages\/39131","targetHints":{"allow":["GET"]}}],"collection":[{"href":"https:\/\/theleonlawfirm.com\/es\/wp-json\/wp\/v2\/pages"}],"about":[{"href":"https:\/\/theleonlawfirm.com\/es\/wp-json\/wp\/v2\/types\/page"}],"author":[{"embeddable":true,"href":"https:\/\/theleonlawfirm.com\/es\/wp-json\/wp\/v2\/users\/6"}],"replies":[{"embeddable":true,"href":"https:\/\/theleonlawfirm.com\/es\/wp-json\/wp\/v2\/comments?post=39131"}],"version-history":[{"count":0,"href":"https:\/\/theleonlawfirm.com\/es\/wp-json\/wp\/v2\/pages\/39131\/revisions"}],"up":[{"embeddable":true,"href":"https:\/\/theleonlawfirm.com\/es\/wp-json\/wp\/v2\/pages\/38574"}],"wp:featuredmedia":[{"embeddable":true,"href":"https:\/\/theleonlawfirm.com\/es\/wp-json\/wp\/v2\/media\/38560"}],"wp:attachment":[{"href":"https:\/\/theleonlawfirm.com\/es\/wp-json\/wp\/v2\/media?parent=39131"}],"curies":[{"name":"wp","href":"https:\/\/api.w.org\/{rel}","templated":true}]}}