{"id":39118,"date":"2025-07-09T05:53:52","date_gmt":"2025-07-09T10:53:52","guid":{"rendered":"https:\/\/lenlawfirm8new.wpenginepowered.com\/?page_id=39118"},"modified":"2025-07-17T00:52:22","modified_gmt":"2025-07-17T05:52:22","slug":"lesiones-personales-por-ataques-o-mordidas-de-animales","status":"publish","type":"page","link":"https:\/\/theleonlawfirm.com\/es\/lesiones-personales-por-ataques-o-mordidas-de-animales\/","title":{"rendered":"Lesiones Personales por Ataques o Mordidas de Animales"},"content":{"rendered":"<p>[et_pb_section fb_built=\u00bb1&#8243; _builder_version=\u00bb4.27.4&#8243; _module_preset=\u00bbdefault\u00bb background_color=\u00bbgcid-primary-color\u00bb locked=\u00bboff\u00bb collapsed=\u00bboff\u00bb global_colors_info=\u00bb{%22gcid-primary-color%22:%91%22background_color%22%93}\u00bb][et_pb_row column_structure=\u00bb1_2,1_2&#8243; use_custom_gutter=\u00bbon\u00bb make_equal=\u00bbon\u00bb module_class=\u00bbcustom_row\u00bb _builder_version=\u00bb4.27.4&#8243; _module_preset=\u00bbdefault\u00bb custom_margin=\u00bb||||false|false\u00bb global_colors_info=\u00bb{}\u00bb][et_pb_column type=\u00bb1_2&#8243; _builder_version=\u00bb4.27.4&#8243; _module_preset=\u00bbdefault\u00bb global_colors_info=\u00bb{}\u00bb][et_pb_image src=\u00bbhttps:\/\/theleonlawfirm.com\/wp-content\/uploads\/Dog-Bites-Image.jpg\u00bb alt=\u00bbPersonal Injury Attorney Services Section Image\u00bb title_text=\u00bbDog Bites Image\u00bb _builder_version=\u00bb4.27.4&#8243; _module_preset=\u00bbdefault\u00bb global_colors_info=\u00bb{}\u00bb][\/et_pb_image][\/et_pb_column][et_pb_column type=\u00bb1_2&#8243; _builder_version=\u00bb4.27.4&#8243; _module_preset=\u00bbdefault\u00bb global_colors_info=\u00bb{}\u00bb][et_pb_text _builder_version=\u00bb4.27.4&#8243; _module_preset=\u00bbdefault\u00bb global_colors_info=\u00bb{}\u00bb]<\/p>\n<h2>El Peso del Demandante Para Probar los Casos de Ataques de Animales<\/h2>\n<p>Para tener \u00e9xito en la mayor\u00eda de los casos de ataques de animales, el demandante debe probar que el animal que causo los da\u00f1os pertenec\u00eda y era mantenido por el acusado. En el pasado, el demandante tambi\u00e9n requer\u00eda mostrar que el due\u00f1o sab\u00eda o deber\u00eda haber sabido que el animal era peligroso, mal\u00e9volo, vicioso, o con tendencias a comportamientos indeseables y potencialmente amenazadores. Bajo las leyes actuales, sin embargo, cuando se establece que el due\u00f1o fue relativamente negligente, como por ejemplo no contuvo adecuadamente al animal, el demandante puede ser compensado sin tener que mostrar la viciosidad del animal.[\/et_pb_text][\/et_pb_column][\/et_pb_row][et_pb_row _builder_version=\u00bb4.27.4&#8243; _module_preset=\u00bbdefault\u00bb custom_margin=\u00bb15px||||false|false\u00bb global_colors_info=\u00bb{}\u00bb][et_pb_column type=\u00bb4_4&#8243; _builder_version=\u00bb4.27.4&#8243; _module_preset=\u00bbdefault\u00bb global_colors_info=\u00bb{}\u00bb][et_pb_text _builder_version=\u00bb4.27.4&#8243; _module_preset=\u00bbdefault\u00bb global_colors_info=\u00bb{}\u00bb]El due\u00f1o de un animal puede ser encontrado negligente en algunas circunstancias en las cuales el o ella ten\u00eda conocimiento de la viciosidad del animal pero no actu\u00f3 para prevenir que hiriera a otros. De este modo, si un animal exhibe comportamiento vicioso o incontrolado, el due\u00f1o debe tomar medidas para asegurarse que el animal esta en un lugar donde el publico no tiene acceso. Por ejemplo, si una persona tiene un perro vicioso que tiene propensi\u00f3n a atacar y morder sin provocaci\u00f3n, el due\u00f1o deber\u00eda mantener el animal adentro y si es que esta afuera, tenerlo en un lugar que se encuentre rejado de manera que no se pueda escapar. Si el due\u00f1o no respeta estas gu\u00edas de sentido com\u00fan y el animal ataca, la persona herida podr\u00eda ser indemnizada por sus lesiones.<\/p>\n<p>Las personas que tienen animales que generalmente son considerados salvajes, tales como leones, osos, y monos son generalmente encontradas con culpabilidad si el animal se escapa y hace da\u00f1o, aun y cuando no se sepa que los animales son peligrosos. Se supone que tales animales tienen una tendencia a volver a ser salvajes aun y cuando sean entrenados muy bien y sean supuestamente dom\u00e9sticos. Puede que la responsabilidad estricta no aplique en el caso que el animal hiera a alguien mientras este encerrado en la propiedad de su due\u00f1o, pero esto de hecho es argumentable y puede que no aplique en todos los casos.<\/p>\n<p>En algunos estados, no es siempre necesario que el animal muerda o ataque a la victima para que el due\u00f1o sea responsable de los da\u00f1os. Un peat\u00f3n que esta pasando por el patio y que se asusta y cae quebr\u00e1ndose un tobillo, podr\u00eda demandar al due\u00f1o con \u00e9xito si puede mostrar que la acci\u00f3n del perro causo la ca\u00edda.<\/p>\n<h2>Posible Defensa en los Casos de Ataques de Animales<\/h2>\n<p>Las victimas de ataques de animales no siempre pueden ser compensadas por sus da\u00f1os. Si se determina que el demandante provoco al animal, por ejemplo, la compensaci\u00f3n puede ser rechazada. Digamos, por ejemplo, que el due\u00f1o de un animal mascota le informa a su vecino que su papagayo no es amistoso y que no deber\u00eda tocarlo, pero el due\u00f1o no considera esta advertencia y es picado o mordido, puede que se le niegue la compensaci\u00f3n. Si el due\u00f1o dijera que el papagayo no siempre es amistoso, pero de todos modos anim\u00f3 al vecino a que lo acariciara, podr\u00eda haber un caso de responsabilidad por los da\u00f1os.<\/p>\n<p>Generalmente los que traspasan no son compensados. En muchos estados los demandantes deben probar que estaban legalmente en ese lugar cuando el da\u00f1o ocurri\u00f3 para poder tener \u00e9xito en el juicio seg\u00fan los estatutos referentes a mordidas de perros. Si resulta que la persona herida era, un traspasador, la responsabilidad puede ser evitada basada en este factor. Si, por ejemplo, alguien salta la reja y entra a un sitio cerrado con el signo \u201cTenga cuidado con el perro\u201d y molesta al perroguardi\u00e1n pastor alem\u00e1n con un palo, el due\u00f1o del sitio puede no ser culpable si el perro muerde al traspasador.[\/et_pb_text][\/et_pb_column][\/et_pb_row][et_pb_row _builder_version=\u00bb4.27.4&#8243; _module_preset=\u00bbdefault\u00bb background_color=\u00bbgcid-secondary-color\u00bb custom_margin=\u00bb30px||||false|false\u00bb custom_padding=\u00bb30px|30px|30px|30px|false|false\u00bb custom_padding_tablet=\u00bb30px|30px|30px|30px|false|false\u00bb custom_padding_phone=\u00bb25px|15px|25px|15px|false|false\u00bb global_colors_info=\u00bb{%22gcid-secondary-color%22:%91%22background_color%22%93}\u00bb][et_pb_column type=\u00bb4_4&#8243; _builder_version=\u00bb4.27.4&#8243; _module_preset=\u00bbdefault\u00bb global_colors_info=\u00bb{}\u00bb][et_pb_text _builder_version=\u00bb4.27.4&#8243; _module_preset=\u00bbdefault\u00bb global_colors_info=\u00bb{}\u00bb]<\/p>\n<h2>Conclusi\u00f3n<\/h2>\n<p>Las personas mordidas o atacadas por animales deber\u00edan contactar profesionales experimentados en leyes de lesiones personales. As\u00ed podr\u00e1n entender las complejidades de su caso y tener gu\u00eda a trav\u00e9s del sistema legal y obtener el mejor resultado.[\/et_pb_text][\/et_pb_column][\/et_pb_row][\/et_pb_section]<\/p>\n","protected":false},"excerpt":{"rendered":"<p>El Peso del Demandante Para Probar los Casos de Ataques de Animales Para tener \u00e9xito en la mayor\u00eda de los casos de ataques de animales, el demandante debe probar que el animal que causo los da\u00f1os pertenec\u00eda y era mantenido por el acusado. En el pasado, el demandante tambi\u00e9n requer\u00eda mostrar que el due\u00f1o sab\u00eda [&hellip;]<\/p>\n","protected":false},"author":6,"featured_media":38560,"parent":38574,"menu_order":0,"comment_status":"closed","ping_status":"closed","template":"","meta":{"_acf_changed":false,"_et_pb_use_builder":"on","_et_pb_old_content":"","_et_gb_content_width":"","footnotes":""},"class_list":["post-39118","page","type-page","status-publish","has-post-thumbnail","hentry"],"acf":[],"_links":{"self":[{"href":"https:\/\/theleonlawfirm.com\/es\/wp-json\/wp\/v2\/pages\/39118","targetHints":{"allow":["GET"]}}],"collection":[{"href":"https:\/\/theleonlawfirm.com\/es\/wp-json\/wp\/v2\/pages"}],"about":[{"href":"https:\/\/theleonlawfirm.com\/es\/wp-json\/wp\/v2\/types\/page"}],"author":[{"embeddable":true,"href":"https:\/\/theleonlawfirm.com\/es\/wp-json\/wp\/v2\/users\/6"}],"replies":[{"embeddable":true,"href":"https:\/\/theleonlawfirm.com\/es\/wp-json\/wp\/v2\/comments?post=39118"}],"version-history":[{"count":0,"href":"https:\/\/theleonlawfirm.com\/es\/wp-json\/wp\/v2\/pages\/39118\/revisions"}],"up":[{"embeddable":true,"href":"https:\/\/theleonlawfirm.com\/es\/wp-json\/wp\/v2\/pages\/38574"}],"wp:featuredmedia":[{"embeddable":true,"href":"https:\/\/theleonlawfirm.com\/es\/wp-json\/wp\/v2\/media\/38560"}],"wp:attachment":[{"href":"https:\/\/theleonlawfirm.com\/es\/wp-json\/wp\/v2\/media?parent=39118"}],"curies":[{"name":"wp","href":"https:\/\/api.w.org\/{rel}","templated":true}]}}