{"id":39105,"date":"2025-07-09T05:35:59","date_gmt":"2025-07-09T10:35:59","guid":{"rendered":"https:\/\/lenlawfirm8new.wpenginepowered.com\/?page_id=39105"},"modified":"2026-03-18T01:45:26","modified_gmt":"2026-03-18T06:45:26","slug":"cuando-las-heridas-personales-resultan-en-muerte-casos-de-muerte-injusta","status":"publish","type":"page","link":"https:\/\/theleonlawfirm.com\/es\/cuando-las-heridas-personales-resultan-en-muerte\/","title":{"rendered":"Cuando las Heridas Personales Resultan en Muerte"},"content":{"rendered":"<p>[et_pb_section fb_built=\u00bb1&#8243; _builder_version=\u00bb4.27.4&#8243; _module_preset=\u00bbdefault\u00bb background_color=\u00bbgcid-primary-color\u00bb locked=\u00bboff\u00bb collapsed=\u00bboff\u00bb global_colors_info=\u00bb{%22gcid-primary-color%22:%91%22background_color%22%93}\u00bb][et_pb_row column_structure=\u00bb1_2,1_2&#8243; use_custom_gutter=\u00bbon\u00bb make_equal=\u00bbon\u00bb module_class=\u00bbcustom_row\u00bb _builder_version=\u00bb4.27.4&#8243; _module_preset=\u00bbdefault\u00bb custom_margin=\u00bb||||false|false\u00bb global_colors_info=\u00bb{}\u00bb][et_pb_column type=\u00bb1_2&#8243; _builder_version=\u00bb4.27.4&#8243; _module_preset=\u00bbdefault\u00bb global_colors_info=\u00bb{}\u00bb][et_pb_image src=\u00bbhttps:\/\/theleonlawfirm.com\/wp-content\/uploads\/Personal-Injuries-Result-in-Death-Image.jpg\u00bb alt=\u00bbPersonal Injuries Result in Death Image\u00bb title_text=\u00bbPersonal Injuries Result in Death Image\u00bb _builder_version=\u00bb4.27.4&#8243; _module_preset=\u00bbdefault\u00bb global_colors_info=\u00bb{}\u00bb][\/et_pb_image][\/et_pb_column][et_pb_column type=\u00bb1_2&#8243; _builder_version=\u00bb4.27.4&#8243; _module_preset=\u00bbdefault\u00bb global_colors_info=\u00bb{}\u00bb][et_pb_text _builder_version=\u00bb4.27.4&#8243; _module_preset=\u00bbdefault\u00bb global_colors_info=\u00bb{}\u00bb]<\/p>\n<h2>Las Leyes Sobre Muerte Injusta Var\u00edan de Estado a Estado<\/h2>\n<p>Algunos estados tienen regulaciones sobre muerte irresponsable y estas permiten que los descendientes inmediatos puedan presentar demandas por da\u00f1os que sufren cuando el pariente muere. Otros estados protegen los derechos que el difunto ten\u00eda en el momento de la muerte y extienden estos derechos para incluir los de los sobrevivientes para entablar una demanda basada en los derechos del difunto. Estos actos incluyen demandas por los da\u00f1os que resultan de la muerte misma. Finalmente, algunos estados reconocen ambos tipos de demandas pero generalmente tienen provisiones que limitan los derechos de los sobrevivientes para prevenir compensaciones dobles bajo teor\u00edas diferentes.<\/p>\n<p>Los individuos que tienen derecho a presentar una demanda por muerte injusta son generalmente los beneficiarios sin embargo, la determinaci\u00f3n de quienes son los que pueden presentar una demanda depender\u00e1 del lugar y de las circunstancias de cada caso en particular. En cuanto a los beneficiarios, generalmente, los beneficiarios principales casi siempre son la esposo\/a y los hijos y en algunos estados los padres del difunto. En muchos estados, si el difunto no dejo esposa, hijos, o padres, el estado puede otorgar la posibilidad de considerar a familiares que nos sean tan cercanos al difunto. A veces, la compensaci\u00f3n, si es que hay alguna, es simplemente dada a los herederos legales del difunto o distribuida entre los beneficiarios de la herencia, como se hace en cualquier proceso de herencia.[\/et_pb_text][\/et_pb_column][\/et_pb_row][et_pb_row _builder_version=\u00bb4.27.4&#8243; _module_preset=\u00bbdefault\u00bb custom_margin=\u00bb15px||||false|false\u00bb global_colors_info=\u00bb{}\u00bb][et_pb_column type=\u00bb4_4&#8243; _builder_version=\u00bb4.27.4&#8243; _module_preset=\u00bbdefault\u00bb global_colors_info=\u00bb{}\u00bb][et_pb_text _builder_version=\u00bb4.27.4&#8243; _module_preset=\u00bbdefault\u00bb global_colors_info=\u00bb{}\u00bb]En la mayor\u00eda de las jurisdicciones, para ser legalmente responsable, no es necesario que la conducta del demandado sea la \u00fanica causa de la muerte. Aun cuando la negligencia del demandado contribuya a la muerte de la persona solo en parte, o en conjunto con otras circunstancias, se puede encontrar responsabilidad por la muerte. Generalmente, la causa para demandar por muerte injusta puede solo ser resultado de cualquier teor\u00eda de juicio de da\u00f1os, incluido da\u00f1os intencionales, por descuido o por comportamiento negligente, o estrictamente por responsabilidad.<\/p>\n<p>Cuando se encuentra un demandado legalmente responsable por la muerte de otro, existen diferentes maneras de obtener compensaci\u00f3n por da\u00f1os. Por ejemplo, el demandante puede recuperar los gastos m\u00e9dicos y tratamientos relacionados con la conducta negligente, los gastos de funeral, la perdida de ganancias futuras, el valor de la perdida de los beneficios del difunto (tales como pensiones, seguros m\u00e9dicos y de salud) y el valor de la perdida de compa\u00f1\u00eda. En algunos estados, adem\u00e1s de da\u00f1os punitivos los demandantes pueden ser compensados por da\u00f1os de dolor y sufrimiento o angustia mental que experimentaron a causa de la muerte.<\/p>\n<p>El m\u00e9todo o forma de calcular los da\u00f1os en un caso de muerte injusta puede ser muy compleja, especialmente cuando se trata de calcular las p\u00e9rdidas pecuniarias a que tienen derecho los demandantes. Perdidas pecuniarias generalmente incluyen la perdida de apoyo para el sobreviviente, contribuciones y servicios perdidos a causa de la muerte. La base para computar estos da\u00f1os incluye, lo que se esperaba que el difunto viviera y el tiempo que se esperaba que trabajara. Tambi\u00e9n deben considerarse lo que se espera que vivan los beneficiarios y el resto del periodo de minor\u00eda de cualquiera de los beneficiarios. Al calcular el valor de la futura perdida de los sobrevivientes, no solo hay que considerar el sueldo del difunto, la corte tambi\u00e9n puede considerar el valor de las contribuciones hechas por el difunto, la preocupaci\u00f3n del difunto por su familia, sus h\u00e1bitos personales, sus costumbres en cuanto a gastos.<\/p>\n<p>En los casos donde hay m\u00e1s de un beneficiario, los da\u00f1os recuperados ser\u00e1n distribuidos entre los beneficiarios. La mayor\u00eda de los estados distribuyen los beneficios entre los beneficiarios de acuerdo al grado de perdida. Sin embargo, en algunos estados se asigna lo que se recupera seg\u00fan lo que dice el estatuto; en otros estados los beneficios se asignan seg\u00fan la ley de herencia normal dentro del estado.<\/p>\n<p>Un demandante en un caso de muerte injusta, en general, tiene derecho a incluir cualquier defensa que el difunto podr\u00eda haber incluido en una demanda si es que no se hubiera muerto. Por lo tanto, si el difunto contribuy\u00f3 negligentemente en causar su propia muerte, el demandado puede usar esa defensa en el juicio de muerte injusta. Tambi\u00e9n, en la mayor\u00eda de los estados, si el difunto hubiese recuperado algunos da\u00f1os, tal como en el caso en que la muerte no es inmediata y el difunto logro \u00e9xito en su demanda, los sobrevivientes no pueden hacer una demanda de muerte injusta y recuperar beneficios por los mismos da\u00f1os. Hay limitaciones en esta prohibici\u00f3n y en algunas situaciones, los sobrevivientes pueden tener derecho a empezar o mantener una demanda.[\/et_pb_text][\/et_pb_column][\/et_pb_row][et_pb_row _builder_version=\u00bb4.27.4&#8243; _module_preset=\u00bbdefault\u00bb background_color=\u00bbgcid-secondary-color\u00bb custom_margin=\u00bb30px||||false|false\u00bb custom_padding=\u00bb30px|30px|30px|30px|false|false\u00bb custom_padding_tablet=\u00bb30px|30px|30px|30px|false|false\u00bb custom_padding_phone=\u00bb25px|15px|25px|15px|false|false\u00bb global_colors_info=\u00bb{%22gcid-secondary-color%22:%91%22background_color%22%93}\u00bb][et_pb_column type=\u00bb4_4&#8243; _builder_version=\u00bb4.27.4&#8243; _module_preset=\u00bbdefault\u00bb global_colors_info=\u00bb{}\u00bb][et_pb_text _builder_version=\u00bb4.27.4&#8243; _module_preset=\u00bbdefault\u00bb global_colors_info=\u00bb{}\u00bb]<\/p>\n<h2>Conclusi\u00f3n<\/h2>\n<p>Cuando una persona querida muere, lo complejo de las demandas legales contra el que contribuyo a la muerte son inconmensurables. Durante este tiempo tan estresante y emocional, la mejor manera de proceder es buscar la ayuda de un abogado experimentado en lesiones personales con experiencia en casos de muerte injusta. Ellos pueden guiar a los familiares sobrevivientes a trav\u00e9s del complejo laberinto legal y ayudarle en adquirir remuneraci\u00f3n por sus perdidas devastadoras.[\/et_pb_text][\/et_pb_column][\/et_pb_row][\/et_pb_section]<\/p>\n","protected":false},"excerpt":{"rendered":"<p>Las Leyes Sobre Muerte Injusta Var\u00edan de Estado a Estado Algunos estados tienen regulaciones sobre muerte irresponsable y estas permiten que los descendientes inmediatos puedan presentar demandas por da\u00f1os que sufren cuando el pariente muere. Otros estados protegen los derechos que el difunto ten\u00eda en el momento de la muerte y extienden estos derechos para [&hellip;]<\/p>\n","protected":false},"author":6,"featured_media":38560,"parent":38574,"menu_order":0,"comment_status":"closed","ping_status":"closed","template":"","meta":{"_acf_changed":false,"_et_pb_use_builder":"on","_et_pb_old_content":"","_et_gb_content_width":"","footnotes":""},"class_list":["post-39105","page","type-page","status-publish","has-post-thumbnail","hentry"],"acf":[],"_links":{"self":[{"href":"https:\/\/theleonlawfirm.com\/es\/wp-json\/wp\/v2\/pages\/39105","targetHints":{"allow":["GET"]}}],"collection":[{"href":"https:\/\/theleonlawfirm.com\/es\/wp-json\/wp\/v2\/pages"}],"about":[{"href":"https:\/\/theleonlawfirm.com\/es\/wp-json\/wp\/v2\/types\/page"}],"author":[{"embeddable":true,"href":"https:\/\/theleonlawfirm.com\/es\/wp-json\/wp\/v2\/users\/6"}],"replies":[{"embeddable":true,"href":"https:\/\/theleonlawfirm.com\/es\/wp-json\/wp\/v2\/comments?post=39105"}],"version-history":[{"count":0,"href":"https:\/\/theleonlawfirm.com\/es\/wp-json\/wp\/v2\/pages\/39105\/revisions"}],"up":[{"embeddable":true,"href":"https:\/\/theleonlawfirm.com\/es\/wp-json\/wp\/v2\/pages\/38574"}],"wp:featuredmedia":[{"embeddable":true,"href":"https:\/\/theleonlawfirm.com\/es\/wp-json\/wp\/v2\/media\/38560"}],"wp:attachment":[{"href":"https:\/\/theleonlawfirm.com\/es\/wp-json\/wp\/v2\/media?parent=39105"}],"curies":[{"name":"wp","href":"https:\/\/api.w.org\/{rel}","templated":true}]}}