{"id":39098,"date":"2025-07-09T05:25:35","date_gmt":"2025-07-09T10:25:35","guid":{"rendered":"https:\/\/lenlawfirm8new.wpenginepowered.com\/?page_id=39098"},"modified":"2025-07-17T03:34:21","modified_gmt":"2025-07-17T08:34:21","slug":"como-encontrar-el-mejor-abogado-para-casos-de-lesiones-personales","status":"publish","type":"page","link":"https:\/\/theleonlawfirm.com\/es\/como-encontrar-el-mejor-abogado-para-casos-de-lesiones-personales\/","title":{"rendered":"Como Encontrar el Mejor Abogado para Casos de Lesiones Personales"},"content":{"rendered":"<p>[et_pb_section fb_built=\u00bb1&#8243; _builder_version=\u00bb4.27.4&#8243; _module_preset=\u00bbdefault\u00bb background_color=\u00bbgcid-primary-color\u00bb locked=\u00bboff\u00bb collapsed=\u00bboff\u00bb global_colors_info=\u00bb{%22gcid-primary-color%22:%91%22background_color%22%93}\u00bb][et_pb_row column_structure=\u00bb1_2,1_2&#8243; use_custom_gutter=\u00bbon\u00bb make_equal=\u00bbon\u00bb module_class=\u00bbcustom_row\u00bb _builder_version=\u00bb4.27.4&#8243; _module_preset=\u00bbdefault\u00bb custom_margin=\u00bb||||false|false\u00bb global_colors_info=\u00bb{}\u00bb][et_pb_column type=\u00bb1_2&#8243; _builder_version=\u00bb4.27.4&#8243; _module_preset=\u00bbdefault\u00bb global_colors_info=\u00bb{}\u00bb][et_pb_image src=\u00bbhttps:\/\/theleonlawfirm.com\/wp-content\/uploads\/Best-Personal-Injury-Lawyer-Image.jpg\u00bb alt=\u00bbBest Personal Injury Lawyer Image\u00bb title_text=\u00bbBest Personal Injury Lawyer Image\u00bb _builder_version=\u00bb4.27.4&#8243; _module_preset=\u00bbdefault\u00bb hover_enabled=\u00bb0&#8243; global_colors_info=\u00bb{}\u00bb sticky_enabled=\u00bb0&#8243;][\/et_pb_image][\/et_pb_column][et_pb_column type=\u00bb1_2&#8243; _builder_version=\u00bb4.27.4&#8243; _module_preset=\u00bbdefault\u00bb global_colors_info=\u00bb{}\u00bb][et_pb_text _builder_version=\u00bb4.27.4&#8243; _module_preset=\u00bbdefault\u00bb global_colors_info=\u00bb{}\u00bb]<\/p>\n<h2>Consejos para Seleccionar el Mejor Abogado<\/h2>\n<p>Uno de los factores principales que hay que considerar cuando se selecciona un abogado de lesiones personales es la informaci\u00f3n del abogado respecto a su experiencia y sus \u00e1reas de pr\u00e1ctica. Los abogados que se dedican a casos de lesiones personales entienden que \u00e9sta es un \u00e1rea legal compleja y que deben estar al tanto de los \u00faltimos adelantos en este tipo de leyes. Adem\u00e1s pueden saber los h\u00e1bitos y t\u00e1cticas que emplean los abogados del lado opuesto y pueden, por lo tanto, ofrecer una ventaja a sus clientes. Estos abogados tambi\u00e9n han logrado una reputaci\u00f3n en estos casos y tienen la experiencia de haber trabajado contra las compa\u00f1\u00edas de seguro y sus abogados; tienen \u201cmenos que probar\u201d para lograr mejores resultados para sus clientes.<\/p>\n<p>Otro factor que vale la pena considerar es la informaci\u00f3n del abogado con respecto a la experiencia en ganar veredictos significativos. Aun cuando la mayor\u00eda de los casos de lesiones personales se resuelven fuera de la corte, el saber que el abogado es un litigante efectivo puede aumentar el sentido de seguridad y confianza del cliente. En caso que la demanda no se resuelva, un abogado con destrezas de litigaci\u00f3n puede definitivamente acelerar un mejor resultado para el demandante.[\/et_pb_text][\/et_pb_column][\/et_pb_row][et_pb_row _builder_version=\u00bb4.27.4&#8243; _module_preset=\u00bbdefault\u00bb custom_margin=\u00bb15px||||false|false\u00bb global_colors_info=\u00bb{}\u00bb][et_pb_column type=\u00bb4_4&#8243; _builder_version=\u00bb4.27.4&#8243; _module_preset=\u00bbdefault\u00bb global_colors_info=\u00bb{}\u00bb][et_pb_text _builder_version=\u00bb4.27.4&#8243; _module_preset=\u00bbdefault\u00bb global_colors_info=\u00bb{}\u00bb]La mayor\u00eda de los abogados de casos de lesiones personales trabajan sobre la base de honorarios contingentes; el cliente solo paga si su abogado gana el caso. Las tarifas contingentes t\u00edpicas son entre treinta y cuarenta por ciento de la cantidad asignada; si no se gana el caso, no hay tarifas legales que pagar pero se deben pagar los costos de la demanda. Aun cuando puede ser tentador escoger un abogado que cobra el menor porcentaje, las tarifas no deben ser las \u00fanicas consideraciones para contratar un abogado. Generalmente los abogados con m\u00e1s experiencia pueden pedir las tarifas m\u00e1s altas, pero si el abogado no es diestro y con experiencia, el demandante puede tener menos probabilidades de \u00e9xito.<\/p>\n<p>Muchos abogados de lesiones personales dan la primera consulta sin costo. Los demandantes pueden hablar con varios abogados antes de firmar un contrato. Es recomendable tratar de seleccionar el abogado en un tiempo relativamente corto ya que las leyes tienen l\u00edmites de tiempo para la presentaci\u00f3n de escritos y demandas. Una vez contratado, el abogado debe considerar las necesidades del cliente, responder a las preguntas en forma satisfactoria, devolver las llamadas telef\u00f3nicas con prontitud y sobre todo representar el inter\u00e9s del cliente. Si en alg\u00fan momento el cliente no esta satisfecho con su abogado, puede cambiarlo sin problemas.[\/et_pb_text][\/et_pb_column][\/et_pb_row][et_pb_row _builder_version=\u00bb4.27.4&#8243; _module_preset=\u00bbdefault\u00bb background_color=\u00bbgcid-secondary-color\u00bb custom_margin=\u00bb30px||||false|false\u00bb custom_padding=\u00bb30px|30px|30px|30px|false|false\u00bb custom_padding_tablet=\u00bb30px|30px|30px|30px|false|false\u00bb custom_padding_phone=\u00bb25px|15px|25px|15px|false|false\u00bb global_colors_info=\u00bb{%22gcid-secondary-color%22:%91%22background_color%22%93}\u00bb][et_pb_column type=\u00bb4_4&#8243; _builder_version=\u00bb4.27.4&#8243; _module_preset=\u00bbdefault\u00bb global_colors_info=\u00bb{}\u00bb][et_pb_text _builder_version=\u00bb4.27.4&#8243; _module_preset=\u00bbdefault\u00bb global_colors_info=\u00bb{}\u00bb]<\/p>\n<h2>Conclusi\u00f3n<\/h2>\n<p>Tener que luchar con lesiones o heridas personales, con la posible perdida de entradas econ\u00f3micas, con cuentas m\u00e9dicas, con ansiedad y presi\u00f3n es verdaderamente intolerable. Una manera de aliviar algunas de estas presiones inmediatas y asegurar los mejores resultados a largo plazo es seleccionar un abogado que tiene experiencia, es diestro y responde a las necesidades de sus clientes. Los abogados de lesiones personales experimentados pueden preocuparse de todas sus necesidades legales para que usted enfoque su energ\u00eda en su recuperaci\u00f3n. Un abogado tambi\u00e9n le puede ayudar en adquirir beneficios a los cuales usted tiene derecho, aun antes que se resuelva su caso. Si usted ha sufrido una lesi\u00f3n, p\u00f3ngase en contacto con un abogado hoy.[\/et_pb_text][\/et_pb_column][\/et_pb_row][\/et_pb_section]<\/p>\n","protected":false},"excerpt":{"rendered":"<p>Consejos para Seleccionar el Mejor Abogado Uno de los factores principales que hay que considerar cuando se selecciona un abogado de lesiones personales es la informaci\u00f3n del abogado respecto a su experiencia y sus \u00e1reas de pr\u00e1ctica. Los abogados que se dedican a casos de lesiones personales entienden que \u00e9sta es un \u00e1rea legal compleja [&hellip;]<\/p>\n","protected":false},"author":6,"featured_media":38560,"parent":38574,"menu_order":0,"comment_status":"closed","ping_status":"closed","template":"","meta":{"_acf_changed":false,"_et_pb_use_builder":"on","_et_pb_old_content":"","_et_gb_content_width":"","footnotes":""},"class_list":["post-39098","page","type-page","status-publish","has-post-thumbnail","hentry"],"acf":[],"_links":{"self":[{"href":"https:\/\/theleonlawfirm.com\/es\/wp-json\/wp\/v2\/pages\/39098","targetHints":{"allow":["GET"]}}],"collection":[{"href":"https:\/\/theleonlawfirm.com\/es\/wp-json\/wp\/v2\/pages"}],"about":[{"href":"https:\/\/theleonlawfirm.com\/es\/wp-json\/wp\/v2\/types\/page"}],"author":[{"embeddable":true,"href":"https:\/\/theleonlawfirm.com\/es\/wp-json\/wp\/v2\/users\/6"}],"replies":[{"embeddable":true,"href":"https:\/\/theleonlawfirm.com\/es\/wp-json\/wp\/v2\/comments?post=39098"}],"version-history":[{"count":0,"href":"https:\/\/theleonlawfirm.com\/es\/wp-json\/wp\/v2\/pages\/39098\/revisions"}],"up":[{"embeddable":true,"href":"https:\/\/theleonlawfirm.com\/es\/wp-json\/wp\/v2\/pages\/38574"}],"wp:featuredmedia":[{"embeddable":true,"href":"https:\/\/theleonlawfirm.com\/es\/wp-json\/wp\/v2\/media\/38560"}],"wp:attachment":[{"href":"https:\/\/theleonlawfirm.com\/es\/wp-json\/wp\/v2\/media?parent=39098"}],"curies":[{"name":"wp","href":"https:\/\/api.w.org\/{rel}","templated":true}]}}