{"id":39074,"date":"2025-07-09T05:04:12","date_gmt":"2025-07-09T10:04:12","guid":{"rendered":"https:\/\/lenlawfirm8new.wpenginepowered.com\/?page_id=39074"},"modified":"2025-07-17T00:52:09","modified_gmt":"2025-07-17T05:52:09","slug":"10-razones-importantes-para-contratar-un-abogado-con-experiencia-en-lesiones-personales","status":"publish","type":"page","link":"https:\/\/theleonlawfirm.com\/es\/10-razones-importantes-para-contratar-un-abogado\/","title":{"rendered":"10 Razones Importantes para Contratar un Abogado"},"content":{"rendered":"<p>[et_pb_section fb_built=\u00bb1&#8243; _builder_version=\u00bb4.27.4&#8243; _module_preset=\u00bbdefault\u00bb background_color=\u00bbgcid-secondary-color\u00bb global_colors_info=\u00bb{%22gcid-secondary-color%22:%91%22background_color%22%93}\u00bb][et_pb_row _builder_version=\u00bb4.27.4&#8243; _module_preset=\u00bbdefault\u00bb global_colors_info=\u00bb{}\u00bb][et_pb_column type=\u00bb4_4&#8243; _builder_version=\u00bb4.27.4&#8243; _module_preset=\u00bbdefault\u00bb global_colors_info=\u00bb{}\u00bb][et_pb_text _builder_version=\u00bb4.27.4&#8243; _module_preset=\u00bbdefault\u00bb global_colors_info=\u00bb{}\u00bb]<\/p>\n<p><strong>10. EXPERIENCIA EN DETERMINAR LA DEMANDA.<\/strong> Los abogados de lesiones personales tienen experiencia en los casos como el suyo y le pueden decir en el comienzo si es que vale la pena continuar con una acci\u00f3n legal. Si usted tiene pocas probabilidades de ganar, no necesitara incurrir en el gasto y tiempo que se necesita para preparar la litigaci\u00f3n.<\/p>\n<p><strong>9. NO DEBE HABER COBRO SI USTED NO GANA.<\/strong> La mayor\u00eda de abogados de lesiones personales trabajan por una tarifa contingente, lo que quiere decir que si usted no gana su caso no pagar\u00e1 honorarios de abogado. Usted de todos modos es responsable de ciertos gastos no relacionados con los honorarios profesionales, tales como gastos m\u00e9dicos por revisar sus archivos o por ir a entrevistas.<\/p>\n<p><strong>8. DIFICULTADES BUROCRATICAS.<\/strong> Un abogado experimentado puede trabajar a trav\u00e9s de la gran cantidad de papeles y documentos que es necesaria para resolver su demanda de modo que usted pueda seguir adelante con sus asuntos personales.<\/p>\n<p><strong>7. EQUIPO DE INVESTIGACION.<\/strong> Los abogados con experiencia trabajan con un equipo de investigadores que tienen experiencia en \u00e1reas especializadas y que investigar\u00e1n todos los aspectos de su caso con la mayor destreza.<\/p>\n<p><strong>6. OBJETIVIDAD.<\/strong> Un abogado de lesiones personales puede ser m\u00e1s objetivo en su caso que usted mismo y no tomara decisiones precipitadas. En cambio usted puede tener la tentaci\u00f3n, por ejemplo, de aceptar una soluci\u00f3n acelerada; su abogado puede aconsejarle que lo mejor para usted, es esperar una oferta m\u00e1s apropiada.<\/p>\n<p><strong>5. RESOLUCION ALTERNATIVA DE LA DISPUTA.<\/strong> Un abogado experimentado sabr\u00e1 si su disputa puede ser mejor resuelta a trav\u00e9s de mediaci\u00f3n, por lo tanto usted ahorrar\u00e1 tiempo, dinero, y energ\u00eda emocional.<\/p>\n<p><strong>4. EXPERIENCIA EN TRABAJO CON OTROS ABOGADOS.<\/strong> Un abogado experimentado en lesiones personales puede negociar en forma m\u00e1s efectiva y expedita con los abogados del lado opuesto.<\/p>\n<p><strong>3. EXPERIENCIA CON LAS COMPA?IAS DE SEGURO.<\/strong> Los abogados tambi\u00e9n est\u00e1n acostumbrados a trabajar con las compa\u00f1\u00edas de seguros y no se sienten presionados a aceptar una cantidad insatisfactoria.<\/p>\n<p><strong>2. MEJORES COMPENSACIONES.<\/strong> Los abogados de lesiones personales trabajan diligentemente para lograr las mejores compensaciones para sus clientes, lo m\u00e1s pronto posible en el proceso de litigaci\u00f3n.<\/p>\n<p><strong>1. MEJORES VEREDICTOS DEL JURADO.<\/strong> Si es necesario un juicio, un abogado de lesiones personales puede representarle en la corte y trabajar con pasi\u00f3n hacia obtener el mejor veredicto para usted.<\/p>\n<p>[\/et_pb_text][\/et_pb_column][\/et_pb_row][\/et_pb_section]<\/p>\n","protected":false},"excerpt":{"rendered":"<p>10. EXPERIENCIA EN DETERMINAR LA DEMANDA. Los abogados de lesiones personales tienen experiencia en los casos como el suyo y le pueden decir en el comienzo si es que vale la pena continuar con una acci\u00f3n legal. Si usted tiene pocas probabilidades de ganar, no necesitara incurrir en el gasto y tiempo que se necesita [&hellip;]<\/p>\n","protected":false},"author":6,"featured_media":38560,"parent":38574,"menu_order":0,"comment_status":"closed","ping_status":"closed","template":"","meta":{"_acf_changed":false,"_et_pb_use_builder":"on","_et_pb_old_content":"","_et_gb_content_width":"","footnotes":""},"class_list":["post-39074","page","type-page","status-publish","has-post-thumbnail","hentry"],"acf":[],"_links":{"self":[{"href":"https:\/\/theleonlawfirm.com\/es\/wp-json\/wp\/v2\/pages\/39074","targetHints":{"allow":["GET"]}}],"collection":[{"href":"https:\/\/theleonlawfirm.com\/es\/wp-json\/wp\/v2\/pages"}],"about":[{"href":"https:\/\/theleonlawfirm.com\/es\/wp-json\/wp\/v2\/types\/page"}],"author":[{"embeddable":true,"href":"https:\/\/theleonlawfirm.com\/es\/wp-json\/wp\/v2\/users\/6"}],"replies":[{"embeddable":true,"href":"https:\/\/theleonlawfirm.com\/es\/wp-json\/wp\/v2\/comments?post=39074"}],"version-history":[{"count":0,"href":"https:\/\/theleonlawfirm.com\/es\/wp-json\/wp\/v2\/pages\/39074\/revisions"}],"up":[{"embeddable":true,"href":"https:\/\/theleonlawfirm.com\/es\/wp-json\/wp\/v2\/pages\/38574"}],"wp:featuredmedia":[{"embeddable":true,"href":"https:\/\/theleonlawfirm.com\/es\/wp-json\/wp\/v2\/media\/38560"}],"wp:attachment":[{"href":"https:\/\/theleonlawfirm.com\/es\/wp-json\/wp\/v2\/media?parent=39074"}],"curies":[{"name":"wp","href":"https:\/\/api.w.org\/{rel}","templated":true}]}}