{"id":39068,"date":"2025-07-09T04:52:23","date_gmt":"2025-07-09T09:52:23","guid":{"rendered":"https:\/\/lenlawfirm8new.wpenginepowered.com\/?page_id=39068"},"modified":"2025-07-17T00:52:21","modified_gmt":"2025-07-17T05:52:21","slug":"lesiones-personales","status":"publish","type":"page","link":"https:\/\/theleonlawfirm.com\/es\/lesiones-personales\/","title":{"rendered":"Lesiones Personales"},"content":{"rendered":"<p>[et_pb_section fb_built=\u00bb1&#8243; _builder_version=\u00bb4.27.4&#8243; _module_preset=\u00bbdefault\u00bb background_color=\u00bbgcid-primary-color\u00bb locked=\u00bboff\u00bb collapsed=\u00bboff\u00bb global_colors_info=\u00bb{%22gcid-primary-color%22:%91%22background_color%22%93}\u00bb][et_pb_row column_structure=\u00bb1_2,1_2&#8243; use_custom_gutter=\u00bbon\u00bb make_equal=\u00bbon\u00bb module_class=\u00bbcustom_row\u00bb _builder_version=\u00bb4.27.4&#8243; _module_preset=\u00bbdefault\u00bb custom_margin=\u00bb||||false|false\u00bb global_colors_info=\u00bb{}\u00bb][et_pb_column type=\u00bb1_2&#8243; _builder_version=\u00bb4.27.4&#8243; _module_preset=\u00bbdefault\u00bb global_colors_info=\u00bb{}\u00bb][et_pb_image src=\u00bbhttps:\/\/theleonlawfirm.com\/wp-content\/uploads\/Personal-Injury-Attorney-Image.jpg\u00bb alt=\u00bbPersonal Injury Attorney Services Section Image\u00bb title_text=\u00bbPersonal Injury Attorney Image\u00bb _builder_version=\u00bb4.27.4&#8243; _module_preset=\u00bbdefault\u00bb global_colors_info=\u00bb{}\u00bb][\/et_pb_image][\/et_pb_column][et_pb_column type=\u00bb1_2&#8243; _builder_version=\u00bb4.27.4&#8243; _module_preset=\u00bbdefault\u00bb global_colors_info=\u00bb{}\u00bb][et_pb_text _builder_version=\u00bb4.27.4&#8243; _module_preset=\u00bbdefault\u00bb global_colors_info=\u00bb{}\u00bb]<\/p>\n<p>En La Firma Le\u00f3n, P.C., le ayudaremos a obtener una cantidad de dinero que compense las lesiones que sufri\u00f3 y que le ayude a pagar algunas de las cuentas que le llegan a su domicilio diariamente. <a href=\"\/contact-best-law-company\/\">Ll\u00e1menos hoy<\/a> si se encuentra en cualquiera de las situaciones siguientes:<\/p>\n<ul>\n<li>Accidentes de Autom\u00f3vil, Camiones o Veh\u00edculos<\/li>\n<li>Comerciales<\/li>\n<li>Accidentes en el Trabajo<\/li>\n<li>Ca\u00eddas<\/li>\n<li>Resbalones<\/li>\n<li>Da\u00f1os Causados por Medicamentos<\/li>\n<li>Productos Defectuosos<\/li>\n<li>Exposici\u00f3n a T\u00f3xicos<\/li>\n<li>Negligencia M\u00e9dica y m\u00e1s<\/li>\n<\/ul>\n<p>\u00bfC\u00f3mo va a pagarle a un abogado cuando no tiene dinero? No se preocupe, no tiene que pagarnos nada hasta que su caso se resuelva. Venga y hable con <a href=\"\/team-profiles\/\">un abogado<\/a> de La Firma Le\u00f3n, P.C., para que le expliquemos como le podemos ayudar.<\/p>\n<p>[\/et_pb_text][\/et_pb_column][\/et_pb_row][et_pb_row _builder_version=\u00bb4.27.4&#8243; _module_preset=\u00bbdefault\u00bb custom_margin=\u00bb15px||||false|false\u00bb global_colors_info=\u00bb{}\u00bb][et_pb_column type=\u00bb4_4&#8243; _builder_version=\u00bb4.27.4&#8243; _module_preset=\u00bbdefault\u00bb global_colors_info=\u00bb{}\u00bb][et_pb_text _builder_version=\u00bb4.27.4&#8243; _module_preset=\u00bbdefault\u00bb text_orientation=\u00bbcenter\u00bb global_colors_info=\u00bb{}\u00bb]<\/p>\n<p><strong>The Leon Law Firm, P.C.<\/strong><br \/>Comerica Bank Building<br \/>One Sugar Creek Center Boulevard, Suite 980<br \/>Sugar Land, TX 77478<br \/>Tel\u00e9fono: <a href=\"tel: 281.980.4529\">281.980.4529<\/a><br \/>Fax: <a href=\"tel:281.980.4530\">281.980.4530<\/a><\/p>\n<p>Se Habla Espa\u00f1ol,<br \/>La Primera Cita es Gratis<\/p>\n<p>La Firma Le\u00f3n, P.C., protege los derechos de individuos y familias en Texas en asuntos de lesiones personales, falta de pago de horas extras, transacciones comerciales y litigio. Representamos a clientes en Sugar Land, Missouri City, Richmond, Rosenberg, Needville, Stafford, Houston, Spring, Bellaire, The Woodlands, Conroe, Angleton, Freeport, Lake Jackson, Alvin, Galveston y Texas.<\/p>\n<p>Condado de Fort Bend \u25aa Condado Harris \u25aa Condado de Montgomery \u25aa Condado Brazoria \u25aa Condado Galveston<\/p>\n<p>[\/et_pb_text][\/et_pb_column][\/et_pb_row][\/et_pb_section]<\/p>\n","protected":false},"excerpt":{"rendered":"<p>En La Firma Le\u00f3n, P.C., le ayudaremos a obtener una cantidad de dinero que compense las lesiones que sufri\u00f3 y que le ayude a pagar algunas de las cuentas que le llegan a su domicilio diariamente. Ll\u00e1menos hoy si se encuentra en cualquiera de las situaciones siguientes: Accidentes de Autom\u00f3vil, Camiones o Veh\u00edculos Comerciales Accidentes [&hellip;]<\/p>\n","protected":false},"author":6,"featured_media":38560,"parent":38574,"menu_order":0,"comment_status":"closed","ping_status":"closed","template":"","meta":{"_acf_changed":false,"_et_pb_use_builder":"on","_et_pb_old_content":"","_et_gb_content_width":"","footnotes":""},"class_list":["post-39068","page","type-page","status-publish","has-post-thumbnail","hentry"],"acf":[],"_links":{"self":[{"href":"https:\/\/theleonlawfirm.com\/es\/wp-json\/wp\/v2\/pages\/39068","targetHints":{"allow":["GET"]}}],"collection":[{"href":"https:\/\/theleonlawfirm.com\/es\/wp-json\/wp\/v2\/pages"}],"about":[{"href":"https:\/\/theleonlawfirm.com\/es\/wp-json\/wp\/v2\/types\/page"}],"author":[{"embeddable":true,"href":"https:\/\/theleonlawfirm.com\/es\/wp-json\/wp\/v2\/users\/6"}],"replies":[{"embeddable":true,"href":"https:\/\/theleonlawfirm.com\/es\/wp-json\/wp\/v2\/comments?post=39068"}],"version-history":[{"count":0,"href":"https:\/\/theleonlawfirm.com\/es\/wp-json\/wp\/v2\/pages\/39068\/revisions"}],"up":[{"embeddable":true,"href":"https:\/\/theleonlawfirm.com\/es\/wp-json\/wp\/v2\/pages\/38574"}],"wp:featuredmedia":[{"embeddable":true,"href":"https:\/\/theleonlawfirm.com\/es\/wp-json\/wp\/v2\/media\/38560"}],"wp:attachment":[{"href":"https:\/\/theleonlawfirm.com\/es\/wp-json\/wp\/v2\/media?parent=39068"}],"curies":[{"name":"wp","href":"https:\/\/api.w.org\/{rel}","templated":true}]}}