{"id":38630,"date":"2025-07-08T04:22:40","date_gmt":"2025-07-08T09:22:40","guid":{"rendered":"https:\/\/lenlawfirm8new.wpenginepowered.com\/?page_id=38630"},"modified":"2025-07-16T23:28:14","modified_gmt":"2025-07-17T04:28:14","slug":"causas-de-los-accidentes-de-camion-en-sugar-land-2","status":"publish","type":"page","link":"https:\/\/theleonlawfirm.com\/es\/accidentes-de-autobus\/","title":{"rendered":"Accidentes de autob\u00fas"},"content":{"rendered":"<p>[et_pb_section fb_built=\u00bb1&#8243; _builder_version=\u00bb4.27.4&#8243; _module_preset=\u00bbdefault\u00bb background_color=\u00bbgcid-primary-color\u00bb locked=\u00bboff\u00bb collapsed=\u00bboff\u00bb global_colors_info=\u00bb{%22gcid-primary-color%22:%91%22background_color%22%93}\u00bb][et_pb_row _builder_version=\u00bb4.27.4&#8243; _module_preset=\u00bbdefault\u00bb custom_margin=\u00bb||||false|false\u00bb global_colors_info=\u00bb{}\u00bb][et_pb_column type=\u00bb4_4&#8243; _builder_version=\u00bb4.27.4&#8243; _module_preset=\u00bbdefault\u00bb global_colors_info=\u00bb{}\u00bb][et_pb_text _builder_version=\u00bb4.27.4&#8243; _module_preset=\u00bbdefault\u00bb text_orientation=\u00bbcenter\u00bb global_colors_info=\u00bb{}\u00bb]<\/p>\n<p>Si usted ha sido <a href=\"\/es\/lesiones-personales\/\">herido<\/a> en un accidente de autob\u00fas debe buscar atenci\u00f3n m\u00e9dica. En muchos casos es posible que no sienta un dolor inmediato, pero las lesiones de cuello y espalda se producen con frecuencia y pueden tardar en manifestarse. Puede sufrir un dolor persistente por dichas lesiones y el da\u00f1o causado puede ser permanente. En el peor de los casos, puede producirse una <a href=\"\/wrongful-death\/\">muerte por negligencia<\/a> de un ser querido. Como la siguiente acci\u00f3n a tomar despu\u00e9s del tratamiento m\u00e9dico, un abogado de Sugar Land <a href=\"\/es\/lesiones-personales\/\">lesiones personales<\/a> debe ser contactado.<\/p>\n<p>[\/et_pb_text][\/et_pb_column][\/et_pb_row][et_pb_row column_structure=\u00bb1_2,1_2&#8243; use_custom_gutter=\u00bbon\u00bb make_equal=\u00bbon\u00bb module_class=\u00bbcustom_row\u00bb _builder_version=\u00bb4.27.4&#8243; _module_preset=\u00bbdefault\u00bb custom_margin=\u00bb30px||||false|false\u00bb global_colors_info=\u00bb{}\u00bb][et_pb_column type=\u00bb1_2&#8243; _builder_version=\u00bb4.27.4&#8243; _module_preset=\u00bbdefault\u00bb global_colors_info=\u00bb{}\u00bb][et_pb_image src=\u00bbhttps:\/\/theleonlawfirm.com\/wp-content\/uploads\/Bus-Accident-Attorney-Image.jpg\u00bb alt=\u00bbPersonal Injury Attorney Services Section Image\u00bb title_text=\u00bbBus Accident Attorney Image\u00bb _builder_version=\u00bb4.27.4&#8243; _module_preset=\u00bbdefault\u00bb global_colors_info=\u00bb{}\u00bb][\/et_pb_image][\/et_pb_column][et_pb_column type=\u00bb1_2&#8243; _builder_version=\u00bb4.27.4&#8243; _module_preset=\u00bbdefault\u00bb global_colors_info=\u00bb{}\u00bb][et_pb_text _builder_version=\u00bb4.27.4&#8243; _module_preset=\u00bbdefault\u00bb global_colors_info=\u00bb{}\u00bb]<\/p>\n<h2>Obteniendo compensaci\u00f3n por sus lesiones<\/h2>\n<p>En <a href=\"\/es\/\">The Le\u00f3n Law Firm, P.C.<\/a> lucharemos para proteger los derechos de usted y su familia. Sabemos que estar involucrado en un accidente, sin tener la culpa, puede ser una experiencia devastadora. No s\u00f3lo pueden producirse lesiones f\u00edsicas, sino que el dolor y el sufrimiento mental tambi\u00e9n son factores que deben tenerse en cuenta.<\/p>\n<p>Habr\u00e1 que pagar las facturas m\u00e9dicas y compensar la p\u00e9rdida de trabajo, as\u00ed como la angustia mental. Hay que exigir a la compa\u00f1\u00eda de autobuses que caus\u00f3 el accidente que se haga responsable. La representaci\u00f3n experimentada de nuestra firma ha probado ser exitosa para nuestros clientes en que hemos acumulado m\u00e1s de <a href=\"\/es\/resultados\/\">20 millones de d\u00f3lares en acuerdos<\/a> para ellos. Hemos estado practicando la ley durante m\u00e1s de 16 a\u00f1os y estamos muy familiarizados con todos los aspectos de un caso de lesiones personales.<\/p>\n<p><strong><a href=\"\/contact-best-law-company\/\">Contacte a un Abogado de Accidentes de Autob\u00fas en Sugar Land<\/a> si usted o un ser querido necesita ayuda para luchar por sus derechos despu\u00e9s de ser v\u00edctima de un accidente de autob\u00fas.<\/strong><\/p>\n<p>[\/et_pb_text][\/et_pb_column][\/et_pb_row][\/et_pb_section]<\/p>\n","protected":false},"excerpt":{"rendered":"<p>Si usted ha sido herido en un accidente de autob\u00fas debe buscar atenci\u00f3n m\u00e9dica. En muchos casos es posible que no sienta un dolor inmediato, pero las lesiones de cuello y espalda se producen con frecuencia y pueden tardar en manifestarse. Puede sufrir un dolor persistente por dichas lesiones y el da\u00f1o causado puede ser [&hellip;]<\/p>\n","protected":false},"author":6,"featured_media":38560,"parent":39215,"menu_order":0,"comment_status":"closed","ping_status":"closed","template":"","meta":{"_acf_changed":false,"_et_pb_use_builder":"on","_et_pb_old_content":"","_et_gb_content_width":"","footnotes":""},"class_list":["post-38630","page","type-page","status-publish","has-post-thumbnail","hentry"],"acf":[],"_links":{"self":[{"href":"https:\/\/theleonlawfirm.com\/es\/wp-json\/wp\/v2\/pages\/38630","targetHints":{"allow":["GET"]}}],"collection":[{"href":"https:\/\/theleonlawfirm.com\/es\/wp-json\/wp\/v2\/pages"}],"about":[{"href":"https:\/\/theleonlawfirm.com\/es\/wp-json\/wp\/v2\/types\/page"}],"author":[{"embeddable":true,"href":"https:\/\/theleonlawfirm.com\/es\/wp-json\/wp\/v2\/users\/6"}],"replies":[{"embeddable":true,"href":"https:\/\/theleonlawfirm.com\/es\/wp-json\/wp\/v2\/comments?post=38630"}],"version-history":[{"count":0,"href":"https:\/\/theleonlawfirm.com\/es\/wp-json\/wp\/v2\/pages\/38630\/revisions"}],"up":[{"embeddable":true,"href":"https:\/\/theleonlawfirm.com\/es\/wp-json\/wp\/v2\/pages\/39215"}],"wp:featuredmedia":[{"embeddable":true,"href":"https:\/\/theleonlawfirm.com\/es\/wp-json\/wp\/v2\/media\/38560"}],"wp:attachment":[{"href":"https:\/\/theleonlawfirm.com\/es\/wp-json\/wp\/v2\/media?parent=38630"}],"curies":[{"name":"wp","href":"https:\/\/api.w.org\/{rel}","templated":true}]}}