{"id":38619,"date":"2025-07-08T04:11:53","date_gmt":"2025-07-08T09:11:53","guid":{"rendered":"https:\/\/lenlawfirm8new.wpenginepowered.com\/?page_id=38619"},"modified":"2026-03-18T01:12:45","modified_gmt":"2026-03-18T06:12:45","slug":"causas-de-los-accidentes-de-camion-en-sugar-land","status":"publish","type":"page","link":"https:\/\/theleonlawfirm.com\/es\/causas-de-accidentes-de-camiones\/","title":{"rendered":"Causas de los accidentes de cami\u00f3n"},"content":{"rendered":"<p>[et_pb_section fb_built=\u00bb1&#8243; _builder_version=\u00bb4.27.4&#8243; _module_preset=\u00bbdefault\u00bb background_color=\u00bbgcid-primary-color\u00bb locked=\u00bboff\u00bb collapsed=\u00bboff\u00bb global_colors_info=\u00bb{%22gcid-primary-color%22:%91%22background_color%22%93}\u00bb][et_pb_row _builder_version=\u00bb4.27.4&#8243; _module_preset=\u00bbdefault\u00bb custom_margin=\u00bb15px||||false|false\u00bb global_colors_info=\u00bb{}\u00bb][et_pb_column type=\u00bb4_4&#8243; _builder_version=\u00bb4.27.4&#8243; _module_preset=\u00bbdefault\u00bb global_colors_info=\u00bb{}\u00bb][et_pb_text _builder_version=\u00bb4.27.4&#8243; _module_preset=\u00bbdefault\u00bb text_orientation=\u00bbcenter\u00bb global_colors_info=\u00bb{}\u00bb]<\/p>\n<p>Si usted ha estado involucrado en un accidente de cami\u00f3n o un <a href=\"\/18-wheeler-accident-lawyer\/\">accidente de cami\u00f3n de 18 ruedas<\/a> y tiene preguntas sobre la b\u00fasqueda de una indemnizaci\u00f3n, p\u00f3ngase en contacto con nosotros hoy para programar una consulta gratuita con un <a href=\"\/truck-accident-lawyer\/\">abogado de accidente de cami\u00f3n en Sugar Land<\/a>.<\/p>\n<p>[\/et_pb_text][\/et_pb_column][\/et_pb_row][et_pb_row column_structure=\u00bb1_2,1_2&#8243; use_custom_gutter=\u00bbon\u00bb make_equal=\u00bbon\u00bb module_class=\u00bbcustom_row\u00bb _builder_version=\u00bb4.27.4&#8243; _module_preset=\u00bbdefault\u00bb custom_margin=\u00bb30px||||false|false\u00bb global_colors_info=\u00bb{}\u00bb][et_pb_column type=\u00bb1_2&#8243; _builder_version=\u00bb4.27.4&#8243; _module_preset=\u00bbdefault\u00bb global_colors_info=\u00bb{}\u00bb][et_pb_image src=\u00bbhttps:\/\/theleonlawfirm.com\/wp-content\/uploads\/Causes-of-Truck-Accidents-Image.jpg\u00bb alt=\u00bbPersonal Injury Attorney Services Section Image\u00bb title_text=\u00bbCauses of Truck Accidents Image\u00bb _builder_version=\u00bb4.27.4&#8243; _module_preset=\u00bbdefault\u00bb global_colors_info=\u00bb{}\u00bb][\/et_pb_image][\/et_pb_column][et_pb_column type=\u00bb1_2&#8243; _builder_version=\u00bb4.27.4&#8243; _module_preset=\u00bbdefault\u00bb global_colors_info=\u00bb{}\u00bb][et_pb_text _builder_version=\u00bb4.27.4&#8243; _module_preset=\u00bbdefault\u00bb global_colors_info=\u00bb{}\u00bb]<\/p>\n<h2>\u00bfCu\u00e1les son las causas m\u00e1s comunes de los accidentes de camiones?<\/h2>\n<p>Los accidentes de camiones pueden ser el resultado de una amplia variedad de causas, tales como:<\/p>\n<ul>\n<li>Mantenimiento inadecuado<\/li>\n<li>Carga no cargada correctamente<\/li>\n<li><a href=\"\/tire-defects\/\">Defectos en los neum\u00e1ticos<\/a><\/li>\n<li>Fallo en los frenos<\/li>\n<li>Luces, reflectores y espejos insuficientes en el cami\u00f3n<\/li>\n<li>Violaciones de las normas federales de seguridad de los transportistas<\/li>\n<\/ul>\n<p>Los accidentes tambi\u00e9n pueden ser el resultado de la negligencia por parte del conductor, incluyendo:<\/p>\n<p>[\/et_pb_text][et_pb_text _builder_version=\u00bb4.27.4&#8243; _module_preset=\u00bbdefault\u00bb custom_margin=\u00bb12px||0px||false|false\u00bb global_colors_info=\u00bb{}\u00bb]<\/p>\n<ul>\n<li>La falta de descanso<\/li>\n<li>Conducci\u00f3n bajo los efectos del alcohol, las drogas o los medicamentos<\/li>\n<li>Cambios de carril inadecuados o giros amplios<\/li>\n<li><a href=\"\/aggressive-distracted-drivers\/\">Conducci\u00f3n agresiva o distra\u00edda<\/a><\/li>\n<li>Violaci\u00f3n de la normativa sobre horas de conducci\u00f3n<\/li>\n<\/ul>\n<p>[\/et_pb_text][\/et_pb_column][\/et_pb_row][et_pb_row _builder_version=\u00bb4.27.4&#8243; _module_preset=\u00bbdefault\u00bb custom_margin=\u00bb15px||||false|false\u00bb global_colors_info=\u00bb{}\u00bb][et_pb_column type=\u00bb4_4&#8243; _builder_version=\u00bb4.27.4&#8243; _module_preset=\u00bbdefault\u00bb global_colors_info=\u00bb{}\u00bb][et_pb_text _builder_version=\u00bb4.27.4&#8243; _module_preset=\u00bbdefault\u00bb text_orientation=\u00bbcenter\u00bb global_colors_info=\u00bb{}\u00bb]<\/p>\n<p>Trabajando con investigadores bien entrenados, <a href=\"\/team-profiles\/\">el abogado Carlos A. Le\u00f3n<\/a> recoger\u00e1 y examinar\u00e1 todas las pruebas disponibles en su caso. \u00c9l es experto en la reconstrucci\u00f3n de accidentes y analizar\u00e1 los registros del conductor, los registros de mantenimiento del cami\u00f3n, los informes de la polic\u00eda, las declaraciones de los testigos, y todas las dem\u00e1s pruebas disponibles.<\/p>\n<p>Su objetivo es descubrir exactamente c\u00f3mo ocurri\u00f3 el accidente, qui\u00e9n tuvo la culpa, y qu\u00e9 fuentes de seguro est\u00e1n disponibles para compensarle por sus facturas m\u00e9dicas, necesidades m\u00e9dicas futuras, salarios perdidos, dolor, sufrimiento y otros da\u00f1os. Llevaremos su reclamaci\u00f3n a juicio, si es necesario, y usted siempre tendr\u00e1 la \u00faltima palabra sobre c\u00f3mo proceder con su caso. Tambi\u00e9n manejamos <a href=\"\/wrongful-death-attorney\/\">reclamaciones de muerte por negligencia<\/a> despu\u00e9s de accidentes de cami\u00f3n fatales.<\/p>\n<p>[\/et_pb_text][\/et_pb_column][\/et_pb_row][\/et_pb_section][et_pb_section fb_built=\u00bb1&#8243; custom_padding_last_edited=\u00bbon|phone\u00bb admin_label=\u00bbLet us put our experience to work for you Section\u00bb _builder_version=\u00bb4.27.4&#8243; _module_preset=\u00bbdefault\u00bb background_color=\u00bb#111929&#8243; custom_padding=\u00bb||||false|false\u00bb custom_padding_tablet=\u00bb||||false|false\u00bb custom_padding_phone=\u00bb40px||40px||false|false\u00bb locked=\u00bboff\u00bb collapsed=\u00bboff\u00bb global_colors_info=\u00bb{}\u00bb][et_pb_row use_custom_gutter=\u00bbon\u00bb custom_padding_last_edited=\u00bbon|tablet\u00bb _builder_version=\u00bb4.27.4&#8243; _module_preset=\u00bbdefault\u00bb background_image=\u00bbhttps:\/\/theleonlawfirm.com\/wp-content\/uploads\/Let-us-put-our-experience-to-work-for-you-bg.jpg\u00bb custom_padding=\u00bb88px|20px|88px|20px|true|false\u00bb custom_padding_tablet=\u00bb40px|25px|40px|25px|false|false\u00bb custom_padding_phone=\u00bb40px|25px|40px|25px|false|false\u00bb global_colors_info=\u00bb{}\u00bb][et_pb_column type=\u00bb4_4&#8243; _builder_version=\u00bb4.27.4&#8243; _module_preset=\u00bbdefault\u00bb global_colors_info=\u00bb{}\u00bb][et_pb_text _builder_version=\u00bb4.27.4&#8243; _module_preset=\u00bbdefault\u00bb header_3_font=\u00bb&#8211;et_global_heading_font|700||on|||||\u00bb header_3_text_align=\u00bbcenter\u00bb header_3_text_color=\u00bb#FFFFFF\u00bb header_3_font_size=\u00bb32px\u00bb text_orientation=\u00bbcenter\u00bb locked=\u00bboff\u00bb global_colors_info=\u00bb{%22gcid-heading-color%22:%91%22header_text_color%22,%22header_2_text_color%22,%22header_4_text_color%22,%22header_5_text_color%22,%22header_6_text_color%22,%22header_text_color%22,%22header_2_text_color%22,%22header_4_text_color%22,%22header_5_text_color%22,%22header_6_text_color%22%93,%22gcid-body-color%22:%91%22text_text_color%22,%22text_text_color%22%93}\u00bb]<\/p>\n<h3>Contacte a un abogado de accidentes de cami\u00f3n<\/h3>\n<p>Nuestro bufete est\u00e1 dise\u00f1ado para ofrecer la comodidad y la intimidad de un bufete peque\u00f1o, mientras que proporciona los recursos de una gran empresa. Creemos que una vez que tomamos su caso, es nuestro deber trabajar duro para usted y mantenerlo informado en cada paso del camino.<\/p>\n<p>Si usted o un ser querido se ha lesionado en un accidente de cami\u00f3n, <a href=\"\/contact-best-law-company\/\">contacte The Leon Law Firm, P.C.<\/a> hoy para una consulta inicial gratuita.<\/p>\n<p>[\/et_pb_text][\/et_pb_column][\/et_pb_row][\/et_pb_section]<\/p>\n","protected":false},"excerpt":{"rendered":"<p>Si usted ha estado involucrado en un accidente de cami\u00f3n o un accidente de cami\u00f3n de 18 ruedas y tiene preguntas sobre la b\u00fasqueda de una indemnizaci\u00f3n, p\u00f3ngase en contacto con nosotros hoy para programar una consulta gratuita con un abogado de accidente de cami\u00f3n en Sugar Land.\u00bfCu\u00e1les son las causas m\u00e1s comunes de los [&hellip;]<\/p>\n","protected":false},"author":6,"featured_media":38560,"parent":38574,"menu_order":0,"comment_status":"closed","ping_status":"closed","template":"","meta":{"_acf_changed":false,"_et_pb_use_builder":"on","_et_pb_old_content":"","_et_gb_content_width":"","footnotes":""},"class_list":["post-38619","page","type-page","status-publish","has-post-thumbnail","hentry"],"acf":[],"_links":{"self":[{"href":"https:\/\/theleonlawfirm.com\/es\/wp-json\/wp\/v2\/pages\/38619","targetHints":{"allow":["GET"]}}],"collection":[{"href":"https:\/\/theleonlawfirm.com\/es\/wp-json\/wp\/v2\/pages"}],"about":[{"href":"https:\/\/theleonlawfirm.com\/es\/wp-json\/wp\/v2\/types\/page"}],"author":[{"embeddable":true,"href":"https:\/\/theleonlawfirm.com\/es\/wp-json\/wp\/v2\/users\/6"}],"replies":[{"embeddable":true,"href":"https:\/\/theleonlawfirm.com\/es\/wp-json\/wp\/v2\/comments?post=38619"}],"version-history":[{"count":0,"href":"https:\/\/theleonlawfirm.com\/es\/wp-json\/wp\/v2\/pages\/38619\/revisions"}],"up":[{"embeddable":true,"href":"https:\/\/theleonlawfirm.com\/es\/wp-json\/wp\/v2\/pages\/38574"}],"wp:featuredmedia":[{"embeddable":true,"href":"https:\/\/theleonlawfirm.com\/es\/wp-json\/wp\/v2\/media\/38560"}],"wp:attachment":[{"href":"https:\/\/theleonlawfirm.com\/es\/wp-json\/wp\/v2\/media?parent=38619"}],"curies":[{"name":"wp","href":"https:\/\/api.w.org\/{rel}","templated":true}]}}