{"id":38608,"date":"2025-07-08T04:00:39","date_gmt":"2025-07-08T09:00:39","guid":{"rendered":"https:\/\/lenlawfirm8new.wpenginepowered.com\/?page_id=38608"},"modified":"2026-03-18T02:15:17","modified_gmt":"2026-03-18T07:15:17","slug":"abogado-de-accidentes-con-camiones-de-18-ruedas-en-sugar-land","status":"publish","type":"page","link":"https:\/\/theleonlawfirm.com\/es\/accidentes-con-un-camion-de-18-ruedas\/","title":{"rendered":"Abogado de accidentes de camiones de 18 ruedas"},"content":{"rendered":"<p>[et_pb_section fb_built=\u00bb1&#8243; _builder_version=\u00bb4.27.4&#8243; _module_preset=\u00bbdefault\u00bb background_color=\u00bbgcid-primary-color\u00bb locked=\u00bboff\u00bb collapsed=\u00bboff\u00bb global_colors_info=\u00bb{%22gcid-primary-color%22:%91%22background_color%22%93}\u00bb][et_pb_row column_structure=\u00bb1_2,1_2&#8243; use_custom_gutter=\u00bbon\u00bb make_equal=\u00bbon\u00bb module_class=\u00bbcustom_row\u00bb _builder_version=\u00bb4.27.4&#8243; _module_preset=\u00bbdefault\u00bb custom_margin=\u00bb||||false|false\u00bb global_colors_info=\u00bb{}\u00bb][et_pb_column type=\u00bb1_2&#8243; _builder_version=\u00bb4.27.4&#8243; _module_preset=\u00bbdefault\u00bb global_colors_info=\u00bb{}\u00bb][et_pb_image src=\u00bbhttps:\/\/theleonlawfirm.com\/wp-content\/uploads\/18-Wheeler-Accident-Lawyer-Image.jpg\u00bb alt=\u00bbPersonal Injury Attorney Services Section Image\u00bb title_text=\u00bb18 Wheeler Accident Lawyer- Image\u00bb _builder_version=\u00bb4.27.4&#8243; _module_preset=\u00bbdefault\u00bb global_colors_info=\u00bb{}\u00bb][\/et_pb_image][\/et_pb_column][et_pb_column type=\u00bb1_2&#8243; _builder_version=\u00bb4.27.4&#8243; _module_preset=\u00bbdefault\u00bb global_colors_info=\u00bb{}\u00bb][et_pb_text _builder_version=\u00bb4.27.4&#8243; _module_preset=\u00bbdefault\u00bb global_colors_info=\u00bb{}\u00bb]<\/p>\n<h2>Estad\u00edsticas de accidentes de cami\u00f3n de 18 ruedas<\/h2>\n<p>Las estad\u00edsticas publicadas por el Departamento de Transporte de los Estados Unidos se\u00f1alan la gravedad de las consecuencias cuando los veh\u00edculos de 18 ruedas est\u00e1n involucrados en <a href=\"\/truck-accident-lawyer\/\">accidentes de camiones<\/a>: el 86% de los muertos y el 77% de los heridos en un accidente con un cami\u00f3n est\u00e1n en el veh\u00edculo no comercial. Los camiones grandes son responsables de m\u00e1s de 53.000 muertes cada a\u00f1o. La naturaleza catastr\u00f3fica de estos accidentes se debe a menudo al extremo tama\u00f1o y peso de estos veh\u00edculos.<\/p>\n<p><strong>Algunas de las <a href=\"\/causes-of-truck-accidents\/\">causas de estos accidentes<\/a> incluyen:<\/strong><\/p>\n<p>[\/et_pb_text][et_pb_text _builder_version=\u00bb4.27.4&#8243; _module_preset=\u00bbdefault\u00bb custom_margin=\u00bb12px||0px||false|false\u00bb global_colors_info=\u00bb{}\u00bb]<\/p>\n<ul>\n<li>Consumo de alcohol o drogas por parte del conductor<\/li>\n<li>Fallo de los frenos<\/li>\n<li>Conductores agotados<\/li>\n<li>Reventones o separaci\u00f3n de neum\u00e1ticos<\/li>\n<li>Velocidad excesiva<\/li>\n<li>Incumplimiento de las normas de circulaci\u00f3n publicadas<\/li>\n<li>Carga no asegurada o desplazada<\/li>\n<li>No compensar los puntos ciegos<\/li>\n<li>Conducci\u00f3n temeraria o insegura<\/li>\n<li>Golpear o esquivar objetos en la calzada<\/li>\n<\/ul>\n<p>[\/et_pb_text][\/et_pb_column][\/et_pb_row][et_pb_row _builder_version=\u00bb4.27.4&#8243; _module_preset=\u00bbdefault\u00bb custom_margin=\u00bb15px||||false|false\u00bb global_colors_info=\u00bb{}\u00bb][et_pb_column type=\u00bb4_4&#8243; _builder_version=\u00bb4.27.4&#8243; _module_preset=\u00bbdefault\u00bb global_colors_info=\u00bb{}\u00bb][et_pb_text _builder_version=\u00bb4.27.4&#8243; _module_preset=\u00bbdefault\u00bb text_orientation=\u00bbcenter\u00bb global_colors_info=\u00bb{}\u00bb]Las empresas propietarias de estos camiones de 18 ruedas pueden ser consideradas responsables de tus lesiones si se puede demostrar que fueron negligentes. Estas empresas hacen la vista gorda al hecho de que sus camioneros est\u00e1n conduciendo m\u00e1s all\u00e1 de las horas legales de servicio. Incluso animan a los conductores a hacer sus entregas m\u00e1s r\u00e1pido. Estas pr\u00e1cticas provocan una conducci\u00f3n insegura y un aumento de los accidentes. Las flotas necesitan inspecciones constantes de neum\u00e1ticos, frenos y motores. Cuando esto no se hace, personas inocentes resultan heridas y muertas.[\/et_pb_text][\/et_pb_column][\/et_pb_row][\/et_pb_section][et_pb_section fb_built=\u00bb1&#8243; custom_padding_last_edited=\u00bbon|phone\u00bb admin_label=\u00bbLet us put our experience to work for you Section\u00bb _builder_version=\u00bb4.27.4&#8243; _module_preset=\u00bbdefault\u00bb background_color=\u00bb#111929&#8243; custom_padding=\u00bb||||false|false\u00bb custom_padding_tablet=\u00bb||||false|false\u00bb custom_padding_phone=\u00bb40px||40px||false|false\u00bb locked=\u00bboff\u00bb collapsed=\u00bboff\u00bb global_colors_info=\u00bb{}\u00bb][et_pb_row use_custom_gutter=\u00bbon\u00bb custom_padding_last_edited=\u00bbon|tablet\u00bb _builder_version=\u00bb4.27.4&#8243; _module_preset=\u00bbdefault\u00bb background_image=\u00bbhttps:\/\/theleonlawfirm.com\/wp-content\/uploads\/Let-us-put-our-experience-to-work-for-you-bg.jpg\u00bb custom_padding=\u00bb88px|20px|88px|20px|true|false\u00bb custom_padding_tablet=\u00bb40px|25px|40px|25px|false|false\u00bb custom_padding_phone=\u00bb40px|25px|40px|25px|false|false\u00bb global_colors_info=\u00bb{}\u00bb][et_pb_column type=\u00bb4_4&#8243; _builder_version=\u00bb4.27.4&#8243; _module_preset=\u00bbdefault\u00bb global_colors_info=\u00bb{}\u00bb][et_pb_text _builder_version=\u00bb4.27.4&#8243; _module_preset=\u00bbdefault\u00bb header_3_font=\u00bb&#8211;et_global_heading_font|700||on|||||\u00bb header_3_text_align=\u00bbcenter\u00bb header_3_text_color=\u00bb#FFFFFF\u00bb header_3_font_size=\u00bb32px\u00bb text_orientation=\u00bbcenter\u00bb locked=\u00bboff\u00bb global_colors_info=\u00bb{%22gcid-heading-color%22:%91%22header_text_color%22,%22header_2_text_color%22,%22header_4_text_color%22,%22header_5_text_color%22,%22header_6_text_color%22,%22header_text_color%22,%22header_2_text_color%22,%22header_4_text_color%22,%22header_5_text_color%22,%22header_6_text_color%22%93,%22gcid-body-color%22:%91%22text_text_color%22,%22text_text_color%22%93}\u00bb]<\/p>\n<h3>Compensaci\u00f3n para v\u00edctimas de accidentes de 18 ruedas<\/h3>\n<p>Como su dedicado defensor legal, investigaremos a fondo su caso. Tenemos acceso a sofisticadas t\u00e9cnicas de reconstrucci\u00f3n de accidentes que pueden ser utilizadas para apoyar su caso. Si un juicio es necesario, sabemos c\u00f3mo litigar agresivamente su caso y luchar por la compensaci\u00f3n que es leg\u00edtimamente suya.<\/p>\n<p><strong>Llame al <a href=\"tel:2819804529\">(281) 980-4529<\/a> para hablar con un abogado de accidentes de camiones de 18 ruedas en Sugar Land y discutir sus lesiones. Podemos ayudarle a buscar la compensaci\u00f3n que necesita para recuperar su vida.<\/strong><\/p>\n<p>[\/et_pb_text][\/et_pb_column][\/et_pb_row][\/et_pb_section]<\/p>\n","protected":false},"excerpt":{"rendered":"<p>Estad\u00edsticas de accidentes de cami\u00f3n de 18 ruedas Las estad\u00edsticas publicadas por el Departamento de Transporte de los Estados Unidos se\u00f1alan la gravedad de las consecuencias cuando los veh\u00edculos de 18 ruedas est\u00e1n involucrados en accidentes de camiones: el 86% de los muertos y el 77% de los heridos en un accidente con un cami\u00f3n [&hellip;]<\/p>\n","protected":false},"author":6,"featured_media":38560,"parent":38574,"menu_order":0,"comment_status":"closed","ping_status":"closed","template":"","meta":{"_acf_changed":false,"_et_pb_use_builder":"on","_et_pb_old_content":"","_et_gb_content_width":"","footnotes":""},"class_list":["post-38608","page","type-page","status-publish","has-post-thumbnail","hentry"],"acf":[],"_links":{"self":[{"href":"https:\/\/theleonlawfirm.com\/es\/wp-json\/wp\/v2\/pages\/38608","targetHints":{"allow":["GET"]}}],"collection":[{"href":"https:\/\/theleonlawfirm.com\/es\/wp-json\/wp\/v2\/pages"}],"about":[{"href":"https:\/\/theleonlawfirm.com\/es\/wp-json\/wp\/v2\/types\/page"}],"author":[{"embeddable":true,"href":"https:\/\/theleonlawfirm.com\/es\/wp-json\/wp\/v2\/users\/6"}],"replies":[{"embeddable":true,"href":"https:\/\/theleonlawfirm.com\/es\/wp-json\/wp\/v2\/comments?post=38608"}],"version-history":[{"count":0,"href":"https:\/\/theleonlawfirm.com\/es\/wp-json\/wp\/v2\/pages\/38608\/revisions"}],"up":[{"embeddable":true,"href":"https:\/\/theleonlawfirm.com\/es\/wp-json\/wp\/v2\/pages\/38574"}],"wp:featuredmedia":[{"embeddable":true,"href":"https:\/\/theleonlawfirm.com\/es\/wp-json\/wp\/v2\/media\/38560"}],"wp:attachment":[{"href":"https:\/\/theleonlawfirm.com\/es\/wp-json\/wp\/v2\/media?parent=38608"}],"curies":[{"name":"wp","href":"https:\/\/api.w.org\/{rel}","templated":true}]}}