{"id":38593,"date":"2025-07-08T03:46:15","date_gmt":"2025-07-08T08:46:15","guid":{"rendered":"https:\/\/lenlawfirm8new.wpenginepowered.com\/?page_id=38593"},"modified":"2026-03-18T01:12:12","modified_gmt":"2026-03-18T06:12:12","slug":"abogado-de-accidentes-de-camion-en-sugar-land","status":"publish","type":"page","link":"https:\/\/theleonlawfirm.com\/es\/accidentes-de-camiones\/","title":{"rendered":"Accidentes de camiones"},"content":{"rendered":"<p>[et_pb_section fb_built=\u00bb1&#8243; _builder_version=\u00bb4.27.4&#8243; _module_preset=\u00bbdefault\u00bb background_color=\u00bbgcid-primary-color\u00bb locked=\u00bboff\u00bb collapsed=\u00bboff\u00bb global_colors_info=\u00bb{%22gcid-primary-color%22:%91%22background_color%22%93}\u00bb][et_pb_row _builder_version=\u00bb4.27.4&#8243; _module_preset=\u00bbdefault\u00bb global_colors_info=\u00bb{}\u00bb][et_pb_column type=\u00bb4_4&#8243; _builder_version=\u00bb4.27.4&#8243; _module_preset=\u00bbdefault\u00bb global_colors_info=\u00bb{}\u00bb][et_pb_text _builder_version=\u00bb4.27.4&#8243; _module_preset=\u00bbdefault\u00bb text_orientation=\u00bbcenter\u00bb global_colors_info=\u00bb{}\u00bb]<\/p>\n<p>Los accidentes de camiones requieren t\u00e9cnicas de investigaci\u00f3n que no suelen ser necesarias cuando hay una colisi\u00f3n entre dos autom\u00f3viles, o entre un autom\u00f3vil y un peat\u00f3n. Un abogado de lesiones personales de Sugar Land con <a href=\"\/es\/\">The Le\u00f3n Law Firm, P.C.<\/a> tiene a\u00f1os de conocimiento legal y experiencia en la investigaci\u00f3n de casos complejos de lesiones por accidentes de camiones. Vamos a utilizar esta experiencia para representar agresivamente a usted y sus seres queridos para <a href=\"\/es\/resultados\/\">recuperar los da\u00f1os<\/a> que usted necesita y merece para el tratamiento m\u00e9dico, salarios perdidos, la discapacidad, la rehabilitaci\u00f3n y el dolor y el sufrimiento.<\/p>\n<p>[\/et_pb_text][\/et_pb_column][\/et_pb_row][et_pb_row column_structure=\u00bb1_2,1_2&#8243; use_custom_gutter=\u00bbon\u00bb make_equal=\u00bbon\u00bb module_class=\u00bbcustom_row\u00bb _builder_version=\u00bb4.27.4&#8243; _module_preset=\u00bbdefault\u00bb custom_margin=\u00bb30px||||false|false\u00bb global_colors_info=\u00bb{}\u00bb][et_pb_column type=\u00bb1_2&#8243; _builder_version=\u00bb4.27.4&#8243; _module_preset=\u00bbdefault\u00bb global_colors_info=\u00bb{}\u00bb][et_pb_image src=\u00bbhttps:\/\/theleonlawfirm.com\/wp-content\/uploads\/Truck-Accident-Lawyer-Image.jpg\u00bb alt=\u00bbPersonal Injury Attorney Services Section Image\u00bb title_text=\u00bbTruck Accident Lawyer Image\u00bb _builder_version=\u00bb4.27.4&#8243; _module_preset=\u00bbdefault\u00bb global_colors_info=\u00bb{}\u00bb][\/et_pb_image][\/et_pb_column][et_pb_column type=\u00bb1_2&#8243; _builder_version=\u00bb4.27.4&#8243; _module_preset=\u00bbdefault\u00bb global_colors_info=\u00bb{}\u00bb][et_pb_text _builder_version=\u00bb4.27.4&#8243; _module_preset=\u00bbdefault\u00bb global_colors_info=\u00bb{}\u00bb]<\/p>\n<h2>Causas de los accidentes de camiones<\/h2>\n<p>Para minimizar el potencial de accidentes causados por un cami\u00f3n grande, es obligaci\u00f3n de los conductores de camiones estar siempre con la cabeza despejada, y conducir con seguridad. Su cami\u00f3n debe estar en las mejores condiciones de funcionamiento. Estas directrices no siempre se cumplen, lo que provoca unos 50.000 accidentes de camiones cada a\u00f1o, con 5.000 v\u00edctimas mortales. Las causas de estos accidentes incluyen:<\/p>\n<p>[\/et_pb_text][et_pb_text _builder_version=\u00bb4.27.4&#8243; _module_preset=\u00bbdefault\u00bb custom_margin=\u00bb12px||0px||false|false\u00bb global_colors_info=\u00bb{}\u00bb]<\/p>\n<ul>\n<li>Exceso de velocidad<\/li>\n<li>El consumo de alcohol y drogas<\/li>\n<li>Fatiga del conductor<\/li>\n<li>Conducci\u00f3n imprudente y agresiva<\/li>\n<li>Camiones mal cargados<\/li>\n<li>Mantenimiento insuficiente e inadecuado<\/li>\n<li>Defectos de fabricaci\u00f3n o dise\u00f1o<\/li>\n<li>Conductores y empleados de mantenimiento mal formados<\/li>\n<li>Negligencia del empleador<\/li>\n<\/ul>\n<p>[\/et_pb_text][\/et_pb_column][\/et_pb_row][et_pb_row _builder_version=\u00bb4.27.4&#8243; _module_preset=\u00bbdefault\u00bb custom_margin=\u00bb15px||||false|false\u00bb global_colors_info=\u00bb{}\u00bb][et_pb_column type=\u00bb4_4&#8243; _builder_version=\u00bb4.27.4&#8243; _module_preset=\u00bbdefault\u00bb global_colors_info=\u00bb{}\u00bb][et_pb_text _builder_version=\u00bb4.27.4&#8243; _module_preset=\u00bbdefault\u00bb text_orientation=\u00bbcenter\u00bb global_colors_info=\u00bb{}\u00bb]<\/p>\n<p>Los accidentes de camiones pueden causar lesiones catastr\u00f3ficas. Somos <a href=\"\/es\/perfil-de-nuestros-abogados\/\">negociadores obstinados<\/a> con las aseguradoras de las compa\u00f1\u00edas de camiones que insisten en ofrecerle un acuerdo injusto. Nos tomamos muy en serio sus derechos y lucharemos para que los negligentes asuman la responsabilidad de sus actos.<\/p>\n<p><strong><a href=\"\/contact-best-law-company\/\">Contacte a un Abogado de Accidentes de Camiones de Sugar Land<\/a> hoy para la representaci\u00f3n agresiva a la que tiene derecho.<\/strong><\/p>\n<p>[\/et_pb_text][\/et_pb_column][\/et_pb_row][\/et_pb_section]<\/p>\n","protected":false},"excerpt":{"rendered":"<p>Los accidentes de camiones requieren t\u00e9cnicas de investigaci\u00f3n que no suelen ser necesarias cuando hay una colisi\u00f3n entre dos autom\u00f3viles, o entre un autom\u00f3vil y un peat\u00f3n. Un abogado de lesiones personales de Sugar Land con The Le\u00f3n Law Firm, P.C. tiene a\u00f1os de conocimiento legal y experiencia en la investigaci\u00f3n de casos complejos de [&hellip;]<\/p>\n","protected":false},"author":6,"featured_media":38560,"parent":39215,"menu_order":0,"comment_status":"closed","ping_status":"closed","template":"","meta":{"_acf_changed":false,"_et_pb_use_builder":"on","_et_pb_old_content":"","_et_gb_content_width":"","footnotes":""},"class_list":["post-38593","page","type-page","status-publish","has-post-thumbnail","hentry"],"acf":[],"_links":{"self":[{"href":"https:\/\/theleonlawfirm.com\/es\/wp-json\/wp\/v2\/pages\/38593","targetHints":{"allow":["GET"]}}],"collection":[{"href":"https:\/\/theleonlawfirm.com\/es\/wp-json\/wp\/v2\/pages"}],"about":[{"href":"https:\/\/theleonlawfirm.com\/es\/wp-json\/wp\/v2\/types\/page"}],"author":[{"embeddable":true,"href":"https:\/\/theleonlawfirm.com\/es\/wp-json\/wp\/v2\/users\/6"}],"replies":[{"embeddable":true,"href":"https:\/\/theleonlawfirm.com\/es\/wp-json\/wp\/v2\/comments?post=38593"}],"version-history":[{"count":0,"href":"https:\/\/theleonlawfirm.com\/es\/wp-json\/wp\/v2\/pages\/38593\/revisions"}],"up":[{"embeddable":true,"href":"https:\/\/theleonlawfirm.com\/es\/wp-json\/wp\/v2\/pages\/39215"}],"wp:featuredmedia":[{"embeddable":true,"href":"https:\/\/theleonlawfirm.com\/es\/wp-json\/wp\/v2\/media\/38560"}],"wp:attachment":[{"href":"https:\/\/theleonlawfirm.com\/es\/wp-json\/wp\/v2\/media?parent=38593"}],"curies":[{"name":"wp","href":"https:\/\/api.w.org\/{rel}","templated":true}]}}